{"id":10943,"date":"2022-05-30T17:36:26","date_gmt":"2022-05-30T21:36:26","guid":{"rendered":"https:\/\/welchllp.wpengine.com\/?page_id=10943"},"modified":"2025-05-06T14:51:43","modified_gmt":"2025-05-06T18:51:43","slug":"services","status":"publish","type":"page","link":"https:\/\/welchllp.com\/fr\/services\/","title":{"rendered":"Services"},"content":{"rendered":"\n<div class=\"wp-block-cover alignfull is-light hero no-margin\"><span aria-hidden=\"true\" class=\"wp-block-cover__background has-white-background-color has-background-dim-100 has-background-dim\"><\/span><div class=\"wp-block-cover__inner-container is-layout-flow wp-block-cover-is-layout-flow\"><h1 class=\"large wp-block-post-title\">Services<\/h1>\n\n\n<p class=\"has-dark-grey-color has-text-color has-regular-font-size\">Notre priorit\u00e9 absolue? Donner \u00e0 notre client\u00e8le un service de qualit\u00e9.<\/p>\n<\/div><\/div>\n\n\n\n<div class=\"wp-block-group alignfull no-margin has-white-color has-dark-grey-background-color has-text-color has-background\"><div class=\"wp-block-group__inner-container is-layout-flow wp-block-group-is-layout-flow\">\n<p class=\"two-third-container has-lead-font-size\">Depuis 1918, notre priorit\u00e9 absolue est la prestation d\u2019un service de premier ordre \u00e0 notre client\u00e8le. Quand vous faites \u00e9quipe avec nous, vous recevez toute l\u2019attention que vous m\u00e9ritez de sp\u00e9cialistes qui savent reconnaitre les enjeux de votre secteur d\u2019activit\u00e9. Voyez comment nous veillons \u00e0 vos besoins financiers en explorant les services ci-apr\u00e8s.<\/p>\n<\/div><\/div>\n\n\n\n<div class=\"wp-block-group alignfull no-margin has-off-white-background-color has-background\"><div class=\"wp-block-group__inner-container is-layout-flow wp-block-group-is-layout-flow\">\n<div class=\"wp-block-group alignwide service-cards no-margin\"><div class=\"wp-block-group__inner-container is-layout-flow wp-block-group-is-layout-flow\">\n<a class=\"wp-block-group no-margin no-padding service-card\" href=\"https:\/\/welchllp.com\/fr\/services\/assurance-et-comptabilite\/\">\n\t<div class=\"wp-block-group__inner-container\">\n\t\t\t\t\t<figure class=\"wp-block-image no-margin\">\n\t\t\t\t<img loading=\"lazy\" decoding=\"async\" width=\"768\" height=\"512\" src=\"https:\/\/welchllp.com\/wp-content\/uploads\/2022\/07\/assurance-and-accounting-hero-768x512.jpg\" class=\"attachment-medium_large size-medium_large wp-post-image\" alt=\"assurance and accounting\" srcset=\"https:\/\/welchllp.com\/wp-content\/uploads\/2022\/07\/assurance-and-accounting-hero-768x512.jpg 768w, https:\/\/welchllp.com\/wp-content\/uploads\/2022\/07\/assurance-and-accounting-hero-300x200.jpg 300w, https:\/\/welchllp.com\/wp-content\/uploads\/2022\/07\/assurance-and-accounting-hero-1024x683.jpg 1024w, https:\/\/welchllp.com\/wp-content\/uploads\/2022\/07\/assurance-and-accounting-hero-1536x1024.jpg 1536w, https:\/\/welchllp.com\/wp-content\/uploads\/2022\/07\/assurance-and-accounting-hero.jpg 1920w\" sizes=\"auto, (max-width: 768px) 100vw, 768px\" \/>\n\t\t\t\t\t\t\t<\/figure>\n\t\t\n\t\t<div class=\"wp-block-group has-background has-white-background-color less-padding even-less no-margin\">\n\t\t\t<div class=\"wp-block-group__inner-container\">\n\t\t\t\t<h4>Assurance et comptabilit\u00e9<\/h4>\n\n\t\t\t\t\t\t\t\t\t<p class=\"has-small-font-size\">Services de comptabilit\u00e9 au Canada Chez Welch, nous poss\u00e9dons une exp\u00e9rience approfondie de l\u2019audit et des services d\u2019assurance dans les [&hellip;]<\/p>\n\t\t\t\t\n\t\t\t\t<div class=\"wp-block-buttons\">\n\t\t\t\t\t<div class=\"wp-block-button is-style-outline\">\n\t\t\t\t\t\t<span class=\"wp-block-button__link has-welch-green-color has-text-color\">En savoir plus<\/span>\n\t\t\t\t\t<\/div>\n\t\t\t\t<\/div>\n\t\t\t<\/div>\n\t\t<\/div>\n\t<\/div>\n<\/a>\n\n<a class=\"wp-block-group no-margin no-padding service-card\" href=\"https:\/\/welchllp.com\/fr\/services\/services-fiscaux\/\">\n\t<div class=\"wp-block-group__inner-container\">\n\t\t\t\t\t<figure class=\"wp-block-image no-margin\">\n\t\t\t\t<img loading=\"lazy\" decoding=\"async\" width=\"768\" height=\"512\" src=\"https:\/\/welchllp.com\/wp-content\/uploads\/2022\/07\/tax-services-hero-768x512.jpg\" class=\"attachment-medium_large size-medium_large wp-post-image\" alt=\"\" srcset=\"https:\/\/welchllp.com\/wp-content\/uploads\/2022\/07\/tax-services-hero-768x512.jpg 768w, https:\/\/welchllp.com\/wp-content\/uploads\/2022\/07\/tax-services-hero-300x200.jpg 300w, https:\/\/welchllp.com\/wp-content\/uploads\/2022\/07\/tax-services-hero-1024x683.jpg 1024w, https:\/\/welchllp.com\/wp-content\/uploads\/2022\/07\/tax-services-hero-1536x1024.jpg 1536w, https:\/\/welchllp.com\/wp-content\/uploads\/2022\/07\/tax-services-hero.jpg 1920w\" sizes=\"auto, (max-width: 768px) 100vw, 768px\" \/>\n\t\t\t\t\t\t\t<\/figure>\n\t\t\n\t\t<div class=\"wp-block-group has-background has-white-background-color less-padding even-less no-margin\">\n\t\t\t<div class=\"wp-block-group__inner-container\">\n\t\t\t\t<h4>Services fiscaux<\/h4>\n\n\t\t\t\t\t\t\t\t\t<p class=\"has-small-font-size\">Notre \u00e9quipe de fiscalit\u00e9 est tr\u00e8s comp\u00e9tente. Son expertise en planification strat\u00e9gique s\u2019applique \u00e0 tous les aspects de la fiscalit\u00e9, [&hellip;]<\/p>\n\t\t\t\t\n\t\t\t\t<div class=\"wp-block-buttons\">\n\t\t\t\t\t<div class=\"wp-block-button is-style-outline\">\n\t\t\t\t\t\t<span class=\"wp-block-button__link has-welch-green-color has-text-color\">En savoir plus<\/span>\n\t\t\t\t\t<\/div>\n\t\t\t\t<\/div>\n\t\t\t<\/div>\n\t\t<\/div>\n\t<\/div>\n<\/a>\n\n<a class=\"wp-block-group no-margin no-padding service-card\" href=\"https:\/\/welchllp.com\/fr\/services\/services-conseils-en-gestion-des-risques\/\">\n\t<div class=\"wp-block-group__inner-container\">\n\t\t\t\t\t<figure class=\"wp-block-image no-margin\">\n\t\t\t\t<img loading=\"lazy\" decoding=\"async\" width=\"768\" height=\"432\" src=\"https:\/\/welchllp.com\/wp-content\/uploads\/2025\/03\/Risk-advisory-768x432.jpg\" class=\"attachment-medium_large size-medium_large wp-post-image\" alt=\"Risk advisory\" srcset=\"https:\/\/welchllp.com\/wp-content\/uploads\/2025\/03\/Risk-advisory-768x432.jpg 768w, https:\/\/welchllp.com\/wp-content\/uploads\/2025\/03\/Risk-advisory-300x169.jpg 300w, https:\/\/welchllp.com\/wp-content\/uploads\/2025\/03\/Risk-advisory-1024x576.jpg 1024w, https:\/\/welchllp.com\/wp-content\/uploads\/2025\/03\/Risk-advisory-1536x864.jpg 1536w, https:\/\/welchllp.com\/wp-content\/uploads\/2025\/03\/Risk-advisory.jpg 1920w\" sizes=\"auto, (max-width: 768px) 100vw, 768px\" \/>\n\t\t\t\t\t\t\t\t\t<div class=\"overlay\">\n\t\t\t\t\t\t<img decoding=\"async\" class=\"logo\" src=\"https:\/\/welchllp.com\/wp-content\/uploads\/2022\/08\/welch-risk-advisory-white.svg\"\/>\n\t\t\t\t\t<\/div>\n\t\t\t\t\t\t\t<\/figure>\n\t\t\n\t\t<div class=\"wp-block-group has-background has-white-background-color less-padding even-less no-margin\">\n\t\t\t<div class=\"wp-block-group__inner-container\">\n\t\t\t\t<h4>Services-conseils en gestion des risques<\/h4>\n\n\t\t\t\t\t\t\t\t\t<p class=\"has-small-font-size\">Welch offre une gamme \u00e9tendue de services-conseils sp\u00e9cialis\u00e9s qui procurent \u00e0 votre entreprise, ou organisation, des informations pr\u00e9cieuses sur une [&hellip;]<\/p>\n\t\t\t\t\n\t\t\t\t<div class=\"wp-block-buttons\">\n\t\t\t\t\t<div class=\"wp-block-button is-style-outline\">\n\t\t\t\t\t\t<span class=\"wp-block-button__link has-welch-green-color has-text-color\">En savoir plus<\/span>\n\t\t\t\t\t<\/div>\n\t\t\t\t<\/div>\n\t\t\t<\/div>\n\t\t<\/div>\n\t<\/div>\n<\/a>\n\n<a class=\"wp-block-group no-margin no-padding service-card\" href=\"https:\/\/welchllp.com\/fr\/services\/services-conseils-pour-les-fortunes-familiales\/\">\n\t<div class=\"wp-block-group__inner-container\">\n\t\t\t\t\t<figure class=\"wp-block-image no-margin\">\n\t\t\t\t<img loading=\"lazy\" decoding=\"async\" width=\"768\" height=\"520\" src=\"https:\/\/welchllp.com\/wp-content\/uploads\/2022\/07\/services-family-wealth-hero-768x520.jpeg\" class=\"attachment-medium_large size-medium_large wp-post-image\" alt=\"\" srcset=\"https:\/\/welchllp.com\/wp-content\/uploads\/2022\/07\/services-family-wealth-hero-768x520.jpeg 768w, https:\/\/welchllp.com\/wp-content\/uploads\/2022\/07\/services-family-wealth-hero-300x203.jpeg 300w, https:\/\/welchllp.com\/wp-content\/uploads\/2022\/07\/services-family-wealth-hero-1024x693.jpeg 1024w, https:\/\/welchllp.com\/wp-content\/uploads\/2022\/07\/services-family-wealth-hero-1536x1040.jpeg 1536w, https:\/\/welchllp.com\/wp-content\/uploads\/2022\/07\/services-family-wealth-hero.jpeg 1920w\" sizes=\"auto, (max-width: 768px) 100vw, 768px\" \/>\n\t\t\t\t\t\t\t\t\t<div class=\"overlay\">\n\t\t\t\t\t\t<img decoding=\"async\" class=\"logo\" src=\"https:\/\/welchllp.com\/wp-content\/uploads\/2022\/07\/faw-logo.svg\"\/>\n\t\t\t\t\t<\/div>\n\t\t\t\t\t\t\t<\/figure>\n\t\t\n\t\t<div class=\"wp-block-group has-background has-white-background-color less-padding even-less no-margin\">\n\t\t\t<div class=\"wp-block-group__inner-container\">\n\t\t\t\t<h4>Services-conseils pour les fortunes familiales<\/h4>\n\n\t\t\t\t\t\t\t\t\t<p class=\"has-small-font-size\">Vos besoins personnels, familiaux et professionnels \u00e9voluent avec le temps. Il est donc important que vous disposiez d\u2019un plan solide [&hellip;]<\/p>\n\t\t\t\t\n\t\t\t\t<div class=\"wp-block-buttons\">\n\t\t\t\t\t<div class=\"wp-block-button is-style-outline\">\n\t\t\t\t\t\t<span class=\"wp-block-button__link has-welch-green-color has-text-color\">En savoir plus<\/span>\n\t\t\t\t\t<\/div>\n\t\t\t\t<\/div>\n\t\t\t<\/div>\n\t\t<\/div>\n\t<\/div>\n<\/a>\n\n<a class=\"wp-block-group no-margin no-padding service-card\" href=\"https:\/\/welchllp.com\/fr\/services\/services-numeriques\/\">\n\t<div class=\"wp-block-group__inner-container\">\n\t\t\t\t\t<figure class=\"wp-block-image no-margin\">\n\t\t\t\t<img loading=\"lazy\" decoding=\"async\" width=\"768\" height=\"432\" src=\"https:\/\/welchllp.com\/wp-content\/uploads\/2026\/03\/Digital-Services-768x432.jpg\" class=\"attachment-medium_large size-medium_large wp-post-image\" alt=\"\" srcset=\"https:\/\/welchllp.com\/wp-content\/uploads\/2026\/03\/Digital-Services-768x432.jpg 768w, https:\/\/welchllp.com\/wp-content\/uploads\/2026\/03\/Digital-Services-300x169.jpg 300w, https:\/\/welchllp.com\/wp-content\/uploads\/2026\/03\/Digital-Services-1024x576.jpg 1024w, https:\/\/welchllp.com\/wp-content\/uploads\/2026\/03\/Digital-Services-1536x864.jpg 1536w, https:\/\/welchllp.com\/wp-content\/uploads\/2026\/03\/Digital-Services.jpg 1920w\" sizes=\"auto, (max-width: 768px) 100vw, 768px\" \/>\n\t\t\t\t\t\t\t<\/figure>\n\t\t\n\t\t<div class=\"wp-block-group has-background has-white-background-color less-padding even-less no-margin\">\n\t\t\t<div class=\"wp-block-group__inner-container\">\n\t\t\t\t<h4>Services Num\u00e9riques\u00a0<\/h4>\n\n\t\t\t\t\t\t\t\t\t<p class=\"has-small-font-size\">Allons-y! Notre \u00e9quipe experte veille \u00e0 la s\u00e9curit\u00e9 de vos activit\u00e9s tout en favorisant l\u2019innovation et l\u2019utilisation optimale de ses [&hellip;]<\/p>\n\t\t\t\t\n\t\t\t\t<div class=\"wp-block-buttons\">\n\t\t\t\t\t<div class=\"wp-block-button is-style-outline\">\n\t\t\t\t\t\t<span class=\"wp-block-button__link has-welch-green-color has-text-color\">En savoir plus<\/span>\n\t\t\t\t\t<\/div>\n\t\t\t\t<\/div>\n\t\t\t<\/div>\n\t\t<\/div>\n\t<\/div>\n<\/a>\n\n<a class=\"wp-block-group no-margin no-padding service-card\" href=\"https:\/\/welchllp.com\/fr\/services\/simplanter-au-canada\/\">\n\t<div class=\"wp-block-group__inner-container\">\n\t\t\t\t\t<figure class=\"wp-block-image no-margin\">\n\t\t\t\t<img loading=\"lazy\" decoding=\"async\" width=\"768\" height=\"486\" src=\"https:\/\/welchllp.com\/wp-content\/uploads\/2022\/07\/services-canada-hero-768x486.jpeg\" class=\"attachment-medium_large size-medium_large wp-post-image\" alt=\"\" srcset=\"https:\/\/welchllp.com\/wp-content\/uploads\/2022\/07\/services-canada-hero-768x486.jpeg 768w, https:\/\/welchllp.com\/wp-content\/uploads\/2022\/07\/services-canada-hero-300x190.jpeg 300w, https:\/\/welchllp.com\/wp-content\/uploads\/2022\/07\/services-canada-hero-1024x648.jpeg 1024w, https:\/\/welchllp.com\/wp-content\/uploads\/2022\/07\/services-canada-hero-1536x972.jpeg 1536w, https:\/\/welchllp.com\/wp-content\/uploads\/2022\/07\/services-canada-hero.jpeg 1920w\" sizes=\"auto, (max-width: 768px) 100vw, 768px\" \/>\n\t\t\t\t\t\t\t<\/figure>\n\t\t\n\t\t<div class=\"wp-block-group has-background has-white-background-color less-padding even-less no-margin\">\n\t\t\t<div class=\"wp-block-group__inner-container\">\n\t\t\t\t<h4>S\u2019implanter au Canada<\/h4>\n\n\t\t\t\t\t\t\t\t\t<p class=\"has-small-font-size\">L\u2019implantation d\u2019une entreprise au Canada donne mille et une choses \u00e0 penser. Heureusement, nous sommes l\u00e0 pour pr\u00eater main forte. [&hellip;]<\/p>\n\t\t\t\t\n\t\t\t\t<div class=\"wp-block-buttons\">\n\t\t\t\t\t<div class=\"wp-block-button is-style-outline\">\n\t\t\t\t\t\t<span class=\"wp-block-button__link has-welch-green-color has-text-color\">En savoir plus<\/span>\n\t\t\t\t\t<\/div>\n\t\t\t\t<\/div>\n\t\t\t<\/div>\n\t\t<\/div>\n\t<\/div>\n<\/a>\n\n<a class=\"wp-block-group no-margin no-padding service-card\" href=\"https:\/\/welchllp.com\/fr\/services\/fusions-et-acquisitions\/\">\n\t<div class=\"wp-block-group__inner-container\">\n\t\t\t\t\t<figure class=\"wp-block-image no-margin\">\n\t\t\t\t<img loading=\"lazy\" decoding=\"async\" width=\"768\" height=\"432\" src=\"https:\/\/welchllp.com\/wp-content\/uploads\/2026\/03\/Mergers-Acquistions-Hero-768x432.jpg\" class=\"attachment-medium_large size-medium_large wp-post-image\" alt=\"\" srcset=\"https:\/\/welchllp.com\/wp-content\/uploads\/2026\/03\/Mergers-Acquistions-Hero-768x432.jpg 768w, https:\/\/welchllp.com\/wp-content\/uploads\/2026\/03\/Mergers-Acquistions-Hero-300x169.jpg 300w, https:\/\/welchllp.com\/wp-content\/uploads\/2026\/03\/Mergers-Acquistions-Hero-1024x576.jpg 1024w, https:\/\/welchllp.com\/wp-content\/uploads\/2026\/03\/Mergers-Acquistions-Hero-1536x864.jpg 1536w, https:\/\/welchllp.com\/wp-content\/uploads\/2026\/03\/Mergers-Acquistions-Hero.jpg 1920w\" sizes=\"auto, (max-width: 768px) 100vw, 768px\" \/>\n\t\t\t\t\t\t\t<\/figure>\n\t\t\n\t\t<div class=\"wp-block-group has-background has-white-background-color less-padding even-less no-margin\">\n\t\t\t<div class=\"wp-block-group__inner-container\">\n\t\t\t\t<h4>Fusions et acquisitions<\/h4>\n\n\t\t\t\t\t\t\t\t\t<p class=\"has-small-font-size\">Welch Capital Partners (WCP) est une banque d\u2019investissement affili\u00e9e \u00e0 Welch LLP. En \u00e9troite collaboration avec Welch, WCP aide les [&hellip;]<\/p>\n\t\t\t\t\n\t\t\t\t<div class=\"wp-block-buttons\">\n\t\t\t\t\t<div class=\"wp-block-button is-style-outline\">\n\t\t\t\t\t\t<span class=\"wp-block-button__link has-welch-green-color has-text-color\">En savoir plus<\/span>\n\t\t\t\t\t<\/div>\n\t\t\t\t<\/div>\n\t\t\t<\/div>\n\t\t<\/div>\n\t<\/div>\n<\/a>\n\n<a class=\"wp-block-group no-margin no-padding service-card\" href=\"https:\/\/welchllp.com\/fr\/services\/incitatifs-pour-les-entreprises\/\">\n\t<div class=\"wp-block-group__inner-container\">\n\t\t\t\t\t<figure class=\"wp-block-image no-margin\">\n\t\t\t\t<img loading=\"lazy\" decoding=\"async\" width=\"768\" height=\"512\" src=\"https:\/\/welchllp.com\/wp-content\/uploads\/2022\/07\/business-incentives-hero-768x512.jpg\" class=\"attachment-medium_large size-medium_large wp-post-image\" alt=\"\" srcset=\"https:\/\/welchllp.com\/wp-content\/uploads\/2022\/07\/business-incentives-hero-768x512.jpg 768w, https:\/\/welchllp.com\/wp-content\/uploads\/2022\/07\/business-incentives-hero-300x200.jpg 300w, https:\/\/welchllp.com\/wp-content\/uploads\/2022\/07\/business-incentives-hero-1024x683.jpg 1024w, https:\/\/welchllp.com\/wp-content\/uploads\/2022\/07\/business-incentives-hero-1536x1024.jpg 1536w, https:\/\/welchllp.com\/wp-content\/uploads\/2022\/07\/business-incentives-hero.jpg 1920w\" sizes=\"auto, (max-width: 768px) 100vw, 768px\" \/>\n\t\t\t\t\t\t\t<\/figure>\n\t\t\n\t\t<div class=\"wp-block-group has-background has-white-background-color less-padding even-less no-margin\">\n\t\t\t<div class=\"wp-block-group__inner-container\">\n\t\t\t\t<h4>Incitatifs pour les entreprises<\/h4>\n\n\t\t\t\t\t\t\t\t\t<p class=\"has-small-font-size\">Nous vous \u00e9paulons avec les proc\u00e9dures de demande d\u2019incitatifs gouvernementaux, vous guidons dans votre planification et vous aidons \u00e0 pr\u00e9parer [&hellip;]<\/p>\n\t\t\t\t\n\t\t\t\t<div class=\"wp-block-buttons\">\n\t\t\t\t\t<div class=\"wp-block-button is-style-outline\">\n\t\t\t\t\t\t<span class=\"wp-block-button__link has-welch-green-color has-text-color\">En savoir plus<\/span>\n\t\t\t\t\t<\/div>\n\t\t\t\t<\/div>\n\t\t\t<\/div>\n\t\t<\/div>\n\t<\/div>\n<\/a>\n\n<\/div><\/div>\n<\/div><\/div>\n\n\n\n<div class=\"wp-block-cover alignfull final-cover no-margin\"><span aria-hidden=\"true\" class=\"wp-block-cover__background has-welch-green-background-color has-background-dim-100 has-background-dim\"><\/span><div class=\"wp-block-cover__inner-container is-layout-flow wp-block-cover-is-layout-flow\">\n<div class=\"wp-block-group narrower-container no-margin\"><div class=\"wp-block-group__inner-container is-layout-flow wp-block-group-is-layout-flow\">\n<h2 class=\"has-text-align-center wp-block-heading\">Nos sp\u00e9cialistes n\u2019attendent que vous<\/h2>\n\n\n\n<p class=\"has-text-align-center\">Communiquez avec nous. Faites-nous part de vos besoins et nous assignerons \u00e0 votre organisation une personne sp\u00e9cialis\u00e9e dans votre secteur d\u2019activit\u00e9.<\/p>\n\n\n\n<div class=\"wp-block-buttons is-layout-flex wp-block-buttons-is-layout-flex\">\n<div class=\"wp-block-button aligncenter is-style-outline is-style-outline--1\"><a class=\"wp-block-button__link has-white-color has-text-color\" href=\"https:\/\/welchllp.com\/fr\/adresses\/#GeneralEnquiries\">Faites-le aujourd\u2019hui<\/a><\/div>\n<\/div>\n<\/div><\/div>\n<\/div><\/div>\n","protected":false},"excerpt":{"rendered":"<p>Depuis 1918, notre priorit\u00e9 absolue est la prestation d\u2019un service de premier ordre \u00e0 notre client\u00e8le. Quand vous faites \u00e9quipe [&hellip;]<\/p>\n","protected":false},"author":2,"featured_media":0,"parent":0,"menu_order":1,"comment_status":"closed","ping_status":"closed","template":"","meta":{"_relevanssi_hide_post":"","_relevanssi_hide_content":"","_relevanssi_pin_for_all":"","_relevanssi_pin_keywords":"","_relevanssi_unpin_keywords":"","_relevanssi_related_keywords":"","_relevanssi_related_include_ids":"","_relevanssi_related_exclude_ids":"","_relevanssi_related_no_append":"","_relevanssi_related_not_related":"","_relevanssi_related_posts":"10609,10576,10597,10611,10550,10585","_relevanssi_noindex_reason":"","footnotes":""},"class_list":["post-10943","page","type-page","status-publish","hentry"],"yoast_head":"<!-- This site is optimized with the Yoast SEO Premium plugin v24.3 (Yoast SEO v25.8) - https:\/\/yoast.com\/wordpress\/plugins\/seo\/ -->\n<title>Services - Welch LLP<\/title>\n<meta name=\"robots\" content=\"index, follow, max-snippet:-1, max-image-preview:large, max-video-preview:-1\" \/>\n<link rel=\"canonical\" href=\"https:\/\/welchllp.com\/fr\/services\/\" \/>\n<meta property=\"og:locale\" content=\"fr_FR\" \/>\n<meta property=\"og:type\" content=\"article\" \/>\n<meta property=\"og:title\" content=\"Services\" \/>\n<meta property=\"og:description\" content=\"Depuis 1918, notre priorit\u00e9 absolue est la prestation d\u2019un service de premier ordre \u00e0 notre client\u00e8le. Quand vous faites \u00e9quipe [&hellip;]\" \/>\n<meta property=\"og:url\" content=\"https:\/\/welchllp.com\/fr\/services\/\" \/>\n<meta property=\"og:site_name\" content=\"Welch LLP\" \/>\n<meta property=\"article:publisher\" content=\"https:\/\/www.facebook.com\/WelchLLP\/\" \/>\n<meta property=\"article:modified_time\" content=\"2025-05-06T18:51:43+00:00\" \/>\n<meta name=\"twitter:card\" content=\"summary_large_image\" \/>\n<meta name=\"twitter:site\" content=\"@welchllp\" \/>\n<meta name=\"twitter:label1\" content=\"Dur\u00e9e de lecture estim\u00e9e\" \/>\n\t<meta name=\"twitter:data1\" content=\"1 minute\" \/>\n<script type=\"application\/ld+json\" class=\"yoast-schema-graph\">{\"@context\":\"https:\/\/schema.org\",\"@graph\":[{\"@type\":\"WebPage\",\"@id\":\"https:\/\/welchllp.com\/fr\/services\/\",\"url\":\"https:\/\/welchllp.com\/fr\/services\/\",\"name\":\"Services - Welch LLP\",\"isPartOf\":{\"@id\":\"https:\/\/welchllp.com\/fr\/#website\"},\"datePublished\":\"2022-05-30T21:36:26+00:00\",\"dateModified\":\"2025-05-06T18:51:43+00:00\",\"breadcrumb\":{\"@id\":\"https:\/\/welchllp.com\/fr\/services\/#breadcrumb\"},\"inLanguage\":\"fr-FR\",\"potentialAction\":[{\"@type\":\"ReadAction\",\"target\":[\"https:\/\/welchllp.com\/fr\/services\/\"]}]},{\"@type\":\"BreadcrumbList\",\"@id\":\"https:\/\/welchllp.com\/fr\/services\/#breadcrumb\",\"itemListElement\":[{\"@type\":\"ListItem\",\"position\":1,\"name\":\"Home\",\"item\":\"https:\/\/welchllp.com\/fr\/\"},{\"@type\":\"ListItem\",\"position\":2,\"name\":\"Services\"}]},{\"@type\":\"WebSite\",\"@id\":\"https:\/\/welchllp.com\/fr\/#website\",\"url\":\"https:\/\/welchllp.com\/fr\/\",\"name\":\"Welch LLP\",\"description\":\"Chartered Professional Accountants\",\"publisher\":{\"@id\":\"https:\/\/welchllp.com\/fr\/#organization\"},\"potentialAction\":[{\"@type\":\"SearchAction\",\"target\":{\"@type\":\"EntryPoint\",\"urlTemplate\":\"https:\/\/welchllp.com\/fr\/?s={search_term_string}\"},\"query-input\":{\"@type\":\"PropertyValueSpecification\",\"valueRequired\":true,\"valueName\":\"search_term_string\"}}],\"inLanguage\":\"fr-FR\"},{\"@type\":\"Organization\",\"@id\":\"https:\/\/welchllp.com\/fr\/#organization\",\"name\":\"Welch LLP\",\"url\":\"https:\/\/welchllp.com\/fr\/\",\"logo\":{\"@type\":\"ImageObject\",\"inLanguage\":\"fr-FR\",\"@id\":\"https:\/\/welchllp.com\/fr\/#\/schema\/logo\/image\/\",\"url\":\"https:\/\/welchllp.com\/wp-content\/uploads\/2016\/02\/WelchLLP_logo.png\",\"contentUrl\":\"https:\/\/welchllp.com\/wp-content\/uploads\/2016\/02\/WelchLLP_logo.png\",\"width\":707,\"height\":187,\"caption\":\"Welch LLP\"},\"image\":{\"@id\":\"https:\/\/welchllp.com\/fr\/#\/schema\/logo\/image\/\"},\"sameAs\":[\"https:\/\/www.facebook.com\/WelchLLP\/\",\"https:\/\/x.com\/welchllp\",\"https:\/\/www.linkedin.com\/company\/welchllp\",\"https:\/\/www.instagram.com\/welch_llp\/\"]}]}<\/script>\n<!-- \/ Yoast SEO Premium plugin. -->","yoast_head_json":{"title":"Services - Welch LLP","robots":{"index":"index","follow":"follow","max-snippet":"max-snippet:-1","max-image-preview":"max-image-preview:large","max-video-preview":"max-video-preview:-1"},"canonical":"https:\/\/welchllp.com\/fr\/services\/","og_locale":"fr_FR","og_type":"article","og_title":"Services","og_description":"Depuis 1918, notre priorit\u00e9 absolue est la prestation d\u2019un service de premier ordre \u00e0 notre client\u00e8le. Quand vous faites \u00e9quipe [&hellip;]","og_url":"https:\/\/welchllp.com\/fr\/services\/","og_site_name":"Welch LLP","article_publisher":"https:\/\/www.facebook.com\/WelchLLP\/","article_modified_time":"2025-05-06T18:51:43+00:00","twitter_card":"summary_large_image","twitter_site":"@welchllp","twitter_misc":{"Dur\u00e9e de lecture estim\u00e9e":"1 minute"},"schema":{"@context":"https:\/\/schema.org","@graph":[{"@type":"WebPage","@id":"https:\/\/welchllp.com\/fr\/services\/","url":"https:\/\/welchllp.com\/fr\/services\/","name":"Services - Welch LLP","isPartOf":{"@id":"https:\/\/welchllp.com\/fr\/#website"},"datePublished":"2022-05-30T21:36:26+00:00","dateModified":"2025-05-06T18:51:43+00:00","breadcrumb":{"@id":"https:\/\/welchllp.com\/fr\/services\/#breadcrumb"},"inLanguage":"fr-FR","potentialAction":[{"@type":"ReadAction","target":["https:\/\/welchllp.com\/fr\/services\/"]}]},{"@type":"BreadcrumbList","@id":"https:\/\/welchllp.com\/fr\/services\/#breadcrumb","itemListElement":[{"@type":"ListItem","position":1,"name":"Home","item":"https:\/\/welchllp.com\/fr\/"},{"@type":"ListItem","position":2,"name":"Services"}]},{"@type":"WebSite","@id":"https:\/\/welchllp.com\/fr\/#website","url":"https:\/\/welchllp.com\/fr\/","name":"Welch LLP","description":"Chartered Professional Accountants","publisher":{"@id":"https:\/\/welchllp.com\/fr\/#organization"},"potentialAction":[{"@type":"SearchAction","target":{"@type":"EntryPoint","urlTemplate":"https:\/\/welchllp.com\/fr\/?s={search_term_string}"},"query-input":{"@type":"PropertyValueSpecification","valueRequired":true,"valueName":"search_term_string"}}],"inLanguage":"fr-FR"},{"@type":"Organization","@id":"https:\/\/welchllp.com\/fr\/#organization","name":"Welch LLP","url":"https:\/\/welchllp.com\/fr\/","logo":{"@type":"ImageObject","inLanguage":"fr-FR","@id":"https:\/\/welchllp.com\/fr\/#\/schema\/logo\/image\/","url":"https:\/\/welchllp.com\/wp-content\/uploads\/2016\/02\/WelchLLP_logo.png","contentUrl":"https:\/\/welchllp.com\/wp-content\/uploads\/2016\/02\/WelchLLP_logo.png","width":707,"height":187,"caption":"Welch LLP"},"image":{"@id":"https:\/\/welchllp.com\/fr\/#\/schema\/logo\/image\/"},"sameAs":["https:\/\/www.facebook.com\/WelchLLP\/","https:\/\/x.com\/welchllp","https:\/\/www.linkedin.com\/company\/welchllp","https:\/\/www.instagram.com\/welch_llp\/"]}]}},"_links":{"self":[{"href":"https:\/\/welchllp.com\/fr\/wp-json\/wp\/v2\/pages\/10943","targetHints":{"allow":["GET"]}}],"collection":[{"href":"https:\/\/welchllp.com\/fr\/wp-json\/wp\/v2\/pages"}],"about":[{"href":"https:\/\/welchllp.com\/fr\/wp-json\/wp\/v2\/types\/page"}],"author":[{"embeddable":true,"href":"https:\/\/welchllp.com\/fr\/wp-json\/wp\/v2\/users\/2"}],"replies":[{"embeddable":true,"href":"https:\/\/welchllp.com\/fr\/wp-json\/wp\/v2\/comments?post=10943"}],"version-history":[{"count":0,"href":"https:\/\/welchllp.com\/fr\/wp-json\/wp\/v2\/pages\/10943\/revisions"}],"wp:attachment":[{"href":"https:\/\/welchllp.com\/fr\/wp-json\/wp\/v2\/media?parent=10943"}],"curies":[{"name":"wp","href":"https:\/\/api.w.org\/{rel}","templated":true}]}}