{"id":10944,"date":"2022-05-30T17:36:26","date_gmt":"2022-05-30T21:36:26","guid":{"rendered":"https:\/\/welchllp.wpengine.com\/?page_id=10944"},"modified":"2025-05-06T15:17:09","modified_gmt":"2025-05-06T19:17:09","slug":"services-fiscaux-pour-les-etats-unis","status":"publish","type":"page","link":"https:\/\/welchllp.com\/fr\/services\/services-fiscaux\/services-fiscaux-pour-les-etats-unis\/","title":{"rendered":"Services fiscaux pour les \u00c9tats-Unis"},"content":{"rendered":"\n<div class=\"wp-block-cover alignfull is-light hero no-margin is-padded\"><span aria-hidden=\"true\" class=\"wp-block-cover__background has-white-background-color has-background-dim-100 has-background-dim\"><\/span><div class=\"wp-block-cover__inner-container is-layout-flow wp-block-cover-is-layout-flow\">\n<span class=\"breadcrumbs\">\n            <span class=\"eyebrow crumb\"><a href=\"https:\/\/welchllp.com\/fr\/services\/\">Services<\/a><\/span>\n            <span class=\"eyebrow crumb\"><a href=\"https:\/\/welchllp.com\/fr\/services\/services-fiscaux\/\">Services fiscaux<\/a><\/span>\n    <\/span>\n\n\n<h1 class=\"large two-third-container wp-block-post-title\">Services fiscaux pour les \u00c9tats-Unis<\/h1>\n\n\n<p class=\"narrow-container left-aligned has-dark-grey-color has-text-color has-regular-font-size\">Une entreprise canadienne qui exerce des activit\u00e9s aux \u00c9tats-Unis ou y fait des ventes pourrait \u00eatre assujettie \u00e0 l\u2019imp\u00f4t sur le revenu de ce pays et m\u00eame devoir percevoir la taxe de vente de l\u2019\u00c9tat concern\u00e9 \u2013 et la lui verser.<\/p>\n<\/div><\/div>\n\n\n\n<div class=\"wp-block-cover alignfull is-light tall no-margin small-mobile\"><span aria-hidden=\"true\" class=\"wp-block-cover__background has-dark-grey-background-color has-background-dim-0 has-background-dim\"><\/span><img loading=\"lazy\" decoding=\"async\" width=\"1024\" height=\"600\" class=\"wp-block-cover__image-background wp-image-1975\" alt=\"\" src=\"https:\/\/welchllp.com\/wp-content\/uploads\/2017\/10\/us-tax-services.jpg\" data-object-fit=\"cover\" srcset=\"https:\/\/welchllp.com\/wp-content\/uploads\/2017\/10\/us-tax-services.jpg 1024w, https:\/\/welchllp.com\/wp-content\/uploads\/2017\/10\/us-tax-services-300x176.jpg 300w, https:\/\/welchllp.com\/wp-content\/uploads\/2017\/10\/us-tax-services-768x450.jpg 768w\" sizes=\"auto, (max-width: 1024px) 100vw, 1024px\" \/><div class=\"wp-block-cover__inner-container is-layout-flow wp-block-cover-is-layout-flow\">\n<div class=\"wp-block-group alignfull has-white-color has-text-color\"><div class=\"wp-block-group__inner-container is-layout-flow wp-block-group-is-layout-flow\"><\/div><\/div>\n<\/div><\/div>\n\n\n\n<div class=\"wp-block-group alignwide no-margin has-white-color has-white-background-color has-text-color has-background\"><div class=\"wp-block-group__inner-container is-layout-flow wp-block-group-is-layout-flow\">\n<p class=\"two-third-container has-dark-grey-color has-text-color has-lead-font-size\">L\u2019assujettissement d\u2019une soci\u00e9t\u00e9 canadienne \u00e0 l\u2019imp\u00f4t des \u00c9tats-Unis au niveau f\u00e9d\u00e9ral, ou \u00e0 celui des \u00c9tats, d\u00e9pend de plusieurs facteurs. Il est donc essentiel que vous sachiez comment les r\u00e8gles s\u2019appliquent l\u00e0 o\u00f9 votre entreprise exerce ses activit\u00e9s. Chez nos voisins du sud, le facteur d\u00e9terminant aux fins de l\u2019imp\u00f4t f\u00e9d\u00e9ral sur le revenu est la pr\u00e9sence d\u2019un \u00e9tablissement permanent aux \u00c9tats-Unis. Aux fins de l\u2019imp\u00f4t et des taxes que per\u00e7oivent les \u00c9tats, par contre, le facteur d\u00e9terminant est plut\u00f4t de savoir si l\u2019entreprise a un lien avec un ou plusieurs \u00c9tats. Nous vous aiderons \u00e0 comprendre les r\u00e8gles qui s\u2019appliquent \u00e0 votre situation et \u00e0 les optimiser.<\/p>\n<\/div><\/div>\n\n\n\n\n\n<div class=\"wp-block-group alignwide\"><div class=\"wp-block-group__inner-container is-layout-flow wp-block-group-is-layout-flow\">\n<h2 class=\"wp-block-heading half-margin\" id=\"h-nos-champs-de-competence\">Nos champs de comp\u00e9tence<\/h2>\n\n\n\n<div class=\"wp-block-baytek-tabs wp-block-tabs has-vertical-orientation\"><div class=\"wp-block-tabs__inner-container\"><div class=\"wp-block-tabs__tab-labels\"><h2 class=\"tab-label active\" role=\"tab\" data-target=\"0\"><a><span>Services fiscaux pour les \u00c9tats-Unis<\/span><\/a><\/h2><\/div><div class=\"wp-block-tabs__tab-panels\">\n<div class=\"wp-block-tab\">\n<ul class=\"wp-block-list\">\n<li>pr\u00e9paration de d\u00e9clarations de revenus des soci\u00e9t\u00e9s<\/li>\n\n\n\n<li>pr\u00e9paration de d\u00e9clarations de revenus des particuliers<\/li>\n\n\n\n<li>divulgations volontaires au gouvernement f\u00e9d\u00e9ral et aux \u00c9tats<\/li>\n\n\n\n<li>examen et conformit\u00e9 des taxes de vente<\/li>\n\n\n\n<li>planification fiscale strat\u00e9gique<\/li>\n\n\n\n<li>repr\u00e9sentation aupr\u00e8s des autorit\u00e9s fiscales (IRS)<\/li>\n\n\n\n<li>contr\u00f4le diligent<\/li>\n\n\n\n<li>droits successoraux&nbsp;: avec une citoyennet\u00e9 canadienne (immobilier et valeurs mobili\u00e8res aux \u00c9.-U.) et avec citoyennet\u00e9 \u00e9tatsunienne (actif&nbsp;global)<\/li>\n<\/ul>\n<\/div>\n<\/div><\/div><\/div>\n<\/div><\/div>\n\n\n\n<div class=\"wp-block-group alignwide\"><div class=\"wp-block-group__inner-container is-layout-flow wp-block-group-is-layout-flow\">\n<div class=\"wp-block-columns alignwide is-layout-flex wp-container-core-columns-is-layout-1 wp-block-columns-is-layout-flex\">\n<div class=\"wp-block-column is-layout-flow wp-block-column-is-layout-flow\">\n<h3 class=\"wp-block-heading\" id=\"h-etablissement-stable-permanent-establishment\">\u00c9tablissement stable (<em>permanent establishment<\/em>)<\/h3>\n\n\n\n<p>Si une entreprise canadienne a un \u00ab&nbsp;\u00e9tablissement stable&nbsp;\u00bb aux \u00c9tats-Unis, elle est assujettie \u00e0 l\u2019imp\u00f4t f\u00e9d\u00e9ral sur le revenu de ce pays. Un tel&nbsp;\u00e9tablissement est un lieu servant \u00e0 la gestion, une succursale, un bureau ou une usine. Ce peut \u00eatre un b\u00e2timent en construction ou un autre type de chantier ou d\u2019installation en cours, si la p\u00e9riode de construction ou d\u2019installation est sup\u00e9rieure \u00e0 12 mois. Les r\u00e8gles relatives \u00e0 l\u2019\u00e9tablissement stable s\u2019appliquent aussi \u00e0 certains services, et la pr\u00e9somption d\u2019existence d\u2019un \u00e9tablissement stable pourrait m\u00eame reposer sur les services rendus aux \u00c9tats-Unis par du personnel&nbsp;canadien.<\/p>\n\n\n\n<p>Une soci\u00e9t\u00e9 qui a un \u00e9tablissement stable aux \u00c9tats-Unis doit remplir une d\u00e9claration de revenus f\u00e9d\u00e9rale dans ce pays. Si une soci\u00e9t\u00e9 canadienne poss\u00e8de une succursale qui exerce des activit\u00e9s aux \u00c9tats-Unis, le passif au titre de l\u2019imp\u00f4t sur le revenu f\u00e9d\u00e9ral et des \u00c9tats de cette succursale est consid\u00e9r\u00e9 comme un imp\u00f4t \u00e9tranger. L\u2019entreprise pourrait alors \u00eatre admissible \u00e0 un cr\u00e9dit pour imp\u00f4t \u00e9tranger, dans sa d\u00e9claration de revenus canadienne, ce qui devrait r\u00e9duire son passif au titre de l\u2019imp\u00f4t canadien. Une soci\u00e9t\u00e9 canadienne qui n\u2019a pas d\u2019\u00e9tablissement stable aux \u00c9tats-Unis doit quand m\u00eame produire une d\u00e9claration de revenus des soci\u00e9t\u00e9s f\u00e9d\u00e9rale pour ce pays, afin de divulguer sa position au titre de la Convention&nbsp; et de s\u2019\u00e9viter ainsi une p\u00e9nalit\u00e9 annuelle de 10 000 USD.<\/p>\n<\/div>\n\n\n\n<div class=\"wp-block-column is-layout-flow wp-block-column-is-layout-flow\">\n<h3 class=\"wp-block-heading\" id=\"h-lien\">Lien<\/h3>\n\n\n\n<p>Le concept de \u00ab&nbsp;lien&nbsp;\u00bb sert \u00e0 d\u00e9terminer si l\u2019entreprise a une pr\u00e9sence non n\u00e9gligeable dans au moins un \u00c9tat. Les crit\u00e8res permettant d\u2019\u00e9tablir l\u2019existence de ce lien changent d\u2019un \u00c9tat \u00e0 l\u2019autre, tout comme les taxes et les imp\u00f4ts \u00e0 payer. Pour d\u00e9terminer si une entreprise canadienne a un lien avec un \u00c9tat, il faut savoir si elle y a du personnel (y compris celui qui la repr\u00e9sente&nbsp;\u00e0 un salon commercial); si elle y fournit des services d\u2019installation, de mise en \u0153uvre ou de d\u00e9ploiement&nbsp;; si elle y entrepose un inventaire; ou si elle y a un emplacement physique ou tout autre bien, y compris des immobilisations incorporelles.<\/p>\n\n\n\n<p>Les r\u00e8gles varient d\u2019un \u00c9tat \u00e0 l\u2019autre, et m\u00eame une pr\u00e9sence temporaire pourrait suffire \u00e0 \u00e9tablir un lien.<\/p>\n\n\n\n<p>Il faut savoir \u00e9galement que si deux soci\u00e9t\u00e9s sont affili\u00e9es, les activit\u00e9s de l\u2019une pourraient \u00eatre prises en compte dans la d\u00e9termination du lien de l\u2019autre. Ainsi, dans l\u2019\u00c9tat de New York, si une soci\u00e9t\u00e9 sans lien poss\u00e8de une participation crois\u00e9e d\u2019aussi peu que 5&nbsp;% dans une soci\u00e9t\u00e9 qui a un lien, le fisc pourrait \u00e9tablir qu\u2019elle a un lien en vertu des r\u00e8gles visant les soci\u00e9t\u00e9s affili\u00e9es. D\u2019autres conditions, y compris le partage de propri\u00e9t\u00e9 intellectuelle comme une marque de commerce, pourraient mener \u00e0 l\u2019\u00e9tablissement d\u2019un lien pour une soci\u00e9t\u00e9 affili\u00e9e. Il est donc essentiel d\u2019\u00e9valuer les activit\u00e9s de l\u2019entreprise en fonction de chaque \u00c9tat o\u00f9 elle fait des affaires ou poss\u00e8de une client\u00e8le.<\/p>\n<\/div>\n<\/div>\n<\/div><\/div>\n\n\n\n<div class=\"wp-block-group alignfull no-margin has-bottom-border has-off-white-background-color has-background\"><div class=\"wp-block-group__inner-container is-layout-flow wp-block-group-is-layout-flow\">\n<div class=\"wp-block-columns alignwide is-layout-flex wp-container-core-columns-is-layout-2 wp-block-columns-is-layout-flex\">\n<div class=\"wp-block-column is-layout-flow wp-block-column-is-layout-flow\">\n<h2 class=\"wp-block-heading\" id=\"h-membres-de-l-equipe\">Membres de l\u2019\u00e9quipe<\/h2>\n<\/div>\n\n\n\n<div class=\"wp-block-column team-members-slider-arrows is-layout-flow wp-block-column-is-layout-flow\"><\/div>\n<\/div>\n\n\n\n<div class=\"wp-block-group alignwide team-members-slider no-margin\"><div class=\"wp-block-group__inner-container is-layout-flow wp-block-group-is-layout-flow\">\n<div class=\"empty-feature-wrapper\">\n\t<p>D\u00e9sol\u00e9, aucun message n\u2019a \u00e9t\u00e9 trouv\u00e9. Veuillez rev\u00e9rifier plus tard.<\/p>\n<\/div>\n<\/div><\/div>\n<\/div><\/div>\n\n\n\n\n\n\n<div class=\"wp-block-cover alignfull final-cover no-margin\"><span aria-hidden=\"true\" class=\"wp-block-cover__background has-welch-green-background-color has-background-dim-100 has-background-dim\"><\/span><div class=\"wp-block-cover__inner-container is-layout-flow wp-block-cover-is-layout-flow\">\n<div class=\"wp-block-group narrower-container no-margin\"><div class=\"wp-block-group__inner-container is-layout-flow wp-block-group-is-layout-flow\">\n<h2 class=\"has-text-align-center wp-block-heading\">Nos sp\u00e9cialistes n\u2019attendent que vous<\/h2>\n\n\n\n<p class=\"has-text-align-center\">Communiquez avec nous. Faites-nous part de vos besoins et nous assignerons \u00e0 votre organisation une personne sp\u00e9cialis\u00e9e dans votre secteur d\u2019activit\u00e9.<\/p>\n\n\n\n<div class=\"wp-block-buttons is-layout-flex wp-block-buttons-is-layout-flex\">\n<div class=\"wp-block-button aligncenter is-style-outline is-style-outline--1\"><a class=\"wp-block-button__link has-white-color has-text-color\" href=\"https:\/\/welchllp.com\/fr\/adresses\/#GeneralEnquiries\">Faites-le aujourd\u2019hui<\/a><\/div>\n<\/div>\n<\/div><\/div>\n<\/div><\/div>\n","protected":false},"excerpt":{"rendered":"<p>L\u2019assujettissement d\u2019une soci\u00e9t\u00e9 canadienne \u00e0 l\u2019imp\u00f4t des \u00c9tats-Unis au niveau f\u00e9d\u00e9ral, ou \u00e0 celui des \u00c9tats, d\u00e9pend de plusieurs facteurs. [&hellip;]<\/p>\n","protected":false},"author":2,"featured_media":1975,"parent":10942,"menu_order":12,"comment_status":"closed","ping_status":"closed","template":"","meta":{"_relevanssi_hide_post":"","_relevanssi_hide_content":"","_relevanssi_pin_for_all":"","_relevanssi_pin_keywords":"","_relevanssi_unpin_keywords":"","_relevanssi_related_keywords":"","_relevanssi_related_include_ids":"","_relevanssi_related_exclude_ids":"","_relevanssi_related_no_append":"","_relevanssi_related_not_related":"","_relevanssi_related_posts":"10591,10582,10597,10576,10584,10596","_relevanssi_noindex_reason":"","footnotes":""},"class_list":["post-10944","page","type-page","status-publish","has-post-thumbnail","hentry"],"yoast_head":"<!-- This site is optimized with the Yoast SEO Premium plugin v24.3 (Yoast SEO v25.8) - https:\/\/yoast.com\/wordpress\/plugins\/seo\/ -->\n<title>Services fiscaux pour les \u00c9tats-Unis - Welch LLP<\/title>\n<meta name=\"robots\" content=\"index, follow, max-snippet:-1, max-image-preview:large, max-video-preview:-1\" \/>\n<link rel=\"canonical\" href=\"https:\/\/welchllp.com\/fr\/services\/services-fiscaux\/services-fiscaux-pour-les-etats-unis\/\" \/>\n<meta property=\"og:locale\" content=\"fr_FR\" \/>\n<meta property=\"og:type\" content=\"article\" \/>\n<meta property=\"og:title\" content=\"Services fiscaux pour les \u00c9tats-Unis\" \/>\n<meta property=\"og:description\" content=\"L\u2019assujettissement d\u2019une soci\u00e9t\u00e9 canadienne \u00e0 l\u2019imp\u00f4t des \u00c9tats-Unis au niveau f\u00e9d\u00e9ral, ou \u00e0 celui des \u00c9tats, d\u00e9pend de plusieurs facteurs. [&hellip;]\" \/>\n<meta property=\"og:url\" content=\"https:\/\/welchllp.com\/fr\/services\/services-fiscaux\/services-fiscaux-pour-les-etats-unis\/\" \/>\n<meta property=\"og:site_name\" content=\"Welch LLP\" \/>\n<meta property=\"article:publisher\" content=\"https:\/\/www.facebook.com\/WelchLLP\/\" \/>\n<meta property=\"article:modified_time\" content=\"2025-05-06T19:17:09+00:00\" \/>\n<meta property=\"og:image\" content=\"https:\/\/welchllp.com\/wp-content\/uploads\/2017\/10\/us-tax-services.jpg\" \/>\n\t<meta property=\"og:image:width\" content=\"1024\" \/>\n\t<meta property=\"og:image:height\" content=\"600\" \/>\n\t<meta property=\"og:image:type\" content=\"image\/jpeg\" \/>\n<meta name=\"twitter:card\" content=\"summary_large_image\" \/>\n<meta name=\"twitter:site\" content=\"@welchllp\" \/>\n<meta name=\"twitter:label1\" content=\"Dur\u00e9e de lecture estim\u00e9e\" \/>\n\t<meta name=\"twitter:data1\" content=\"4 minutes\" \/>\n<script type=\"application\/ld+json\" class=\"yoast-schema-graph\">{\"@context\":\"https:\/\/schema.org\",\"@graph\":[{\"@type\":\"WebPage\",\"@id\":\"https:\/\/welchllp.com\/fr\/services\/services-fiscaux\/services-fiscaux-pour-les-etats-unis\/\",\"url\":\"https:\/\/welchllp.com\/fr\/services\/services-fiscaux\/services-fiscaux-pour-les-etats-unis\/\",\"name\":\"Services fiscaux pour les \u00c9tats-Unis - Welch LLP\",\"isPartOf\":{\"@id\":\"https:\/\/welchllp.com\/fr\/#website\"},\"primaryImageOfPage\":{\"@id\":\"https:\/\/welchllp.com\/fr\/services\/services-fiscaux\/services-fiscaux-pour-les-etats-unis\/#primaryimage\"},\"image\":{\"@id\":\"https:\/\/welchllp.com\/fr\/services\/services-fiscaux\/services-fiscaux-pour-les-etats-unis\/#primaryimage\"},\"thumbnailUrl\":\"https:\/\/welchllp.com\/wp-content\/uploads\/2017\/10\/us-tax-services.jpg\",\"datePublished\":\"2022-05-30T21:36:26+00:00\",\"dateModified\":\"2025-05-06T19:17:09+00:00\",\"breadcrumb\":{\"@id\":\"https:\/\/welchllp.com\/fr\/services\/services-fiscaux\/services-fiscaux-pour-les-etats-unis\/#breadcrumb\"},\"inLanguage\":\"fr-FR\",\"potentialAction\":[{\"@type\":\"ReadAction\",\"target\":[\"https:\/\/welchllp.com\/fr\/services\/services-fiscaux\/services-fiscaux-pour-les-etats-unis\/\"]}]},{\"@type\":\"ImageObject\",\"inLanguage\":\"fr-FR\",\"@id\":\"https:\/\/welchllp.com\/fr\/services\/services-fiscaux\/services-fiscaux-pour-les-etats-unis\/#primaryimage\",\"url\":\"https:\/\/welchllp.com\/wp-content\/uploads\/2017\/10\/us-tax-services.jpg\",\"contentUrl\":\"https:\/\/welchllp.com\/wp-content\/uploads\/2017\/10\/us-tax-services.jpg\",\"width\":1024,\"height\":600,\"caption\":\"us tax\"},{\"@type\":\"BreadcrumbList\",\"@id\":\"https:\/\/welchllp.com\/fr\/services\/services-fiscaux\/services-fiscaux-pour-les-etats-unis\/#breadcrumb\",\"itemListElement\":[{\"@type\":\"ListItem\",\"position\":1,\"name\":\"Home\",\"item\":\"https:\/\/welchllp.com\/fr\/\"},{\"@type\":\"ListItem\",\"position\":2,\"name\":\"Services\",\"item\":\"https:\/\/welchllp.com\/fr\/services\/\"},{\"@type\":\"ListItem\",\"position\":3,\"name\":\"Services fiscaux\",\"item\":\"https:\/\/welchllp.com\/fr\/services\/services-fiscaux\/\"},{\"@type\":\"ListItem\",\"position\":4,\"name\":\"Services fiscaux pour les \u00c9tats-Unis\"}]},{\"@type\":\"WebSite\",\"@id\":\"https:\/\/welchllp.com\/fr\/#website\",\"url\":\"https:\/\/welchllp.com\/fr\/\",\"name\":\"Welch LLP\",\"description\":\"Chartered Professional Accountants\",\"publisher\":{\"@id\":\"https:\/\/welchllp.com\/fr\/#organization\"},\"potentialAction\":[{\"@type\":\"SearchAction\",\"target\":{\"@type\":\"EntryPoint\",\"urlTemplate\":\"https:\/\/welchllp.com\/fr\/?s={search_term_string}\"},\"query-input\":{\"@type\":\"PropertyValueSpecification\",\"valueRequired\":true,\"valueName\":\"search_term_string\"}}],\"inLanguage\":\"fr-FR\"},{\"@type\":\"Organization\",\"@id\":\"https:\/\/welchllp.com\/fr\/#organization\",\"name\":\"Welch LLP\",\"url\":\"https:\/\/welchllp.com\/fr\/\",\"logo\":{\"@type\":\"ImageObject\",\"inLanguage\":\"fr-FR\",\"@id\":\"https:\/\/welchllp.com\/fr\/#\/schema\/logo\/image\/\",\"url\":\"https:\/\/welchllp.com\/wp-content\/uploads\/2016\/02\/WelchLLP_logo.png\",\"contentUrl\":\"https:\/\/welchllp.com\/wp-content\/uploads\/2016\/02\/WelchLLP_logo.png\",\"width\":707,\"height\":187,\"caption\":\"Welch LLP\"},\"image\":{\"@id\":\"https:\/\/welchllp.com\/fr\/#\/schema\/logo\/image\/\"},\"sameAs\":[\"https:\/\/www.facebook.com\/WelchLLP\/\",\"https:\/\/x.com\/welchllp\",\"https:\/\/www.linkedin.com\/company\/welchllp\",\"https:\/\/www.instagram.com\/welch_llp\/\"]}]}<\/script>\n<!-- \/ Yoast SEO Premium plugin. -->","yoast_head_json":{"title":"Services fiscaux pour les \u00c9tats-Unis - Welch LLP","robots":{"index":"index","follow":"follow","max-snippet":"max-snippet:-1","max-image-preview":"max-image-preview:large","max-video-preview":"max-video-preview:-1"},"canonical":"https:\/\/welchllp.com\/fr\/services\/services-fiscaux\/services-fiscaux-pour-les-etats-unis\/","og_locale":"fr_FR","og_type":"article","og_title":"Services fiscaux pour les \u00c9tats-Unis","og_description":"L\u2019assujettissement d\u2019une soci\u00e9t\u00e9 canadienne \u00e0 l\u2019imp\u00f4t des \u00c9tats-Unis au niveau f\u00e9d\u00e9ral, ou \u00e0 celui des \u00c9tats, d\u00e9pend de plusieurs facteurs. [&hellip;]","og_url":"https:\/\/welchllp.com\/fr\/services\/services-fiscaux\/services-fiscaux-pour-les-etats-unis\/","og_site_name":"Welch LLP","article_publisher":"https:\/\/www.facebook.com\/WelchLLP\/","article_modified_time":"2025-05-06T19:17:09+00:00","og_image":[{"width":1024,"height":600,"url":"https:\/\/welchllp.com\/wp-content\/uploads\/2017\/10\/us-tax-services.jpg","type":"image\/jpeg"}],"twitter_card":"summary_large_image","twitter_site":"@welchllp","twitter_misc":{"Dur\u00e9e de lecture estim\u00e9e":"4 minutes"},"schema":{"@context":"https:\/\/schema.org","@graph":[{"@type":"WebPage","@id":"https:\/\/welchllp.com\/fr\/services\/services-fiscaux\/services-fiscaux-pour-les-etats-unis\/","url":"https:\/\/welchllp.com\/fr\/services\/services-fiscaux\/services-fiscaux-pour-les-etats-unis\/","name":"Services fiscaux pour les \u00c9tats-Unis - Welch LLP","isPartOf":{"@id":"https:\/\/welchllp.com\/fr\/#website"},"primaryImageOfPage":{"@id":"https:\/\/welchllp.com\/fr\/services\/services-fiscaux\/services-fiscaux-pour-les-etats-unis\/#primaryimage"},"image":{"@id":"https:\/\/welchllp.com\/fr\/services\/services-fiscaux\/services-fiscaux-pour-les-etats-unis\/#primaryimage"},"thumbnailUrl":"https:\/\/welchllp.com\/wp-content\/uploads\/2017\/10\/us-tax-services.jpg","datePublished":"2022-05-30T21:36:26+00:00","dateModified":"2025-05-06T19:17:09+00:00","breadcrumb":{"@id":"https:\/\/welchllp.com\/fr\/services\/services-fiscaux\/services-fiscaux-pour-les-etats-unis\/#breadcrumb"},"inLanguage":"fr-FR","potentialAction":[{"@type":"ReadAction","target":["https:\/\/welchllp.com\/fr\/services\/services-fiscaux\/services-fiscaux-pour-les-etats-unis\/"]}]},{"@type":"ImageObject","inLanguage":"fr-FR","@id":"https:\/\/welchllp.com\/fr\/services\/services-fiscaux\/services-fiscaux-pour-les-etats-unis\/#primaryimage","url":"https:\/\/welchllp.com\/wp-content\/uploads\/2017\/10\/us-tax-services.jpg","contentUrl":"https:\/\/welchllp.com\/wp-content\/uploads\/2017\/10\/us-tax-services.jpg","width":1024,"height":600,"caption":"us tax"},{"@type":"BreadcrumbList","@id":"https:\/\/welchllp.com\/fr\/services\/services-fiscaux\/services-fiscaux-pour-les-etats-unis\/#breadcrumb","itemListElement":[{"@type":"ListItem","position":1,"name":"Home","item":"https:\/\/welchllp.com\/fr\/"},{"@type":"ListItem","position":2,"name":"Services","item":"https:\/\/welchllp.com\/fr\/services\/"},{"@type":"ListItem","position":3,"name":"Services fiscaux","item":"https:\/\/welchllp.com\/fr\/services\/services-fiscaux\/"},{"@type":"ListItem","position":4,"name":"Services fiscaux pour les \u00c9tats-Unis"}]},{"@type":"WebSite","@id":"https:\/\/welchllp.com\/fr\/#website","url":"https:\/\/welchllp.com\/fr\/","name":"Welch LLP","description":"Chartered Professional Accountants","publisher":{"@id":"https:\/\/welchllp.com\/fr\/#organization"},"potentialAction":[{"@type":"SearchAction","target":{"@type":"EntryPoint","urlTemplate":"https:\/\/welchllp.com\/fr\/?s={search_term_string}"},"query-input":{"@type":"PropertyValueSpecification","valueRequired":true,"valueName":"search_term_string"}}],"inLanguage":"fr-FR"},{"@type":"Organization","@id":"https:\/\/welchllp.com\/fr\/#organization","name":"Welch LLP","url":"https:\/\/welchllp.com\/fr\/","logo":{"@type":"ImageObject","inLanguage":"fr-FR","@id":"https:\/\/welchllp.com\/fr\/#\/schema\/logo\/image\/","url":"https:\/\/welchllp.com\/wp-content\/uploads\/2016\/02\/WelchLLP_logo.png","contentUrl":"https:\/\/welchllp.com\/wp-content\/uploads\/2016\/02\/WelchLLP_logo.png","width":707,"height":187,"caption":"Welch LLP"},"image":{"@id":"https:\/\/welchllp.com\/fr\/#\/schema\/logo\/image\/"},"sameAs":["https:\/\/www.facebook.com\/WelchLLP\/","https:\/\/x.com\/welchllp","https:\/\/www.linkedin.com\/company\/welchllp","https:\/\/www.instagram.com\/welch_llp\/"]}]}},"_links":{"self":[{"href":"https:\/\/welchllp.com\/fr\/wp-json\/wp\/v2\/pages\/10944","targetHints":{"allow":["GET"]}}],"collection":[{"href":"https:\/\/welchllp.com\/fr\/wp-json\/wp\/v2\/pages"}],"about":[{"href":"https:\/\/welchllp.com\/fr\/wp-json\/wp\/v2\/types\/page"}],"author":[{"embeddable":true,"href":"https:\/\/welchllp.com\/fr\/wp-json\/wp\/v2\/users\/2"}],"replies":[{"embeddable":true,"href":"https:\/\/welchllp.com\/fr\/wp-json\/wp\/v2\/comments?post=10944"}],"version-history":[{"count":1,"href":"https:\/\/welchllp.com\/fr\/wp-json\/wp\/v2\/pages\/10944\/revisions"}],"predecessor-version":[{"id":16727,"href":"https:\/\/welchllp.com\/fr\/wp-json\/wp\/v2\/pages\/10944\/revisions\/16727"}],"up":[{"embeddable":true,"href":"https:\/\/welchllp.com\/fr\/wp-json\/wp\/v2\/pages\/10942"}],"wp:featuredmedia":[{"embeddable":true,"href":"https:\/\/welchllp.com\/fr\/wp-json\/wp\/v2\/media\/1975"}],"wp:attachment":[{"href":"https:\/\/welchllp.com\/fr\/wp-json\/wp\/v2\/media?parent=10944"}],"curies":[{"name":"wp","href":"https:\/\/api.w.org\/{rel}","templated":true}]}}