{"id":10945,"date":"2022-05-30T17:36:26","date_gmt":"2022-05-30T21:36:26","guid":{"rendered":"https:\/\/welchllp.wpengine.com\/?page_id=10945"},"modified":"2025-05-06T15:17:26","modified_gmt":"2025-05-06T19:17:26","slug":"services-conseils-en-gestion-des-risques","status":"publish","type":"page","link":"https:\/\/welchllp.com\/fr\/services\/services-conseils-en-gestion-des-risques\/","title":{"rendered":"Services-conseils en gestion des risques"},"content":{"rendered":"\n<div class=\"wp-block-cover alignfull is-light hero no-margin is-padded\"><span aria-hidden=\"true\" class=\"wp-block-cover__background has-white-background-color has-background-dim-100 has-background-dim\"><\/span><div class=\"wp-block-cover__inner-container is-layout-flow wp-block-cover-is-layout-flow\">\n<span class=\"breadcrumbs\">\n            <span class=\"eyebrow crumb\"><a href=\"https:\/\/welchllp.com\/fr\/services\/\">Services<\/a><\/span>\n    <\/span>\n\n\n<h1 class=\"large two-third-container wp-block-post-title\">Services-conseils en gestion des risques<\/h1>\n\n\n<p class=\"narrow-container left-aligned has-dark-grey-color has-text-color has-regular-font-size\">Notre souhait? Que Welch devienne votre guichet unique pour tous vos besoins organisationnels.<\/p>\n<\/div><\/div>\n\n\n\n<div class=\"wp-block-cover alignfull is-light tall no-margin small-mobile\"><span aria-hidden=\"true\" class=\"wp-block-cover__background has-dark-grey-background-color has-background-dim-0 has-background-dim\"><\/span><img loading=\"lazy\" decoding=\"async\" width=\"1920\" height=\"1280\" class=\"wp-block-cover__image-background wp-image-9401\" alt=\"\" src=\"https:\/\/welchllp.com\/wp-content\/uploads\/2022\/07\/risk-advisory-hero.jpg\" data-object-fit=\"cover\" srcset=\"https:\/\/welchllp.com\/wp-content\/uploads\/2022\/07\/risk-advisory-hero.jpg 1920w, https:\/\/welchllp.com\/wp-content\/uploads\/2022\/07\/risk-advisory-hero-300x200.jpg 300w, https:\/\/welchllp.com\/wp-content\/uploads\/2022\/07\/risk-advisory-hero-1024x683.jpg 1024w, https:\/\/welchllp.com\/wp-content\/uploads\/2022\/07\/risk-advisory-hero-768x512.jpg 768w, https:\/\/welchllp.com\/wp-content\/uploads\/2022\/07\/risk-advisory-hero-1536x1024.jpg 1536w\" sizes=\"auto, (max-width: 1920px) 100vw, 1920px\" \/><div class=\"wp-block-cover__inner-container is-layout-flow wp-block-cover-is-layout-flow\">\n<div class=\"wp-block-group alignfull has-white-color has-text-color\"><div class=\"wp-block-group__inner-container is-layout-flow wp-block-group-is-layout-flow\"><\/div><\/div>\n<\/div><\/div>\n\n\n\n<div class=\"wp-block-group alignwide no-margin has-white-color has-white-background-color has-text-color has-background\"><div class=\"wp-block-group__inner-container is-layout-flow wp-block-group-is-layout-flow\">\n<p class=\"two-third-container has-dark-grey-color has-text-color has-lead-font-size\">Welch offre une gamme \u00e9tendue de services-conseils sp\u00e9cialis\u00e9s qui procurent \u00e0 votre entreprise, ou organisation, des informations pr\u00e9cieuses sur une foule de questions, \u00e0 chaque \u00e9tape de sa croissance.<\/p>\n<\/div><\/div>\n\n\n\n<div class=\"wp-block-media-text alignwide is-stacked-on-mobile is-image-fill child-page\" style=\"grid-template-columns:32% auto\"><figure class=\"wp-block-media-text__media\" style=\"background-image:url(\/wp-content\/uploads\/2022\/07\/testimonials-bg.jpg);background-position:50% 50%\"><img decoding=\"async\" src=\"\/wp-content\/uploads\/2022\/07\/testimonials-bg.jpg\" alt=\"\" class=\"wp-image-4672 size-full\"\/><\/figure><div class=\"wp-block-media-text__content\">\n<div class=\"wp-block-group content-box\"><div class=\"wp-block-group__inner-container is-layout-flow wp-block-group-is-layout-flow\">\n\t<p class=\"is-style-eyebrow\">NOTRE CLIENT\u00c8LE<\/p>\n\n<div class=\"wp-block-group testimonial-slider no-margin\">\n\t<div class=\"wp-block-group__inner-container\">\n\t\t\t\t\t\t\t\t\t<blockquote class=\"wp-block-quote has-welch-green-color has-text-color has-small-font-size\">\n\t\t\t\t\t<p>&ldquo;Welch est notre cabinet de r\u00e9f\u00e9rence pour des conseils concernant nos rapports financiers, nos imp\u00f4ts, notre structure, nos op\u00e9rations transfrontali\u00e8res, etc. Les gens et la dynamique y sont formidables.&rdquo;<\/p>\n\n\t\t\t\t\t\t\t\t\t\t\t<cite>Rod Anderson, Chef de la direction, Aviva Solutions Inc.<\/cite>\n\t\t\t\t\t\t\t\t\t<\/blockquote>\n\t\t\t\t\t\t<\/div>\n<\/div>\n\n<\/div><\/div>\n<\/div><\/div>\n\n\n\n<div class=\"wp-block-group alignwide\"><div class=\"wp-block-group__inner-container is-layout-flow wp-block-group-is-layout-flow\">\n<h2 class=\"wp-block-heading half-margin\" id=\"h-nos-champs-de-competence\">Nos champs de comp\u00e9tence<\/h2>\n\n\n\n<div class=\"wp-block-baytek-tabs wp-block-tabs has-vertical-orientation\"><div class=\"wp-block-tabs__inner-container\"><div class=\"wp-block-tabs__tab-labels\"><h2 class=\"tab-label active\" role=\"tab\" data-target=\"0\"><a><span>Services-conseils en gestion des risques<\/span><\/a><\/h2><\/div><div class=\"wp-block-tabs__tab-panels\">\n<div class=\"wp-block-tab\">\n<ul class=\"wp-block-list\">\n<li>gouvernance informatique<\/li>\n\n\n\n<li>gestion du risque technologique<\/li>\n\n\n\n<li>cybers\u00e9curit\u00e9<\/li>\n\n\n\n<li>plans d\u2019audit interne ax\u00e9s sur le risque<\/li>\n\n\n\n<li>structure organisationnelle et missions d\u2019examen<\/li>\n\n\n\n<li>contr\u00f4le diligent financier | rapports sur la qualit\u00e9 des b\u00e9n\u00e9fices<\/li>\n\n\n\n<li>objectifs, \u00e9laboration et tableau de bord des indicateurs cl\u00e9s de performance<\/li>\n\n\n\n<li>analyse comptable technique et pr\u00e9paration de livres blancs<\/li>\n\n\n\n<li>analyse de donn\u00e9es et analyse financi\u00e8re<\/li>\n\n\n\n<li>examen des contr\u00f4les internes<\/li>\n\n\n\n<li>plans strat\u00e9giques<\/li>\n\n\n\n<li>planification strat\u00e9gique<\/li>\n\n\n\n<li>examen de la gouvernance<\/li>\n\n\n\n<li>\u00e9laboration de politiques financi\u00e8res<\/li>\n\n\n\n<li>attribution des couts<\/li>\n\n\n\n<li>formation et facilitation<\/li>\n\n\n\n<li>contr\u00f4les internes relatifs \u00e0 l\u2019information financi\u00e8re<\/li>\n<\/ul>\n<\/div>\n<\/div><\/div><\/div>\n<\/div><\/div>\n\n\n\n\n\n\n\n\n<div class=\"wp-block-cover alignfull final-cover no-margin\"><span aria-hidden=\"true\" class=\"wp-block-cover__background has-welch-green-background-color has-background-dim-100 has-background-dim\"><\/span><div class=\"wp-block-cover__inner-container is-layout-flow wp-block-cover-is-layout-flow\">\n<div class=\"wp-block-group narrower-container no-margin\"><div class=\"wp-block-group__inner-container is-layout-flow wp-block-group-is-layout-flow\">\n<h2 class=\"has-text-align-center wp-block-heading\">Nos sp\u00e9cialistes n\u2019attendent que vous<\/h2>\n\n\n\n<p class=\"has-text-align-center\">Communiquez avec nous. Faites-nous part de vos besoins et nous assignerons \u00e0 votre organisation une personne sp\u00e9cialis\u00e9e dans votre secteur d\u2019activit\u00e9.<\/p>\n\n\n\n<div class=\"wp-block-buttons is-layout-flex wp-block-buttons-is-layout-flex\">\n<div class=\"wp-block-button aligncenter is-style-outline is-style-outline--1\"><a class=\"wp-block-button__link has-white-color has-text-color\" href=\"https:\/\/welchllp.com\/fr\/adresses\/#GeneralEnquiries\">Faites-le aujourd\u2019hui<\/a><\/div>\n<\/div>\n<\/div><\/div>\n<\/div><\/div>\n","protected":false},"excerpt":{"rendered":"<p>Welch offre une gamme \u00e9tendue de services-conseils sp\u00e9cialis\u00e9s qui procurent \u00e0 votre entreprise, ou organisation, des informations pr\u00e9cieuses sur une [&hellip;]<\/p>\n","protected":false},"author":2,"featured_media":16605,"parent":10943,"menu_order":13,"comment_status":"closed","ping_status":"closed","template":"","meta":{"_relevanssi_hide_post":"","_relevanssi_hide_content":"","_relevanssi_pin_for_all":"","_relevanssi_pin_keywords":"","_relevanssi_unpin_keywords":"","_relevanssi_related_keywords":"","_relevanssi_related_include_ids":"","_relevanssi_related_exclude_ids":"","_relevanssi_related_no_append":"","_relevanssi_related_not_related":"","_relevanssi_related_posts":"10591,10582,10576,10584,10597,10569","_relevanssi_noindex_reason":"","footnotes":""},"class_list":["post-10945","page","type-page","status-publish","has-post-thumbnail","hentry"],"yoast_head":"<!-- This site is optimized with the Yoast SEO Premium plugin v24.3 (Yoast SEO v25.8) - https:\/\/yoast.com\/wordpress\/plugins\/seo\/ -->\n<title>Services-conseils en gestion des risques - Welch LLP<\/title>\n<meta name=\"robots\" content=\"index, follow, max-snippet:-1, max-image-preview:large, max-video-preview:-1\" \/>\n<link rel=\"canonical\" href=\"https:\/\/welchllp.com\/fr\/services\/services-conseils-en-gestion-des-risques\/\" \/>\n<meta property=\"og:locale\" content=\"fr_FR\" \/>\n<meta property=\"og:type\" content=\"article\" \/>\n<meta property=\"og:title\" content=\"Services-conseils en gestion des risques\" \/>\n<meta property=\"og:description\" content=\"Welch offre une gamme \u00e9tendue de services-conseils sp\u00e9cialis\u00e9s qui procurent \u00e0 votre entreprise, ou organisation, des informations pr\u00e9cieuses sur une [&hellip;]\" \/>\n<meta property=\"og:url\" content=\"https:\/\/welchllp.com\/fr\/services\/services-conseils-en-gestion-des-risques\/\" \/>\n<meta property=\"og:site_name\" content=\"Welch LLP\" \/>\n<meta property=\"article:publisher\" content=\"https:\/\/www.facebook.com\/WelchLLP\/\" \/>\n<meta property=\"article:modified_time\" content=\"2025-05-06T19:17:26+00:00\" \/>\n<meta property=\"og:image\" content=\"https:\/\/welchllp.com\/wp-content\/uploads\/2025\/03\/Risk-advisory.jpg\" \/>\n\t<meta property=\"og:image:width\" content=\"1920\" \/>\n\t<meta property=\"og:image:height\" content=\"1080\" \/>\n\t<meta property=\"og:image:type\" content=\"image\/jpeg\" \/>\n<meta name=\"twitter:card\" content=\"summary_large_image\" \/>\n<meta name=\"twitter:site\" content=\"@welchllp\" \/>\n<meta name=\"twitter:label1\" content=\"Dur\u00e9e de lecture estim\u00e9e\" \/>\n\t<meta name=\"twitter:data1\" content=\"2 minutes\" \/>\n<script type=\"application\/ld+json\" class=\"yoast-schema-graph\">{\"@context\":\"https:\/\/schema.org\",\"@graph\":[{\"@type\":\"WebPage\",\"@id\":\"https:\/\/welchllp.com\/fr\/services\/services-conseils-en-gestion-des-risques\/\",\"url\":\"https:\/\/welchllp.com\/fr\/services\/services-conseils-en-gestion-des-risques\/\",\"name\":\"Services-conseils en gestion des risques - Welch LLP\",\"isPartOf\":{\"@id\":\"https:\/\/welchllp.com\/fr\/#website\"},\"primaryImageOfPage\":{\"@id\":\"https:\/\/welchllp.com\/fr\/services\/services-conseils-en-gestion-des-risques\/#primaryimage\"},\"image\":{\"@id\":\"https:\/\/welchllp.com\/fr\/services\/services-conseils-en-gestion-des-risques\/#primaryimage\"},\"thumbnailUrl\":\"https:\/\/welchllp.com\/wp-content\/uploads\/2025\/03\/Risk-advisory.jpg\",\"datePublished\":\"2022-05-30T21:36:26+00:00\",\"dateModified\":\"2025-05-06T19:17:26+00:00\",\"breadcrumb\":{\"@id\":\"https:\/\/welchllp.com\/fr\/services\/services-conseils-en-gestion-des-risques\/#breadcrumb\"},\"inLanguage\":\"fr-FR\",\"potentialAction\":[{\"@type\":\"ReadAction\",\"target\":[\"https:\/\/welchllp.com\/fr\/services\/services-conseils-en-gestion-des-risques\/\"]}]},{\"@type\":\"ImageObject\",\"inLanguage\":\"fr-FR\",\"@id\":\"https:\/\/welchllp.com\/fr\/services\/services-conseils-en-gestion-des-risques\/#primaryimage\",\"url\":\"https:\/\/welchllp.com\/wp-content\/uploads\/2025\/03\/Risk-advisory.jpg\",\"contentUrl\":\"https:\/\/welchllp.com\/wp-content\/uploads\/2025\/03\/Risk-advisory.jpg\",\"width\":1920,\"height\":1080,\"caption\":\"Risk advisory\"},{\"@type\":\"BreadcrumbList\",\"@id\":\"https:\/\/welchllp.com\/fr\/services\/services-conseils-en-gestion-des-risques\/#breadcrumb\",\"itemListElement\":[{\"@type\":\"ListItem\",\"position\":1,\"name\":\"Home\",\"item\":\"https:\/\/welchllp.com\/fr\/\"},{\"@type\":\"ListItem\",\"position\":2,\"name\":\"Services\",\"item\":\"https:\/\/welchllp.com\/fr\/services\/\"},{\"@type\":\"ListItem\",\"position\":3,\"name\":\"Services-conseils en gestion des risques\"}]},{\"@type\":\"WebSite\",\"@id\":\"https:\/\/welchllp.com\/fr\/#website\",\"url\":\"https:\/\/welchllp.com\/fr\/\",\"name\":\"Welch LLP\",\"description\":\"Chartered Professional Accountants\",\"publisher\":{\"@id\":\"https:\/\/welchllp.com\/fr\/#organization\"},\"potentialAction\":[{\"@type\":\"SearchAction\",\"target\":{\"@type\":\"EntryPoint\",\"urlTemplate\":\"https:\/\/welchllp.com\/fr\/?s={search_term_string}\"},\"query-input\":{\"@type\":\"PropertyValueSpecification\",\"valueRequired\":true,\"valueName\":\"search_term_string\"}}],\"inLanguage\":\"fr-FR\"},{\"@type\":\"Organization\",\"@id\":\"https:\/\/welchllp.com\/fr\/#organization\",\"name\":\"Welch LLP\",\"url\":\"https:\/\/welchllp.com\/fr\/\",\"logo\":{\"@type\":\"ImageObject\",\"inLanguage\":\"fr-FR\",\"@id\":\"https:\/\/welchllp.com\/fr\/#\/schema\/logo\/image\/\",\"url\":\"https:\/\/welchllp.com\/wp-content\/uploads\/2016\/02\/WelchLLP_logo.png\",\"contentUrl\":\"https:\/\/welchllp.com\/wp-content\/uploads\/2016\/02\/WelchLLP_logo.png\",\"width\":707,\"height\":187,\"caption\":\"Welch LLP\"},\"image\":{\"@id\":\"https:\/\/welchllp.com\/fr\/#\/schema\/logo\/image\/\"},\"sameAs\":[\"https:\/\/www.facebook.com\/WelchLLP\/\",\"https:\/\/x.com\/welchllp\",\"https:\/\/www.linkedin.com\/company\/welchllp\",\"https:\/\/www.instagram.com\/welch_llp\/\"]}]}<\/script>\n<!-- \/ Yoast SEO Premium plugin. -->","yoast_head_json":{"title":"Services-conseils en gestion des risques - Welch LLP","robots":{"index":"index","follow":"follow","max-snippet":"max-snippet:-1","max-image-preview":"max-image-preview:large","max-video-preview":"max-video-preview:-1"},"canonical":"https:\/\/welchllp.com\/fr\/services\/services-conseils-en-gestion-des-risques\/","og_locale":"fr_FR","og_type":"article","og_title":"Services-conseils en gestion des risques","og_description":"Welch offre une gamme \u00e9tendue de services-conseils sp\u00e9cialis\u00e9s qui procurent \u00e0 votre entreprise, ou organisation, des informations pr\u00e9cieuses sur une [&hellip;]","og_url":"https:\/\/welchllp.com\/fr\/services\/services-conseils-en-gestion-des-risques\/","og_site_name":"Welch LLP","article_publisher":"https:\/\/www.facebook.com\/WelchLLP\/","article_modified_time":"2025-05-06T19:17:26+00:00","og_image":[{"width":1920,"height":1080,"url":"https:\/\/welchllp.com\/wp-content\/uploads\/2025\/03\/Risk-advisory.jpg","type":"image\/jpeg"}],"twitter_card":"summary_large_image","twitter_site":"@welchllp","twitter_misc":{"Dur\u00e9e de lecture estim\u00e9e":"2 minutes"},"schema":{"@context":"https:\/\/schema.org","@graph":[{"@type":"WebPage","@id":"https:\/\/welchllp.com\/fr\/services\/services-conseils-en-gestion-des-risques\/","url":"https:\/\/welchllp.com\/fr\/services\/services-conseils-en-gestion-des-risques\/","name":"Services-conseils en gestion des risques - Welch LLP","isPartOf":{"@id":"https:\/\/welchllp.com\/fr\/#website"},"primaryImageOfPage":{"@id":"https:\/\/welchllp.com\/fr\/services\/services-conseils-en-gestion-des-risques\/#primaryimage"},"image":{"@id":"https:\/\/welchllp.com\/fr\/services\/services-conseils-en-gestion-des-risques\/#primaryimage"},"thumbnailUrl":"https:\/\/welchllp.com\/wp-content\/uploads\/2025\/03\/Risk-advisory.jpg","datePublished":"2022-05-30T21:36:26+00:00","dateModified":"2025-05-06T19:17:26+00:00","breadcrumb":{"@id":"https:\/\/welchllp.com\/fr\/services\/services-conseils-en-gestion-des-risques\/#breadcrumb"},"inLanguage":"fr-FR","potentialAction":[{"@type":"ReadAction","target":["https:\/\/welchllp.com\/fr\/services\/services-conseils-en-gestion-des-risques\/"]}]},{"@type":"ImageObject","inLanguage":"fr-FR","@id":"https:\/\/welchllp.com\/fr\/services\/services-conseils-en-gestion-des-risques\/#primaryimage","url":"https:\/\/welchllp.com\/wp-content\/uploads\/2025\/03\/Risk-advisory.jpg","contentUrl":"https:\/\/welchllp.com\/wp-content\/uploads\/2025\/03\/Risk-advisory.jpg","width":1920,"height":1080,"caption":"Risk advisory"},{"@type":"BreadcrumbList","@id":"https:\/\/welchllp.com\/fr\/services\/services-conseils-en-gestion-des-risques\/#breadcrumb","itemListElement":[{"@type":"ListItem","position":1,"name":"Home","item":"https:\/\/welchllp.com\/fr\/"},{"@type":"ListItem","position":2,"name":"Services","item":"https:\/\/welchllp.com\/fr\/services\/"},{"@type":"ListItem","position":3,"name":"Services-conseils en gestion des risques"}]},{"@type":"WebSite","@id":"https:\/\/welchllp.com\/fr\/#website","url":"https:\/\/welchllp.com\/fr\/","name":"Welch LLP","description":"Chartered Professional Accountants","publisher":{"@id":"https:\/\/welchllp.com\/fr\/#organization"},"potentialAction":[{"@type":"SearchAction","target":{"@type":"EntryPoint","urlTemplate":"https:\/\/welchllp.com\/fr\/?s={search_term_string}"},"query-input":{"@type":"PropertyValueSpecification","valueRequired":true,"valueName":"search_term_string"}}],"inLanguage":"fr-FR"},{"@type":"Organization","@id":"https:\/\/welchllp.com\/fr\/#organization","name":"Welch LLP","url":"https:\/\/welchllp.com\/fr\/","logo":{"@type":"ImageObject","inLanguage":"fr-FR","@id":"https:\/\/welchllp.com\/fr\/#\/schema\/logo\/image\/","url":"https:\/\/welchllp.com\/wp-content\/uploads\/2016\/02\/WelchLLP_logo.png","contentUrl":"https:\/\/welchllp.com\/wp-content\/uploads\/2016\/02\/WelchLLP_logo.png","width":707,"height":187,"caption":"Welch LLP"},"image":{"@id":"https:\/\/welchllp.com\/fr\/#\/schema\/logo\/image\/"},"sameAs":["https:\/\/www.facebook.com\/WelchLLP\/","https:\/\/x.com\/welchllp","https:\/\/www.linkedin.com\/company\/welchllp","https:\/\/www.instagram.com\/welch_llp\/"]}]}},"_links":{"self":[{"href":"https:\/\/welchllp.com\/fr\/wp-json\/wp\/v2\/pages\/10945","targetHints":{"allow":["GET"]}}],"collection":[{"href":"https:\/\/welchllp.com\/fr\/wp-json\/wp\/v2\/pages"}],"about":[{"href":"https:\/\/welchllp.com\/fr\/wp-json\/wp\/v2\/types\/page"}],"author":[{"embeddable":true,"href":"https:\/\/welchllp.com\/fr\/wp-json\/wp\/v2\/users\/2"}],"replies":[{"embeddable":true,"href":"https:\/\/welchllp.com\/fr\/wp-json\/wp\/v2\/comments?post=10945"}],"version-history":[{"count":0,"href":"https:\/\/welchllp.com\/fr\/wp-json\/wp\/v2\/pages\/10945\/revisions"}],"up":[{"embeddable":true,"href":"https:\/\/welchllp.com\/fr\/wp-json\/wp\/v2\/pages\/10943"}],"wp:featuredmedia":[{"embeddable":true,"href":"https:\/\/welchllp.com\/fr\/wp-json\/wp\/v2\/media\/16605"}],"wp:attachment":[{"href":"https:\/\/welchllp.com\/fr\/wp-json\/wp\/v2\/media?parent=10945"}],"curies":[{"name":"wp","href":"https:\/\/api.w.org\/{rel}","templated":true}]}}