{"id":10946,"date":"2022-05-30T17:36:26","date_gmt":"2022-05-30T21:36:26","guid":{"rendered":"https:\/\/welchllp.wpengine.com\/?page_id=10946"},"modified":"2025-05-06T15:25:32","modified_gmt":"2025-05-06T19:25:32","slug":"services-conseils-pour-les-fortunes-familiales","status":"publish","type":"page","link":"https:\/\/welchllp.com\/fr\/services\/services-conseils-pour-les-fortunes-familiales\/","title":{"rendered":"Services-conseils pour les fortunes familiales"},"content":{"rendered":"\n<div class=\"wp-block-cover alignfull is-light hero no-margin is-padded\"><span aria-hidden=\"true\" class=\"wp-block-cover__background has-white-background-color has-background-dim-100 has-background-dim\"><\/span><div class=\"wp-block-cover__inner-container is-layout-flow wp-block-cover-is-layout-flow\">\n<span class=\"breadcrumbs\">\n            <span class=\"eyebrow crumb\"><a href=\"https:\/\/welchllp.com\/fr\/services\/\">Services<\/a><\/span>\n    <\/span>\n\n\n<h1 class=\"large two-third-container wp-block-post-title\">Services-conseils pour les fortunes familiales<\/h1>\n\n\n<p class=\"narrow-container left-aligned has-dark-grey-color has-text-color has-regular-font-size\">Vous avez travaill\u00e9 dur pour b\u00e2tir vos avoirs. Nous ferons en sorte qu\u2019ils travaillent pour vous maintenant.<\/p>\n<\/div><\/div>\n\n\n\n<div class=\"wp-block-cover alignfull is-light tall no-margin small-mobile\"><span aria-hidden=\"true\" class=\"wp-block-cover__background has-dark-grey-background-color has-background-dim-0 has-background-dim\"><\/span><img loading=\"lazy\" decoding=\"async\" width=\"1920\" height=\"1300\" class=\"wp-block-cover__image-background wp-image-9371\" alt=\"\" src=\"https:\/\/welchllp.com\/wp-content\/uploads\/2022\/07\/services-family-wealth-hero.jpeg\" data-object-fit=\"cover\" srcset=\"https:\/\/welchllp.com\/wp-content\/uploads\/2022\/07\/services-family-wealth-hero.jpeg 1920w, https:\/\/welchllp.com\/wp-content\/uploads\/2022\/07\/services-family-wealth-hero-300x203.jpeg 300w, https:\/\/welchllp.com\/wp-content\/uploads\/2022\/07\/services-family-wealth-hero-1024x693.jpeg 1024w, https:\/\/welchllp.com\/wp-content\/uploads\/2022\/07\/services-family-wealth-hero-768x520.jpeg 768w, https:\/\/welchllp.com\/wp-content\/uploads\/2022\/07\/services-family-wealth-hero-1536x1040.jpeg 1536w\" sizes=\"auto, (max-width: 1920px) 100vw, 1920px\" \/><div class=\"wp-block-cover__inner-container is-layout-flow wp-block-cover-is-layout-flow\">\n<div class=\"wp-block-group alignfull has-white-color has-text-color\"><div class=\"wp-block-group__inner-container is-layout-flow wp-block-group-is-layout-flow\"><\/div><\/div>\n<\/div><\/div>\n\n\n\n<div class=\"wp-block-group alignwide no-margin has-white-color has-white-background-color has-text-color has-background\"><div class=\"wp-block-group__inner-container is-layout-flow wp-block-group-is-layout-flow\">\n<p class=\"two-third-container has-dark-grey-color has-text-color has-lead-font-size\">Vos besoins personnels, familiaux et professionnels \u00e9voluent avec le temps. Il est donc important que vous disposiez d\u2019un plan solide pour prot\u00e9ger le patrimoine que vous avez travaill\u00e9 si dur \u00e0 b\u00e2tir. Vous pouvez confier aux sp\u00e9cialistes de Welch, que vous connaissez et en qui vous avez confiance, le soin de cr\u00e9er pour vous un plan de gestion du patrimoine sur mesure, con\u00e7u pour prot\u00e9ger le patrimoine de votre famille d\u2019une g\u00e9n\u00e9ration \u00e0 l\u2019autre. Welch allie \u00e0 son expertise de la planification financi\u00e8re une approche holistique de la gestion de patrimoine, une combinaison qui assure la gestion ad\u00e9quate de votre bien\u00eatre financier \u00e0 long terme.<\/p>\n<\/div><\/div>\n\n\n\n\n\n<div class=\"wp-block-group alignwide\"><div class=\"wp-block-group__inner-container is-layout-flow wp-block-group-is-layout-flow\">\n<h2 class=\"wp-block-heading half-margin\" id=\"h-nos-champs-de-competence\">Nos champs de comp\u00e9tence<\/h2>\n\n\n\n<div class=\"wp-block-baytek-tabs wp-block-tabs has-vertical-orientation\"><div class=\"wp-block-tabs__inner-container\"><div class=\"wp-block-tabs__tab-labels\"><h2 class=\"tab-label active\" role=\"tab\" data-target=\"0\"><a><span>Gestion de tr\u00e9sorerie<\/span><\/a><\/h2><h2 class=\"tab-label\" role=\"tab\" data-target=\"1\"><a><span>Planification de la succession<\/span><\/a><\/h2><h2 class=\"tab-label\" role=\"tab\" data-target=\"2\"><a><span>Planification de la retraite<\/span><\/a><\/h2><h2 class=\"tab-label\" role=\"tab\" data-target=\"3\"><a><span>Gestion des placements<\/span><\/a><\/h2><h2 class=\"tab-label\" role=\"tab\" data-target=\"4\"><a><span>Gestion des risques<\/span><\/a><\/h2><h2 class=\"tab-label\" role=\"tab\" data-target=\"5\"><a><span>Planification fiscale<\/span><\/a><\/h2><\/div><div class=\"wp-block-tabs__tab-panels\">\n<div class=\"wp-block-tab\">\n<p>\u00c9tablissement d\u2019un budget et r\u00e9duction intelligente de l\u2019endettement afin d\u2019optimiser les flux de tr\u00e9sorerie.<\/p>\n<\/div>\n\n\n\n<div class=\"wp-block-tab\">\n<p>Organisation de l\u2019h\u00e9ritage que vous laisserez de mani\u00e8re \u00e0 subvenir efficacement aux besoins des personnes et des causes qui vous tiennent \u00e0 c\u0153ur.<\/p>\n<\/div>\n\n\n\n<div class=\"wp-block-tab\">\n<p>Planification solide vous permettant d\u2019adopter en toute s\u00e9r\u00e9nit\u00e9 le style de vie que vous avez envisag\u00e9 pour vous et votre famille.<\/p>\n<\/div>\n\n\n\n<div class=\"wp-block-tab\">\n<p>Pr\u00e9paration d\u2019un plan de placements r\u00e9silient et rentable, centr\u00e9 sur la r\u00e9alisation de vos objectifs financiers.<\/p>\n<\/div>\n\n\n\n<div class=\"wp-block-tab\">\n<p>Mise en \u0153uvre de strat\u00e9gies pour att\u00e9nuer les risques auxquels sont expos\u00e9s vos objectifs \u00e0 court et \u00e0 long terme.<\/p>\n<\/div>\n\n\n\n<div class=\"wp-block-tab\">\n<p>Strat\u00e9gies fiscales pour votre m\u00e9nage, en vue de maximiser votre revenu familial apr\u00e8s imp\u00f4t.<\/p>\n<\/div>\n<\/div><\/div><\/div>\n<\/div><\/div>\n\n\n\n\n\n<div class=\"wp-block-group alignfull no-margin has-bottom-border has-off-white-background-color has-background\"><div class=\"wp-block-group__inner-container is-layout-flow wp-block-group-is-layout-flow\">\n<div class=\"wp-block-columns alignwide is-layout-flex wp-container-core-columns-is-layout-1 wp-block-columns-is-layout-flex\">\n<div class=\"wp-block-column is-layout-flow wp-block-column-is-layout-flow\">\n<h2 class=\"wp-block-heading\" id=\"h-membres-de-l-equipe\">Membres de l\u2019\u00e9quipe<\/h2>\n<\/div>\n\n\n\n<div class=\"wp-block-column team-members-slider-arrows is-layout-flow wp-block-column-is-layout-flow\"><\/div>\n<\/div>\n\n\n\n<div class=\"wp-block-group alignwide team-members-slider no-margin\"><div class=\"wp-block-group__inner-container is-layout-flow wp-block-group-is-layout-flow\">\n<div itemscope itemtype=\"https:\/\/schema.org\/Person\" class=\"wp-block-group team-member card has-white-background-color unpadded\">\n    <div class=\"wp-block-group__inner-container\">\n        <figure class=\"wp-block-image headshot-square has-bottom-border no-margin\"><img loading=\"lazy\" decoding=\"async\" width=\"450\" height=\"300\" src=\"https:\/\/welchllp.com\/wp-content\/uploads\/2022\/07\/welch-team-all_0063_JimMcConnery.jpg\" class=\"attachment-team-member-thumbnail size-team-member-thumbnail wp-post-image\" alt=\"\" itemprop=\"image\" srcset=\"https:\/\/welchllp.com\/wp-content\/uploads\/2022\/07\/welch-team-all_0063_JimMcConnery.jpg 1920w, https:\/\/welchllp.com\/wp-content\/uploads\/2022\/07\/welch-team-all_0063_JimMcConnery-300x200.jpg 300w, https:\/\/welchllp.com\/wp-content\/uploads\/2022\/07\/welch-team-all_0063_JimMcConnery-1024x683.jpg 1024w, https:\/\/welchllp.com\/wp-content\/uploads\/2022\/07\/welch-team-all_0063_JimMcConnery-768x512.jpg 768w, https:\/\/welchllp.com\/wp-content\/uploads\/2022\/07\/welch-team-all_0063_JimMcConnery-1536x1024.jpg 1536w\" sizes=\"auto, (max-width: 450px) 100vw, 450px\" \/><\/figure>\n        <div class=\"details has-text-align-center\">\n            <div class=\"default-margin\">\n                <div class=\"h5 name no-margin\" itemprop=\"name\">\n                    <a class=\"main-link\" href=\"https:\/\/welchllp.com\/fr\/a-propos-de-nous\/notre-personnel\/jim-mcconnery\/\">Jim McConnery<\/a>\n                <\/div>                    <p class=\"qualifications\">CPA, CA<\/p>            <\/div>                <div class=\"title has-small-font-size\">\n                    Associ\u00e9 directeur                <\/div>                <p class=\"locations has-small-font-size no-margin\"><span>Ottawa<\/span><\/p>\n            <p class=\"email has-small-font-size no-margin\"><a href=\"mailto:jmcconnery@welchllp.com\">Courriel<\/a><\/p>\n            <p class=\"phone has-small-font-size no-margin\">613-760-4529<\/p>\n        <\/div>\n    <\/div>\n<\/div>\n\n<div itemscope itemtype=\"https:\/\/schema.org\/Person\" class=\"wp-block-group team-member card has-white-background-color unpadded\">\n    <div class=\"wp-block-group__inner-container\">\n        <figure class=\"wp-block-image headshot-square has-bottom-border no-margin\"><img loading=\"lazy\" decoding=\"async\" width=\"450\" height=\"300\" src=\"https:\/\/welchllp.com\/wp-content\/uploads\/2022\/07\/welch-team-all_0056_SeanCullum.jpg\" class=\"attachment-team-member-thumbnail size-team-member-thumbnail wp-post-image\" alt=\"\" itemprop=\"image\" srcset=\"https:\/\/welchllp.com\/wp-content\/uploads\/2022\/07\/welch-team-all_0056_SeanCullum.jpg 1920w, https:\/\/welchllp.com\/wp-content\/uploads\/2022\/07\/welch-team-all_0056_SeanCullum-300x200.jpg 300w, https:\/\/welchllp.com\/wp-content\/uploads\/2022\/07\/welch-team-all_0056_SeanCullum-1024x683.jpg 1024w, https:\/\/welchllp.com\/wp-content\/uploads\/2022\/07\/welch-team-all_0056_SeanCullum-768x512.jpg 768w, https:\/\/welchllp.com\/wp-content\/uploads\/2022\/07\/welch-team-all_0056_SeanCullum-1536x1024.jpg 1536w\" sizes=\"auto, (max-width: 450px) 100vw, 450px\" \/><\/figure>\n        <div class=\"details has-text-align-center\">\n            <div class=\"default-margin\">\n                <div class=\"h5 name no-margin\" itemprop=\"name\">\n                    <a class=\"main-link\" href=\"https:\/\/welchllp.com\/fr\/a-propos-de-nous\/notre-personnel\/sean-cullum\/\">Sean Cullum<\/a>\n                <\/div>                    <p class=\"qualifications\">CPA,CA<\/p>            <\/div>                <div class=\"title has-small-font-size\">\n                    Associ\u00e9                <\/div>                <p class=\"locations has-small-font-size no-margin\"><span>Ottawa<\/span><\/p>\n            <p class=\"email has-small-font-size no-margin\"><a href=\"mailto:scullum@welchllp.com\">Courriel<\/a><\/p>\n            <p class=\"phone has-small-font-size no-margin\">613 236-9191 poste 220<\/p>\n        <\/div>\n    <\/div>\n<\/div>\n\n<\/div><\/div>\n<\/div><\/div>\n\n\n\n\n\n\n<div class=\"wp-block-cover alignfull final-cover no-margin\"><span aria-hidden=\"true\" class=\"wp-block-cover__background has-welch-green-background-color has-background-dim-100 has-background-dim\"><\/span><div class=\"wp-block-cover__inner-container is-layout-flow wp-block-cover-is-layout-flow\">\n<div class=\"wp-block-group narrower-container no-margin\"><div class=\"wp-block-group__inner-container is-layout-flow wp-block-group-is-layout-flow\">\n<h2 class=\"has-text-align-center wp-block-heading\">Nos sp\u00e9cialistes n\u2019attendent que vous<\/h2>\n\n\n\n<p class=\"has-text-align-center\">Communiquez avec nous. Faites-nous part de vos besoins et nous assignerons \u00e0 votre organisation une personne sp\u00e9cialis\u00e9e dans votre secteur d\u2019activit\u00e9.<\/p>\n\n\n\n<div class=\"wp-block-buttons is-layout-flex wp-block-buttons-is-layout-flex\">\n<div class=\"wp-block-button aligncenter is-style-outline is-style-outline--1\"><a class=\"wp-block-button__link has-white-color has-text-color\" href=\"https:\/\/welchllp.com\/fr\/adresses\/#GeneralEnquiries\">Faites-le aujourd\u2019hui<\/a><\/div>\n<\/div>\n<\/div><\/div>\n<\/div><\/div>\n","protected":false},"excerpt":{"rendered":"<p>Vos besoins personnels, familiaux et professionnels \u00e9voluent avec le temps. Il est donc important que vous disposiez d\u2019un plan solide [&hellip;]<\/p>\n","protected":false},"author":2,"featured_media":9371,"parent":10943,"menu_order":14,"comment_status":"closed","ping_status":"closed","template":"","meta":{"_relevanssi_hide_post":"","_relevanssi_hide_content":"","_relevanssi_pin_for_all":"","_relevanssi_pin_keywords":"","_relevanssi_unpin_keywords":"","_relevanssi_related_keywords":"","_relevanssi_related_include_ids":"","_relevanssi_related_exclude_ids":"","_relevanssi_related_no_append":"","_relevanssi_related_not_related":"","_relevanssi_related_posts":"10591,10597,10582,10576,10584,10596","_relevanssi_noindex_reason":"","footnotes":""},"class_list":["post-10946","page","type-page","status-publish","has-post-thumbnail","hentry"],"yoast_head":"<!-- This site is optimized with the Yoast SEO Premium plugin v24.3 (Yoast SEO v25.8) - https:\/\/yoast.com\/wordpress\/plugins\/seo\/ -->\n<title>Services-conseils pour les fortunes familiales - Welch LLP<\/title>\n<meta name=\"robots\" content=\"index, follow, max-snippet:-1, max-image-preview:large, max-video-preview:-1\" \/>\n<link rel=\"canonical\" href=\"https:\/\/welchllp.com\/fr\/services\/services-conseils-pour-les-fortunes-familiales\/\" \/>\n<meta property=\"og:locale\" content=\"fr_FR\" \/>\n<meta property=\"og:type\" content=\"article\" \/>\n<meta property=\"og:title\" content=\"Services-conseils pour les fortunes familiales\" \/>\n<meta property=\"og:description\" content=\"Vos besoins personnels, familiaux et professionnels \u00e9voluent avec le temps. Il est donc important que vous disposiez d\u2019un plan solide [&hellip;]\" \/>\n<meta property=\"og:url\" content=\"https:\/\/welchllp.com\/fr\/services\/services-conseils-pour-les-fortunes-familiales\/\" \/>\n<meta property=\"og:site_name\" content=\"Welch LLP\" \/>\n<meta property=\"article:publisher\" content=\"https:\/\/www.facebook.com\/WelchLLP\/\" \/>\n<meta property=\"article:modified_time\" content=\"2025-05-06T19:25:32+00:00\" \/>\n<meta property=\"og:image\" content=\"https:\/\/welchllp.com\/wp-content\/uploads\/2022\/07\/services-family-wealth-hero.jpeg\" \/>\n\t<meta property=\"og:image:width\" content=\"1920\" \/>\n\t<meta property=\"og:image:height\" content=\"1300\" \/>\n\t<meta property=\"og:image:type\" content=\"image\/jpeg\" \/>\n<meta name=\"twitter:card\" content=\"summary_large_image\" \/>\n<meta name=\"twitter:site\" content=\"@welchllp\" \/>\n<meta name=\"twitter:label1\" content=\"Dur\u00e9e de lecture estim\u00e9e\" \/>\n\t<meta name=\"twitter:data1\" content=\"2 minutes\" \/>\n<script type=\"application\/ld+json\" class=\"yoast-schema-graph\">{\"@context\":\"https:\/\/schema.org\",\"@graph\":[{\"@type\":\"WebPage\",\"@id\":\"https:\/\/welchllp.com\/fr\/services\/services-conseils-pour-les-fortunes-familiales\/\",\"url\":\"https:\/\/welchllp.com\/fr\/services\/services-conseils-pour-les-fortunes-familiales\/\",\"name\":\"Services-conseils pour les fortunes familiales - Welch LLP\",\"isPartOf\":{\"@id\":\"https:\/\/welchllp.com\/fr\/#website\"},\"primaryImageOfPage\":{\"@id\":\"https:\/\/welchllp.com\/fr\/services\/services-conseils-pour-les-fortunes-familiales\/#primaryimage\"},\"image\":{\"@id\":\"https:\/\/welchllp.com\/fr\/services\/services-conseils-pour-les-fortunes-familiales\/#primaryimage\"},\"thumbnailUrl\":\"https:\/\/welchllp.com\/wp-content\/uploads\/2022\/07\/services-family-wealth-hero.jpeg\",\"datePublished\":\"2022-05-30T21:36:26+00:00\",\"dateModified\":\"2025-05-06T19:25:32+00:00\",\"breadcrumb\":{\"@id\":\"https:\/\/welchllp.com\/fr\/services\/services-conseils-pour-les-fortunes-familiales\/#breadcrumb\"},\"inLanguage\":\"fr-FR\",\"potentialAction\":[{\"@type\":\"ReadAction\",\"target\":[\"https:\/\/welchllp.com\/fr\/services\/services-conseils-pour-les-fortunes-familiales\/\"]}]},{\"@type\":\"ImageObject\",\"inLanguage\":\"fr-FR\",\"@id\":\"https:\/\/welchllp.com\/fr\/services\/services-conseils-pour-les-fortunes-familiales\/#primaryimage\",\"url\":\"https:\/\/welchllp.com\/wp-content\/uploads\/2022\/07\/services-family-wealth-hero.jpeg\",\"contentUrl\":\"https:\/\/welchllp.com\/wp-content\/uploads\/2022\/07\/services-family-wealth-hero.jpeg\",\"width\":1920,\"height\":1300},{\"@type\":\"BreadcrumbList\",\"@id\":\"https:\/\/welchllp.com\/fr\/services\/services-conseils-pour-les-fortunes-familiales\/#breadcrumb\",\"itemListElement\":[{\"@type\":\"ListItem\",\"position\":1,\"name\":\"Home\",\"item\":\"https:\/\/welchllp.com\/fr\/\"},{\"@type\":\"ListItem\",\"position\":2,\"name\":\"Services\",\"item\":\"https:\/\/welchllp.com\/fr\/services\/\"},{\"@type\":\"ListItem\",\"position\":3,\"name\":\"Services-conseils pour les fortunes familiales\"}]},{\"@type\":\"WebSite\",\"@id\":\"https:\/\/welchllp.com\/fr\/#website\",\"url\":\"https:\/\/welchllp.com\/fr\/\",\"name\":\"Welch LLP\",\"description\":\"Chartered Professional Accountants\",\"publisher\":{\"@id\":\"https:\/\/welchllp.com\/fr\/#organization\"},\"potentialAction\":[{\"@type\":\"SearchAction\",\"target\":{\"@type\":\"EntryPoint\",\"urlTemplate\":\"https:\/\/welchllp.com\/fr\/?s={search_term_string}\"},\"query-input\":{\"@type\":\"PropertyValueSpecification\",\"valueRequired\":true,\"valueName\":\"search_term_string\"}}],\"inLanguage\":\"fr-FR\"},{\"@type\":\"Organization\",\"@id\":\"https:\/\/welchllp.com\/fr\/#organization\",\"name\":\"Welch LLP\",\"url\":\"https:\/\/welchllp.com\/fr\/\",\"logo\":{\"@type\":\"ImageObject\",\"inLanguage\":\"fr-FR\",\"@id\":\"https:\/\/welchllp.com\/fr\/#\/schema\/logo\/image\/\",\"url\":\"https:\/\/welchllp.com\/wp-content\/uploads\/2016\/02\/WelchLLP_logo.png\",\"contentUrl\":\"https:\/\/welchllp.com\/wp-content\/uploads\/2016\/02\/WelchLLP_logo.png\",\"width\":707,\"height\":187,\"caption\":\"Welch LLP\"},\"image\":{\"@id\":\"https:\/\/welchllp.com\/fr\/#\/schema\/logo\/image\/\"},\"sameAs\":[\"https:\/\/www.facebook.com\/WelchLLP\/\",\"https:\/\/x.com\/welchllp\",\"https:\/\/www.linkedin.com\/company\/welchllp\",\"https:\/\/www.instagram.com\/welch_llp\/\"]}]}<\/script>\n<!-- \/ Yoast SEO Premium plugin. -->","yoast_head_json":{"title":"Services-conseils pour les fortunes familiales - Welch LLP","robots":{"index":"index","follow":"follow","max-snippet":"max-snippet:-1","max-image-preview":"max-image-preview:large","max-video-preview":"max-video-preview:-1"},"canonical":"https:\/\/welchllp.com\/fr\/services\/services-conseils-pour-les-fortunes-familiales\/","og_locale":"fr_FR","og_type":"article","og_title":"Services-conseils pour les fortunes familiales","og_description":"Vos besoins personnels, familiaux et professionnels \u00e9voluent avec le temps. Il est donc important que vous disposiez d\u2019un plan solide [&hellip;]","og_url":"https:\/\/welchllp.com\/fr\/services\/services-conseils-pour-les-fortunes-familiales\/","og_site_name":"Welch LLP","article_publisher":"https:\/\/www.facebook.com\/WelchLLP\/","article_modified_time":"2025-05-06T19:25:32+00:00","og_image":[{"width":1920,"height":1300,"url":"https:\/\/welchllp.com\/wp-content\/uploads\/2022\/07\/services-family-wealth-hero.jpeg","type":"image\/jpeg"}],"twitter_card":"summary_large_image","twitter_site":"@welchllp","twitter_misc":{"Dur\u00e9e de lecture estim\u00e9e":"2 minutes"},"schema":{"@context":"https:\/\/schema.org","@graph":[{"@type":"WebPage","@id":"https:\/\/welchllp.com\/fr\/services\/services-conseils-pour-les-fortunes-familiales\/","url":"https:\/\/welchllp.com\/fr\/services\/services-conseils-pour-les-fortunes-familiales\/","name":"Services-conseils pour les fortunes familiales - Welch LLP","isPartOf":{"@id":"https:\/\/welchllp.com\/fr\/#website"},"primaryImageOfPage":{"@id":"https:\/\/welchllp.com\/fr\/services\/services-conseils-pour-les-fortunes-familiales\/#primaryimage"},"image":{"@id":"https:\/\/welchllp.com\/fr\/services\/services-conseils-pour-les-fortunes-familiales\/#primaryimage"},"thumbnailUrl":"https:\/\/welchllp.com\/wp-content\/uploads\/2022\/07\/services-family-wealth-hero.jpeg","datePublished":"2022-05-30T21:36:26+00:00","dateModified":"2025-05-06T19:25:32+00:00","breadcrumb":{"@id":"https:\/\/welchllp.com\/fr\/services\/services-conseils-pour-les-fortunes-familiales\/#breadcrumb"},"inLanguage":"fr-FR","potentialAction":[{"@type":"ReadAction","target":["https:\/\/welchllp.com\/fr\/services\/services-conseils-pour-les-fortunes-familiales\/"]}]},{"@type":"ImageObject","inLanguage":"fr-FR","@id":"https:\/\/welchllp.com\/fr\/services\/services-conseils-pour-les-fortunes-familiales\/#primaryimage","url":"https:\/\/welchllp.com\/wp-content\/uploads\/2022\/07\/services-family-wealth-hero.jpeg","contentUrl":"https:\/\/welchllp.com\/wp-content\/uploads\/2022\/07\/services-family-wealth-hero.jpeg","width":1920,"height":1300},{"@type":"BreadcrumbList","@id":"https:\/\/welchllp.com\/fr\/services\/services-conseils-pour-les-fortunes-familiales\/#breadcrumb","itemListElement":[{"@type":"ListItem","position":1,"name":"Home","item":"https:\/\/welchllp.com\/fr\/"},{"@type":"ListItem","position":2,"name":"Services","item":"https:\/\/welchllp.com\/fr\/services\/"},{"@type":"ListItem","position":3,"name":"Services-conseils pour les fortunes familiales"}]},{"@type":"WebSite","@id":"https:\/\/welchllp.com\/fr\/#website","url":"https:\/\/welchllp.com\/fr\/","name":"Welch LLP","description":"Chartered Professional Accountants","publisher":{"@id":"https:\/\/welchllp.com\/fr\/#organization"},"potentialAction":[{"@type":"SearchAction","target":{"@type":"EntryPoint","urlTemplate":"https:\/\/welchllp.com\/fr\/?s={search_term_string}"},"query-input":{"@type":"PropertyValueSpecification","valueRequired":true,"valueName":"search_term_string"}}],"inLanguage":"fr-FR"},{"@type":"Organization","@id":"https:\/\/welchllp.com\/fr\/#organization","name":"Welch LLP","url":"https:\/\/welchllp.com\/fr\/","logo":{"@type":"ImageObject","inLanguage":"fr-FR","@id":"https:\/\/welchllp.com\/fr\/#\/schema\/logo\/image\/","url":"https:\/\/welchllp.com\/wp-content\/uploads\/2016\/02\/WelchLLP_logo.png","contentUrl":"https:\/\/welchllp.com\/wp-content\/uploads\/2016\/02\/WelchLLP_logo.png","width":707,"height":187,"caption":"Welch LLP"},"image":{"@id":"https:\/\/welchllp.com\/fr\/#\/schema\/logo\/image\/"},"sameAs":["https:\/\/www.facebook.com\/WelchLLP\/","https:\/\/x.com\/welchllp","https:\/\/www.linkedin.com\/company\/welchllp","https:\/\/www.instagram.com\/welch_llp\/"]}]}},"_links":{"self":[{"href":"https:\/\/welchllp.com\/fr\/wp-json\/wp\/v2\/pages\/10946","targetHints":{"allow":["GET"]}}],"collection":[{"href":"https:\/\/welchllp.com\/fr\/wp-json\/wp\/v2\/pages"}],"about":[{"href":"https:\/\/welchllp.com\/fr\/wp-json\/wp\/v2\/types\/page"}],"author":[{"embeddable":true,"href":"https:\/\/welchllp.com\/fr\/wp-json\/wp\/v2\/users\/2"}],"replies":[{"embeddable":true,"href":"https:\/\/welchllp.com\/fr\/wp-json\/wp\/v2\/comments?post=10946"}],"version-history":[{"count":1,"href":"https:\/\/welchllp.com\/fr\/wp-json\/wp\/v2\/pages\/10946\/revisions"}],"predecessor-version":[{"id":19266,"href":"https:\/\/welchllp.com\/fr\/wp-json\/wp\/v2\/pages\/10946\/revisions\/19266"}],"up":[{"embeddable":true,"href":"https:\/\/welchllp.com\/fr\/wp-json\/wp\/v2\/pages\/10943"}],"wp:featuredmedia":[{"embeddable":true,"href":"https:\/\/welchllp.com\/fr\/wp-json\/wp\/v2\/media\/9371"}],"wp:attachment":[{"href":"https:\/\/welchllp.com\/fr\/wp-json\/wp\/v2\/media?parent=10946"}],"curies":[{"name":"wp","href":"https:\/\/api.w.org\/{rel}","templated":true}]}}