{"id":10948,"date":"2022-05-30T17:36:26","date_gmt":"2022-05-30T21:36:26","guid":{"rendered":"https:\/\/welchllp.wpengine.com\/?page_id=10948"},"modified":"2024-01-29T14:55:34","modified_gmt":"2024-01-29T19:55:34","slug":"tenue-des-comptes-et-soutien","status":"publish","type":"page","link":"https:\/\/welchllp.com\/fr\/services\/tenue-des-comptes-et-soutien\/","title":{"rendered":"Tenue des comptes et soutien"},"content":{"rendered":"\n<div class=\"wp-block-cover alignfull is-light hero no-margin is-padded\"><span aria-hidden=\"true\" class=\"wp-block-cover__background has-white-background-color has-background-dim-100 has-background-dim\"><\/span><div class=\"wp-block-cover__inner-container is-layout-flow wp-block-cover-is-layout-flow\">\n<span class=\"breadcrumbs\">\n            <span class=\"eyebrow crumb\"><a href=\"https:\/\/welchllp.com\/fr\/services\/\">Services<\/a><\/span>\n    <\/span>\n\n\n<h1 class=\"large two-third-container wp-block-post-title\">Tenue des comptes et soutien<\/h1>\n\n\n<p class=\"narrow-container left-aligned has-dark-grey-color has-text-color has-regular-font-size\">\u00c9levez votre comptabilit\u00e9 en nuage gr\u00e2ce \u00e0 Elevate, le nouveau service de tenue des comptes de Welch.<\/p>\n<\/div><\/div>\n\n\n\n<div class=\"wp-block-cover alignfull has-custom-content-position is-position-bottom-center tall no-margin small-mobile\"><span aria-hidden=\"true\" class=\"wp-block-cover__background has-black-background-color has-background-dim-60 has-background-dim\"><\/span><img loading=\"lazy\" decoding=\"async\" width=\"1920\" height=\"1080\" class=\"wp-block-cover__image-background wp-image-12631\" alt=\"\" src=\"https:\/\/welchllp.com\/wp-content\/uploads\/2022\/11\/Elevate-BG-2.jpg\" data-object-fit=\"cover\" srcset=\"https:\/\/welchllp.com\/wp-content\/uploads\/2022\/11\/Elevate-BG-2.jpg 1920w, https:\/\/welchllp.com\/wp-content\/uploads\/2022\/11\/Elevate-BG-2-300x169.jpg 300w, https:\/\/welchllp.com\/wp-content\/uploads\/2022\/11\/Elevate-BG-2-1024x576.jpg 1024w, https:\/\/welchllp.com\/wp-content\/uploads\/2022\/11\/Elevate-BG-2-768x432.jpg 768w, https:\/\/welchllp.com\/wp-content\/uploads\/2022\/11\/Elevate-BG-2-1536x864.jpg 1536w\" sizes=\"auto, (max-width: 1920px) 100vw, 1920px\" \/><div class=\"wp-block-cover__inner-container is-layout-flow wp-block-cover-is-layout-flow\">\n<div class=\"wp-block-group alignfull has-white-color has-text-color\"><div class=\"wp-block-group__inner-container is-layout-flow wp-block-group-is-layout-flow\">\n<div style=\"height:81px\" aria-hidden=\"true\" class=\"wp-block-spacer\"><\/div>\n\n\n\n<h2 class=\"wp-block-heading\">Elevate par Welch LLP&nbsp;<\/h2>\n\n\n\n<div style=\"height:81px\" aria-hidden=\"true\" class=\"wp-block-spacer\"><\/div>\n\n\n\n<div class=\"wp-block-columns alignfull is-layout-flex wp-container-core-columns-is-layout-1 wp-block-columns-is-layout-flex\">\n<div class=\"wp-block-column is-vertically-aligned-center is-layout-flow wp-block-column-is-layout-flow\" style=\"flex-basis:50%\">\n<h3 class=\"wp-block-heading alignwide has-text-align-left is-style-default has-lead-font-size\" style=\"font-style:normal;font-weight:600;text-transform:none\">La solution de comptabilit\u00e9 infonuagique de Welch LLP pour vous permettre de propulser votre entreprise au niveau suivant.&nbsp;<\/h3>\n<\/div>\n\n\n\n<div class=\"wp-block-column is-layout-flow wp-block-column-is-layout-flow\" style=\"flex-basis:50%\"><\/div>\n<\/div>\n\n\n\n<div class=\"wp-block-columns alignfull is-layout-flex wp-container-core-columns-is-layout-2 wp-block-columns-is-layout-flex\">\n<div class=\"wp-block-column is-vertically-aligned-bottom has-welch-green-background-color has-background has-small-font-size is-layout-flow wp-block-column-is-layout-flow\">\n<div class=\"wp-block-group\"><div class=\"wp-block-group__inner-container is-layout-constrained wp-block-group-is-layout-constrained\">\n<div class=\"wp-block-group\"><div class=\"wp-block-group__inner-container is-layout-constrained wp-block-group-is-layout-constrained\">\n<p class=\"has-text-align-center\">Nous offrons une gamme compl\u00e8te de services comptables, consultatifs et fiscaux en faisant appel \u00e0 la comptabilit\u00e9 infonuagique de pointe.<\/p>\n\n\n\n<div style=\"height:1em\" aria-hidden=\"true\" class=\"wp-block-spacer\"><\/div>\n\n\n\n<div class=\"wp-block-buttons is-content-justification-center is-layout-flex wp-container-core-buttons-is-layout-1 wp-block-buttons-is-layout-flex\">\n<div class=\"wp-block-button is-style-outline is-style-outline--1\"><a class=\"wp-block-button__link has-white-color has-text-color wp-element-button\" href=\"https:\/\/welchllp.com\/fr\/services\/tenue-des-comptes-et-soutien\/services-delevate\/\">Consultez les services&nbsp;<\/a><\/div>\n<\/div>\n<\/div><\/div>\n<\/div><\/div>\n<\/div>\n\n\n\n<div class=\"wp-block-column is-vertically-aligned-top has-welch-green-background-color has-background has-small-font-size is-layout-flow wp-block-column-is-layout-flow\">\n<div class=\"wp-block-group\"><div class=\"wp-block-group__inner-container is-layout-constrained wp-block-group-is-layout-constrained\">\n<div class=\"wp-block-group\"><div class=\"wp-block-group__inner-container is-layout-constrained wp-block-group-is-layout-constrained\">\n<p class=\"has-text-align-center\">Nous offrons des services comptables, des conseils fiscaux et des solutions d\u2019affaires pour vous permettre de propulser votre entreprise au niveau suivant.&nbsp;<br \/><\/p>\n\n\n\n<div style=\"height:1em\" aria-hidden=\"true\" class=\"wp-block-spacer\"><\/div>\n\n\n\n<div class=\"wp-block-buttons is-content-justification-center is-layout-flex wp-container-core-buttons-is-layout-2 wp-block-buttons-is-layout-flex\">\n<div class=\"wp-block-button is-style-outline is-style-outline--2\"><a class=\"wp-block-button__link has-white-color has-text-color wp-element-button\" href=\"https:\/\/welchllp.com\/insights\/knowledge\/\">Consultez les ressources&nbsp;<\/a><\/div>\n<\/div>\n<\/div><\/div>\n<\/div><\/div>\n<\/div>\n<\/div>\n<\/div><\/div>\n<\/div><\/div>\n\n\n\n<div class=\"wp-block-group alignfull no-margin has-white-color has-dark-grey-background-color has-text-color has-background\"><div class=\"wp-block-group__inner-container is-layout-constrained wp-block-group-is-layout-constrained\">\n<p class=\"two-third-container has-white-color has-text-color has-lead-font-size\">Nous utilisons les plus r\u00e9cents outils de comptabilit\u00e9 en nuage pour automatiser votre tenue de livres et la garder \u00e0 jour. Pour compl\u00e9ter vos services comptables, nous offrons des services consultatifs d\u2019experts pour vous aider \u00e0 analyser votre entreprise et \u00e0 am\u00e9liorer la prise de d\u00e9cisions en mati\u00e8re de gestion.&nbsp;<\/p>\n<\/div><\/div>\n\n\n\n<div style=\"height:50px\" aria-hidden=\"true\" class=\"wp-block-spacer\"><\/div>\n\n\n\n<div class=\"wp-block-group alignwide\"><div class=\"wp-block-group__inner-container is-layout-flow wp-block-group-is-layout-flow\">\n<h2 class=\"wp-block-heading half-margin\">Ce que nous faisons&nbsp;<\/h2>\n\n\n\n<div class=\"wp-block-baytek-tabs wp-block-tabs has-vertical-orientation\"><div class=\"wp-block-tabs__inner-container\"><div class=\"wp-block-tabs__tab-labels\"><h2 class=\"tab-label active\" role=\"tab\" data-target=\"0\"><a><span>Elevate par Welch<\/span><\/a><\/h2><h2 class=\"tab-label\" role=\"tab\" data-target=\"1\"><a><span>Service de tenue de livres et soutien administratif\u00a0<\/span><\/a><\/h2><h2 class=\"tab-label\" role=\"tab\" data-target=\"2\"><a><span>Fiscalit\u00e9\u00a0<\/span><\/a><\/h2><h2 class=\"tab-label\" role=\"tab\" data-target=\"3\"><a><span>Consultation\u00a0<\/span><\/a><\/h2><\/div><div class=\"wp-block-tabs__tab-panels\">\n<div class=\"wp-block-tab\">\n<ul class=\"wp-block-list\">\n<li>Un soutien comptable et fiscal complet faisant appel \u00e0 des applications Web et mobiles de pointe.&nbsp;<\/li>\n\n\n\n<li>Notre cabinet comptable est polyvalent alors que la plupart ne le sont pas.&nbsp;<\/li>\n\n\n\n<li>Notre \u00e9quipe d\u2019experts comptables et de fiscalistes chevronn\u00e9s d\u00e9mystifient les questions de comptabilit\u00e9, pr\u00e9parent des strat\u00e9gies fiscales qui stimulent la croissance et optimisent vos pratiques d\u2019affaires en vous offrant des conseils \u00e9clair\u00e9s.&nbsp;<\/li>\n\n\n\n<li>Gr\u00e2ce \u00e0 notre processus de comptabilit\u00e9 infonuagique \u00e9prouv\u00e9, laissez nos sp\u00e9cialistes de la comptabilit\u00e9 en nuage s\u2019occuper de votre tenue de livres et de vos imp\u00f4ts \u2013 et ajoutez du carburant \u00e0 votre entreprise gr\u00e2ce aux conseils mensuels de l\u2019\u00e9quipe d\u2019experts comptables et de comptables professionnels agr\u00e9\u00e9s.<\/li>\n<\/ul>\n<\/div>\n\n\n\n<div class=\"wp-block-tab\">\n<ul class=\"wp-block-list\">\n<li>Une tenue de livre sur laquelle vous pouvez compter&nbsp;<\/li>\n\n\n\n<li>Gestion de documents&nbsp;<\/li>\n\n\n\n<li>Paiement de factures et production de rapports de d\u00e9penses&nbsp;<\/li>\n\n\n\n<li>Facturation et recouvrements&nbsp;<\/li>\n\n\n\n<li>Administration de la paie&nbsp;<\/li>\n\n\n\n<li>Inventaire&nbsp;<\/li>\n<\/ul>\n<\/div>\n\n\n\n<div class=\"wp-block-tab\">\n<ul class=\"wp-block-list\">\n<li>Taxes de vente\u202f\u2013 TPS\/TVH\/TVP\/TVQ&nbsp;<\/li>\n\n\n\n<li>Autres exigences de base \u2013 ISE, CSPAAT&nbsp;<\/li>\n\n\n\n<li>\u00c9tats financiers annuels accompagn\u00e9s d\u2019un avis au lecteur&nbsp;<\/li>\n\n\n\n<li>D\u00e9claration de revenus des soci\u00e9t\u00e9s T2&nbsp;<\/li>\n\n\n\n<li>D\u00e9claration de revenus personnelle de base&nbsp;<\/li>\n\n\n\n<li>Imp\u00f4ts am\u00e9ricains et services transfrontaliers&nbsp;<\/li>\n<\/ul>\n<\/div>\n\n\n\n<div class=\"wp-block-tab\">\n<ul class=\"wp-block-list\">\n<li>S\u00e9ances de consultation&nbsp;<\/li>\n\n\n\n<li>Rapports financiers r\u00e9guliers&nbsp;<\/li>\n\n\n\n<li>Services de contr\u00f4leurs externes&nbsp;<\/li>\n\n\n\n<li>Pr\u00e9visions de tr\u00e9sorerie&nbsp;<\/li>\n\n\n\n<li>Analyse de tr\u00e9sorerie&nbsp;<\/li>\n\n\n\n<li>Rapports et consolidations pour de multiples entit\u00e9s&nbsp;<\/li>\n<\/ul>\n<\/div>\n<\/div><\/div><\/div>\n<\/div><\/div>\n\n\n\n\n\n\n\n\n<div class=\"wp-block-cover alignfull final-cover no-margin\"><span aria-hidden=\"true\" class=\"wp-block-cover__background has-welch-green-background-color has-background-dim-100 has-background-dim\"><\/span><div class=\"wp-block-cover__inner-container is-layout-flow wp-block-cover-is-layout-flow\">\n<div class=\"wp-block-group narrower-container no-margin\"><div class=\"wp-block-group__inner-container is-layout-flow wp-block-group-is-layout-flow\">\n<h2 class=\"has-text-align-center wp-block-heading\">Nos sp\u00e9cialistes n\u2019attendent que vous<\/h2>\n\n\n\n<p class=\"has-text-align-center\">Communiquez avec nous. Faites-nous part de vos besoins et nous assignerons \u00e0 votre organisation une personne sp\u00e9cialis\u00e9e dans votre secteur d\u2019activit\u00e9.<\/p>\n\n\n\n<div class=\"wp-block-buttons is-layout-flex wp-block-buttons-is-layout-flex\">\n<div class=\"wp-block-button aligncenter is-style-outline is-style-outline--3\"><a class=\"wp-block-button__link has-white-color has-text-color\" href=\"https:\/\/welchllp.com\/fr\/adresses\/#GeneralEnquiries\">Faites-le aujourd\u2019hui<\/a><\/div>\n<\/div>\n<\/div><\/div>\n<\/div><\/div>\n","protected":false},"excerpt":{"rendered":"<p>Nous utilisons les plus r\u00e9cents outils de comptabilit\u00e9 en nuage pour automatiser votre tenue de livres et la garder \u00e0 [&hellip;]<\/p>\n","protected":false},"author":2,"featured_media":12632,"parent":10943,"menu_order":16,"comment_status":"closed","ping_status":"closed","template":"","meta":{"_relevanssi_hide_post":"","_relevanssi_hide_content":"","_relevanssi_pin_for_all":"","_relevanssi_pin_keywords":"","_relevanssi_unpin_keywords":"","_relevanssi_related_keywords":"","_relevanssi_related_include_ids":"","_relevanssi_related_exclude_ids":"","_relevanssi_related_no_append":"","_relevanssi_related_not_related":"","_relevanssi_related_posts":"10591,10582,10576,10569,10584,10572","_relevanssi_noindex_reason":"","footnotes":""},"class_list":["post-10948","page","type-page","status-publish","has-post-thumbnail","hentry"],"yoast_head":"<!-- This site is optimized with the Yoast SEO Premium plugin v24.3 (Yoast SEO v25.8) - https:\/\/yoast.com\/wordpress\/plugins\/seo\/ -->\n<title>Tenue des comptes et soutien - Welch LLP<\/title>\n<meta name=\"robots\" content=\"noindex, follow\" \/>\n<meta property=\"og:locale\" content=\"fr_FR\" \/>\n<meta property=\"og:type\" content=\"article\" \/>\n<meta property=\"og:title\" content=\"Tenue des comptes et soutien\" \/>\n<meta property=\"og:description\" content=\"Nous utilisons les plus r\u00e9cents outils de comptabilit\u00e9 en nuage pour automatiser votre tenue de livres et la garder \u00e0 [&hellip;]\" \/>\n<meta property=\"og:url\" content=\"https:\/\/levesquemarchand.com\/services\/tenue-des-comptes-et-soutien\/\" \/>\n<meta property=\"og:site_name\" content=\"Welch LLP\" \/>\n<meta property=\"article:publisher\" content=\"https:\/\/www.facebook.com\/WelchLLP\/\" \/>\n<meta property=\"article:modified_time\" content=\"2024-01-29T19:55:34+00:00\" \/>\n<meta property=\"og:image\" content=\"https:\/\/welchllp.com\/wp-content\/uploads\/2022\/11\/Elevate-BG-2.jpg\" \/>\n\t<meta property=\"og:image:width\" content=\"1920\" \/>\n\t<meta property=\"og:image:height\" content=\"1080\" \/>\n\t<meta property=\"og:image:type\" content=\"image\/jpeg\" \/>\n<meta name=\"twitter:card\" content=\"summary_large_image\" \/>\n<meta name=\"twitter:site\" content=\"@welchllp\" \/>\n<meta name=\"twitter:label1\" content=\"Dur\u00e9e de lecture estim\u00e9e\" \/>\n\t<meta name=\"twitter:data1\" content=\"2 minutes\" \/>\n<script type=\"application\/ld+json\" class=\"yoast-schema-graph\">{\"@context\":\"https:\/\/schema.org\",\"@graph\":[{\"@type\":\"WebPage\",\"@id\":\"https:\/\/welchllp.com\/fr\/services\/tenue-des-comptes-et-soutien\/\",\"url\":\"https:\/\/levesquemarchand.com\/services\/tenue-des-comptes-et-soutien\/\",\"name\":\"Tenue des comptes et soutien - Welch LLP\",\"isPartOf\":{\"@id\":\"https:\/\/welchllp.com\/fr\/#website\"},\"primaryImageOfPage\":{\"@id\":\"https:\/\/levesquemarchand.com\/services\/tenue-des-comptes-et-soutien\/#primaryimage\"},\"image\":{\"@id\":\"https:\/\/levesquemarchand.com\/services\/tenue-des-comptes-et-soutien\/#primaryimage\"},\"thumbnailUrl\":\"https:\/\/welchllp.com\/wp-content\/uploads\/2022\/11\/Elevate-BG-2.jpg\",\"datePublished\":\"2022-05-30T21:36:26+00:00\",\"dateModified\":\"2024-01-29T19:55:34+00:00\",\"breadcrumb\":{\"@id\":\"https:\/\/levesquemarchand.com\/services\/tenue-des-comptes-et-soutien\/#breadcrumb\"},\"inLanguage\":\"fr-FR\",\"potentialAction\":[{\"@type\":\"ReadAction\",\"target\":[\"https:\/\/levesquemarchand.com\/services\/tenue-des-comptes-et-soutien\/\"]}]},{\"@type\":\"ImageObject\",\"inLanguage\":\"fr-FR\",\"@id\":\"https:\/\/levesquemarchand.com\/services\/tenue-des-comptes-et-soutien\/#primaryimage\",\"url\":\"https:\/\/welchllp.com\/wp-content\/uploads\/2022\/11\/Elevate-BG-2.jpg\",\"contentUrl\":\"https:\/\/welchllp.com\/wp-content\/uploads\/2022\/11\/Elevate-BG-2.jpg\",\"width\":1920,\"height\":1080,\"caption\":\"bookkeeping services\"},{\"@type\":\"BreadcrumbList\",\"@id\":\"https:\/\/levesquemarchand.com\/services\/tenue-des-comptes-et-soutien\/#breadcrumb\",\"itemListElement\":[{\"@type\":\"ListItem\",\"position\":1,\"name\":\"Home\",\"item\":\"https:\/\/welchllp.com\/fr\/\"},{\"@type\":\"ListItem\",\"position\":2,\"name\":\"Services\",\"item\":\"https:\/\/welchllp.com\/fr\/services\/\"},{\"@type\":\"ListItem\",\"position\":3,\"name\":\"Tenue des comptes et soutien\"}]},{\"@type\":\"WebSite\",\"@id\":\"https:\/\/welchllp.com\/fr\/#website\",\"url\":\"https:\/\/welchllp.com\/fr\/\",\"name\":\"Welch LLP\",\"description\":\"Chartered Professional Accountants\",\"publisher\":{\"@id\":\"https:\/\/welchllp.com\/fr\/#organization\"},\"potentialAction\":[{\"@type\":\"SearchAction\",\"target\":{\"@type\":\"EntryPoint\",\"urlTemplate\":\"https:\/\/welchllp.com\/fr\/?s={search_term_string}\"},\"query-input\":{\"@type\":\"PropertyValueSpecification\",\"valueRequired\":true,\"valueName\":\"search_term_string\"}}],\"inLanguage\":\"fr-FR\"},{\"@type\":\"Organization\",\"@id\":\"https:\/\/welchllp.com\/fr\/#organization\",\"name\":\"Welch LLP\",\"url\":\"https:\/\/welchllp.com\/fr\/\",\"logo\":{\"@type\":\"ImageObject\",\"inLanguage\":\"fr-FR\",\"@id\":\"https:\/\/welchllp.com\/fr\/#\/schema\/logo\/image\/\",\"url\":\"https:\/\/welchllp.com\/wp-content\/uploads\/2016\/02\/WelchLLP_logo.png\",\"contentUrl\":\"https:\/\/welchllp.com\/wp-content\/uploads\/2016\/02\/WelchLLP_logo.png\",\"width\":707,\"height\":187,\"caption\":\"Welch LLP\"},\"image\":{\"@id\":\"https:\/\/welchllp.com\/fr\/#\/schema\/logo\/image\/\"},\"sameAs\":[\"https:\/\/www.facebook.com\/WelchLLP\/\",\"https:\/\/x.com\/welchllp\",\"https:\/\/www.linkedin.com\/company\/welchllp\",\"https:\/\/www.instagram.com\/welch_llp\/\"]}]}<\/script>\n<!-- \/ Yoast SEO Premium plugin. -->","yoast_head_json":{"title":"Tenue des comptes et soutien - Welch LLP","robots":{"index":"noindex","follow":"follow"},"og_locale":"fr_FR","og_type":"article","og_title":"Tenue des comptes et soutien","og_description":"Nous utilisons les plus r\u00e9cents outils de comptabilit\u00e9 en nuage pour automatiser votre tenue de livres et la garder \u00e0 [&hellip;]","og_url":"https:\/\/levesquemarchand.com\/services\/tenue-des-comptes-et-soutien\/","og_site_name":"Welch LLP","article_publisher":"https:\/\/www.facebook.com\/WelchLLP\/","article_modified_time":"2024-01-29T19:55:34+00:00","og_image":[{"width":1920,"height":1080,"url":"https:\/\/welchllp.com\/wp-content\/uploads\/2022\/11\/Elevate-BG-2.jpg","type":"image\/jpeg"}],"twitter_card":"summary_large_image","twitter_site":"@welchllp","twitter_misc":{"Dur\u00e9e de lecture estim\u00e9e":"2 minutes"},"schema":{"@context":"https:\/\/schema.org","@graph":[{"@type":"WebPage","@id":"https:\/\/welchllp.com\/fr\/services\/tenue-des-comptes-et-soutien\/","url":"https:\/\/levesquemarchand.com\/services\/tenue-des-comptes-et-soutien\/","name":"Tenue des comptes et soutien - Welch LLP","isPartOf":{"@id":"https:\/\/welchllp.com\/fr\/#website"},"primaryImageOfPage":{"@id":"https:\/\/levesquemarchand.com\/services\/tenue-des-comptes-et-soutien\/#primaryimage"},"image":{"@id":"https:\/\/levesquemarchand.com\/services\/tenue-des-comptes-et-soutien\/#primaryimage"},"thumbnailUrl":"https:\/\/welchllp.com\/wp-content\/uploads\/2022\/11\/Elevate-BG-2.jpg","datePublished":"2022-05-30T21:36:26+00:00","dateModified":"2024-01-29T19:55:34+00:00","breadcrumb":{"@id":"https:\/\/levesquemarchand.com\/services\/tenue-des-comptes-et-soutien\/#breadcrumb"},"inLanguage":"fr-FR","potentialAction":[{"@type":"ReadAction","target":["https:\/\/levesquemarchand.com\/services\/tenue-des-comptes-et-soutien\/"]}]},{"@type":"ImageObject","inLanguage":"fr-FR","@id":"https:\/\/levesquemarchand.com\/services\/tenue-des-comptes-et-soutien\/#primaryimage","url":"https:\/\/welchllp.com\/wp-content\/uploads\/2022\/11\/Elevate-BG-2.jpg","contentUrl":"https:\/\/welchllp.com\/wp-content\/uploads\/2022\/11\/Elevate-BG-2.jpg","width":1920,"height":1080,"caption":"bookkeeping services"},{"@type":"BreadcrumbList","@id":"https:\/\/levesquemarchand.com\/services\/tenue-des-comptes-et-soutien\/#breadcrumb","itemListElement":[{"@type":"ListItem","position":1,"name":"Home","item":"https:\/\/welchllp.com\/fr\/"},{"@type":"ListItem","position":2,"name":"Services","item":"https:\/\/welchllp.com\/fr\/services\/"},{"@type":"ListItem","position":3,"name":"Tenue des comptes et soutien"}]},{"@type":"WebSite","@id":"https:\/\/welchllp.com\/fr\/#website","url":"https:\/\/welchllp.com\/fr\/","name":"Welch LLP","description":"Chartered Professional Accountants","publisher":{"@id":"https:\/\/welchllp.com\/fr\/#organization"},"potentialAction":[{"@type":"SearchAction","target":{"@type":"EntryPoint","urlTemplate":"https:\/\/welchllp.com\/fr\/?s={search_term_string}"},"query-input":{"@type":"PropertyValueSpecification","valueRequired":true,"valueName":"search_term_string"}}],"inLanguage":"fr-FR"},{"@type":"Organization","@id":"https:\/\/welchllp.com\/fr\/#organization","name":"Welch LLP","url":"https:\/\/welchllp.com\/fr\/","logo":{"@type":"ImageObject","inLanguage":"fr-FR","@id":"https:\/\/welchllp.com\/fr\/#\/schema\/logo\/image\/","url":"https:\/\/welchllp.com\/wp-content\/uploads\/2016\/02\/WelchLLP_logo.png","contentUrl":"https:\/\/welchllp.com\/wp-content\/uploads\/2016\/02\/WelchLLP_logo.png","width":707,"height":187,"caption":"Welch LLP"},"image":{"@id":"https:\/\/welchllp.com\/fr\/#\/schema\/logo\/image\/"},"sameAs":["https:\/\/www.facebook.com\/WelchLLP\/","https:\/\/x.com\/welchllp","https:\/\/www.linkedin.com\/company\/welchllp","https:\/\/www.instagram.com\/welch_llp\/"]}]}},"_links":{"self":[{"href":"https:\/\/welchllp.com\/fr\/wp-json\/wp\/v2\/pages\/10948","targetHints":{"allow":["GET"]}}],"collection":[{"href":"https:\/\/welchllp.com\/fr\/wp-json\/wp\/v2\/pages"}],"about":[{"href":"https:\/\/welchllp.com\/fr\/wp-json\/wp\/v2\/types\/page"}],"author":[{"embeddable":true,"href":"https:\/\/welchllp.com\/fr\/wp-json\/wp\/v2\/users\/2"}],"replies":[{"embeddable":true,"href":"https:\/\/welchllp.com\/fr\/wp-json\/wp\/v2\/comments?post=10948"}],"version-history":[{"count":0,"href":"https:\/\/welchllp.com\/fr\/wp-json\/wp\/v2\/pages\/10948\/revisions"}],"up":[{"embeddable":true,"href":"https:\/\/welchllp.com\/fr\/wp-json\/wp\/v2\/pages\/10943"}],"wp:featuredmedia":[{"embeddable":true,"href":"https:\/\/welchllp.com\/fr\/wp-json\/wp\/v2\/media\/12632"}],"wp:attachment":[{"href":"https:\/\/welchllp.com\/fr\/wp-json\/wp\/v2\/media?parent=10948"}],"curies":[{"name":"wp","href":"https:\/\/api.w.org\/{rel}","templated":true}]}}