{"id":10950,"date":"2022-05-30T17:36:26","date_gmt":"2022-05-30T21:36:26","guid":{"rendered":"https:\/\/welchllp.wpengine.com\/?page_id=10950"},"modified":"2026-04-01T15:15:41","modified_gmt":"2026-04-01T19:15:41","slug":"fusions-et-acquisitions","status":"publish","type":"page","link":"https:\/\/welchllp.com\/fr\/services\/fusions-et-acquisitions\/","title":{"rendered":"Fusions et acquisitions"},"content":{"rendered":"\n<div class=\"wp-block-cover alignfull is-light hero no-margin is-padded\"><span aria-hidden=\"true\" class=\"wp-block-cover__background has-white-background-color has-background-dim-100 has-background-dim\"><\/span><div class=\"wp-block-cover__inner-container is-layout-flow wp-block-cover-is-layout-flow\">\n<span class=\"breadcrumbs\">\n            <span class=\"eyebrow crumb\"><a href=\"https:\/\/welchllp.com\/fr\/services\/\">Services<\/a><\/span>\n    <\/span>\n\n\n<h1 class=\"large two-third-container wp-block-post-title\">Fusions et acquisitions<\/h1>\n\n\n<p class=\"narrow-container left-aligned has-dark-grey-color has-text-color has-regular-font-size\">En tant que propri\u00e9taire, vous \u00e9valuez r\u00e9guli\u00e8rement la valeur et le potentiel de croissance de votre entreprise. Vous savez que la cl\u00e9 du succ\u00e8s, c\u2019est la planification. Et c\u2019est l\u00e0 que Welch entre en sc\u00e8ne.<\/p>\n<\/div><\/div>\n\n\n\n<div class=\"wp-block-cover alignfull is-light tall no-margin small-mobile\"><span aria-hidden=\"true\" class=\"wp-block-cover__background has-dark-grey-background-color has-background-dim-0 has-background-dim\"><\/span><img loading=\"lazy\" decoding=\"async\" width=\"1920\" height=\"1080\" class=\"wp-block-cover__image-background wp-image-19336\" alt=\"\" src=\"https:\/\/welchllp.com\/wp-content\/uploads\/2026\/03\/Mergers-Acquistions-Hero.jpg\" style=\"object-position:52% 56%\" data-object-fit=\"cover\" data-object-position=\"52% 56%\" srcset=\"https:\/\/welchllp.com\/wp-content\/uploads\/2026\/03\/Mergers-Acquistions-Hero.jpg 1920w, https:\/\/welchllp.com\/wp-content\/uploads\/2026\/03\/Mergers-Acquistions-Hero-300x169.jpg 300w, https:\/\/welchllp.com\/wp-content\/uploads\/2026\/03\/Mergers-Acquistions-Hero-1024x576.jpg 1024w, https:\/\/welchllp.com\/wp-content\/uploads\/2026\/03\/Mergers-Acquistions-Hero-768x432.jpg 768w, https:\/\/welchllp.com\/wp-content\/uploads\/2026\/03\/Mergers-Acquistions-Hero-1536x864.jpg 1536w\" sizes=\"auto, (max-width: 1920px) 100vw, 1920px\" \/><div class=\"wp-block-cover__inner-container is-layout-flow wp-block-cover-is-layout-flow\">\n<div class=\"wp-block-group alignfull has-white-color has-text-color\"><div class=\"wp-block-group__inner-container is-layout-flow wp-block-group-is-layout-flow\"><\/div><\/div>\n<\/div><\/div>\n\n\n\n<div class=\"wp-block-group alignwide no-margin has-white-color has-white-background-color has-text-color has-background\"><div class=\"wp-block-group__inner-container is-layout-flow wp-block-group-is-layout-flow\">\n<p class=\"two-third-container has-dark-grey-color has-text-color has-lead-font-size\">Welch Capital Partners (WCP) est une banque d\u2019investissement affili\u00e9e \u00e0 Welch LLP. En \u00e9troite collaboration avec Welch, WCP aide les propri\u00e9taires d\u2019entreprise, les groupes d\u2019actionnaires et les fonds de capital-investissement \u00e0 g\u00e9rer les processus complexes de mise sur le march\u00e9, d\u2019acquisition ou de fusion d\u2019entreprises, et \u00e0 se procurer des capitaux pour prendre de l\u2019envergure.<\/p>\n\n\n\n<p class=\"two-third-container has-dark-grey-color has-text-color\">Qu\u2019il s\u2019agisse de maximiser les gains des actionnaires en effectuant une vente, en r\u00e9duisant les risques pour les parties prenantes, en d\u00e9gageant des liquidit\u00e9s ou en prot\u00e9geant le legs de l\u2019entreprise, WCP comprend les besoins uniques sa client\u00e8le et propose des solutions sur mesure.<\/p>\n\n\n\n<p class=\"two-third-container has-dark-grey-color has-text-color\">Bref, nous aidons les entreprises et leurs parties prenantes \u00e0 comprendre, \u00e0 maximiser et \u00e0 saisir la valeur d\u2019une entreprise.<\/p>\n<\/div><\/div>\n\n\n\n<div class=\"wp-block-media-text alignwide is-stacked-on-mobile is-image-fill-element child-page\" style=\"grid-template-columns:32% auto\"><figure class=\"wp-block-media-text__media\"><img decoding=\"async\" src=\"\/wp-content\/uploads\/2022\/07\/testimonials-bg.jpg\" alt=\"\" class=\"wp-image-4672 size-full\" style=\"object-position:50% 50%\"\/><\/figure><div class=\"wp-block-media-text__content\">\n<div class=\"wp-block-group content-box\"><div class=\"wp-block-group__inner-container is-layout-flow wp-block-group-is-layout-flow\">\n\t<p class=\"is-style-eyebrow\">NOTRE CLIENT\u00c8LE<\/p>\n\n<div class=\"wp-block-group testimonial-slider no-margin\">\n\t<div class=\"wp-block-group__inner-container\">\n\t\t\t\t\t\t\t\t\t<blockquote class=\"wp-block-quote has-welch-green-color has-text-color has-large-font-size\">\n\t\t\t\t\t<p>&ldquo;Je fais affaire avec Welch depuis plus de 10 ans, car le soutien qu\u2019il offre pour mener une entreprise \u00e0 travers ses hauts et ses bas est excellent.&rdquo;<\/p>\n\n\t\t\t\t\t\t\t\t\t\t\t<cite>Jim Bickford, Propri\u00e9taire \u2013 Fresco<\/cite>\n\t\t\t\t\t\t\t\t\t<\/blockquote>\n\t\t\t\t\t\t<\/div>\n<\/div>\n\n<\/div><\/div>\n<\/div><\/div>\n\n\n\n<div class=\"wp-block-group alignwide\"><div class=\"wp-block-group__inner-container is-layout-flow wp-block-group-is-layout-flow\">\n<h2 class=\"wp-block-heading half-margin\" id=\"h-nos-champs-de-competence\">Nos champs de comp\u00e9tence<\/h2>\n\n\n\n<div class=\"wp-block-baytek-tabs wp-block-tabs has-vertical-orientation\"><div class=\"wp-block-tabs__inner-container\"><div class=\"wp-block-tabs__tab-labels\"><h2 class=\"tab-label active\" role=\"tab\" data-target=\"0\"><a><span>Services-conseils en fusion et acquisition<\/span><\/a><\/h2><\/div><div class=\"wp-block-tabs__tab-panels\">\n<div class=\"wp-block-tab\">\n<ul class=\"wp-block-list\">\n<li>fusions et acquisitions\n<ul class=\"wp-block-list\">\n<li>services d\u2019achat et de vente d\u2019entreprise<\/li>\n\n\n\n<li>rachat d\u2019entreprise par les cadres et acquisition par emprunt<\/li>\n<\/ul>\n<\/li>\n\n\n\n<li>capital de croissance\n<ul class=\"wp-block-list\">\n<li>financement par emprunt et par actions<\/li>\n<\/ul>\n<\/li>\n\n\n\n<li>\u00e9valuation<\/li>\n<\/ul>\n<\/div>\n<\/div><\/div><\/div>\n<\/div><\/div>\n\n\n\n<div class=\"wp-block-group alignfull no-margin has-bottom-border has-off-white-background-color has-background\"><div class=\"wp-block-group__inner-container is-layout-flow wp-block-group-is-layout-flow\">\n<div class=\"wp-block-columns alignwide is-layout-flex wp-container-core-columns-is-layout-1 wp-block-columns-is-layout-flex\">\n<div class=\"wp-block-column is-layout-flow wp-block-column-is-layout-flow\">\n<h2 class=\"wp-block-heading\" id=\"h-membres-de-l-equipe\">Membres de l\u2019\u00e9quipe<\/h2>\n<\/div>\n\n\n\n<div class=\"wp-block-column team-members-slider-arrows is-layout-flow wp-block-column-is-layout-flow\"><\/div>\n<\/div>\n\n\n\n<div class=\"wp-block-group alignwide team-members-slider no-margin\"><div class=\"wp-block-group__inner-container is-layout-flow wp-block-group-is-layout-flow\">\n<div itemscope itemtype=\"https:\/\/schema.org\/Person\" class=\"wp-block-group team-member card has-white-background-color unpadded\">\n    <div class=\"wp-block-group__inner-container\">\n        <figure class=\"wp-block-image headshot-square has-bottom-border no-margin\"><img loading=\"lazy\" decoding=\"async\" width=\"450\" height=\"450\" src=\"https:\/\/welchllp.com\/wp-content\/uploads\/2015\/09\/Candace-Enman-LLP-profile-450x450.jpg\" class=\"attachment-team-member-thumbnail size-team-member-thumbnail wp-post-image\" alt=\"\" itemprop=\"image\" srcset=\"https:\/\/welchllp.com\/wp-content\/uploads\/2015\/09\/Candace-Enman-LLP-profile-450x450.jpg 450w, https:\/\/welchllp.com\/wp-content\/uploads\/2015\/09\/Candace-Enman-LLP-profile-150x150.jpg 150w\" sizes=\"auto, (max-width: 450px) 100vw, 450px\" \/><\/figure>\n        <div class=\"details has-text-align-center\">\n            <div class=\"default-margin\">\n                <div class=\"h5 name no-margin\" itemprop=\"name\">\n                    <a class=\"main-link\" href=\"https:\/\/welchllp.com\/fr\/a-propos-de-nous\/notre-personnel\/candace-enman\/\">Candace Enman<\/a>\n                <\/div>                    <p class=\"qualifications\">CPA,CA<\/p>            <\/div>                <div class=\"title has-small-font-size\">\n                    Directrice de l\u2019exploitation, Welch Capital Partners                <\/div>                <p class=\"locations has-small-font-size no-margin\"><span>Ottawa<\/span><\/p>\n            <p class=\"email has-small-font-size no-margin\"><a href=\"mailto:cenman@welchcapitalpartners.com\">Courriel<\/a><\/p>\n            <p class=\"phone has-small-font-size no-margin\">613-236-9191 #195<\/p>\n        <\/div>\n    <\/div>\n<\/div>\n\n<\/div><\/div>\n<\/div><\/div>\n\n\n\n\n\n\n<div class=\"wp-block-cover alignfull final-cover no-margin\"><span aria-hidden=\"true\" class=\"wp-block-cover__background has-welch-green-background-color has-background-dim-100 has-background-dim\"><\/span><div class=\"wp-block-cover__inner-container is-layout-flow wp-block-cover-is-layout-flow\">\n<div class=\"wp-block-group narrower-container no-margin\"><div class=\"wp-block-group__inner-container is-layout-flow wp-block-group-is-layout-flow\">\n<h2 class=\"has-text-align-center wp-block-heading\">Nos sp\u00e9cialistes n\u2019attendent que vous<\/h2>\n\n\n\n<p class=\"has-text-align-center\">Communiquez avec nous. Faites-nous part de vos besoins et nous assignerons \u00e0 votre organisation une personne sp\u00e9cialis\u00e9e dans votre secteur d\u2019activit\u00e9.<\/p>\n\n\n\n<div class=\"wp-block-buttons is-layout-flex wp-block-buttons-is-layout-flex\">\n<div class=\"wp-block-button aligncenter is-style-outline is-style-outline--1\"><a class=\"wp-block-button__link has-white-color has-text-color\" href=\"https:\/\/welchllp.com\/fr\/adresses\/#GeneralEnquiries\">Faites-le aujourd\u2019hui<\/a><\/div>\n<\/div>\n<\/div><\/div>\n<\/div><\/div>\n","protected":false},"excerpt":{"rendered":"<p>Welch Capital Partners (WCP) est une banque d\u2019investissement affili\u00e9e \u00e0 Welch LLP. En \u00e9troite collaboration avec Welch, WCP aide les [&hellip;]<\/p>\n","protected":false},"author":2,"featured_media":19336,"parent":10943,"menu_order":18,"comment_status":"closed","ping_status":"closed","template":"","meta":{"_relevanssi_hide_post":"","_relevanssi_hide_content":"","_relevanssi_pin_for_all":"","_relevanssi_pin_keywords":"","_relevanssi_unpin_keywords":"","_relevanssi_related_keywords":"","_relevanssi_related_include_ids":"","_relevanssi_related_exclude_ids":"","_relevanssi_related_no_append":"","_relevanssi_related_not_related":"","_relevanssi_related_posts":"10568,10550,10553,10576,10554,10604","_relevanssi_noindex_reason":"","footnotes":""},"class_list":["post-10950","page","type-page","status-publish","has-post-thumbnail","hentry"],"yoast_head":"<!-- This site is optimized with the Yoast SEO Premium plugin v24.3 (Yoast SEO v25.8) - https:\/\/yoast.com\/wordpress\/plugins\/seo\/ -->\n<title>Fusions et acquisitions - Welch LLP<\/title>\n<meta name=\"robots\" content=\"index, follow, max-snippet:-1, max-image-preview:large, max-video-preview:-1\" \/>\n<link rel=\"canonical\" href=\"https:\/\/welchllp.com\/fr\/services\/fusions-et-acquisitions\/\" \/>\n<meta property=\"og:locale\" content=\"fr_FR\" \/>\n<meta property=\"og:type\" content=\"article\" \/>\n<meta property=\"og:title\" content=\"Fusions et acquisitions\" \/>\n<meta property=\"og:description\" content=\"Welch Capital Partners (WCP) est une banque d\u2019investissement affili\u00e9e \u00e0 Welch LLP. En \u00e9troite collaboration avec Welch, WCP aide les [&hellip;]\" \/>\n<meta property=\"og:url\" content=\"https:\/\/welchllp.com\/fr\/services\/fusions-et-acquisitions\/\" \/>\n<meta property=\"og:site_name\" content=\"Welch LLP\" \/>\n<meta property=\"article:publisher\" content=\"https:\/\/www.facebook.com\/WelchLLP\/\" \/>\n<meta property=\"article:modified_time\" content=\"2026-04-01T19:15:41+00:00\" \/>\n<meta property=\"og:image\" content=\"https:\/\/welchllp.com\/wp-content\/uploads\/2026\/03\/Mergers-Acquistions-Hero.jpg\" \/>\n\t<meta property=\"og:image:width\" content=\"1920\" \/>\n\t<meta property=\"og:image:height\" content=\"1080\" \/>\n\t<meta property=\"og:image:type\" content=\"image\/jpeg\" \/>\n<meta name=\"twitter:card\" content=\"summary_large_image\" \/>\n<meta name=\"twitter:site\" content=\"@welchllp\" \/>\n<meta name=\"twitter:label1\" content=\"Dur\u00e9e de lecture estim\u00e9e\" \/>\n\t<meta name=\"twitter:data1\" content=\"2 minutes\" \/>\n<script type=\"application\/ld+json\" class=\"yoast-schema-graph\">{\"@context\":\"https:\/\/schema.org\",\"@graph\":[{\"@type\":\"WebPage\",\"@id\":\"https:\/\/welchllp.com\/fr\/services\/fusions-et-acquisitions\/\",\"url\":\"https:\/\/welchllp.com\/fr\/services\/fusions-et-acquisitions\/\",\"name\":\"Fusions et acquisitions - Welch LLP\",\"isPartOf\":{\"@id\":\"https:\/\/welchllp.com\/fr\/#website\"},\"primaryImageOfPage\":{\"@id\":\"https:\/\/welchllp.com\/fr\/services\/fusions-et-acquisitions\/#primaryimage\"},\"image\":{\"@id\":\"https:\/\/welchllp.com\/fr\/services\/fusions-et-acquisitions\/#primaryimage\"},\"thumbnailUrl\":\"https:\/\/welchllp.com\/wp-content\/uploads\/2026\/03\/Mergers-Acquistions-Hero.jpg\",\"datePublished\":\"2022-05-30T21:36:26+00:00\",\"dateModified\":\"2026-04-01T19:15:41+00:00\",\"breadcrumb\":{\"@id\":\"https:\/\/welchllp.com\/fr\/services\/fusions-et-acquisitions\/#breadcrumb\"},\"inLanguage\":\"fr-FR\",\"potentialAction\":[{\"@type\":\"ReadAction\",\"target\":[\"https:\/\/welchllp.com\/fr\/services\/fusions-et-acquisitions\/\"]}]},{\"@type\":\"ImageObject\",\"inLanguage\":\"fr-FR\",\"@id\":\"https:\/\/welchllp.com\/fr\/services\/fusions-et-acquisitions\/#primaryimage\",\"url\":\"https:\/\/welchllp.com\/wp-content\/uploads\/2026\/03\/Mergers-Acquistions-Hero.jpg\",\"contentUrl\":\"https:\/\/welchllp.com\/wp-content\/uploads\/2026\/03\/Mergers-Acquistions-Hero.jpg\",\"width\":1920,\"height\":1080},{\"@type\":\"BreadcrumbList\",\"@id\":\"https:\/\/welchllp.com\/fr\/services\/fusions-et-acquisitions\/#breadcrumb\",\"itemListElement\":[{\"@type\":\"ListItem\",\"position\":1,\"name\":\"Home\",\"item\":\"https:\/\/welchllp.com\/fr\/\"},{\"@type\":\"ListItem\",\"position\":2,\"name\":\"Services\",\"item\":\"https:\/\/welchllp.com\/fr\/services\/\"},{\"@type\":\"ListItem\",\"position\":3,\"name\":\"Fusions et acquisitions\"}]},{\"@type\":\"WebSite\",\"@id\":\"https:\/\/welchllp.com\/fr\/#website\",\"url\":\"https:\/\/welchllp.com\/fr\/\",\"name\":\"Welch LLP\",\"description\":\"Chartered Professional Accountants\",\"publisher\":{\"@id\":\"https:\/\/welchllp.com\/fr\/#organization\"},\"potentialAction\":[{\"@type\":\"SearchAction\",\"target\":{\"@type\":\"EntryPoint\",\"urlTemplate\":\"https:\/\/welchllp.com\/fr\/?s={search_term_string}\"},\"query-input\":{\"@type\":\"PropertyValueSpecification\",\"valueRequired\":true,\"valueName\":\"search_term_string\"}}],\"inLanguage\":\"fr-FR\"},{\"@type\":\"Organization\",\"@id\":\"https:\/\/welchllp.com\/fr\/#organization\",\"name\":\"Welch LLP\",\"url\":\"https:\/\/welchllp.com\/fr\/\",\"logo\":{\"@type\":\"ImageObject\",\"inLanguage\":\"fr-FR\",\"@id\":\"https:\/\/welchllp.com\/fr\/#\/schema\/logo\/image\/\",\"url\":\"https:\/\/welchllp.com\/wp-content\/uploads\/2016\/02\/WelchLLP_logo.png\",\"contentUrl\":\"https:\/\/welchllp.com\/wp-content\/uploads\/2016\/02\/WelchLLP_logo.png\",\"width\":707,\"height\":187,\"caption\":\"Welch LLP\"},\"image\":{\"@id\":\"https:\/\/welchllp.com\/fr\/#\/schema\/logo\/image\/\"},\"sameAs\":[\"https:\/\/www.facebook.com\/WelchLLP\/\",\"https:\/\/x.com\/welchllp\",\"https:\/\/www.linkedin.com\/company\/welchllp\",\"https:\/\/www.instagram.com\/welch_llp\/\"]}]}<\/script>\n<!-- \/ Yoast SEO Premium plugin. -->","yoast_head_json":{"title":"Fusions et acquisitions - Welch LLP","robots":{"index":"index","follow":"follow","max-snippet":"max-snippet:-1","max-image-preview":"max-image-preview:large","max-video-preview":"max-video-preview:-1"},"canonical":"https:\/\/welchllp.com\/fr\/services\/fusions-et-acquisitions\/","og_locale":"fr_FR","og_type":"article","og_title":"Fusions et acquisitions","og_description":"Welch Capital Partners (WCP) est une banque d\u2019investissement affili\u00e9e \u00e0 Welch LLP. En \u00e9troite collaboration avec Welch, WCP aide les [&hellip;]","og_url":"https:\/\/welchllp.com\/fr\/services\/fusions-et-acquisitions\/","og_site_name":"Welch LLP","article_publisher":"https:\/\/www.facebook.com\/WelchLLP\/","article_modified_time":"2026-04-01T19:15:41+00:00","og_image":[{"width":1920,"height":1080,"url":"https:\/\/welchllp.com\/wp-content\/uploads\/2026\/03\/Mergers-Acquistions-Hero.jpg","type":"image\/jpeg"}],"twitter_card":"summary_large_image","twitter_site":"@welchllp","twitter_misc":{"Dur\u00e9e de lecture estim\u00e9e":"2 minutes"},"schema":{"@context":"https:\/\/schema.org","@graph":[{"@type":"WebPage","@id":"https:\/\/welchllp.com\/fr\/services\/fusions-et-acquisitions\/","url":"https:\/\/welchllp.com\/fr\/services\/fusions-et-acquisitions\/","name":"Fusions et acquisitions - Welch LLP","isPartOf":{"@id":"https:\/\/welchllp.com\/fr\/#website"},"primaryImageOfPage":{"@id":"https:\/\/welchllp.com\/fr\/services\/fusions-et-acquisitions\/#primaryimage"},"image":{"@id":"https:\/\/welchllp.com\/fr\/services\/fusions-et-acquisitions\/#primaryimage"},"thumbnailUrl":"https:\/\/welchllp.com\/wp-content\/uploads\/2026\/03\/Mergers-Acquistions-Hero.jpg","datePublished":"2022-05-30T21:36:26+00:00","dateModified":"2026-04-01T19:15:41+00:00","breadcrumb":{"@id":"https:\/\/welchllp.com\/fr\/services\/fusions-et-acquisitions\/#breadcrumb"},"inLanguage":"fr-FR","potentialAction":[{"@type":"ReadAction","target":["https:\/\/welchllp.com\/fr\/services\/fusions-et-acquisitions\/"]}]},{"@type":"ImageObject","inLanguage":"fr-FR","@id":"https:\/\/welchllp.com\/fr\/services\/fusions-et-acquisitions\/#primaryimage","url":"https:\/\/welchllp.com\/wp-content\/uploads\/2026\/03\/Mergers-Acquistions-Hero.jpg","contentUrl":"https:\/\/welchllp.com\/wp-content\/uploads\/2026\/03\/Mergers-Acquistions-Hero.jpg","width":1920,"height":1080},{"@type":"BreadcrumbList","@id":"https:\/\/welchllp.com\/fr\/services\/fusions-et-acquisitions\/#breadcrumb","itemListElement":[{"@type":"ListItem","position":1,"name":"Home","item":"https:\/\/welchllp.com\/fr\/"},{"@type":"ListItem","position":2,"name":"Services","item":"https:\/\/welchllp.com\/fr\/services\/"},{"@type":"ListItem","position":3,"name":"Fusions et acquisitions"}]},{"@type":"WebSite","@id":"https:\/\/welchllp.com\/fr\/#website","url":"https:\/\/welchllp.com\/fr\/","name":"Welch LLP","description":"Chartered Professional Accountants","publisher":{"@id":"https:\/\/welchllp.com\/fr\/#organization"},"potentialAction":[{"@type":"SearchAction","target":{"@type":"EntryPoint","urlTemplate":"https:\/\/welchllp.com\/fr\/?s={search_term_string}"},"query-input":{"@type":"PropertyValueSpecification","valueRequired":true,"valueName":"search_term_string"}}],"inLanguage":"fr-FR"},{"@type":"Organization","@id":"https:\/\/welchllp.com\/fr\/#organization","name":"Welch LLP","url":"https:\/\/welchllp.com\/fr\/","logo":{"@type":"ImageObject","inLanguage":"fr-FR","@id":"https:\/\/welchllp.com\/fr\/#\/schema\/logo\/image\/","url":"https:\/\/welchllp.com\/wp-content\/uploads\/2016\/02\/WelchLLP_logo.png","contentUrl":"https:\/\/welchllp.com\/wp-content\/uploads\/2016\/02\/WelchLLP_logo.png","width":707,"height":187,"caption":"Welch LLP"},"image":{"@id":"https:\/\/welchllp.com\/fr\/#\/schema\/logo\/image\/"},"sameAs":["https:\/\/www.facebook.com\/WelchLLP\/","https:\/\/x.com\/welchllp","https:\/\/www.linkedin.com\/company\/welchllp","https:\/\/www.instagram.com\/welch_llp\/"]}]}},"_links":{"self":[{"href":"https:\/\/welchllp.com\/fr\/wp-json\/wp\/v2\/pages\/10950","targetHints":{"allow":["GET"]}}],"collection":[{"href":"https:\/\/welchllp.com\/fr\/wp-json\/wp\/v2\/pages"}],"about":[{"href":"https:\/\/welchllp.com\/fr\/wp-json\/wp\/v2\/types\/page"}],"author":[{"embeddable":true,"href":"https:\/\/welchllp.com\/fr\/wp-json\/wp\/v2\/users\/2"}],"replies":[{"embeddable":true,"href":"https:\/\/welchllp.com\/fr\/wp-json\/wp\/v2\/comments?post=10950"}],"version-history":[{"count":3,"href":"https:\/\/welchllp.com\/fr\/wp-json\/wp\/v2\/pages\/10950\/revisions"}],"predecessor-version":[{"id":19381,"href":"https:\/\/welchllp.com\/fr\/wp-json\/wp\/v2\/pages\/10950\/revisions\/19381"}],"up":[{"embeddable":true,"href":"https:\/\/welchllp.com\/fr\/wp-json\/wp\/v2\/pages\/10943"}],"wp:featuredmedia":[{"embeddable":true,"href":"https:\/\/welchllp.com\/fr\/wp-json\/wp\/v2\/media\/19336"}],"wp:attachment":[{"href":"https:\/\/welchllp.com\/fr\/wp-json\/wp\/v2\/media?parent=10950"}],"curies":[{"name":"wp","href":"https:\/\/api.w.org\/{rel}","templated":true}]}}