{"id":10951,"date":"2022-05-30T17:36:26","date_gmt":"2022-05-30T21:36:26","guid":{"rendered":"https:\/\/welchllp.wpengine.com\/?page_id=10951"},"modified":"2025-05-06T15:28:57","modified_gmt":"2025-05-06T19:28:57","slug":"incitatifs-pour-les-entreprises","status":"publish","type":"page","link":"https:\/\/welchllp.com\/fr\/services\/incitatifs-pour-les-entreprises\/","title":{"rendered":"Incitatifs pour les entreprises"},"content":{"rendered":"\n<div class=\"wp-block-cover alignfull is-light hero no-margin is-padded\"><span aria-hidden=\"true\" class=\"wp-block-cover__background has-white-background-color has-background-dim-100 has-background-dim\"><\/span><div class=\"wp-block-cover__inner-container is-layout-flow wp-block-cover-is-layout-flow\">\n<span class=\"breadcrumbs\">\n            <span class=\"eyebrow crumb\"><a href=\"https:\/\/welchllp.com\/fr\/services\/\">Services<\/a><\/span>\n    <\/span>\n\n\n<h1 class=\"large two-third-container wp-block-post-title\">Incitatifs pour les entreprises<\/h1>\n\n\n<p class=\"narrow-container left-aligned has-dark-grey-color has-text-color has-regular-font-size\">L\u2019\u00e9quipe de Welch est hautement sp\u00e9cialis\u00e9e en incitatifs pour les entreprises et vous aidera \u00e0 vous y retrouver parmi la vaste gamme de mesures incitatives gouvernementales auxquelles votre entreprise pourrait \u00eatre admissible.<\/p>\n<\/div><\/div>\n\n\n\n<div class=\"wp-block-cover alignfull is-light tall no-margin small-mobile\"><span aria-hidden=\"true\" class=\"wp-block-cover__background has-dark-grey-background-color has-background-dim-0 has-background-dim\"><\/span><img loading=\"lazy\" decoding=\"async\" width=\"1920\" height=\"1280\" class=\"wp-block-cover__image-background wp-image-9385\" alt=\"\" src=\"https:\/\/welchllp.com\/wp-content\/uploads\/2022\/07\/business-incentives-hero.jpg\" data-object-fit=\"cover\" srcset=\"https:\/\/welchllp.com\/wp-content\/uploads\/2022\/07\/business-incentives-hero.jpg 1920w, https:\/\/welchllp.com\/wp-content\/uploads\/2022\/07\/business-incentives-hero-300x200.jpg 300w, https:\/\/welchllp.com\/wp-content\/uploads\/2022\/07\/business-incentives-hero-1024x683.jpg 1024w, https:\/\/welchllp.com\/wp-content\/uploads\/2022\/07\/business-incentives-hero-768x512.jpg 768w, https:\/\/welchllp.com\/wp-content\/uploads\/2022\/07\/business-incentives-hero-1536x1024.jpg 1536w\" sizes=\"auto, (max-width: 1920px) 100vw, 1920px\" \/><div class=\"wp-block-cover__inner-container is-layout-flow wp-block-cover-is-layout-flow\">\n<div class=\"wp-block-group alignfull has-white-color has-text-color\"><div class=\"wp-block-group__inner-container is-layout-flow wp-block-group-is-layout-flow\"><\/div><\/div>\n<\/div><\/div>\n\n\n\n<div class=\"wp-block-group alignwide no-margin has-white-color has-white-background-color has-text-color has-background\"><div class=\"wp-block-group__inner-container is-layout-flow wp-block-group-is-layout-flow\">\n<p class=\"two-third-container has-dark-grey-color has-text-color has-lead-font-size\">Nous vous \u00e9paulons avec les proc\u00e9dures de demande d\u2019incitatifs gouvernementaux, vous guidons dans votre planification et vous aidons \u00e0 pr\u00e9parer la documentation.<\/p>\n<\/div><\/div>\n\n\n\n\n\n<div class=\"wp-block-group alignwide\"><div class=\"wp-block-group__inner-container is-layout-flow wp-block-group-is-layout-flow\">\n<h2 class=\"wp-block-heading half-margin\" id=\"h-nos-champs-de-competence\">Nos champs de comp\u00e9tence<\/h2>\n\n\n\n<div class=\"wp-block-baytek-tabs wp-block-tabs has-vertical-orientation\"><div class=\"wp-block-tabs__inner-container\"><div class=\"wp-block-tabs__tab-labels\"><h2 class=\"tab-label active\" role=\"tab\" data-target=\"0\"><a><span>Recherche scientifique et d\u00e9veloppement exp\u00e9rimental (RS&amp;DE)<\/span><\/a><\/h2><h2 class=\"tab-label\" role=\"tab\" data-target=\"1\"><a><span>M\u00e9dias num\u00e9riques<\/span><\/a><\/h2><h2 class=\"tab-label\" role=\"tab\" data-target=\"2\"><a><span>Croissance<\/span><\/a><\/h2><h2 class=\"tab-label\" role=\"tab\" data-target=\"3\"><a><span>D\u00e9veloppement durable<\/span><\/a><\/h2><\/div><div class=\"wp-block-tabs__tab-panels\">\n<div class=\"wp-block-tab\">\n<p>Nous avons contribu\u00e9 avec succ\u00e8s \u00e0 de nombreuses demandes de R&amp;D dans un grand nombre de domaines, notamment ceux des logiciels, de la fabrication, du mat\u00e9riel informatique, des biotechnologies et des sciences de la vie. Notre \u00e9quipe a travaill\u00e9 en \u00e9troite collaboration avec l&rsquo;ARC \u00e0 cet \u00e9gard et poss\u00e8de une excellente compr\u00e9hension du processus de demande, y compris des r\u00e8gles de R&amp;D et des strat\u00e9gies permettant d&rsquo;obtenir le maximum.<\/p>\n<\/div>\n\n\n\n<div class=\"wp-block-tab\">\n<p>Nous avons aid\u00e9 bon nombre d\u2019entreprises clientes, notamment dans les domaines des jeux vid\u00e9os, de l&rsquo;apprentissage en ligne et du Web, \u00e0 obtenir des cr\u00e9dits d&rsquo;imp\u00f4t pour les m\u00e9dias num\u00e9riques et \u00e0 maximiser le rendement de leur investissement .<\/p>\n<\/div>\n\n\n\n<div class=\"wp-block-tab\">\n<p>Saviez-vous que le gouvernement vous offre des incitatifs pour stimuler la croissance de votre entreprise? Notre \u00e9quipe vous pr\u00e9sentera les options qui s&rsquo;offrent \u00e0 vous et vous aidera \u00e0 faire une demande.<\/p>\n<\/div>\n\n\n\n<div class=\"wp-block-tab\">\n<p>Un certain nombre d\u2019incitatifs au d\u00e9veloppement durable sont offerts aux organisations et aux particulier qui adoptent des pratiques \u00e9co\u00e9nerg\u00e9tiques. Nous pouvons vous aider \u00e0 d\u00e9terminer auxquels vous pourriez \u00eatre admissible, et vous aider \u00e0 les demander.<\/p>\n<\/div>\n<\/div><\/div><\/div>\n<\/div><\/div>\n\n\n\n<div class=\"wp-block-media-text alignfull has-media-on-the-right is-stacked-on-mobile has-off-white-background-color has-background\"><div class=\"wp-block-media-text__content\">\n<h2 class=\"wp-block-heading is-style-eyebrow has-lead-font-size\" id=\"h-obtenez-jusqu-a-15-000-en-financement-gouvernemental-pour-propulser-les-technologies-numeriques-de-votre-entreprise\">OBTENEZ JUSQU\u2019\u00c0 15 000 $ EN FINANCEMENT GOUVERNEMENTAL POUR PROPULSER LES TECHNOLOGIES NUM\u00c9RIQUES DE VOTRE ENTREPRISE.<\/h2>\n\n\n\n<h3 class=\"wp-block-heading\" id=\"h-programme-canadien-d-adoption-du-numerique\">Programme canadien d\u2019adoption du num\u00e9rique<\/h3>\n\n\n\n<div class=\"wp-block-buttons is-layout-flex wp-block-buttons-is-layout-flex\">\n<div class=\"wp-block-button is-style-outline is-style-outline--1\"><a class=\"wp-block-button__link has-welch-green-color has-text-color wp-element-button\" href=\"https:\/\/welchllp.com\/fr\/services\/incitatifs-pour-les-entreprises\/programme-canadien-dadoption-du-numerique-pcan\/\">Allons-y<\/a><\/div>\n<\/div>\n<\/div><figure class=\"wp-block-media-text__media\"><img loading=\"lazy\" decoding=\"async\" width=\"1024\" height=\"576\" src=\"https:\/\/welchllp.com\/wp-content\/uploads\/2023\/04\/CDAP-1024x576.jpg\" alt=\"\" class=\"wp-image-13536 size-full\" srcset=\"https:\/\/welchllp.com\/wp-content\/uploads\/2023\/04\/CDAP-1024x576.jpg 1024w, https:\/\/welchllp.com\/wp-content\/uploads\/2023\/04\/CDAP-300x169.jpg 300w, https:\/\/welchllp.com\/wp-content\/uploads\/2023\/04\/CDAP-768x432.jpg 768w, https:\/\/welchllp.com\/wp-content\/uploads\/2023\/04\/CDAP-1536x864.jpg 1536w, https:\/\/welchllp.com\/wp-content\/uploads\/2023\/04\/CDAP.jpg 1920w\" sizes=\"auto, (max-width: 1024px) 100vw, 1024px\" \/><\/figure><\/div>\n\n\n\n<div class=\"wp-block-media-text alignfull has-media-on-the-right is-stacked-on-mobile is-image-fill no-margin no-padding top-more-margin has-white-color has-grey-background-color has-text-color has-background\"><div class=\"wp-block-media-text__content\">\n<h2 class=\"wp-block-heading is-style-eyebrow has-white-color has-text-color\" id=\"h-estimez-vos-credits-d-impots-et-votre-remboursement\">Estimez vos cr\u00e9dits d\u2019imp\u00f4ts et votre remboursement<\/h2>\n\n\n\n<h3 class=\"wp-block-heading has-white-color has-text-color\" id=\"h-recherche-scientifique-et-developpement-experimental-rs-amp-de\">Recherche scientifique et d\u00e9veloppement exp\u00e9rimental (RS&amp;DE)<\/h3>\n\n\n\n<p>Utilisez la calculatrice en RS&amp;DE de Welch LLP pour d\u00e9terminer votre admissibilit\u00e9 et vos cr\u00e9dits d\u2019imp\u00f4ts \u00e9ventuel. Votre entreprise et votre bilan ne s&rsquo;en porteront que mieux.<\/p>\n\n\n\n<div class=\"wp-block-buttons is-layout-flex wp-block-buttons-is-layout-flex\">\n<div class=\"wp-block-button is-style-outline is-style-outline--2\"><a class=\"wp-block-button__link wp-element-button\" href=\"\/fr\/secteurs-dactivites\/technologies\/calculatrice-rsde\/\">Essayez la calculatrice<\/a><\/div>\n<\/div>\n<\/div><figure class=\"wp-block-media-text__media\" style=\"background-image:url(https:\/\/welchllp.com\/wp-content\/uploads\/2023\/03\/sr-ed-1024x683.jpeg);background-position:50% 50%\"><img loading=\"lazy\" decoding=\"async\" width=\"1024\" height=\"683\" src=\"https:\/\/welchllp.com\/wp-content\/uploads\/2023\/03\/sr-ed-1024x683.jpeg\" alt=\"\" class=\"wp-image-13449 size-full\" srcset=\"https:\/\/welchllp.com\/wp-content\/uploads\/2023\/03\/sr-ed-1024x683.jpeg 1024w, https:\/\/welchllp.com\/wp-content\/uploads\/2023\/03\/sr-ed-300x200.jpeg 300w, https:\/\/welchllp.com\/wp-content\/uploads\/2023\/03\/sr-ed-768x512.jpeg 768w, https:\/\/welchllp.com\/wp-content\/uploads\/2023\/03\/sr-ed-1536x1025.jpeg 1536w, https:\/\/welchllp.com\/wp-content\/uploads\/2023\/03\/sr-ed.jpeg 1920w\" sizes=\"auto, (max-width: 1024px) 100vw, 1024px\" \/><\/figure><\/div>\n\n\n\n\n\n\n\n\n<div class=\"wp-block-cover alignfull final-cover no-margin\"><span aria-hidden=\"true\" class=\"wp-block-cover__background has-welch-green-background-color has-background-dim-100 has-background-dim\"><\/span><div class=\"wp-block-cover__inner-container is-layout-flow wp-block-cover-is-layout-flow\">\n<div class=\"wp-block-group narrower-container no-margin\"><div class=\"wp-block-group__inner-container is-layout-flow wp-block-group-is-layout-flow\">\n<h2 class=\"has-text-align-center wp-block-heading\">Nos sp\u00e9cialistes n\u2019attendent que vous<\/h2>\n\n\n\n<p class=\"has-text-align-center\">Communiquez avec nous. Faites-nous part de vos besoins et nous assignerons \u00e0 votre organisation une personne sp\u00e9cialis\u00e9e dans votre secteur d\u2019activit\u00e9.<\/p>\n\n\n\n<div class=\"wp-block-buttons is-layout-flex wp-block-buttons-is-layout-flex\">\n<div class=\"wp-block-button aligncenter is-style-outline is-style-outline--3\"><a class=\"wp-block-button__link has-white-color has-text-color\" href=\"https:\/\/welchllp.com\/fr\/adresses\/#GeneralEnquiries\">Faites-le aujourd\u2019hui<\/a><\/div>\n<\/div>\n<\/div><\/div>\n<\/div><\/div>\n","protected":false},"excerpt":{"rendered":"<p>Nous vous \u00e9paulons avec les proc\u00e9dures de demande d\u2019incitatifs gouvernementaux, vous guidons dans votre planification et vous aidons \u00e0 pr\u00e9parer [&hellip;]<\/p>\n","protected":false},"author":2,"featured_media":9385,"parent":10943,"menu_order":19,"comment_status":"closed","ping_status":"closed","template":"","meta":{"_relevanssi_hide_post":"","_relevanssi_hide_content":"","_relevanssi_pin_for_all":"","_relevanssi_pin_keywords":"","_relevanssi_unpin_keywords":"","_relevanssi_related_keywords":"","_relevanssi_related_include_ids":"","_relevanssi_related_exclude_ids":"","_relevanssi_related_no_append":"","_relevanssi_related_not_related":"","_relevanssi_related_posts":"10591,10582,10597,10576,10584,10596","_relevanssi_noindex_reason":"","footnotes":""},"class_list":["post-10951","page","type-page","status-publish","has-post-thumbnail","hentry"],"yoast_head":"<!-- This site is optimized with the Yoast SEO Premium plugin v24.3 (Yoast SEO v25.8) - https:\/\/yoast.com\/wordpress\/plugins\/seo\/ -->\n<title>Incitatifs pour les entreprises - Welch LLP<\/title>\n<meta name=\"robots\" content=\"index, follow, max-snippet:-1, max-image-preview:large, max-video-preview:-1\" \/>\n<link rel=\"canonical\" href=\"https:\/\/welchllp.com\/fr\/services\/incitatifs-pour-les-entreprises\/\" \/>\n<meta property=\"og:locale\" content=\"fr_FR\" \/>\n<meta property=\"og:type\" content=\"article\" \/>\n<meta property=\"og:title\" content=\"Incitatifs pour les entreprises\" \/>\n<meta property=\"og:description\" content=\"Nous vous \u00e9paulons avec les proc\u00e9dures de demande d\u2019incitatifs gouvernementaux, vous guidons dans votre planification et vous aidons \u00e0 pr\u00e9parer [&hellip;]\" \/>\n<meta property=\"og:url\" content=\"https:\/\/welchllp.com\/fr\/services\/incitatifs-pour-les-entreprises\/\" \/>\n<meta property=\"og:site_name\" content=\"Welch LLP\" \/>\n<meta property=\"article:publisher\" content=\"https:\/\/www.facebook.com\/WelchLLP\/\" \/>\n<meta property=\"article:modified_time\" content=\"2025-05-06T19:28:57+00:00\" \/>\n<meta property=\"og:image\" content=\"https:\/\/welchllp.com\/wp-content\/uploads\/2022\/07\/business-incentives-hero.jpg\" \/>\n\t<meta property=\"og:image:width\" content=\"1920\" \/>\n\t<meta property=\"og:image:height\" content=\"1280\" \/>\n\t<meta property=\"og:image:type\" content=\"image\/jpeg\" \/>\n<meta name=\"twitter:card\" content=\"summary_large_image\" \/>\n<meta name=\"twitter:site\" content=\"@welchllp\" \/>\n<meta name=\"twitter:label1\" content=\"Dur\u00e9e de lecture estim\u00e9e\" \/>\n\t<meta name=\"twitter:data1\" content=\"2 minutes\" \/>\n<script type=\"application\/ld+json\" class=\"yoast-schema-graph\">{\"@context\":\"https:\/\/schema.org\",\"@graph\":[{\"@type\":\"WebPage\",\"@id\":\"https:\/\/welchllp.com\/fr\/services\/incitatifs-pour-les-entreprises\/\",\"url\":\"https:\/\/welchllp.com\/fr\/services\/incitatifs-pour-les-entreprises\/\",\"name\":\"Incitatifs pour les entreprises - Welch LLP\",\"isPartOf\":{\"@id\":\"https:\/\/welchllp.com\/fr\/#website\"},\"primaryImageOfPage\":{\"@id\":\"https:\/\/welchllp.com\/fr\/services\/incitatifs-pour-les-entreprises\/#primaryimage\"},\"image\":{\"@id\":\"https:\/\/welchllp.com\/fr\/services\/incitatifs-pour-les-entreprises\/#primaryimage\"},\"thumbnailUrl\":\"https:\/\/welchllp.com\/wp-content\/uploads\/2022\/07\/business-incentives-hero.jpg\",\"datePublished\":\"2022-05-30T21:36:26+00:00\",\"dateModified\":\"2025-05-06T19:28:57+00:00\",\"breadcrumb\":{\"@id\":\"https:\/\/welchllp.com\/fr\/services\/incitatifs-pour-les-entreprises\/#breadcrumb\"},\"inLanguage\":\"fr-FR\",\"potentialAction\":[{\"@type\":\"ReadAction\",\"target\":[\"https:\/\/welchllp.com\/fr\/services\/incitatifs-pour-les-entreprises\/\"]}]},{\"@type\":\"ImageObject\",\"inLanguage\":\"fr-FR\",\"@id\":\"https:\/\/welchllp.com\/fr\/services\/incitatifs-pour-les-entreprises\/#primaryimage\",\"url\":\"https:\/\/welchllp.com\/wp-content\/uploads\/2022\/07\/business-incentives-hero.jpg\",\"contentUrl\":\"https:\/\/welchllp.com\/wp-content\/uploads\/2022\/07\/business-incentives-hero.jpg\",\"width\":1920,\"height\":1280},{\"@type\":\"BreadcrumbList\",\"@id\":\"https:\/\/welchllp.com\/fr\/services\/incitatifs-pour-les-entreprises\/#breadcrumb\",\"itemListElement\":[{\"@type\":\"ListItem\",\"position\":1,\"name\":\"Home\",\"item\":\"https:\/\/welchllp.com\/fr\/\"},{\"@type\":\"ListItem\",\"position\":2,\"name\":\"Services\",\"item\":\"https:\/\/welchllp.com\/fr\/services\/\"},{\"@type\":\"ListItem\",\"position\":3,\"name\":\"Incitatifs pour les entreprises\"}]},{\"@type\":\"WebSite\",\"@id\":\"https:\/\/welchllp.com\/fr\/#website\",\"url\":\"https:\/\/welchllp.com\/fr\/\",\"name\":\"Welch LLP\",\"description\":\"Chartered Professional Accountants\",\"publisher\":{\"@id\":\"https:\/\/welchllp.com\/fr\/#organization\"},\"potentialAction\":[{\"@type\":\"SearchAction\",\"target\":{\"@type\":\"EntryPoint\",\"urlTemplate\":\"https:\/\/welchllp.com\/fr\/?s={search_term_string}\"},\"query-input\":{\"@type\":\"PropertyValueSpecification\",\"valueRequired\":true,\"valueName\":\"search_term_string\"}}],\"inLanguage\":\"fr-FR\"},{\"@type\":\"Organization\",\"@id\":\"https:\/\/welchllp.com\/fr\/#organization\",\"name\":\"Welch LLP\",\"url\":\"https:\/\/welchllp.com\/fr\/\",\"logo\":{\"@type\":\"ImageObject\",\"inLanguage\":\"fr-FR\",\"@id\":\"https:\/\/welchllp.com\/fr\/#\/schema\/logo\/image\/\",\"url\":\"https:\/\/welchllp.com\/wp-content\/uploads\/2016\/02\/WelchLLP_logo.png\",\"contentUrl\":\"https:\/\/welchllp.com\/wp-content\/uploads\/2016\/02\/WelchLLP_logo.png\",\"width\":707,\"height\":187,\"caption\":\"Welch LLP\"},\"image\":{\"@id\":\"https:\/\/welchllp.com\/fr\/#\/schema\/logo\/image\/\"},\"sameAs\":[\"https:\/\/www.facebook.com\/WelchLLP\/\",\"https:\/\/x.com\/welchllp\",\"https:\/\/www.linkedin.com\/company\/welchllp\",\"https:\/\/www.instagram.com\/welch_llp\/\"]}]}<\/script>\n<!-- \/ Yoast SEO Premium plugin. -->","yoast_head_json":{"title":"Incitatifs pour les entreprises - Welch LLP","robots":{"index":"index","follow":"follow","max-snippet":"max-snippet:-1","max-image-preview":"max-image-preview:large","max-video-preview":"max-video-preview:-1"},"canonical":"https:\/\/welchllp.com\/fr\/services\/incitatifs-pour-les-entreprises\/","og_locale":"fr_FR","og_type":"article","og_title":"Incitatifs pour les entreprises","og_description":"Nous vous \u00e9paulons avec les proc\u00e9dures de demande d\u2019incitatifs gouvernementaux, vous guidons dans votre planification et vous aidons \u00e0 pr\u00e9parer [&hellip;]","og_url":"https:\/\/welchllp.com\/fr\/services\/incitatifs-pour-les-entreprises\/","og_site_name":"Welch LLP","article_publisher":"https:\/\/www.facebook.com\/WelchLLP\/","article_modified_time":"2025-05-06T19:28:57+00:00","og_image":[{"width":1920,"height":1280,"url":"https:\/\/welchllp.com\/wp-content\/uploads\/2022\/07\/business-incentives-hero.jpg","type":"image\/jpeg"}],"twitter_card":"summary_large_image","twitter_site":"@welchllp","twitter_misc":{"Dur\u00e9e de lecture estim\u00e9e":"2 minutes"},"schema":{"@context":"https:\/\/schema.org","@graph":[{"@type":"WebPage","@id":"https:\/\/welchllp.com\/fr\/services\/incitatifs-pour-les-entreprises\/","url":"https:\/\/welchllp.com\/fr\/services\/incitatifs-pour-les-entreprises\/","name":"Incitatifs pour les entreprises - Welch LLP","isPartOf":{"@id":"https:\/\/welchllp.com\/fr\/#website"},"primaryImageOfPage":{"@id":"https:\/\/welchllp.com\/fr\/services\/incitatifs-pour-les-entreprises\/#primaryimage"},"image":{"@id":"https:\/\/welchllp.com\/fr\/services\/incitatifs-pour-les-entreprises\/#primaryimage"},"thumbnailUrl":"https:\/\/welchllp.com\/wp-content\/uploads\/2022\/07\/business-incentives-hero.jpg","datePublished":"2022-05-30T21:36:26+00:00","dateModified":"2025-05-06T19:28:57+00:00","breadcrumb":{"@id":"https:\/\/welchllp.com\/fr\/services\/incitatifs-pour-les-entreprises\/#breadcrumb"},"inLanguage":"fr-FR","potentialAction":[{"@type":"ReadAction","target":["https:\/\/welchllp.com\/fr\/services\/incitatifs-pour-les-entreprises\/"]}]},{"@type":"ImageObject","inLanguage":"fr-FR","@id":"https:\/\/welchllp.com\/fr\/services\/incitatifs-pour-les-entreprises\/#primaryimage","url":"https:\/\/welchllp.com\/wp-content\/uploads\/2022\/07\/business-incentives-hero.jpg","contentUrl":"https:\/\/welchllp.com\/wp-content\/uploads\/2022\/07\/business-incentives-hero.jpg","width":1920,"height":1280},{"@type":"BreadcrumbList","@id":"https:\/\/welchllp.com\/fr\/services\/incitatifs-pour-les-entreprises\/#breadcrumb","itemListElement":[{"@type":"ListItem","position":1,"name":"Home","item":"https:\/\/welchllp.com\/fr\/"},{"@type":"ListItem","position":2,"name":"Services","item":"https:\/\/welchllp.com\/fr\/services\/"},{"@type":"ListItem","position":3,"name":"Incitatifs pour les entreprises"}]},{"@type":"WebSite","@id":"https:\/\/welchllp.com\/fr\/#website","url":"https:\/\/welchllp.com\/fr\/","name":"Welch LLP","description":"Chartered Professional Accountants","publisher":{"@id":"https:\/\/welchllp.com\/fr\/#organization"},"potentialAction":[{"@type":"SearchAction","target":{"@type":"EntryPoint","urlTemplate":"https:\/\/welchllp.com\/fr\/?s={search_term_string}"},"query-input":{"@type":"PropertyValueSpecification","valueRequired":true,"valueName":"search_term_string"}}],"inLanguage":"fr-FR"},{"@type":"Organization","@id":"https:\/\/welchllp.com\/fr\/#organization","name":"Welch LLP","url":"https:\/\/welchllp.com\/fr\/","logo":{"@type":"ImageObject","inLanguage":"fr-FR","@id":"https:\/\/welchllp.com\/fr\/#\/schema\/logo\/image\/","url":"https:\/\/welchllp.com\/wp-content\/uploads\/2016\/02\/WelchLLP_logo.png","contentUrl":"https:\/\/welchllp.com\/wp-content\/uploads\/2016\/02\/WelchLLP_logo.png","width":707,"height":187,"caption":"Welch LLP"},"image":{"@id":"https:\/\/welchllp.com\/fr\/#\/schema\/logo\/image\/"},"sameAs":["https:\/\/www.facebook.com\/WelchLLP\/","https:\/\/x.com\/welchllp","https:\/\/www.linkedin.com\/company\/welchllp","https:\/\/www.instagram.com\/welch_llp\/"]}]}},"_links":{"self":[{"href":"https:\/\/welchllp.com\/fr\/wp-json\/wp\/v2\/pages\/10951","targetHints":{"allow":["GET"]}}],"collection":[{"href":"https:\/\/welchllp.com\/fr\/wp-json\/wp\/v2\/pages"}],"about":[{"href":"https:\/\/welchllp.com\/fr\/wp-json\/wp\/v2\/types\/page"}],"author":[{"embeddable":true,"href":"https:\/\/welchllp.com\/fr\/wp-json\/wp\/v2\/users\/2"}],"replies":[{"embeddable":true,"href":"https:\/\/welchllp.com\/fr\/wp-json\/wp\/v2\/comments?post=10951"}],"version-history":[{"count":0,"href":"https:\/\/welchllp.com\/fr\/wp-json\/wp\/v2\/pages\/10951\/revisions"}],"up":[{"embeddable":true,"href":"https:\/\/welchllp.com\/fr\/wp-json\/wp\/v2\/pages\/10943"}],"wp:featuredmedia":[{"embeddable":true,"href":"https:\/\/welchllp.com\/fr\/wp-json\/wp\/v2\/media\/9385"}],"wp:attachment":[{"href":"https:\/\/welchllp.com\/fr\/wp-json\/wp\/v2\/media?parent=10951"}],"curies":[{"name":"wp","href":"https:\/\/api.w.org\/{rel}","templated":true}]}}