{"id":10955,"date":"2022-05-30T17:36:26","date_gmt":"2022-05-30T21:36:26","guid":{"rendered":"https:\/\/welchllp.wpengine.com\/?page_id=10955"},"modified":"2025-05-07T09:55:32","modified_gmt":"2025-05-07T13:55:32","slug":"gouvernements","status":"publish","type":"page","link":"https:\/\/welchllp.com\/fr\/secteurs-dactivites\/gouvernements\/","title":{"rendered":"Gouvernements"},"content":{"rendered":"\n<div class=\"wp-block-cover alignfull hero bg-img tall no-margin is-padded\"><span aria-hidden=\"true\" class=\"wp-block-cover__background has-background-dim-100 has-background-dim wp-block-cover__gradient-background has-background-gradient\" style=\"background:linear-gradient(247deg,rgba(0,0,0,0) 0%,rgb(0,0,0) 100%)\"><\/span><img loading=\"lazy\" decoding=\"async\" width=\"1920\" height=\"1280\" class=\"wp-block-cover__image-background wp-image-9387\" alt=\"\" src=\"https:\/\/welchllp.com\/wp-content\/uploads\/2022\/07\/industry-government-hero.jpeg\" data-object-fit=\"cover\" srcset=\"https:\/\/welchllp.com\/wp-content\/uploads\/2022\/07\/industry-government-hero.jpeg 1920w, https:\/\/welchllp.com\/wp-content\/uploads\/2022\/07\/industry-government-hero-300x200.jpeg 300w, https:\/\/welchllp.com\/wp-content\/uploads\/2022\/07\/industry-government-hero-1024x683.jpeg 1024w, https:\/\/welchllp.com\/wp-content\/uploads\/2022\/07\/industry-government-hero-768x512.jpeg 768w, https:\/\/welchllp.com\/wp-content\/uploads\/2022\/07\/industry-government-hero-1536x1024.jpeg 1536w\" sizes=\"auto, (max-width: 1920px) 100vw, 1920px\" \/><div class=\"wp-block-cover__inner-container is-layout-flow wp-block-cover-is-layout-flow\">\n<span class=\"breadcrumbs\">\n            <span class=\"eyebrow crumb\"><a href=\"https:\/\/welchllp.com\/fr\/secteurs-dactivites\/\">Secteur d\u2019activit\u00e9<\/a><\/span>\n    <\/span>\n\n\n<h1 class=\"large two-third-container wp-block-post-title has-text-color has-white-color\">Gouvernements<\/h1>\n\n\n<p class=\"narrow-container left-aligned has-white-color has-text-color has-regular-font-size\">La gamme compl\u00e8te de services de Welch appuie les leaders du secteur public, qui peuvent en retour appuyer les collectivit\u00e9s qu\u2019ils servent.<\/p>\n<\/div><\/div>\n\n\n\n<div class=\"wp-block-group alignfull has-purple-rain-background-color has-background\"><div class=\"wp-block-group__inner-container is-layout-flow wp-block-group-is-layout-flow\">\n<div class=\"wp-block-group alignwide no-margin has-white-color has-text-color\"><div class=\"wp-block-group__inner-container is-layout-flow wp-block-group-is-layout-flow\">\n<p class=\"two-third-container has-white-color has-text-color has-lead-font-size\">La facilit\u00e9 avec laquelle nous \u00e9voluons dans l\u2019environnement l\u00e9gislatif du secteur public, ainsi que notre travail aupr\u00e8s de divers minist\u00e8res et organismes gouvernementaux, nous ont procur\u00e9 une connaissance approfondie des principales lois et publications du secteur public, y compris la <em>Loi sur la gestion des finances publiques<\/em>; les directives et bulletins du receveur g\u00e9n\u00e9ral; les mises \u00e0 jour aux manuels des Comptes publics; les lois de cr\u00e9dits; et les lignes directrices du Conseil du Tr\u00e9sor pour les audits et la pr\u00e9sentation d\u2019information.<\/p>\n<\/div><\/div>\n<\/div><\/div>\n\n\n\n<div class=\"wp-block-group alignwide\"><div class=\"wp-block-group__inner-container is-layout-flow wp-block-group-is-layout-flow\">\n<h2 class=\"wp-block-heading half-margin\" id=\"h-nos-champs-de-competence\">Nos champs de comp\u00e9tence<\/h2>\n\n\n\n<div class=\"wp-block-baytek-tabs wp-block-tabs has-vertical-orientation\"><div class=\"wp-block-tabs__inner-container\"><div class=\"wp-block-tabs__tab-labels\"><h2 class=\"tab-label active\" role=\"tab\" data-target=\"0\"><a><span>Services d\u2019audit<\/span><\/a><\/h2><h2 class=\"tab-label\" role=\"tab\" data-target=\"1\"><a><span>Autres services<\/span><\/a><\/h2><h2 class=\"tab-label\" role=\"tab\" data-target=\"2\"><a><span>March\u00e9s avec le gouvernement<\/span><\/a><\/h2><\/div><div class=\"wp-block-tabs__tab-panels\">\n<div class=\"wp-block-tab\">\n<h3 class=\"wp-block-heading\" id=\"h-audit-de-conformite\">Audit de conformit\u00e9<\/h3>\n\n\n\n<ul class=\"wp-block-list\">\n<li>audit de b\u00e9n\u00e9ficiaires<\/li>\n<\/ul>\n\n\n\n<h3 class=\"wp-block-heading\" id=\"h-audit-interne\">Audit interne<\/h3>\n\n\n\n<ul class=\"wp-block-list\">\n<li>audit de performance des programmes<\/li>\n\n\n\n<li>audit des cadres de contr\u00f4le<\/li>\n\n\n\n<li>audit d\u2019optimisation des ressources<\/li>\n<\/ul>\n\n\n\n<h3 class=\"wp-block-heading\" id=\"h-audit-des-couts-des-contrats\">Audit des couts des contrats<\/h3>\n\n\n\n<ul class=\"wp-block-list\">\n<li>audit de conformit\u00e9 des contrats<\/li>\n<\/ul>\n\n\n\n<h3 class=\"wp-block-heading\" id=\"h-audit-des-baux\">Audit des baux<\/h3>\n\n\n\n<ul class=\"wp-block-list\">\n<li>audit de conformit\u00e9 des baux<\/li>\n<\/ul>\n\n\n\n<h3 class=\"wp-block-heading\" id=\"h-audit-judiciaire\">Audit judiciaire<\/h3>\n\n\n\n<ul class=\"wp-block-list\">\n<li>enqu\u00eate sp\u00e9ciale<\/li>\n\n\n\n<li>enqu\u00eate judiciaire<\/li>\n\n\n\n<li>\u00e9valuation des risques de fraude<\/li>\n<\/ul>\n\n\n\n<h3 class=\"wp-block-heading\" id=\"h-audit-des-etats-financiers\">Audit des \u00e9tats financiers<\/h3>\n\n\n\n<ul class=\"wp-block-list\">\n<li>missions d\u2019audit, d\u2019examen et de compilation<\/li>\n<\/ul>\n<\/div>\n\n\n\n<div class=\"wp-block-tab\">\n<h3 class=\"wp-block-heading\" id=\"h-soutien-en-matiere-de-litiges\">Soutien en mati\u00e8re de litiges<\/h3>\n\n\n\n<ul class=\"wp-block-list\">\n<li>expertise financi\u00e8re<\/li>\n\n\n\n<li>t\u00e9moignage expert<\/li>\n\n\n\n<li>arbitrage et m\u00e9diation<\/li>\n\n\n\n<li>demandes d\u2019indemnisation pour perte d\u2019exploitation<\/li>\n\n\n\n<li>d\u00e9termination des pertes et des dommages<\/li>\n<\/ul>\n\n\n\n<h3 class=\"wp-block-heading\" id=\"h-services-conseils\">Services-conseils<\/h3>\n\n\n\n<ul class=\"wp-block-list\">\n<li>cadres de surveillance budg\u00e9taire<\/li>\n\n\n\n<li>contr\u00f4les budg\u00e9taires<\/li>\n\n\n\n<li>attestation de comp\u00e9tence \u00e0 la direction financi\u00e8re<\/li>\n\n\n\n<li>contr\u00f4les diligents<\/li>\n\n\n\n<li>administration de fonds<\/li>\n<\/ul>\n<\/div>\n\n\n\n<div class=\"wp-block-tab\">\n<ul class=\"wp-block-list\">\n<li>arrangements en mati\u00e8re d\u2019approvisionnement de services professionnels de soutien \u00e0 la v\u00e9rification (SPSV) (volets 1, 5, 8)<\/li>\n\n\n\n<li>services de travail temporaire<\/li>\n\n\n\n<li>services professionnels en ligne<\/li>\n<\/ul>\n<\/div>\n<\/div><\/div><\/div>\n<\/div><\/div>\n\n\n\n\n\n\n\n<div class=\"wp-block-group alignfull has-top-border no-padding no-margin\"><div class=\"wp-block-group__inner-container is-layout-flow wp-block-group-is-layout-flow\">\n<\/div><\/div>\n\n\n\n<div class=\"wp-block-cover alignfull final-cover no-margin\"><span aria-hidden=\"true\" class=\"wp-block-cover__background has-welch-green-background-color has-background-dim-100 has-background-dim\"><\/span><div class=\"wp-block-cover__inner-container is-layout-flow wp-block-cover-is-layout-flow\">\n<div class=\"wp-block-group narrower-container no-margin\"><div class=\"wp-block-group__inner-container is-layout-flow wp-block-group-is-layout-flow\">\n<h2 class=\"has-text-align-center wp-block-heading\">Nos sp\u00e9cialistes n\u2019attendent que vous<\/h2>\n\n\n\n<p class=\"has-text-align-center\">Communiquez avec nous. Faites-nous part de vos besoins et nous assignerons \u00e0 votre organisation une personne sp\u00e9cialis\u00e9e dans votre secteur d\u2019activit\u00e9.<\/p>\n\n\n\n<div class=\"wp-block-buttons is-layout-flex wp-block-buttons-is-layout-flex\">\n<div class=\"wp-block-button aligncenter is-style-outline is-style-outline--1\"><a class=\"wp-block-button__link has-white-color has-text-color\" href=\"https:\/\/welchllp.com\/fr\/adresses\/#GeneralEnquiries\">Faites-le aujourd\u2019hui<\/a><\/div>\n<\/div>\n<\/div><\/div>\n<\/div><\/div>\n","protected":false},"excerpt":{"rendered":"<p>Notre gamme compl\u00e8te de services et nos connaissances approfondies des lois \u00e9paulent les leaders du secteur public.<\/p>\n","protected":false},"author":2,"featured_media":9387,"parent":10952,"menu_order":3,"comment_status":"closed","ping_status":"closed","template":"","meta":{"_relevanssi_hide_post":"","_relevanssi_hide_content":"","_relevanssi_pin_for_all":"","_relevanssi_pin_keywords":"","_relevanssi_unpin_keywords":"","_relevanssi_related_keywords":"","_relevanssi_related_include_ids":"","_relevanssi_related_exclude_ids":"","_relevanssi_related_no_append":"","_relevanssi_related_not_related":"","_relevanssi_related_posts":"10544,10609,10637,10643,10644,10646","_relevanssi_noindex_reason":"","footnotes":""},"class_list":["post-10955","page","type-page","status-publish","has-post-thumbnail","hentry"],"yoast_head":"<!-- This site is optimized with the Yoast SEO Premium plugin v24.3 (Yoast SEO v25.8) - https:\/\/yoast.com\/wordpress\/plugins\/seo\/ -->\n<title>Gouvernements - Welch LLP<\/title>\n<meta name=\"robots\" content=\"index, follow, max-snippet:-1, max-image-preview:large, max-video-preview:-1\" \/>\n<link rel=\"canonical\" href=\"https:\/\/welchllp.com\/fr\/secteurs-dactivites\/gouvernements\/\" \/>\n<meta property=\"og:locale\" content=\"fr_FR\" \/>\n<meta property=\"og:type\" content=\"article\" \/>\n<meta property=\"og:title\" content=\"Gouvernements\" \/>\n<meta property=\"og:description\" content=\"Notre gamme compl\u00e8te de services et nos connaissances approfondies des lois \u00e9paulent les leaders du secteur public.\" \/>\n<meta property=\"og:url\" content=\"https:\/\/welchllp.com\/fr\/secteurs-dactivites\/gouvernements\/\" \/>\n<meta property=\"og:site_name\" content=\"Welch LLP\" \/>\n<meta property=\"article:publisher\" content=\"https:\/\/www.facebook.com\/WelchLLP\/\" \/>\n<meta property=\"article:modified_time\" content=\"2025-05-07T13:55:32+00:00\" \/>\n<meta property=\"og:image\" content=\"https:\/\/welchllp.com\/wp-content\/uploads\/2022\/07\/industry-government-hero.jpeg\" \/>\n\t<meta property=\"og:image:width\" content=\"1920\" \/>\n\t<meta property=\"og:image:height\" content=\"1280\" \/>\n\t<meta property=\"og:image:type\" content=\"image\/jpeg\" \/>\n<meta name=\"twitter:card\" content=\"summary_large_image\" \/>\n<meta name=\"twitter:site\" content=\"@welchllp\" \/>\n<meta name=\"twitter:label1\" content=\"Dur\u00e9e de lecture estim\u00e9e\" \/>\n\t<meta name=\"twitter:data1\" content=\"2 minutes\" \/>\n<script type=\"application\/ld+json\" class=\"yoast-schema-graph\">{\"@context\":\"https:\/\/schema.org\",\"@graph\":[{\"@type\":\"WebPage\",\"@id\":\"https:\/\/welchllp.com\/fr\/secteurs-dactivites\/gouvernements\/\",\"url\":\"https:\/\/welchllp.com\/fr\/secteurs-dactivites\/gouvernements\/\",\"name\":\"Gouvernements - Welch LLP\",\"isPartOf\":{\"@id\":\"https:\/\/welchllp.com\/fr\/#website\"},\"primaryImageOfPage\":{\"@id\":\"https:\/\/welchllp.com\/fr\/secteurs-dactivites\/gouvernements\/#primaryimage\"},\"image\":{\"@id\":\"https:\/\/welchllp.com\/fr\/secteurs-dactivites\/gouvernements\/#primaryimage\"},\"thumbnailUrl\":\"https:\/\/welchllp.com\/wp-content\/uploads\/2022\/07\/industry-government-hero.jpeg\",\"datePublished\":\"2022-05-30T21:36:26+00:00\",\"dateModified\":\"2025-05-07T13:55:32+00:00\",\"breadcrumb\":{\"@id\":\"https:\/\/welchllp.com\/fr\/secteurs-dactivites\/gouvernements\/#breadcrumb\"},\"inLanguage\":\"fr-FR\",\"potentialAction\":[{\"@type\":\"ReadAction\",\"target\":[\"https:\/\/welchllp.com\/fr\/secteurs-dactivites\/gouvernements\/\"]}]},{\"@type\":\"ImageObject\",\"inLanguage\":\"fr-FR\",\"@id\":\"https:\/\/welchllp.com\/fr\/secteurs-dactivites\/gouvernements\/#primaryimage\",\"url\":\"https:\/\/welchllp.com\/wp-content\/uploads\/2022\/07\/industry-government-hero.jpeg\",\"contentUrl\":\"https:\/\/welchllp.com\/wp-content\/uploads\/2022\/07\/industry-government-hero.jpeg\",\"width\":1920,\"height\":1280,\"caption\":\"Government Accounting\"},{\"@type\":\"BreadcrumbList\",\"@id\":\"https:\/\/welchllp.com\/fr\/secteurs-dactivites\/gouvernements\/#breadcrumb\",\"itemListElement\":[{\"@type\":\"ListItem\",\"position\":1,\"name\":\"Home\",\"item\":\"https:\/\/welchllp.com\/fr\/\"},{\"@type\":\"ListItem\",\"position\":2,\"name\":\"Secteur d\u2019activit\u00e9\",\"item\":\"https:\/\/welchllp.com\/fr\/secteurs-dactivites\/\"},{\"@type\":\"ListItem\",\"position\":3,\"name\":\"Gouvernements\"}]},{\"@type\":\"WebSite\",\"@id\":\"https:\/\/welchllp.com\/fr\/#website\",\"url\":\"https:\/\/welchllp.com\/fr\/\",\"name\":\"Welch LLP\",\"description\":\"Chartered Professional Accountants\",\"publisher\":{\"@id\":\"https:\/\/welchllp.com\/fr\/#organization\"},\"potentialAction\":[{\"@type\":\"SearchAction\",\"target\":{\"@type\":\"EntryPoint\",\"urlTemplate\":\"https:\/\/welchllp.com\/fr\/?s={search_term_string}\"},\"query-input\":{\"@type\":\"PropertyValueSpecification\",\"valueRequired\":true,\"valueName\":\"search_term_string\"}}],\"inLanguage\":\"fr-FR\"},{\"@type\":\"Organization\",\"@id\":\"https:\/\/welchllp.com\/fr\/#organization\",\"name\":\"Welch LLP\",\"url\":\"https:\/\/welchllp.com\/fr\/\",\"logo\":{\"@type\":\"ImageObject\",\"inLanguage\":\"fr-FR\",\"@id\":\"https:\/\/welchllp.com\/fr\/#\/schema\/logo\/image\/\",\"url\":\"https:\/\/welchllp.com\/wp-content\/uploads\/2016\/02\/WelchLLP_logo.png\",\"contentUrl\":\"https:\/\/welchllp.com\/wp-content\/uploads\/2016\/02\/WelchLLP_logo.png\",\"width\":707,\"height\":187,\"caption\":\"Welch LLP\"},\"image\":{\"@id\":\"https:\/\/welchllp.com\/fr\/#\/schema\/logo\/image\/\"},\"sameAs\":[\"https:\/\/www.facebook.com\/WelchLLP\/\",\"https:\/\/x.com\/welchllp\",\"https:\/\/www.linkedin.com\/company\/welchllp\",\"https:\/\/www.instagram.com\/welch_llp\/\"]}]}<\/script>\n<!-- \/ Yoast SEO Premium plugin. -->","yoast_head_json":{"title":"Gouvernements - Welch LLP","robots":{"index":"index","follow":"follow","max-snippet":"max-snippet:-1","max-image-preview":"max-image-preview:large","max-video-preview":"max-video-preview:-1"},"canonical":"https:\/\/welchllp.com\/fr\/secteurs-dactivites\/gouvernements\/","og_locale":"fr_FR","og_type":"article","og_title":"Gouvernements","og_description":"Notre gamme compl\u00e8te de services et nos connaissances approfondies des lois \u00e9paulent les leaders du secteur public.","og_url":"https:\/\/welchllp.com\/fr\/secteurs-dactivites\/gouvernements\/","og_site_name":"Welch LLP","article_publisher":"https:\/\/www.facebook.com\/WelchLLP\/","article_modified_time":"2025-05-07T13:55:32+00:00","og_image":[{"width":1920,"height":1280,"url":"https:\/\/welchllp.com\/wp-content\/uploads\/2022\/07\/industry-government-hero.jpeg","type":"image\/jpeg"}],"twitter_card":"summary_large_image","twitter_site":"@welchllp","twitter_misc":{"Dur\u00e9e de lecture estim\u00e9e":"2 minutes"},"schema":{"@context":"https:\/\/schema.org","@graph":[{"@type":"WebPage","@id":"https:\/\/welchllp.com\/fr\/secteurs-dactivites\/gouvernements\/","url":"https:\/\/welchllp.com\/fr\/secteurs-dactivites\/gouvernements\/","name":"Gouvernements - Welch LLP","isPartOf":{"@id":"https:\/\/welchllp.com\/fr\/#website"},"primaryImageOfPage":{"@id":"https:\/\/welchllp.com\/fr\/secteurs-dactivites\/gouvernements\/#primaryimage"},"image":{"@id":"https:\/\/welchllp.com\/fr\/secteurs-dactivites\/gouvernements\/#primaryimage"},"thumbnailUrl":"https:\/\/welchllp.com\/wp-content\/uploads\/2022\/07\/industry-government-hero.jpeg","datePublished":"2022-05-30T21:36:26+00:00","dateModified":"2025-05-07T13:55:32+00:00","breadcrumb":{"@id":"https:\/\/welchllp.com\/fr\/secteurs-dactivites\/gouvernements\/#breadcrumb"},"inLanguage":"fr-FR","potentialAction":[{"@type":"ReadAction","target":["https:\/\/welchllp.com\/fr\/secteurs-dactivites\/gouvernements\/"]}]},{"@type":"ImageObject","inLanguage":"fr-FR","@id":"https:\/\/welchllp.com\/fr\/secteurs-dactivites\/gouvernements\/#primaryimage","url":"https:\/\/welchllp.com\/wp-content\/uploads\/2022\/07\/industry-government-hero.jpeg","contentUrl":"https:\/\/welchllp.com\/wp-content\/uploads\/2022\/07\/industry-government-hero.jpeg","width":1920,"height":1280,"caption":"Government Accounting"},{"@type":"BreadcrumbList","@id":"https:\/\/welchllp.com\/fr\/secteurs-dactivites\/gouvernements\/#breadcrumb","itemListElement":[{"@type":"ListItem","position":1,"name":"Home","item":"https:\/\/welchllp.com\/fr\/"},{"@type":"ListItem","position":2,"name":"Secteur d\u2019activit\u00e9","item":"https:\/\/welchllp.com\/fr\/secteurs-dactivites\/"},{"@type":"ListItem","position":3,"name":"Gouvernements"}]},{"@type":"WebSite","@id":"https:\/\/welchllp.com\/fr\/#website","url":"https:\/\/welchllp.com\/fr\/","name":"Welch LLP","description":"Chartered Professional Accountants","publisher":{"@id":"https:\/\/welchllp.com\/fr\/#organization"},"potentialAction":[{"@type":"SearchAction","target":{"@type":"EntryPoint","urlTemplate":"https:\/\/welchllp.com\/fr\/?s={search_term_string}"},"query-input":{"@type":"PropertyValueSpecification","valueRequired":true,"valueName":"search_term_string"}}],"inLanguage":"fr-FR"},{"@type":"Organization","@id":"https:\/\/welchllp.com\/fr\/#organization","name":"Welch LLP","url":"https:\/\/welchllp.com\/fr\/","logo":{"@type":"ImageObject","inLanguage":"fr-FR","@id":"https:\/\/welchllp.com\/fr\/#\/schema\/logo\/image\/","url":"https:\/\/welchllp.com\/wp-content\/uploads\/2016\/02\/WelchLLP_logo.png","contentUrl":"https:\/\/welchllp.com\/wp-content\/uploads\/2016\/02\/WelchLLP_logo.png","width":707,"height":187,"caption":"Welch LLP"},"image":{"@id":"https:\/\/welchllp.com\/fr\/#\/schema\/logo\/image\/"},"sameAs":["https:\/\/www.facebook.com\/WelchLLP\/","https:\/\/x.com\/welchllp","https:\/\/www.linkedin.com\/company\/welchllp","https:\/\/www.instagram.com\/welch_llp\/"]}]}},"_links":{"self":[{"href":"https:\/\/welchllp.com\/fr\/wp-json\/wp\/v2\/pages\/10955","targetHints":{"allow":["GET"]}}],"collection":[{"href":"https:\/\/welchllp.com\/fr\/wp-json\/wp\/v2\/pages"}],"about":[{"href":"https:\/\/welchllp.com\/fr\/wp-json\/wp\/v2\/types\/page"}],"author":[{"embeddable":true,"href":"https:\/\/welchllp.com\/fr\/wp-json\/wp\/v2\/users\/2"}],"replies":[{"embeddable":true,"href":"https:\/\/welchllp.com\/fr\/wp-json\/wp\/v2\/comments?post=10955"}],"version-history":[{"count":0,"href":"https:\/\/welchllp.com\/fr\/wp-json\/wp\/v2\/pages\/10955\/revisions"}],"up":[{"embeddable":true,"href":"https:\/\/welchllp.com\/fr\/wp-json\/wp\/v2\/pages\/10952"}],"wp:featuredmedia":[{"embeddable":true,"href":"https:\/\/welchllp.com\/fr\/wp-json\/wp\/v2\/media\/9387"}],"wp:attachment":[{"href":"https:\/\/welchllp.com\/fr\/wp-json\/wp\/v2\/media?parent=10955"}],"curies":[{"name":"wp","href":"https:\/\/api.w.org\/{rel}","templated":true}]}}