{"id":10959,"date":"2022-05-30T17:36:26","date_gmt":"2022-05-30T21:36:26","guid":{"rendered":"https:\/\/welchllp.wpengine.com\/?page_id=10959"},"modified":"2025-05-07T09:54:28","modified_gmt":"2025-05-07T13:54:28","slug":"medias-et-divertissement","status":"publish","type":"page","link":"https:\/\/welchllp.com\/fr\/secteurs-dactivites\/medias-et-divertissement\/","title":{"rendered":"M\u00e9dias et divertissement"},"content":{"rendered":"\n<div class=\"wp-block-cover alignfull hero bg-img tall no-margin is-padded\"><span aria-hidden=\"true\" class=\"wp-block-cover__background has-background-dim-100 has-background-dim wp-block-cover__gradient-background has-background-gradient\" style=\"background:linear-gradient(247deg,rgba(0,0,0,0) 0%,rgb(0,0,0) 100%)\"><\/span><img loading=\"lazy\" decoding=\"async\" width=\"1920\" height=\"1281\" class=\"wp-block-cover__image-background wp-image-9415\" alt=\"\" src=\"https:\/\/welchllp.com\/wp-content\/uploads\/2022\/07\/industry-media-hero.jpeg\" data-object-fit=\"cover\" srcset=\"https:\/\/welchllp.com\/wp-content\/uploads\/2022\/07\/industry-media-hero.jpeg 1920w, https:\/\/welchllp.com\/wp-content\/uploads\/2022\/07\/industry-media-hero-300x200.jpeg 300w, https:\/\/welchllp.com\/wp-content\/uploads\/2022\/07\/industry-media-hero-1024x683.jpeg 1024w, https:\/\/welchllp.com\/wp-content\/uploads\/2022\/07\/industry-media-hero-768x512.jpeg 768w, https:\/\/welchllp.com\/wp-content\/uploads\/2022\/07\/industry-media-hero-1536x1025.jpeg 1536w\" sizes=\"auto, (max-width: 1920px) 100vw, 1920px\" \/><div class=\"wp-block-cover__inner-container is-layout-flow wp-block-cover-is-layout-flow\">\n<span class=\"breadcrumbs\">\n            <span class=\"eyebrow crumb\"><a href=\"https:\/\/welchllp.com\/fr\/secteurs-dactivites\/\">Secteur d\u2019activit\u00e9<\/a><\/span>\n    <\/span>\n\n\n<h1 class=\"large two-third-container wp-block-post-title has-text-color has-white-color\">M\u00e9dias et divertissement<\/h1>\n\n\n<p class=\"narrow-container left-aligned has-white-color has-text-color has-regular-font-size\">Tout comme vos histoires rapprochent les gens, l\u2019expertise de Welch vous rapproche de la pleine r\u00e9alisation de votre potentiel.<\/p>\n<\/div><\/div>\n\n\n\n<div class=\"wp-block-group alignfull has-purple-rain-background-color has-background\"><div class=\"wp-block-group__inner-container is-layout-flow wp-block-group-is-layout-flow\">\n<div class=\"wp-block-group alignwide no-margin has-white-color has-text-color\"><div class=\"wp-block-group__inner-container is-layout-flow wp-block-group-is-layout-flow\">\n<p class=\"two-third-container has-white-color has-text-color has-lead-font-size\">Chaque membre de notre \u00e9quipe se tient au courant des tendances de l\u2019industrie des m\u00e9dias et du divertissement, des fluctuations du march\u00e9 et des derniers outils, afin de vous aider, vous et votre entreprise, \u00e0 prosp\u00e9rer dans une industrie en constante transformation. Que vous cherchiez \u00e0 adopter de nouvelles technologies, \u00e0 optimiser vos couts ou \u00e0 restructurer votre entreprise, nos nombreuses ann\u00e9es d\u2019exp\u00e9rience aupr\u00e8s de diverses entreprises nous ont procur\u00e9 l\u2019expertise n\u00e9cessaire pour vous aider \u00e0 r\u00e9ussir. Nous disposons d\u2019un savoir-faire \u00e9prouv\u00e9 dans les domaines suivants :<\/p>\n\n\n\n<ul class=\"wp-block-list\">\n<li>productions cin\u00e9matographiques et t\u00e9l\u00e9visuelles<\/li>\n\n\n\n<li>cr\u00e9dits d\u2019imp\u00f4t et autres incitatifs fiscaux pour les m\u00e9dias et la production<\/li>\n\n\n\n<li>diffusion et distribution<\/li>\n\n\n\n<li>festivals artistiques et autrement culturels<\/li>\n\n\n\n<li>m\u00e9dias num\u00e9riques<\/li>\n\n\n\n<li>d\u00e9veloppement de jeux vid\u00e9os<\/li>\n<\/ul>\n<\/div><\/div>\n<\/div><\/div>\n\n\n\n<div class=\"wp-block-group alignwide\"><div class=\"wp-block-group__inner-container is-layout-flow wp-block-group-is-layout-flow\">\n<h2 class=\"wp-block-heading half-margin\" id=\"h-nos-champs-de-competence\">Nos champs de comp\u00e9tence<\/h2>\n\n\n\n<div class=\"wp-block-baytek-tabs wp-block-tabs has-vertical-orientation\"><div class=\"wp-block-tabs__inner-container\"><div class=\"wp-block-tabs__tab-labels\"><h2 class=\"tab-label active\" role=\"tab\" data-target=\"0\"><a><span>Assurance et comptabilit\u00e9<\/span><\/a><\/h2><h2 class=\"tab-label\" role=\"tab\" data-target=\"1\"><a><span>Services fiscaux<\/span><\/a><\/h2><h2 class=\"tab-label\" role=\"tab\" data-target=\"2\"><a><span>Services-conseils<\/span><\/a><\/h2><\/div><div class=\"wp-block-tabs__tab-panels\">\n<div class=\"wp-block-tab\">\n<ul class=\"wp-block-list\">\n<li>audit<\/li>\n\n\n\n<li>missions d\u2019examen<\/li>\n\n\n\n<li>rapports de compilation (avis au lecteur)<\/li>\n\n\n\n<li>PCGR pour les entreprises \u00e0 capital ferm\u00e9<\/li>\n\n\n\n<li>PCGR des \u00c9tats-Unis<\/li>\n\n\n\n<li>pr\u00e9paration des \u00e9tats financiers annuels<\/li>\n<\/ul>\n<\/div>\n\n\n\n<div class=\"wp-block-tab\">\n<ul class=\"wp-block-list\">\n<li>cr\u00e9dits d\u2019imp\u00f4ts pour RS&amp;DE<\/li>\n\n\n\n<li>CIOPMIN \u2013 cr\u00e9dit d\u2019imp\u00f4t de l\u2019Ontario pour les produits multim\u00e9dias interactifs num\u00e9riques<\/li>\n\n\n\n<li>planification fiscale (internationale, actionnaires, etc.)<\/li>\n\n\n\n<li>imp\u00f4ts indirects (TVH, TVQ, TVA, cotisations sociales, etc.)<\/li>\n\n\n\n<li>fiscalit\u00e9 des \u00c9tats-Unis (d\u00e9clarations de revenus au gouvernement f\u00e9d\u00e9ral et aux \u00c9tats)<\/li>\n\n\n\n<li>fiscalit\u00e9 des particuliers aux \u00c9tats-Unis<\/li>\n\n\n\n<li>fiscalit\u00e9 des personnes expatri\u00e9es \u2013 pr\u00e9paration de d\u00e9clarations de revenus des particuliers et aide avec les paiements compensateurs, pour les personnes non r\u00e9sidentes au Canada ou \u00e0 l\u2019\u00e9tranger<\/li>\n<\/ul>\n<\/div>\n\n\n\n<div class=\"wp-block-tab\">\n<ul class=\"wp-block-list\">\n<li>soutien transactionnel<\/li>\n\n\n\n<li>financement priv\u00e9<\/li>\n\n\n\n<li>fusions et acquisitions<\/li>\n\n\n\n<li>financement public<\/li>\n\n\n\n<li>placements<\/li>\n\n\n\n<li>gouvernance<\/li>\n\n\n\n<li>\u00e9valuation d\u2019entreprise<\/li>\n<\/ul>\n<\/div>\n<\/div><\/div><\/div>\n<\/div><\/div>\n\n\n\n\n\n\n\n<div class=\"wp-block-group alignfull has-top-border no-padding no-margin\"><div class=\"wp-block-group__inner-container is-layout-flow wp-block-group-is-layout-flow\">\n<\/div><\/div>\n\n\n\n<div class=\"wp-block-cover alignfull final-cover no-margin\"><span aria-hidden=\"true\" class=\"wp-block-cover__background has-welch-green-background-color has-background-dim-100 has-background-dim\"><\/span><div class=\"wp-block-cover__inner-container is-layout-flow wp-block-cover-is-layout-flow\">\n<div class=\"wp-block-group narrower-container no-margin\"><div class=\"wp-block-group__inner-container is-layout-flow wp-block-group-is-layout-flow\">\n<h2 class=\"has-text-align-center wp-block-heading\">Nos sp\u00e9cialistes n\u2019attendent que vous<\/h2>\n\n\n\n<p class=\"has-text-align-center\">Communiquez avec nous. Faites-nous part de vos besoins et nous assignerons \u00e0 votre organisation une personne sp\u00e9cialis\u00e9e dans votre secteur d\u2019activit\u00e9.<\/p>\n\n\n\n<div class=\"wp-block-buttons is-layout-flex wp-block-buttons-is-layout-flex\">\n<div class=\"wp-block-button aligncenter is-style-outline is-style-outline--1\"><a class=\"wp-block-button__link has-white-color has-text-color\" href=\"https:\/\/welchllp.com\/fr\/adresses\/#GeneralEnquiries\">Faites-le aujourd\u2019hui<\/a><\/div>\n<\/div>\n<\/div><\/div>\n<\/div><\/div>\n","protected":false},"excerpt":{"rendered":"<p>Vos histoires rapprochent les gens comme notre expertise vous rapproche de la r\u00e9alisation de votre potentiel.<\/p>\n","protected":false},"author":2,"featured_media":9415,"parent":10952,"menu_order":8,"comment_status":"closed","ping_status":"closed","template":"","meta":{"_relevanssi_hide_post":"","_relevanssi_hide_content":"","_relevanssi_pin_for_all":"","_relevanssi_pin_keywords":"","_relevanssi_unpin_keywords":"","_relevanssi_related_keywords":"","_relevanssi_related_include_ids":"","_relevanssi_related_exclude_ids":"","_relevanssi_related_no_append":"","_relevanssi_related_not_related":"","_relevanssi_related_posts":"10580,10597,10543,10544,10545,10546","_relevanssi_noindex_reason":"","footnotes":""},"class_list":["post-10959","page","type-page","status-publish","has-post-thumbnail","hentry"],"yoast_head":"<!-- This site is optimized with the Yoast SEO Premium plugin v24.3 (Yoast SEO v25.8) - https:\/\/yoast.com\/wordpress\/plugins\/seo\/ -->\n<title>M\u00e9dias et divertissement - Welch LLP<\/title>\n<meta name=\"robots\" content=\"index, follow, max-snippet:-1, max-image-preview:large, max-video-preview:-1\" \/>\n<link rel=\"canonical\" href=\"https:\/\/welchllp.com\/fr\/secteurs-dactivites\/medias-et-divertissement\/\" \/>\n<meta property=\"og:locale\" content=\"fr_FR\" \/>\n<meta property=\"og:type\" content=\"article\" \/>\n<meta property=\"og:title\" content=\"M\u00e9dias et divertissement\" \/>\n<meta property=\"og:description\" content=\"Vos histoires rapprochent les gens comme notre expertise vous rapproche de la r\u00e9alisation de votre potentiel.\" \/>\n<meta property=\"og:url\" content=\"https:\/\/welchllp.com\/fr\/secteurs-dactivites\/medias-et-divertissement\/\" \/>\n<meta property=\"og:site_name\" content=\"Welch LLP\" \/>\n<meta property=\"article:publisher\" content=\"https:\/\/www.facebook.com\/WelchLLP\/\" \/>\n<meta property=\"article:modified_time\" content=\"2025-05-07T13:54:28+00:00\" \/>\n<meta property=\"og:image\" content=\"https:\/\/welchllp.com\/wp-content\/uploads\/2022\/07\/industry-media-hero.jpeg\" \/>\n\t<meta property=\"og:image:width\" content=\"1920\" \/>\n\t<meta property=\"og:image:height\" content=\"1281\" \/>\n\t<meta property=\"og:image:type\" content=\"image\/jpeg\" \/>\n<meta name=\"twitter:card\" content=\"summary_large_image\" \/>\n<meta name=\"twitter:site\" content=\"@welchllp\" \/>\n<meta name=\"twitter:label1\" content=\"Dur\u00e9e de lecture estim\u00e9e\" \/>\n\t<meta name=\"twitter:data1\" content=\"2 minutes\" \/>\n<script type=\"application\/ld+json\" class=\"yoast-schema-graph\">{\"@context\":\"https:\/\/schema.org\",\"@graph\":[{\"@type\":\"WebPage\",\"@id\":\"https:\/\/welchllp.com\/fr\/secteurs-dactivites\/medias-et-divertissement\/\",\"url\":\"https:\/\/welchllp.com\/fr\/secteurs-dactivites\/medias-et-divertissement\/\",\"name\":\"M\u00e9dias et divertissement - Welch LLP\",\"isPartOf\":{\"@id\":\"https:\/\/welchllp.com\/fr\/#website\"},\"primaryImageOfPage\":{\"@id\":\"https:\/\/welchllp.com\/fr\/secteurs-dactivites\/medias-et-divertissement\/#primaryimage\"},\"image\":{\"@id\":\"https:\/\/welchllp.com\/fr\/secteurs-dactivites\/medias-et-divertissement\/#primaryimage\"},\"thumbnailUrl\":\"https:\/\/welchllp.com\/wp-content\/uploads\/2022\/07\/industry-media-hero.jpeg\",\"datePublished\":\"2022-05-30T21:36:26+00:00\",\"dateModified\":\"2025-05-07T13:54:28+00:00\",\"breadcrumb\":{\"@id\":\"https:\/\/welchllp.com\/fr\/secteurs-dactivites\/medias-et-divertissement\/#breadcrumb\"},\"inLanguage\":\"fr-FR\",\"potentialAction\":[{\"@type\":\"ReadAction\",\"target\":[\"https:\/\/welchllp.com\/fr\/secteurs-dactivites\/medias-et-divertissement\/\"]}]},{\"@type\":\"ImageObject\",\"inLanguage\":\"fr-FR\",\"@id\":\"https:\/\/welchllp.com\/fr\/secteurs-dactivites\/medias-et-divertissement\/#primaryimage\",\"url\":\"https:\/\/welchllp.com\/wp-content\/uploads\/2022\/07\/industry-media-hero.jpeg\",\"contentUrl\":\"https:\/\/welchllp.com\/wp-content\/uploads\/2022\/07\/industry-media-hero.jpeg\",\"width\":1920,\"height\":1281,\"caption\":\"Media & Entertainment Accounting\"},{\"@type\":\"BreadcrumbList\",\"@id\":\"https:\/\/welchllp.com\/fr\/secteurs-dactivites\/medias-et-divertissement\/#breadcrumb\",\"itemListElement\":[{\"@type\":\"ListItem\",\"position\":1,\"name\":\"Home\",\"item\":\"https:\/\/welchllp.com\/fr\/\"},{\"@type\":\"ListItem\",\"position\":2,\"name\":\"Secteur d\u2019activit\u00e9\",\"item\":\"https:\/\/welchllp.com\/fr\/secteurs-dactivites\/\"},{\"@type\":\"ListItem\",\"position\":3,\"name\":\"M\u00e9dias et divertissement\"}]},{\"@type\":\"WebSite\",\"@id\":\"https:\/\/welchllp.com\/fr\/#website\",\"url\":\"https:\/\/welchllp.com\/fr\/\",\"name\":\"Welch LLP\",\"description\":\"Chartered Professional Accountants\",\"publisher\":{\"@id\":\"https:\/\/welchllp.com\/fr\/#organization\"},\"potentialAction\":[{\"@type\":\"SearchAction\",\"target\":{\"@type\":\"EntryPoint\",\"urlTemplate\":\"https:\/\/welchllp.com\/fr\/?s={search_term_string}\"},\"query-input\":{\"@type\":\"PropertyValueSpecification\",\"valueRequired\":true,\"valueName\":\"search_term_string\"}}],\"inLanguage\":\"fr-FR\"},{\"@type\":\"Organization\",\"@id\":\"https:\/\/welchllp.com\/fr\/#organization\",\"name\":\"Welch LLP\",\"url\":\"https:\/\/welchllp.com\/fr\/\",\"logo\":{\"@type\":\"ImageObject\",\"inLanguage\":\"fr-FR\",\"@id\":\"https:\/\/welchllp.com\/fr\/#\/schema\/logo\/image\/\",\"url\":\"https:\/\/welchllp.com\/wp-content\/uploads\/2016\/02\/WelchLLP_logo.png\",\"contentUrl\":\"https:\/\/welchllp.com\/wp-content\/uploads\/2016\/02\/WelchLLP_logo.png\",\"width\":707,\"height\":187,\"caption\":\"Welch LLP\"},\"image\":{\"@id\":\"https:\/\/welchllp.com\/fr\/#\/schema\/logo\/image\/\"},\"sameAs\":[\"https:\/\/www.facebook.com\/WelchLLP\/\",\"https:\/\/x.com\/welchllp\",\"https:\/\/www.linkedin.com\/company\/welchllp\",\"https:\/\/www.instagram.com\/welch_llp\/\"]}]}<\/script>\n<!-- \/ Yoast SEO Premium plugin. -->","yoast_head_json":{"title":"M\u00e9dias et divertissement - Welch LLP","robots":{"index":"index","follow":"follow","max-snippet":"max-snippet:-1","max-image-preview":"max-image-preview:large","max-video-preview":"max-video-preview:-1"},"canonical":"https:\/\/welchllp.com\/fr\/secteurs-dactivites\/medias-et-divertissement\/","og_locale":"fr_FR","og_type":"article","og_title":"M\u00e9dias et divertissement","og_description":"Vos histoires rapprochent les gens comme notre expertise vous rapproche de la r\u00e9alisation de votre potentiel.","og_url":"https:\/\/welchllp.com\/fr\/secteurs-dactivites\/medias-et-divertissement\/","og_site_name":"Welch LLP","article_publisher":"https:\/\/www.facebook.com\/WelchLLP\/","article_modified_time":"2025-05-07T13:54:28+00:00","og_image":[{"width":1920,"height":1281,"url":"https:\/\/welchllp.com\/wp-content\/uploads\/2022\/07\/industry-media-hero.jpeg","type":"image\/jpeg"}],"twitter_card":"summary_large_image","twitter_site":"@welchllp","twitter_misc":{"Dur\u00e9e de lecture estim\u00e9e":"2 minutes"},"schema":{"@context":"https:\/\/schema.org","@graph":[{"@type":"WebPage","@id":"https:\/\/welchllp.com\/fr\/secteurs-dactivites\/medias-et-divertissement\/","url":"https:\/\/welchllp.com\/fr\/secteurs-dactivites\/medias-et-divertissement\/","name":"M\u00e9dias et divertissement - Welch LLP","isPartOf":{"@id":"https:\/\/welchllp.com\/fr\/#website"},"primaryImageOfPage":{"@id":"https:\/\/welchllp.com\/fr\/secteurs-dactivites\/medias-et-divertissement\/#primaryimage"},"image":{"@id":"https:\/\/welchllp.com\/fr\/secteurs-dactivites\/medias-et-divertissement\/#primaryimage"},"thumbnailUrl":"https:\/\/welchllp.com\/wp-content\/uploads\/2022\/07\/industry-media-hero.jpeg","datePublished":"2022-05-30T21:36:26+00:00","dateModified":"2025-05-07T13:54:28+00:00","breadcrumb":{"@id":"https:\/\/welchllp.com\/fr\/secteurs-dactivites\/medias-et-divertissement\/#breadcrumb"},"inLanguage":"fr-FR","potentialAction":[{"@type":"ReadAction","target":["https:\/\/welchllp.com\/fr\/secteurs-dactivites\/medias-et-divertissement\/"]}]},{"@type":"ImageObject","inLanguage":"fr-FR","@id":"https:\/\/welchllp.com\/fr\/secteurs-dactivites\/medias-et-divertissement\/#primaryimage","url":"https:\/\/welchllp.com\/wp-content\/uploads\/2022\/07\/industry-media-hero.jpeg","contentUrl":"https:\/\/welchllp.com\/wp-content\/uploads\/2022\/07\/industry-media-hero.jpeg","width":1920,"height":1281,"caption":"Media & Entertainment Accounting"},{"@type":"BreadcrumbList","@id":"https:\/\/welchllp.com\/fr\/secteurs-dactivites\/medias-et-divertissement\/#breadcrumb","itemListElement":[{"@type":"ListItem","position":1,"name":"Home","item":"https:\/\/welchllp.com\/fr\/"},{"@type":"ListItem","position":2,"name":"Secteur d\u2019activit\u00e9","item":"https:\/\/welchllp.com\/fr\/secteurs-dactivites\/"},{"@type":"ListItem","position":3,"name":"M\u00e9dias et divertissement"}]},{"@type":"WebSite","@id":"https:\/\/welchllp.com\/fr\/#website","url":"https:\/\/welchllp.com\/fr\/","name":"Welch LLP","description":"Chartered Professional Accountants","publisher":{"@id":"https:\/\/welchllp.com\/fr\/#organization"},"potentialAction":[{"@type":"SearchAction","target":{"@type":"EntryPoint","urlTemplate":"https:\/\/welchllp.com\/fr\/?s={search_term_string}"},"query-input":{"@type":"PropertyValueSpecification","valueRequired":true,"valueName":"search_term_string"}}],"inLanguage":"fr-FR"},{"@type":"Organization","@id":"https:\/\/welchllp.com\/fr\/#organization","name":"Welch LLP","url":"https:\/\/welchllp.com\/fr\/","logo":{"@type":"ImageObject","inLanguage":"fr-FR","@id":"https:\/\/welchllp.com\/fr\/#\/schema\/logo\/image\/","url":"https:\/\/welchllp.com\/wp-content\/uploads\/2016\/02\/WelchLLP_logo.png","contentUrl":"https:\/\/welchllp.com\/wp-content\/uploads\/2016\/02\/WelchLLP_logo.png","width":707,"height":187,"caption":"Welch LLP"},"image":{"@id":"https:\/\/welchllp.com\/fr\/#\/schema\/logo\/image\/"},"sameAs":["https:\/\/www.facebook.com\/WelchLLP\/","https:\/\/x.com\/welchllp","https:\/\/www.linkedin.com\/company\/welchllp","https:\/\/www.instagram.com\/welch_llp\/"]}]}},"_links":{"self":[{"href":"https:\/\/welchllp.com\/fr\/wp-json\/wp\/v2\/pages\/10959","targetHints":{"allow":["GET"]}}],"collection":[{"href":"https:\/\/welchllp.com\/fr\/wp-json\/wp\/v2\/pages"}],"about":[{"href":"https:\/\/welchllp.com\/fr\/wp-json\/wp\/v2\/types\/page"}],"author":[{"embeddable":true,"href":"https:\/\/welchllp.com\/fr\/wp-json\/wp\/v2\/users\/2"}],"replies":[{"embeddable":true,"href":"https:\/\/welchllp.com\/fr\/wp-json\/wp\/v2\/comments?post=10959"}],"version-history":[{"count":0,"href":"https:\/\/welchllp.com\/fr\/wp-json\/wp\/v2\/pages\/10959\/revisions"}],"up":[{"embeddable":true,"href":"https:\/\/welchllp.com\/fr\/wp-json\/wp\/v2\/pages\/10952"}],"wp:featuredmedia":[{"embeddable":true,"href":"https:\/\/welchllp.com\/fr\/wp-json\/wp\/v2\/media\/9415"}],"wp:attachment":[{"href":"https:\/\/welchllp.com\/fr\/wp-json\/wp\/v2\/media?parent=10959"}],"curies":[{"name":"wp","href":"https:\/\/api.w.org\/{rel}","templated":true}]}}