{"id":10960,"date":"2022-05-30T17:36:26","date_gmt":"2022-05-30T21:36:26","guid":{"rendered":"https:\/\/welchllp.wpengine.com\/?page_id=10960"},"modified":"2025-05-07T09:55:06","modified_gmt":"2025-05-07T13:55:06","slug":"entrepreneuriat-independant","status":"publish","type":"page","link":"https:\/\/welchllp.com\/fr\/secteurs-dactivites\/entrepreneuriat-independant\/","title":{"rendered":"Entrepreneuriat ind\u00e9pendant"},"content":{"rendered":"\n<div class=\"wp-block-cover alignfull hero bg-img tall no-margin is-padded\"><span aria-hidden=\"true\" class=\"wp-block-cover__background has-background-dim-100 has-background-dim wp-block-cover__gradient-background has-background-gradient\" style=\"background:linear-gradient(247deg,rgba(0,0,0,0) 0%,rgb(0,0,0) 100%)\"><\/span><img loading=\"lazy\" decoding=\"async\" width=\"1920\" height=\"1281\" class=\"wp-block-cover__image-background wp-image-9339\" alt=\"\" src=\"https:\/\/welchllp.com\/wp-content\/uploads\/2022\/07\/industry-ind-con-hero.jpeg\" data-object-fit=\"cover\" srcset=\"https:\/\/welchllp.com\/wp-content\/uploads\/2022\/07\/industry-ind-con-hero.jpeg 1920w, https:\/\/welchllp.com\/wp-content\/uploads\/2022\/07\/industry-ind-con-hero-300x200.jpeg 300w, https:\/\/welchllp.com\/wp-content\/uploads\/2022\/07\/industry-ind-con-hero-1024x683.jpeg 1024w, https:\/\/welchllp.com\/wp-content\/uploads\/2022\/07\/industry-ind-con-hero-768x512.jpeg 768w, https:\/\/welchllp.com\/wp-content\/uploads\/2022\/07\/industry-ind-con-hero-1536x1025.jpeg 1536w\" sizes=\"auto, (max-width: 1920px) 100vw, 1920px\" \/><div class=\"wp-block-cover__inner-container is-layout-flow wp-block-cover-is-layout-flow\">\n<span class=\"breadcrumbs\">\n            <span class=\"eyebrow crumb\"><a href=\"https:\/\/welchllp.com\/fr\/secteurs-dactivites\/\">Secteur d\u2019activit\u00e9<\/a><\/span>\n    <\/span>\n\n\n<h1 class=\"large two-third-container wp-block-post-title has-text-color has-white-color\">Entrepreneuriat ind\u00e9pendant<\/h1>\n\n\n<p class=\"narrow-container left-aligned has-white-color has-text-color has-regular-font-size\">Les sp\u00e9cialistes de Welch vous donnent les outils qu\u2019il vous faut pour atteindre vos buts.<\/p>\n<\/div><\/div>\n\n\n\n<div class=\"wp-block-group alignfull has-purple-rain-background-color has-background\"><div class=\"wp-block-group__inner-container is-layout-flow wp-block-group-is-layout-flow\">\n<div class=\"wp-block-group alignwide no-margin has-white-color has-text-color\"><div class=\"wp-block-group__inner-container is-layout-flow wp-block-group-is-layout-flow\">\n<p class=\"two-third-container has-white-color has-text-color has-lead-font-size\">Choisir l\u2019entrepreneuriat, c\u2019est assumer l\u2019enti\u00e8re responsabilit\u00e9 de tous les aspects des finances de son entreprise. Et il est difficile de s\u2019y retrouver dans le monde complexe de la fiscalit\u00e9 si on veut se concentrer exclusivement sur la maximisation de sa rentabilit\u00e9. Notre \u00e9quipe exp\u00e9riment\u00e9e est au service de personnes comme vous pour les aider \u00e0 maximiser leur potentiel financier tout en r\u00e9duisant leur imp\u00f4t sur le revenu et les taxes \u00e0 la consommation.<\/p>\n<\/div><\/div>\n<\/div><\/div>\n\n\n\n<div class=\"wp-block-group alignwide\"><div class=\"wp-block-group__inner-container is-layout-flow wp-block-group-is-layout-flow\">\n<h2 class=\"wp-block-heading half-margin\" id=\"h-nos-champs-de-competence\">Nos champs de comp\u00e9tence<\/h2>\n\n\n\n<div class=\"wp-block-baytek-tabs wp-block-tabs has-vertical-orientation\"><div class=\"wp-block-tabs__inner-container\"><div class=\"wp-block-tabs__tab-labels\"><h2 class=\"tab-label active\" role=\"tab\" data-target=\"0\"><a><span>Services fiscaux<\/span><\/a><\/h2><h2 class=\"tab-label\" role=\"tab\" data-target=\"1\"><a><span>\u00c9tats financiers<\/span><\/a><\/h2><h2 class=\"tab-label\" role=\"tab\" data-target=\"2\"><a><span>Services-conseils<\/span><\/a><\/h2><\/div><div class=\"wp-block-tabs__tab-panels\">\n<div class=\"wp-block-tab\">\n<ul class=\"wp-block-list\">\n<li>pr\u00e9paration de d\u00e9clarations de revenus<\/li>\n\n\n\n<li>consultation fiscale<\/li>\n\n\n\n<li>conformit\u00e9 fiscale<\/li>\n<\/ul>\n<\/div>\n\n\n\n<div class=\"wp-block-tab\">\n<ul class=\"wp-block-list\">\n<li>pr\u00e9paration des \u00e9tats financiers annuels<\/li>\n\n\n\n<li>pr\u00e9paration d\u2019\u00e9tats de la valeur nette<\/li>\n\n\n\n<li>comptabilit\u00e9 en impartition<\/li>\n\n\n\n<li>consultation sur les questions de financement<\/li>\n\n\n\n<li>audit<\/li>\n<\/ul>\n<\/div>\n\n\n\n<div class=\"wp-block-tab\">\n<ul class=\"wp-block-list\">\n<li>planification du patrimoine<\/li>\n\n\n\n<li>constitution d\u2019une pratique professionnelle<\/li>\n\n\n\n<li>planification de la rel\u00e8ve<\/li>\n\n\n\n<li>planification de propri\u00e9t\u00e9 et de transition<\/li>\n\n\n\n<li>planification strat\u00e9gique<\/li>\n\n\n\n<li>\u00e9valuation d\u2019entreprise<\/li>\n\n\n\n<li>fusions et acquisitions<\/li>\n<\/ul>\n<\/div>\n<\/div><\/div><\/div>\n<\/div><\/div>\n\n\n\n\n\n\n\n<div class=\"wp-block-group alignfull has-top-border no-padding no-margin\"><div class=\"wp-block-group__inner-container is-layout-flow wp-block-group-is-layout-flow\">\n<\/div><\/div>\n\n\n\n<div class=\"wp-block-cover alignfull final-cover no-margin\"><span aria-hidden=\"true\" class=\"wp-block-cover__background has-welch-green-background-color has-background-dim-100 has-background-dim\"><\/span><div class=\"wp-block-cover__inner-container is-layout-flow wp-block-cover-is-layout-flow\">\n<div class=\"wp-block-group narrower-container no-margin\"><div class=\"wp-block-group__inner-container is-layout-flow wp-block-group-is-layout-flow\">\n<h2 class=\"has-text-align-center wp-block-heading\">Nos sp\u00e9cialistes n\u2019attendent que vous<\/h2>\n\n\n\n<p class=\"has-text-align-center\">Communiquez avec nous. Faites-nous part de vos besoins et nous assignerons \u00e0 votre organisation une personne sp\u00e9cialis\u00e9e dans votre secteur d\u2019activit\u00e9.<\/p>\n\n\n\n<div class=\"wp-block-buttons is-layout-flex wp-block-buttons-is-layout-flex\">\n<div class=\"wp-block-button aligncenter is-style-outline is-style-outline--1\"><a class=\"wp-block-button__link has-white-color has-text-color\" href=\"https:\/\/welchllp.com\/fr\/adresses\/#GeneralEnquiries\">Faites-le aujourd\u2019hui<\/a><\/div>\n<\/div>\n<\/div><\/div>\n<\/div><\/div>\n","protected":false},"excerpt":{"rendered":"<p>Nous vous donnons les outils qu\u2019il vous faut pour atteindre vos buts.<\/p>\n","protected":false},"author":2,"featured_media":9339,"parent":10952,"menu_order":7,"comment_status":"closed","ping_status":"closed","template":"","meta":{"_relevanssi_hide_post":"","_relevanssi_hide_content":"","_relevanssi_pin_for_all":"","_relevanssi_pin_keywords":"","_relevanssi_unpin_keywords":"","_relevanssi_related_keywords":"","_relevanssi_related_include_ids":"","_relevanssi_related_exclude_ids":"","_relevanssi_related_no_append":"","_relevanssi_related_not_related":"","_relevanssi_related_posts":"10545,10561,10568,10576,10577,10582","_relevanssi_noindex_reason":"","footnotes":""},"class_list":["post-10960","page","type-page","status-publish","has-post-thumbnail","hentry"],"yoast_head":"<!-- This site is optimized with the Yoast SEO Premium plugin v24.3 (Yoast SEO v25.8) - https:\/\/yoast.com\/wordpress\/plugins\/seo\/ -->\n<title>Entrepreneuriat ind\u00e9pendant - Welch LLP<\/title>\n<meta name=\"robots\" content=\"index, follow, max-snippet:-1, max-image-preview:large, max-video-preview:-1\" \/>\n<link rel=\"canonical\" href=\"https:\/\/welchllp.com\/fr\/secteurs-dactivites\/entrepreneuriat-independant\/\" \/>\n<meta property=\"og:locale\" content=\"fr_FR\" \/>\n<meta property=\"og:type\" content=\"article\" \/>\n<meta property=\"og:title\" content=\"Entrepreneuriat ind\u00e9pendant\" \/>\n<meta property=\"og:description\" content=\"Nous vous donnons les outils qu\u2019il vous faut pour atteindre vos buts.\" \/>\n<meta property=\"og:url\" content=\"https:\/\/welchllp.com\/fr\/secteurs-dactivites\/entrepreneuriat-independant\/\" \/>\n<meta property=\"og:site_name\" content=\"Welch LLP\" \/>\n<meta property=\"article:publisher\" content=\"https:\/\/www.facebook.com\/WelchLLP\/\" \/>\n<meta property=\"article:modified_time\" content=\"2025-05-07T13:55:06+00:00\" \/>\n<meta property=\"og:image\" content=\"https:\/\/welchllp.com\/wp-content\/uploads\/2022\/07\/industry-ind-con-hero.jpeg\" \/>\n\t<meta property=\"og:image:width\" content=\"1920\" \/>\n\t<meta property=\"og:image:height\" content=\"1281\" \/>\n\t<meta property=\"og:image:type\" content=\"image\/jpeg\" \/>\n<meta name=\"twitter:card\" content=\"summary_large_image\" \/>\n<meta name=\"twitter:site\" content=\"@welchllp\" \/>\n<meta name=\"twitter:label1\" content=\"Dur\u00e9e de lecture estim\u00e9e\" \/>\n\t<meta name=\"twitter:data1\" content=\"2 minutes\" \/>\n<script type=\"application\/ld+json\" class=\"yoast-schema-graph\">{\"@context\":\"https:\/\/schema.org\",\"@graph\":[{\"@type\":\"WebPage\",\"@id\":\"https:\/\/welchllp.com\/fr\/secteurs-dactivites\/entrepreneuriat-independant\/\",\"url\":\"https:\/\/welchllp.com\/fr\/secteurs-dactivites\/entrepreneuriat-independant\/\",\"name\":\"Entrepreneuriat ind\u00e9pendant - Welch LLP\",\"isPartOf\":{\"@id\":\"https:\/\/welchllp.com\/fr\/#website\"},\"primaryImageOfPage\":{\"@id\":\"https:\/\/welchllp.com\/fr\/secteurs-dactivites\/entrepreneuriat-independant\/#primaryimage\"},\"image\":{\"@id\":\"https:\/\/welchllp.com\/fr\/secteurs-dactivites\/entrepreneuriat-independant\/#primaryimage\"},\"thumbnailUrl\":\"https:\/\/welchllp.com\/wp-content\/uploads\/2022\/07\/industry-ind-con-hero.jpeg\",\"datePublished\":\"2022-05-30T21:36:26+00:00\",\"dateModified\":\"2025-05-07T13:55:06+00:00\",\"breadcrumb\":{\"@id\":\"https:\/\/welchllp.com\/fr\/secteurs-dactivites\/entrepreneuriat-independant\/#breadcrumb\"},\"inLanguage\":\"fr-FR\",\"potentialAction\":[{\"@type\":\"ReadAction\",\"target\":[\"https:\/\/welchllp.com\/fr\/secteurs-dactivites\/entrepreneuriat-independant\/\"]}]},{\"@type\":\"ImageObject\",\"inLanguage\":\"fr-FR\",\"@id\":\"https:\/\/welchllp.com\/fr\/secteurs-dactivites\/entrepreneuriat-independant\/#primaryimage\",\"url\":\"https:\/\/welchllp.com\/wp-content\/uploads\/2022\/07\/industry-ind-con-hero.jpeg\",\"contentUrl\":\"https:\/\/welchllp.com\/wp-content\/uploads\/2022\/07\/industry-ind-con-hero.jpeg\",\"width\":1920,\"height\":1281,\"caption\":\"Independent Contractors Accounting\"},{\"@type\":\"BreadcrumbList\",\"@id\":\"https:\/\/welchllp.com\/fr\/secteurs-dactivites\/entrepreneuriat-independant\/#breadcrumb\",\"itemListElement\":[{\"@type\":\"ListItem\",\"position\":1,\"name\":\"Home\",\"item\":\"https:\/\/welchllp.com\/fr\/\"},{\"@type\":\"ListItem\",\"position\":2,\"name\":\"Secteur d\u2019activit\u00e9\",\"item\":\"https:\/\/welchllp.com\/fr\/secteurs-dactivites\/\"},{\"@type\":\"ListItem\",\"position\":3,\"name\":\"Entrepreneuriat ind\u00e9pendant\"}]},{\"@type\":\"WebSite\",\"@id\":\"https:\/\/welchllp.com\/fr\/#website\",\"url\":\"https:\/\/welchllp.com\/fr\/\",\"name\":\"Welch LLP\",\"description\":\"Chartered Professional Accountants\",\"publisher\":{\"@id\":\"https:\/\/welchllp.com\/fr\/#organization\"},\"potentialAction\":[{\"@type\":\"SearchAction\",\"target\":{\"@type\":\"EntryPoint\",\"urlTemplate\":\"https:\/\/welchllp.com\/fr\/?s={search_term_string}\"},\"query-input\":{\"@type\":\"PropertyValueSpecification\",\"valueRequired\":true,\"valueName\":\"search_term_string\"}}],\"inLanguage\":\"fr-FR\"},{\"@type\":\"Organization\",\"@id\":\"https:\/\/welchllp.com\/fr\/#organization\",\"name\":\"Welch LLP\",\"url\":\"https:\/\/welchllp.com\/fr\/\",\"logo\":{\"@type\":\"ImageObject\",\"inLanguage\":\"fr-FR\",\"@id\":\"https:\/\/welchllp.com\/fr\/#\/schema\/logo\/image\/\",\"url\":\"https:\/\/welchllp.com\/wp-content\/uploads\/2016\/02\/WelchLLP_logo.png\",\"contentUrl\":\"https:\/\/welchllp.com\/wp-content\/uploads\/2016\/02\/WelchLLP_logo.png\",\"width\":707,\"height\":187,\"caption\":\"Welch LLP\"},\"image\":{\"@id\":\"https:\/\/welchllp.com\/fr\/#\/schema\/logo\/image\/\"},\"sameAs\":[\"https:\/\/www.facebook.com\/WelchLLP\/\",\"https:\/\/x.com\/welchllp\",\"https:\/\/www.linkedin.com\/company\/welchllp\",\"https:\/\/www.instagram.com\/welch_llp\/\"]}]}<\/script>\n<!-- \/ Yoast SEO Premium plugin. -->","yoast_head_json":{"title":"Entrepreneuriat ind\u00e9pendant - Welch LLP","robots":{"index":"index","follow":"follow","max-snippet":"max-snippet:-1","max-image-preview":"max-image-preview:large","max-video-preview":"max-video-preview:-1"},"canonical":"https:\/\/welchllp.com\/fr\/secteurs-dactivites\/entrepreneuriat-independant\/","og_locale":"fr_FR","og_type":"article","og_title":"Entrepreneuriat ind\u00e9pendant","og_description":"Nous vous donnons les outils qu\u2019il vous faut pour atteindre vos buts.","og_url":"https:\/\/welchllp.com\/fr\/secteurs-dactivites\/entrepreneuriat-independant\/","og_site_name":"Welch LLP","article_publisher":"https:\/\/www.facebook.com\/WelchLLP\/","article_modified_time":"2025-05-07T13:55:06+00:00","og_image":[{"width":1920,"height":1281,"url":"https:\/\/welchllp.com\/wp-content\/uploads\/2022\/07\/industry-ind-con-hero.jpeg","type":"image\/jpeg"}],"twitter_card":"summary_large_image","twitter_site":"@welchllp","twitter_misc":{"Dur\u00e9e de lecture estim\u00e9e":"2 minutes"},"schema":{"@context":"https:\/\/schema.org","@graph":[{"@type":"WebPage","@id":"https:\/\/welchllp.com\/fr\/secteurs-dactivites\/entrepreneuriat-independant\/","url":"https:\/\/welchllp.com\/fr\/secteurs-dactivites\/entrepreneuriat-independant\/","name":"Entrepreneuriat ind\u00e9pendant - Welch LLP","isPartOf":{"@id":"https:\/\/welchllp.com\/fr\/#website"},"primaryImageOfPage":{"@id":"https:\/\/welchllp.com\/fr\/secteurs-dactivites\/entrepreneuriat-independant\/#primaryimage"},"image":{"@id":"https:\/\/welchllp.com\/fr\/secteurs-dactivites\/entrepreneuriat-independant\/#primaryimage"},"thumbnailUrl":"https:\/\/welchllp.com\/wp-content\/uploads\/2022\/07\/industry-ind-con-hero.jpeg","datePublished":"2022-05-30T21:36:26+00:00","dateModified":"2025-05-07T13:55:06+00:00","breadcrumb":{"@id":"https:\/\/welchllp.com\/fr\/secteurs-dactivites\/entrepreneuriat-independant\/#breadcrumb"},"inLanguage":"fr-FR","potentialAction":[{"@type":"ReadAction","target":["https:\/\/welchllp.com\/fr\/secteurs-dactivites\/entrepreneuriat-independant\/"]}]},{"@type":"ImageObject","inLanguage":"fr-FR","@id":"https:\/\/welchllp.com\/fr\/secteurs-dactivites\/entrepreneuriat-independant\/#primaryimage","url":"https:\/\/welchllp.com\/wp-content\/uploads\/2022\/07\/industry-ind-con-hero.jpeg","contentUrl":"https:\/\/welchllp.com\/wp-content\/uploads\/2022\/07\/industry-ind-con-hero.jpeg","width":1920,"height":1281,"caption":"Independent Contractors Accounting"},{"@type":"BreadcrumbList","@id":"https:\/\/welchllp.com\/fr\/secteurs-dactivites\/entrepreneuriat-independant\/#breadcrumb","itemListElement":[{"@type":"ListItem","position":1,"name":"Home","item":"https:\/\/welchllp.com\/fr\/"},{"@type":"ListItem","position":2,"name":"Secteur d\u2019activit\u00e9","item":"https:\/\/welchllp.com\/fr\/secteurs-dactivites\/"},{"@type":"ListItem","position":3,"name":"Entrepreneuriat ind\u00e9pendant"}]},{"@type":"WebSite","@id":"https:\/\/welchllp.com\/fr\/#website","url":"https:\/\/welchllp.com\/fr\/","name":"Welch LLP","description":"Chartered Professional Accountants","publisher":{"@id":"https:\/\/welchllp.com\/fr\/#organization"},"potentialAction":[{"@type":"SearchAction","target":{"@type":"EntryPoint","urlTemplate":"https:\/\/welchllp.com\/fr\/?s={search_term_string}"},"query-input":{"@type":"PropertyValueSpecification","valueRequired":true,"valueName":"search_term_string"}}],"inLanguage":"fr-FR"},{"@type":"Organization","@id":"https:\/\/welchllp.com\/fr\/#organization","name":"Welch LLP","url":"https:\/\/welchllp.com\/fr\/","logo":{"@type":"ImageObject","inLanguage":"fr-FR","@id":"https:\/\/welchllp.com\/fr\/#\/schema\/logo\/image\/","url":"https:\/\/welchllp.com\/wp-content\/uploads\/2016\/02\/WelchLLP_logo.png","contentUrl":"https:\/\/welchllp.com\/wp-content\/uploads\/2016\/02\/WelchLLP_logo.png","width":707,"height":187,"caption":"Welch LLP"},"image":{"@id":"https:\/\/welchllp.com\/fr\/#\/schema\/logo\/image\/"},"sameAs":["https:\/\/www.facebook.com\/WelchLLP\/","https:\/\/x.com\/welchllp","https:\/\/www.linkedin.com\/company\/welchllp","https:\/\/www.instagram.com\/welch_llp\/"]}]}},"_links":{"self":[{"href":"https:\/\/welchllp.com\/fr\/wp-json\/wp\/v2\/pages\/10960","targetHints":{"allow":["GET"]}}],"collection":[{"href":"https:\/\/welchllp.com\/fr\/wp-json\/wp\/v2\/pages"}],"about":[{"href":"https:\/\/welchllp.com\/fr\/wp-json\/wp\/v2\/types\/page"}],"author":[{"embeddable":true,"href":"https:\/\/welchllp.com\/fr\/wp-json\/wp\/v2\/users\/2"}],"replies":[{"embeddable":true,"href":"https:\/\/welchllp.com\/fr\/wp-json\/wp\/v2\/comments?post=10960"}],"version-history":[{"count":0,"href":"https:\/\/welchllp.com\/fr\/wp-json\/wp\/v2\/pages\/10960\/revisions"}],"up":[{"embeddable":true,"href":"https:\/\/welchllp.com\/fr\/wp-json\/wp\/v2\/pages\/10952"}],"wp:featuredmedia":[{"embeddable":true,"href":"https:\/\/welchllp.com\/fr\/wp-json\/wp\/v2\/media\/9339"}],"wp:attachment":[{"href":"https:\/\/welchllp.com\/fr\/wp-json\/wp\/v2\/media?parent=10960"}],"curies":[{"name":"wp","href":"https:\/\/api.w.org\/{rel}","templated":true}]}}