{"id":11037,"date":"2022-05-30T17:36:26","date_gmt":"2022-05-30T21:36:26","guid":{"rendered":"https:\/\/welchllp.wpengine.com\/?page_id=11037"},"modified":"2026-03-30T09:57:45","modified_gmt":"2026-03-30T13:57:45","slug":"carrieres","status":"publish","type":"page","link":"https:\/\/welchllp.com\/fr\/carrieres\/","title":{"rendered":"Carri\u00e8res"},"content":{"rendered":"\n<div class=\"wp-block-cover alignfull is-light hero no-margin is-padded\"><span aria-hidden=\"true\" class=\"wp-block-cover__background has-white-background-color has-background-dim-100 has-background-dim\"><\/span><div class=\"wp-block-cover__inner-container is-layout-flow wp-block-cover-is-layout-flow\"><h1 class=\"large two-third-container wp-block-post-title\">Carri\u00e8res<\/h1>\n\n\n<p class=\"narrow-container left-aligned has-dark-grey-color has-text-color has-regular-font-size\">Chez Welch, nous allons au-del\u00e0 pour notre client\u00e8le, notre personnel et la collectivit\u00e9, pour aider \u00e0 chacun \u00e0 se surpasser.<\/p>\n<\/div><\/div>\n\n\n\n<div class=\"wp-block-group alignfull no-margin less-padding even-less has-grey-background-color has-background\"><div class=\"wp-block-group__inner-container is-layout-flow wp-block-group-is-layout-flow\">\n<div class=\"wp-block-group no-margin\"><div class=\"wp-block-group__inner-container is-layout-flow wp-block-group-is-layout-flow\">\n<form action=\"https:\/\/welchllp.com\/careers\/current-opportunities\/\" method=\"GET\" class=\"career-form\">\n\t<div class=\"fields\">\n\t\t<div class=\"dropdown field\">\n\t\t\t<select name=\"location\">\n\t\t\t\t<option value=\"\">Choisissez une location<\/option>\n\n\t\t\t\t\t\t\t\t\t<option value=\"belleville\">Belleville<\/option>\n\t\t\t\t\t\t\t\t\t<option value=\"campbellford\">Campbellford<\/option>\n\t\t\t\t\t\t\t\t\t<option value=\"cornwall\">Cornwall<\/option>\n\t\t\t\t\t\t\t\t\t<option value=\"l%c3%a9vesque-marchand-welch-sencrl\">L\u00e9vesque Marchand Welch SENCRL<\/option>\n\t\t\t\t\t\t\t\t\t<option value=\"napanee\">Napanee<\/option>\n\t\t\t\t\t\t\t\t\t<option value=\"ottawa\">Ottawa<\/option>\n\t\t\t\t\t\t\t\t\t<option value=\"pembroke\">Pembroke<\/option>\n\t\t\t\t\t\t\t\t\t<option value=\"picton\">Picton<\/option>\n\t\t\t\t\t\t\t\t\t<option value=\"renfrew\">Renfrew<\/option>\n\t\t\t\t\t\t\t\t\t<option value=\"toronto\">Toronto<\/option>\n\t\t\t\t\t\t\t\t\t<option value=\"trenton\">Trenton<\/option>\n\t\t\t\t\t\t\t\t\t<option value=\"tweed\">Tweed<\/option>\n\t\t\t\t\t\t\t<\/select>\n\t\t<\/div>\n\n\t\t<div class=\"dropdown field\">\n\t\t\t<select name=\"department\">\n\t\t\t\t<option value=\"\">Choisissez un d\u00e9partement<\/option>\n\n\t\t\t\t\t\t\t<\/select>\n\t\t<\/div>\n\n\n\t\t<div class=\"wp-block-buttons\">\n\t\t\t<div class=\"wp-block-button is-style-outline\">\n\t\t\t\t<input type=\"submit\" class=\"wp-block-button__link button has-white-color\" value=\"Recherche d\u2019emplois\"\/>\n\t\t\t<\/div>\n\t\t<\/div>\n\t<\/div>\n<\/form>\n\n<\/div><\/div>\n<\/div><\/div>\n\n\n\n<div class=\"wp-block-group alignfull no-padding no-margin\"><div class=\"wp-block-group__inner-container is-layout-flow wp-block-group-is-layout-flow\">\n<div class=\"wp-block-media-text has-media-on-the-right is-stacked-on-mobile is-image-fill-element alignwide is-image-fill no-margin has-white-color has-off-white-background-color has-text-color has-background\" style=\"grid-template-columns:auto 33%\"><div class=\"wp-block-media-text__content\">\n<div class=\"wp-block-group is-padded\"><div class=\"wp-block-group__inner-container is-layout-flow wp-block-group-is-layout-flow\">\n<p class=\"has-grey-color has-text-color has-lead-font-size\">Que vous soyez en d\u00e9but de carri\u00e8re ou au sommet de votre art, nous vous aiderons \u00e0 faire avancer votre carri\u00e8re, vous appuierons dans votre r\u00e9ussite et vous offrirons des d\u00e9fis \u00e0 votre hauteur. Chez Welch, personne n\u2019est trait\u00e9 comme un num\u00e9ro. Chaque contribution est pr\u00e9cieuse, et notre grande \u00e9quipe vous \u00e9paulera sur la route du succ\u00e8s.<\/p>\n<\/div><\/div>\n<\/div><figure class=\"wp-block-media-text__media\"><img loading=\"lazy\" decoding=\"async\" width=\"1024\" height=\"576\" src=\"https:\/\/welchllp.com\/wp-content\/uploads\/2026\/03\/Career-Opening-Image-1024x576.jpg\" alt=\"\" class=\"wp-image-19322 size-full\" style=\"object-position:50% 50%\" srcset=\"https:\/\/welchllp.com\/wp-content\/uploads\/2026\/03\/Career-Opening-Image-1024x576.jpg 1024w, https:\/\/welchllp.com\/wp-content\/uploads\/2026\/03\/Career-Opening-Image-300x169.jpg 300w, https:\/\/welchllp.com\/wp-content\/uploads\/2026\/03\/Career-Opening-Image-768x432.jpg 768w, https:\/\/welchllp.com\/wp-content\/uploads\/2026\/03\/Career-Opening-Image-1536x864.jpg 1536w, https:\/\/welchllp.com\/wp-content\/uploads\/2026\/03\/Career-Opening-Image.jpg 1920w\" sizes=\"auto, (max-width: 1024px) 100vw, 1024px\" \/><\/figure><\/div>\n<\/div><\/div>\n\n\n\n<div class=\"wp-block-group alignfull bottom-border\"><div class=\"wp-block-group__inner-container is-layout-flow wp-block-group-is-layout-flow\">\n<div class=\"wp-block-group is-padded no-margin\"><div class=\"wp-block-group__inner-container is-layout-flow wp-block-group-is-layout-flow\">\n<h2 class=\"wp-block-heading has-text-align-center is-style-eyebrow has-grey-color has-text-color\" id=\"h-why-choose-welch-llp\">WHY CHOOSE WELCH LLP?<\/h2>\n\n\n\n<figure class=\"wp-block-embed is-type-video is-provider-youtube wp-block-embed-youtube wp-embed-aspect-16-9 wp-has-aspect-ratio\"><div class=\"wp-block-embed__wrapper\">\n<iframe loading=\"lazy\" title=\"Why Choose Welch LLP?\" width=\"500\" height=\"281\" src=\"https:\/\/www.youtube.com\/embed\/Fn1oFaKNErw?feature=oembed\" frameborder=\"0\" allow=\"accelerometer; autoplay; clipboard-write; encrypted-media; gyroscope; picture-in-picture; web-share\" referrerpolicy=\"strict-origin-when-cross-origin\" allowfullscreen><\/iframe>\n<\/div><\/figure>\n\n\n\n<p class=\"has-text-align-center has-grey-color has-text-color has-small-font-size\">Discover what life is like at Welch LLP<\/p>\n<\/div><\/div>\n<\/div><\/div>\n\n\n\n<div class=\"wp-block-group alignfull\"><div class=\"wp-block-group__inner-container is-layout-flow wp-block-group-is-layout-flow\">\n<div class=\"wp-block-group\"><div class=\"wp-block-group__inner-container is-layout-flow wp-block-group-is-layout-flow\">\n<div class=\"wp-block-media-text alignwide is-stacked-on-mobile is-image-fill child-page fifty-fifty no-padding  page-id-11038\">\n\t<figure class=\"wp-block-media-text__media\" style=\"background-image:url(https:\/\/welchllp.com\/wp-content\/uploads\/2025\/01\/current-opps-2.jpg);background-position:50% 50%\">\n\t\t<img loading=\"lazy\" decoding=\"async\" width=\"1024\" height=\"576\" src=\"https:\/\/welchllp.com\/wp-content\/uploads\/2025\/01\/current-opps-2-1024x576.jpg\" class=\"attachment-large size-large wp-post-image\" alt=\"\" srcset=\"https:\/\/welchllp.com\/wp-content\/uploads\/2025\/01\/current-opps-2-1024x576.jpg 1024w, https:\/\/welchllp.com\/wp-content\/uploads\/2025\/01\/current-opps-2-300x169.jpg 300w, https:\/\/welchllp.com\/wp-content\/uploads\/2025\/01\/current-opps-2-768x432.jpg 768w, https:\/\/welchllp.com\/wp-content\/uploads\/2025\/01\/current-opps-2-1536x864.jpg 1536w, https:\/\/welchllp.com\/wp-content\/uploads\/2025\/01\/current-opps-2.jpg 1920w\" sizes=\"auto, (max-width: 1024px) 100vw, 1024px\" \/>\t<\/figure>\n\t<div class=\"wp-block-media-text__content\">\n\t\t<div class=\"wp-container-26 wp-block-group content-box\">\n\t\t\t<div class=\"wp-block-group__inner-container\">\n\t\t\t\t<h2 class=\"has-dark-grey-color has-text-color\">Postes \u00e0 pourvoir<\/h2>\n\t\t\t\t<p>Qui ne r\u00eave pas de travailler avec des coll\u00e8gues fantastiques, pour une client\u00e8le vari\u00e9e et dans un cabinet o\u00f9 les chances d\u2019avancement abondent? Chez Welch, chaque jour est certes diff\u00e9rent, mais une chose est garantie : notre personnel est notre meilleur atout et nous mettrons tout en \u0153uvre pour vous aider \u00e0 r\u00e9aliser votre plein potentiel <\/p>\n\t\t\t\t<div class=\"wp-block-buttons\">\n\t\t\t\t\t<div class=\"wp-block-button is-style-outline\"><a class=\"wp-block-button__link has-welch-green-color has-text-color\" href=\"https:\/\/welchllp.com\/fr\/carrieres\/postes-a-pourvoir\/\">En savoir plus<\/a><\/div>\n\t\t\t\t<\/div>\n\t\t\t<\/div>\n\t\t<\/div>\n\t<\/div>\n<\/div>\n\n<\/div><\/div>\n<\/div><\/div>\n\n\n\n<div class=\"wp-block-group alignfull has-off-white-background-color has-background\"><div class=\"wp-block-group__inner-container is-layout-flow wp-block-group-is-layout-flow\">\n<div class=\"wp-block-group alignwide no-margin\"><div class=\"wp-block-group__inner-container is-layout-flow wp-block-group-is-layout-flow\">\n<h2 class=\"wp-block-heading has-text-align-center half-margin\" id=\"h-plus-qu-une-carriere\">Plus qu\u2019une carri\u00e8re<\/h2>\n\n\n\n<div class=\"wp-block-columns alignwide icons half-margin is-layout-flex wp-container-core-columns-is-layout-1 wp-block-columns-is-layout-flex\">\n<div class=\"wp-block-column is-layout-flow wp-block-column-is-layout-flow\">\n<i class=\"fal fa-check-circle\"><\/i>\n\n\n\n<h4 class=\"wp-block-heading has-text-align-left\" id=\"h-remuneration-et-avantages-sociaux-concurrentiels\">R\u00e9mun\u00e9ration et avantages sociaux concurrentiels<\/h4>\n\n\n\n<p class=\"has-small-font-size\">Nous offrons des salaires et un r\u00e9gime d\u2019avantages sociaux concurrentiels, y compris des cong\u00e9s pay\u00e9s; une assurance-soins de sant\u00e9; une assurance vie; un r\u00e9gime d\u2019assurance dentaire et de soins de la vue; un compl\u00e9ment aux prestations de maternit\u00e9; et une journ\u00e9e pay\u00e9e pour faire du b\u00e9n\u00e9volat. Nous r\u00e9compensons aussi nos \u00e9quipes pour leurs r\u00e9alisations exceptionnelles en offrant des primes au rendement et divers avantages indirects.<\/p>\n<\/div>\n\n\n\n<div class=\"wp-block-column is-layout-flow wp-block-column-is-layout-flow\">\n<i class=\"fal fa-users\"><\/i>\n\n\n\n<h4 class=\"wp-block-heading has-text-align-left\" id=\"h-esprit-d-equipe\">Esprit d\u2019\u00e9quipe<\/h4>\n\n\n\n<p class=\"has-small-font-size\">L\u2019atmosph\u00e8re qui r\u00e8gne \u00e0 notre cabinet est celle de l\u2019esprit d\u2019\u00e9quipe. Tout au long de l\u2019ann\u00e9e, nous organisons des activit\u00e9s de b\u00e9n\u00e9volat, ou sportives, ainsi que des r\u00e9ceptions annuelles. Notre agenda bien rempli procure \u00e0 tout le cabinet la chance de s\u2019amuser, de faire connaissance et de se r\u00e9compenser d\u2019avoir bien travaill\u00e9.<\/p>\n<\/div>\n\n\n\n<div class=\"wp-block-column is-layout-flow wp-block-column-is-layout-flow\">\n<i class=\"fal fa-university\"><\/i>\n\n\n\n<h4 class=\"wp-block-heading has-text-align-left\" id=\"h-perfectionnement-professionnel\">Perfectionnement professionnel<\/h4>\n\n\n\n<p class=\"has-small-font-size\">Pour les personnes qui voient loin, le perfectionnement professionnel et la formation continue sont les cl\u00e9s du succ\u00e8s.  \u00c0 cet \u00e9gard, nous encourageons chaque membre de nos effectifs \u00e0 prendre des initiatives, soit en suivant les cours d\u2019APEX, notre programme de formation de la prochaine g\u00e9n\u00e9ration, soit en suivant des cours \u00e0 l\u2019ext\u00e9rieur ou en participant \u00e0 des congr\u00e8s.<\/p>\n<\/div>\n<\/div>\n\n\n\n<div class=\"wp-block-columns alignwide icons no-margin is-layout-flex wp-container-core-columns-is-layout-2 wp-block-columns-is-layout-flex\">\n<div class=\"wp-block-column is-layout-flow wp-block-column-is-layout-flow\">\n<i class=\"fal fa-puzzle-piece\"><\/i>\n\n\n\n<h4 class=\"wp-block-heading has-text-align-left\" id=\"h-gestion-de-l-image-de-marque\">Gestion de l\u2019image de marque<\/h4>\n\n\n\n<p class=\"has-small-font-size\">Votre image marque est aussi importante pour nous qu\u2019elle l\u2019est pour vous. Voil\u00e0 pourquoi nous contribuons au rayonnement professionnel des gens qui travaillent chez nous en les pr\u00e9sentant comme des sp\u00e9cialistes dans leur domaine. Nous am\u00e9liorerons votre profil LinkedIn et vos autres profils dans les m\u00e9dias sociaux; vous ferons inviter \u00e0 donner des expos\u00e9s; et organiserons votre participation \u00e0 des activit\u00e9s communautaires d\u2019importance. Nous vous donnerons de la visibilit\u00e9!<\/p>\n<\/div>\n\n\n\n<div class=\"wp-block-column is-layout-flow wp-block-column-is-layout-flow\">\n<i class=\"fal fa-chalkboard-teacher\"><\/i>\n\n\n\n<h4 class=\"wp-block-heading has-text-align-left\" id=\"h-mentorat\">Mentorat<\/h4>\n\n\n\n<p class=\"has-small-font-size\">Le meilleur moyen d\u2019apprendre n\u2019est-il pas de suivre les conseils d\u2019une personne qui a d\u00e9j\u00e0 connu notre r\u00e9alit\u00e9? Le programme de mentorat de Welch vous aidera \u00e0 atteindre vos objectifs et \u00e0 planifier votre avenir en vous procurant les conseils inestimables de vos coll\u00e8gues de grande exp\u00e9rience.<\/p>\n<\/div>\n\n\n\n<div class=\"wp-block-column is-layout-flow wp-block-column-is-layout-flow\">\n<i class=\"fal fa-graduation-cap\"><\/i>\n\n\n\n<h4 class=\"wp-block-heading has-text-align-left\" id=\"h-programme-apex\">Programme APEX<\/h4>\n\n\n\n<p class=\"has-small-font-size\">APEX est notre propre \u00ab universit\u00e9 \u00bb. Il s\u2019agit d\u2019un programme d\u2019apprentissage structur\u00e9, con\u00e7u pour les membres exp\u00e9riment\u00e9s, r\u00e9cemment dipl\u00f4m\u00e9s ou stagiaires de nos \u00e9quipes professionnelles. La formation se divisent en six volets, entre lesquels sont r\u00e9partis les sujets suivants : comptabilit\u00e9 et assurance; fiscalit\u00e9; technologies; leadeurship et communications; sens des affaires; prospection et r\u00e9seautage; sant\u00e9 et bien\u00eatre; et mentorat.<\/p>\n<\/div>\n<\/div>\n<\/div><\/div>\n<\/div><\/div>\n\n\n\n<div class=\"wp-block-group alignwide child-pages child-pages-remove-first\"><div class=\"wp-block-group__inner-container is-layout-flow wp-block-group-is-layout-flow\">\n<\/div><\/div>\n\n\n\n<div class=\"wp-block-cover alignfull final-cover no-margin\"><span aria-hidden=\"true\" class=\"wp-block-cover__background has-welch-green-background-color has-background-dim-100 has-background-dim\"><\/span><div class=\"wp-block-cover__inner-container is-layout-flow wp-block-cover-is-layout-flow\">\n<div class=\"wp-block-group narrower-container no-margin\"><div class=\"wp-block-group__inner-container is-layout-flow wp-block-group-is-layout-flow\">\n<h2 class=\"has-text-align-center wp-block-heading\">Nos sp\u00e9cialistes n\u2019attendent que vous<\/h2>\n\n\n\n<p class=\"has-text-align-center\">Communiquez avec nous. Faites-nous part de vos besoins et nous assignerons \u00e0 votre organisation une personne sp\u00e9cialis\u00e9e dans votre secteur d\u2019activit\u00e9.<\/p>\n\n\n\n<div class=\"wp-block-buttons is-layout-flex wp-block-buttons-is-layout-flex\">\n<div class=\"wp-block-button aligncenter is-style-outline is-style-outline--1\"><a class=\"wp-block-button__link has-white-color has-text-color\" href=\"https:\/\/welchllp.com\/fr\/adresses\/#GeneralEnquiries\">Faites-le aujourd\u2019hui<\/a><\/div>\n<\/div>\n<\/div><\/div>\n<\/div><\/div>\n","protected":false},"excerpt":{"rendered":"<p>Que vous soyez en d\u00e9but de carri\u00e8re ou au sommet de votre art, nous vous aiderons \u00e0 faire avancer votre [&hellip;]<\/p>\n","protected":false},"author":2,"featured_media":0,"parent":0,"menu_order":4,"comment_status":"closed","ping_status":"closed","template":"","meta":{"_relevanssi_hide_post":"","_relevanssi_hide_content":"","_relevanssi_pin_for_all":"","_relevanssi_pin_keywords":"","_relevanssi_unpin_keywords":"","_relevanssi_related_keywords":"","_relevanssi_related_include_ids":"","_relevanssi_related_exclude_ids":"","_relevanssi_related_no_append":"","_relevanssi_related_not_related":"","_relevanssi_related_posts":"10553,10543,10544,10545,10546,10547","_relevanssi_noindex_reason":"","footnotes":""},"class_list":["post-11037","page","type-page","status-publish","hentry"],"yoast_head":"<!-- This site is optimized with the Yoast SEO Premium plugin v24.3 (Yoast SEO v25.8) - https:\/\/yoast.com\/wordpress\/plugins\/seo\/ -->\n<title>Carri\u00e8res - Welch LLP<\/title>\n<meta name=\"robots\" content=\"index, follow, max-snippet:-1, max-image-preview:large, max-video-preview:-1\" \/>\n<link rel=\"canonical\" href=\"https:\/\/welchllp.com\/fr\/carrieres\/\" \/>\n<meta property=\"og:locale\" content=\"fr_FR\" \/>\n<meta property=\"og:type\" content=\"article\" \/>\n<meta property=\"og:title\" content=\"Carri\u00e8res\" \/>\n<meta property=\"og:description\" content=\"Que vous soyez en d\u00e9but de carri\u00e8re ou au sommet de votre art, nous vous aiderons \u00e0 faire avancer votre [&hellip;]\" \/>\n<meta property=\"og:url\" content=\"https:\/\/welchllp.com\/fr\/carrieres\/\" \/>\n<meta property=\"og:site_name\" content=\"Welch LLP\" \/>\n<meta property=\"article:publisher\" content=\"https:\/\/www.facebook.com\/WelchLLP\/\" \/>\n<meta property=\"article:modified_time\" content=\"2026-03-30T13:57:45+00:00\" \/>\n<meta property=\"og:image\" content=\"https:\/\/welchllp.com\/wp-content\/uploads\/2026\/03\/Career-Opening-Image.jpg\" \/>\n\t<meta property=\"og:image:width\" content=\"1920\" \/>\n\t<meta property=\"og:image:height\" content=\"1080\" \/>\n\t<meta property=\"og:image:type\" content=\"image\/jpeg\" \/>\n<meta name=\"twitter:card\" content=\"summary_large_image\" \/>\n<meta name=\"twitter:site\" content=\"@welchllp\" \/>\n<meta name=\"twitter:label1\" content=\"Dur\u00e9e de lecture estim\u00e9e\" \/>\n\t<meta name=\"twitter:data1\" content=\"3 minutes\" \/>\n<script type=\"application\/ld+json\" class=\"yoast-schema-graph\">{\"@context\":\"https:\/\/schema.org\",\"@graph\":[{\"@type\":\"WebPage\",\"@id\":\"https:\/\/welchllp.com\/fr\/carrieres\/\",\"url\":\"https:\/\/welchllp.com\/fr\/carrieres\/\",\"name\":\"Carri\u00e8res - Welch LLP\",\"isPartOf\":{\"@id\":\"https:\/\/welchllp.com\/fr\/#website\"},\"primaryImageOfPage\":{\"@id\":\"https:\/\/welchllp.com\/fr\/carrieres\/#primaryimage\"},\"image\":{\"@id\":\"https:\/\/welchllp.com\/fr\/carrieres\/#primaryimage\"},\"thumbnailUrl\":\"https:\/\/welchllp.com\/wp-content\/uploads\/2026\/03\/Career-Opening-Image-1024x576.jpg\",\"datePublished\":\"2022-05-30T21:36:26+00:00\",\"dateModified\":\"2026-03-30T13:57:45+00:00\",\"breadcrumb\":{\"@id\":\"https:\/\/welchllp.com\/fr\/carrieres\/#breadcrumb\"},\"inLanguage\":\"fr-FR\",\"potentialAction\":[{\"@type\":\"ReadAction\",\"target\":[\"https:\/\/welchllp.com\/fr\/carrieres\/\"]}]},{\"@type\":\"ImageObject\",\"inLanguage\":\"fr-FR\",\"@id\":\"https:\/\/welchllp.com\/fr\/carrieres\/#primaryimage\",\"url\":\"https:\/\/welchllp.com\/wp-content\/uploads\/2026\/03\/Career-Opening-Image-1024x576.jpg\",\"contentUrl\":\"https:\/\/welchllp.com\/wp-content\/uploads\/2026\/03\/Career-Opening-Image-1024x576.jpg\"},{\"@type\":\"BreadcrumbList\",\"@id\":\"https:\/\/welchllp.com\/fr\/carrieres\/#breadcrumb\",\"itemListElement\":[{\"@type\":\"ListItem\",\"position\":1,\"name\":\"Home\",\"item\":\"https:\/\/welchllp.com\/fr\/\"},{\"@type\":\"ListItem\",\"position\":2,\"name\":\"Carri\u00e8res\"}]},{\"@type\":\"WebSite\",\"@id\":\"https:\/\/welchllp.com\/fr\/#website\",\"url\":\"https:\/\/welchllp.com\/fr\/\",\"name\":\"Welch LLP\",\"description\":\"Chartered Professional Accountants\",\"publisher\":{\"@id\":\"https:\/\/welchllp.com\/fr\/#organization\"},\"potentialAction\":[{\"@type\":\"SearchAction\",\"target\":{\"@type\":\"EntryPoint\",\"urlTemplate\":\"https:\/\/welchllp.com\/fr\/?s={search_term_string}\"},\"query-input\":{\"@type\":\"PropertyValueSpecification\",\"valueRequired\":true,\"valueName\":\"search_term_string\"}}],\"inLanguage\":\"fr-FR\"},{\"@type\":\"Organization\",\"@id\":\"https:\/\/welchllp.com\/fr\/#organization\",\"name\":\"Welch LLP\",\"url\":\"https:\/\/welchllp.com\/fr\/\",\"logo\":{\"@type\":\"ImageObject\",\"inLanguage\":\"fr-FR\",\"@id\":\"https:\/\/welchllp.com\/fr\/#\/schema\/logo\/image\/\",\"url\":\"https:\/\/welchllp.com\/wp-content\/uploads\/2016\/02\/WelchLLP_logo.png\",\"contentUrl\":\"https:\/\/welchllp.com\/wp-content\/uploads\/2016\/02\/WelchLLP_logo.png\",\"width\":707,\"height\":187,\"caption\":\"Welch LLP\"},\"image\":{\"@id\":\"https:\/\/welchllp.com\/fr\/#\/schema\/logo\/image\/\"},\"sameAs\":[\"https:\/\/www.facebook.com\/WelchLLP\/\",\"https:\/\/x.com\/welchllp\",\"https:\/\/www.linkedin.com\/company\/welchllp\",\"https:\/\/www.instagram.com\/welch_llp\/\"]}]}<\/script>\n<!-- \/ Yoast SEO Premium plugin. -->","yoast_head_json":{"title":"Carri\u00e8res - Welch LLP","robots":{"index":"index","follow":"follow","max-snippet":"max-snippet:-1","max-image-preview":"max-image-preview:large","max-video-preview":"max-video-preview:-1"},"canonical":"https:\/\/welchllp.com\/fr\/carrieres\/","og_locale":"fr_FR","og_type":"article","og_title":"Carri\u00e8res","og_description":"Que vous soyez en d\u00e9but de carri\u00e8re ou au sommet de votre art, nous vous aiderons \u00e0 faire avancer votre [&hellip;]","og_url":"https:\/\/welchllp.com\/fr\/carrieres\/","og_site_name":"Welch LLP","article_publisher":"https:\/\/www.facebook.com\/WelchLLP\/","article_modified_time":"2026-03-30T13:57:45+00:00","og_image":[{"width":1920,"height":1080,"url":"https:\/\/welchllp.com\/wp-content\/uploads\/2026\/03\/Career-Opening-Image.jpg","type":"image\/jpeg"}],"twitter_card":"summary_large_image","twitter_site":"@welchllp","twitter_misc":{"Dur\u00e9e de lecture estim\u00e9e":"3 minutes"},"schema":{"@context":"https:\/\/schema.org","@graph":[{"@type":"WebPage","@id":"https:\/\/welchllp.com\/fr\/carrieres\/","url":"https:\/\/welchllp.com\/fr\/carrieres\/","name":"Carri\u00e8res - Welch LLP","isPartOf":{"@id":"https:\/\/welchllp.com\/fr\/#website"},"primaryImageOfPage":{"@id":"https:\/\/welchllp.com\/fr\/carrieres\/#primaryimage"},"image":{"@id":"https:\/\/welchllp.com\/fr\/carrieres\/#primaryimage"},"thumbnailUrl":"https:\/\/welchllp.com\/wp-content\/uploads\/2026\/03\/Career-Opening-Image-1024x576.jpg","datePublished":"2022-05-30T21:36:26+00:00","dateModified":"2026-03-30T13:57:45+00:00","breadcrumb":{"@id":"https:\/\/welchllp.com\/fr\/carrieres\/#breadcrumb"},"inLanguage":"fr-FR","potentialAction":[{"@type":"ReadAction","target":["https:\/\/welchllp.com\/fr\/carrieres\/"]}]},{"@type":"ImageObject","inLanguage":"fr-FR","@id":"https:\/\/welchllp.com\/fr\/carrieres\/#primaryimage","url":"https:\/\/welchllp.com\/wp-content\/uploads\/2026\/03\/Career-Opening-Image-1024x576.jpg","contentUrl":"https:\/\/welchllp.com\/wp-content\/uploads\/2026\/03\/Career-Opening-Image-1024x576.jpg"},{"@type":"BreadcrumbList","@id":"https:\/\/welchllp.com\/fr\/carrieres\/#breadcrumb","itemListElement":[{"@type":"ListItem","position":1,"name":"Home","item":"https:\/\/welchllp.com\/fr\/"},{"@type":"ListItem","position":2,"name":"Carri\u00e8res"}]},{"@type":"WebSite","@id":"https:\/\/welchllp.com\/fr\/#website","url":"https:\/\/welchllp.com\/fr\/","name":"Welch LLP","description":"Chartered Professional Accountants","publisher":{"@id":"https:\/\/welchllp.com\/fr\/#organization"},"potentialAction":[{"@type":"SearchAction","target":{"@type":"EntryPoint","urlTemplate":"https:\/\/welchllp.com\/fr\/?s={search_term_string}"},"query-input":{"@type":"PropertyValueSpecification","valueRequired":true,"valueName":"search_term_string"}}],"inLanguage":"fr-FR"},{"@type":"Organization","@id":"https:\/\/welchllp.com\/fr\/#organization","name":"Welch LLP","url":"https:\/\/welchllp.com\/fr\/","logo":{"@type":"ImageObject","inLanguage":"fr-FR","@id":"https:\/\/welchllp.com\/fr\/#\/schema\/logo\/image\/","url":"https:\/\/welchllp.com\/wp-content\/uploads\/2016\/02\/WelchLLP_logo.png","contentUrl":"https:\/\/welchllp.com\/wp-content\/uploads\/2016\/02\/WelchLLP_logo.png","width":707,"height":187,"caption":"Welch LLP"},"image":{"@id":"https:\/\/welchllp.com\/fr\/#\/schema\/logo\/image\/"},"sameAs":["https:\/\/www.facebook.com\/WelchLLP\/","https:\/\/x.com\/welchllp","https:\/\/www.linkedin.com\/company\/welchllp","https:\/\/www.instagram.com\/welch_llp\/"]}]}},"_links":{"self":[{"href":"https:\/\/welchllp.com\/fr\/wp-json\/wp\/v2\/pages\/11037","targetHints":{"allow":["GET"]}}],"collection":[{"href":"https:\/\/welchllp.com\/fr\/wp-json\/wp\/v2\/pages"}],"about":[{"href":"https:\/\/welchllp.com\/fr\/wp-json\/wp\/v2\/types\/page"}],"author":[{"embeddable":true,"href":"https:\/\/welchllp.com\/fr\/wp-json\/wp\/v2\/users\/2"}],"replies":[{"embeddable":true,"href":"https:\/\/welchllp.com\/fr\/wp-json\/wp\/v2\/comments?post=11037"}],"version-history":[{"count":4,"href":"https:\/\/welchllp.com\/fr\/wp-json\/wp\/v2\/pages\/11037\/revisions"}],"predecessor-version":[{"id":19351,"href":"https:\/\/welchllp.com\/fr\/wp-json\/wp\/v2\/pages\/11037\/revisions\/19351"}],"wp:attachment":[{"href":"https:\/\/welchllp.com\/fr\/wp-json\/wp\/v2\/media?parent=11037"}],"curies":[{"name":"wp","href":"https:\/\/api.w.org\/{rel}","templated":true}]}}