{"id":11038,"date":"2022-05-30T17:36:26","date_gmt":"2022-05-30T21:36:26","guid":{"rendered":"https:\/\/welchllp.wpengine.com\/?page_id=11038"},"modified":"2026-03-18T13:20:28","modified_gmt":"2026-03-18T17:20:28","slug":"postes-a-pourvoir","status":"publish","type":"page","link":"https:\/\/welchllp.com\/fr\/carrieres\/postes-a-pourvoir\/","title":{"rendered":"Postes \u00e0 pourvoir"},"content":{"rendered":"\n<div class=\"wp-block-cover alignfull is-light hero no-margin is-padded\"><span aria-hidden=\"true\" class=\"wp-block-cover__background has-white-background-color has-background-dim-100 has-background-dim\"><\/span><div class=\"wp-block-cover__inner-container is-layout-flow wp-block-cover-is-layout-flow\">\n\n<span class=\"breadcrumbs\">\n            <span class=\"eyebrow crumb\"><a href=\"https:\/\/welchllp.com\/fr\/carrieres\/\">Carri\u00e8res<\/a><\/span>\n    <\/span>\n\n\n<h1 class=\"large two-third-container wp-block-post-title\">Postes \u00e0 pourvoir<\/h1>\n\n\n<p class=\"narrow-container left-aligned has-dark-grey-color has-text-color has-regular-font-size\">Vous avez d\u00e9cid\u00e9 que Welch LLP \u00e9tait l\u2019endroit parfait pour vous? Communiquez avec nous! Nous offrons aussi aux stagiaires et aux personnes r\u00e9cemment dipl\u00f4m\u00e9es de belles avenues de carri\u00e8re. Voyez par vous-m\u00eame, \u00e0 la page de la <a href=\"https:\/\/welchllp.com\/fr\/carrieres\/communaute-etudiante\/\">communaut\u00e9 \u00e9tudiante<\/a>.<\/p>\n<\/div><\/div>\n","protected":false},"excerpt":{"rendered":"<p>Qui ne r\u00eave pas de travailler avec des coll\u00e8gues fantastiques, pour une client\u00e8le vari\u00e9e et dans un cabinet o\u00f9 les chances d\u2019avancement abondent? Chez Welch, chaque jour est certes diff\u00e9rent, mais une chose est garantie : notre personnel est notre meilleur atout et nous mettrons tout en \u0153uvre pour vous aider \u00e0 r\u00e9aliser votre plein potentiel <\/p>\n","protected":false},"author":2,"featured_media":16446,"parent":11037,"menu_order":36,"comment_status":"closed","ping_status":"closed","template":"templates\/pages\/archive-jobs.php","meta":{"_relevanssi_hide_post":"","_relevanssi_hide_content":"","_relevanssi_pin_for_all":"","_relevanssi_pin_keywords":"","_relevanssi_unpin_keywords":"","_relevanssi_related_keywords":"","_relevanssi_related_include_ids":"","_relevanssi_related_exclude_ids":"","_relevanssi_related_no_append":"","_relevanssi_related_not_related":"","_relevanssi_related_posts":"11233,10543,10544,10545,10546,10547","_relevanssi_noindex_reason":"","footnotes":""},"class_list":["post-11038","page","type-page","status-publish","has-post-thumbnail","hentry"],"yoast_head":"<!-- This site is optimized with the Yoast SEO Premium plugin v24.3 (Yoast SEO v25.8) - https:\/\/yoast.com\/wordpress\/plugins\/seo\/ -->\n<title>Postes \u00e0 pourvoir - Welch LLP<\/title>\n<meta name=\"robots\" content=\"index, follow, max-snippet:-1, max-image-preview:large, max-video-preview:-1\" \/>\n<link rel=\"canonical\" href=\"https:\/\/welchllp.com\/fr\/carrieres\/postes-a-pourvoir\/\" \/>\n<meta property=\"og:locale\" content=\"fr_FR\" \/>\n<meta property=\"og:type\" content=\"article\" \/>\n<meta property=\"og:title\" content=\"Postes \u00e0 pourvoir\" \/>\n<meta property=\"og:description\" content=\"Qui ne r\u00eave pas de travailler avec des coll\u00e8gues fantastiques, pour une client\u00e8le vari\u00e9e et dans un cabinet o\u00f9 les chances d\u2019avancement abondent? Chez Welch, chaque jour est certes diff\u00e9rent, mais une chose est garantie : notre personnel est notre meilleur atout et nous mettrons tout en \u0153uvre pour vous aider \u00e0 r\u00e9aliser votre plein potentiel\" \/>\n<meta property=\"og:url\" content=\"https:\/\/welchllp.com\/fr\/carrieres\/postes-a-pourvoir\/\" \/>\n<meta property=\"og:site_name\" content=\"Welch LLP\" \/>\n<meta property=\"article:publisher\" content=\"https:\/\/www.facebook.com\/WelchLLP\/\" \/>\n<meta property=\"article:modified_time\" content=\"2026-03-18T17:20:28+00:00\" \/>\n<meta property=\"og:image\" content=\"https:\/\/welchllp.com\/wp-content\/uploads\/2025\/01\/current-opps-2.jpg\" \/>\n\t<meta property=\"og:image:width\" content=\"1920\" \/>\n\t<meta property=\"og:image:height\" content=\"1080\" \/>\n\t<meta property=\"og:image:type\" content=\"image\/jpeg\" \/>\n<meta name=\"twitter:card\" content=\"summary_large_image\" \/>\n<meta name=\"twitter:site\" content=\"@welchllp\" \/>\n<meta name=\"twitter:label1\" content=\"Dur\u00e9e de lecture estim\u00e9e\" \/>\n\t<meta name=\"twitter:data1\" content=\"1 minute\" \/>\n<script type=\"application\/ld+json\" class=\"yoast-schema-graph\">{\"@context\":\"https:\/\/schema.org\",\"@graph\":[{\"@type\":\"WebPage\",\"@id\":\"https:\/\/welchllp.com\/fr\/carrieres\/postes-a-pourvoir\/\",\"url\":\"https:\/\/welchllp.com\/fr\/carrieres\/postes-a-pourvoir\/\",\"name\":\"Postes \u00e0 pourvoir - Welch LLP\",\"isPartOf\":{\"@id\":\"https:\/\/welchllp.com\/fr\/#website\"},\"primaryImageOfPage\":{\"@id\":\"https:\/\/welchllp.com\/fr\/carrieres\/postes-a-pourvoir\/#primaryimage\"},\"image\":{\"@id\":\"https:\/\/welchllp.com\/fr\/carrieres\/postes-a-pourvoir\/#primaryimage\"},\"thumbnailUrl\":\"https:\/\/welchllp.com\/wp-content\/uploads\/2025\/01\/current-opps-2.jpg\",\"datePublished\":\"2022-05-30T21:36:26+00:00\",\"dateModified\":\"2026-03-18T17:20:28+00:00\",\"breadcrumb\":{\"@id\":\"https:\/\/welchllp.com\/fr\/carrieres\/postes-a-pourvoir\/#breadcrumb\"},\"inLanguage\":\"fr-FR\",\"potentialAction\":[{\"@type\":\"ReadAction\",\"target\":[\"https:\/\/welchllp.com\/fr\/carrieres\/postes-a-pourvoir\/\"]}]},{\"@type\":\"ImageObject\",\"inLanguage\":\"fr-FR\",\"@id\":\"https:\/\/welchllp.com\/fr\/carrieres\/postes-a-pourvoir\/#primaryimage\",\"url\":\"https:\/\/welchllp.com\/wp-content\/uploads\/2025\/01\/current-opps-2.jpg\",\"contentUrl\":\"https:\/\/welchllp.com\/wp-content\/uploads\/2025\/01\/current-opps-2.jpg\",\"width\":1920,\"height\":1080},{\"@type\":\"BreadcrumbList\",\"@id\":\"https:\/\/welchllp.com\/fr\/carrieres\/postes-a-pourvoir\/#breadcrumb\",\"itemListElement\":[{\"@type\":\"ListItem\",\"position\":1,\"name\":\"Home\",\"item\":\"https:\/\/welchllp.com\/fr\/\"},{\"@type\":\"ListItem\",\"position\":2,\"name\":\"Carri\u00e8res\",\"item\":\"https:\/\/welchllp.com\/fr\/carrieres\/\"},{\"@type\":\"ListItem\",\"position\":3,\"name\":\"Postes \u00e0 pourvoir\"}]},{\"@type\":\"WebSite\",\"@id\":\"https:\/\/welchllp.com\/fr\/#website\",\"url\":\"https:\/\/welchllp.com\/fr\/\",\"name\":\"Welch LLP\",\"description\":\"Chartered Professional Accountants\",\"publisher\":{\"@id\":\"https:\/\/welchllp.com\/fr\/#organization\"},\"potentialAction\":[{\"@type\":\"SearchAction\",\"target\":{\"@type\":\"EntryPoint\",\"urlTemplate\":\"https:\/\/welchllp.com\/fr\/?s={search_term_string}\"},\"query-input\":{\"@type\":\"PropertyValueSpecification\",\"valueRequired\":true,\"valueName\":\"search_term_string\"}}],\"inLanguage\":\"fr-FR\"},{\"@type\":\"Organization\",\"@id\":\"https:\/\/welchllp.com\/fr\/#organization\",\"name\":\"Welch LLP\",\"url\":\"https:\/\/welchllp.com\/fr\/\",\"logo\":{\"@type\":\"ImageObject\",\"inLanguage\":\"fr-FR\",\"@id\":\"https:\/\/welchllp.com\/fr\/#\/schema\/logo\/image\/\",\"url\":\"https:\/\/welchllp.com\/wp-content\/uploads\/2016\/02\/WelchLLP_logo.png\",\"contentUrl\":\"https:\/\/welchllp.com\/wp-content\/uploads\/2016\/02\/WelchLLP_logo.png\",\"width\":707,\"height\":187,\"caption\":\"Welch LLP\"},\"image\":{\"@id\":\"https:\/\/welchllp.com\/fr\/#\/schema\/logo\/image\/\"},\"sameAs\":[\"https:\/\/www.facebook.com\/WelchLLP\/\",\"https:\/\/x.com\/welchllp\",\"https:\/\/www.linkedin.com\/company\/welchllp\",\"https:\/\/www.instagram.com\/welch_llp\/\"]}]}<\/script>\n<!-- \/ Yoast SEO Premium plugin. -->","yoast_head_json":{"title":"Postes \u00e0 pourvoir - Welch LLP","robots":{"index":"index","follow":"follow","max-snippet":"max-snippet:-1","max-image-preview":"max-image-preview:large","max-video-preview":"max-video-preview:-1"},"canonical":"https:\/\/welchllp.com\/fr\/carrieres\/postes-a-pourvoir\/","og_locale":"fr_FR","og_type":"article","og_title":"Postes \u00e0 pourvoir","og_description":"Qui ne r\u00eave pas de travailler avec des coll\u00e8gues fantastiques, pour une client\u00e8le vari\u00e9e et dans un cabinet o\u00f9 les chances d\u2019avancement abondent? Chez Welch, chaque jour est certes diff\u00e9rent, mais une chose est garantie : notre personnel est notre meilleur atout et nous mettrons tout en \u0153uvre pour vous aider \u00e0 r\u00e9aliser votre plein potentiel","og_url":"https:\/\/welchllp.com\/fr\/carrieres\/postes-a-pourvoir\/","og_site_name":"Welch LLP","article_publisher":"https:\/\/www.facebook.com\/WelchLLP\/","article_modified_time":"2026-03-18T17:20:28+00:00","og_image":[{"width":1920,"height":1080,"url":"https:\/\/welchllp.com\/wp-content\/uploads\/2025\/01\/current-opps-2.jpg","type":"image\/jpeg"}],"twitter_card":"summary_large_image","twitter_site":"@welchllp","twitter_misc":{"Dur\u00e9e de lecture estim\u00e9e":"1 minute"},"schema":{"@context":"https:\/\/schema.org","@graph":[{"@type":"WebPage","@id":"https:\/\/welchllp.com\/fr\/carrieres\/postes-a-pourvoir\/","url":"https:\/\/welchllp.com\/fr\/carrieres\/postes-a-pourvoir\/","name":"Postes \u00e0 pourvoir - Welch LLP","isPartOf":{"@id":"https:\/\/welchllp.com\/fr\/#website"},"primaryImageOfPage":{"@id":"https:\/\/welchllp.com\/fr\/carrieres\/postes-a-pourvoir\/#primaryimage"},"image":{"@id":"https:\/\/welchllp.com\/fr\/carrieres\/postes-a-pourvoir\/#primaryimage"},"thumbnailUrl":"https:\/\/welchllp.com\/wp-content\/uploads\/2025\/01\/current-opps-2.jpg","datePublished":"2022-05-30T21:36:26+00:00","dateModified":"2026-03-18T17:20:28+00:00","breadcrumb":{"@id":"https:\/\/welchllp.com\/fr\/carrieres\/postes-a-pourvoir\/#breadcrumb"},"inLanguage":"fr-FR","potentialAction":[{"@type":"ReadAction","target":["https:\/\/welchllp.com\/fr\/carrieres\/postes-a-pourvoir\/"]}]},{"@type":"ImageObject","inLanguage":"fr-FR","@id":"https:\/\/welchllp.com\/fr\/carrieres\/postes-a-pourvoir\/#primaryimage","url":"https:\/\/welchllp.com\/wp-content\/uploads\/2025\/01\/current-opps-2.jpg","contentUrl":"https:\/\/welchllp.com\/wp-content\/uploads\/2025\/01\/current-opps-2.jpg","width":1920,"height":1080},{"@type":"BreadcrumbList","@id":"https:\/\/welchllp.com\/fr\/carrieres\/postes-a-pourvoir\/#breadcrumb","itemListElement":[{"@type":"ListItem","position":1,"name":"Home","item":"https:\/\/welchllp.com\/fr\/"},{"@type":"ListItem","position":2,"name":"Carri\u00e8res","item":"https:\/\/welchllp.com\/fr\/carrieres\/"},{"@type":"ListItem","position":3,"name":"Postes \u00e0 pourvoir"}]},{"@type":"WebSite","@id":"https:\/\/welchllp.com\/fr\/#website","url":"https:\/\/welchllp.com\/fr\/","name":"Welch LLP","description":"Chartered Professional Accountants","publisher":{"@id":"https:\/\/welchllp.com\/fr\/#organization"},"potentialAction":[{"@type":"SearchAction","target":{"@type":"EntryPoint","urlTemplate":"https:\/\/welchllp.com\/fr\/?s={search_term_string}"},"query-input":{"@type":"PropertyValueSpecification","valueRequired":true,"valueName":"search_term_string"}}],"inLanguage":"fr-FR"},{"@type":"Organization","@id":"https:\/\/welchllp.com\/fr\/#organization","name":"Welch LLP","url":"https:\/\/welchllp.com\/fr\/","logo":{"@type":"ImageObject","inLanguage":"fr-FR","@id":"https:\/\/welchllp.com\/fr\/#\/schema\/logo\/image\/","url":"https:\/\/welchllp.com\/wp-content\/uploads\/2016\/02\/WelchLLP_logo.png","contentUrl":"https:\/\/welchllp.com\/wp-content\/uploads\/2016\/02\/WelchLLP_logo.png","width":707,"height":187,"caption":"Welch LLP"},"image":{"@id":"https:\/\/welchllp.com\/fr\/#\/schema\/logo\/image\/"},"sameAs":["https:\/\/www.facebook.com\/WelchLLP\/","https:\/\/x.com\/welchllp","https:\/\/www.linkedin.com\/company\/welchllp","https:\/\/www.instagram.com\/welch_llp\/"]}]}},"_links":{"self":[{"href":"https:\/\/welchllp.com\/fr\/wp-json\/wp\/v2\/pages\/11038","targetHints":{"allow":["GET"]}}],"collection":[{"href":"https:\/\/welchllp.com\/fr\/wp-json\/wp\/v2\/pages"}],"about":[{"href":"https:\/\/welchllp.com\/fr\/wp-json\/wp\/v2\/types\/page"}],"author":[{"embeddable":true,"href":"https:\/\/welchllp.com\/fr\/wp-json\/wp\/v2\/users\/2"}],"replies":[{"embeddable":true,"href":"https:\/\/welchllp.com\/fr\/wp-json\/wp\/v2\/comments?post=11038"}],"version-history":[{"count":4,"href":"https:\/\/welchllp.com\/fr\/wp-json\/wp\/v2\/pages\/11038\/revisions"}],"predecessor-version":[{"id":19278,"href":"https:\/\/welchllp.com\/fr\/wp-json\/wp\/v2\/pages\/11038\/revisions\/19278"}],"up":[{"embeddable":true,"href":"https:\/\/welchllp.com\/fr\/wp-json\/wp\/v2\/pages\/11037"}],"wp:featuredmedia":[{"embeddable":true,"href":"https:\/\/welchllp.com\/fr\/wp-json\/wp\/v2\/media\/16446"}],"wp:attachment":[{"href":"https:\/\/welchllp.com\/fr\/wp-json\/wp\/v2\/media?parent=11038"}],"curies":[{"name":"wp","href":"https:\/\/api.w.org\/{rel}","templated":true}]}}