{"id":11039,"date":"2022-05-30T17:36:26","date_gmt":"2022-05-30T21:36:26","guid":{"rendered":"https:\/\/welchllp.wpengine.com\/?page_id=11039"},"modified":"2026-03-18T13:15:30","modified_gmt":"2026-03-18T17:15:30","slug":"bkr-international","status":"publish","type":"page","link":"https:\/\/welchllp.com\/fr\/a-propos-de-nous\/bkr-international\/","title":{"rendered":"BKR International"},"content":{"rendered":"\n<div class=\"wp-block-cover alignfull is-light hero no-margin is-padded\"><span aria-hidden=\"true\" class=\"wp-block-cover__background has-white-background-color has-background-dim-100 has-background-dim\"><\/span><div class=\"wp-block-cover__inner-container is-layout-flow wp-block-cover-is-layout-flow\">\n\n<span class=\"breadcrumbs\">\n            <span class=\"eyebrow crumb\"><a href=\"https:\/\/welchllp.com\/fr\/a-propos-de-nous\/\">\u00c0 propos de nous<\/a><\/span>\n    <\/span>\n\n\n<h1 class=\"large two-third-container wp-block-post-title\">BKR International<\/h1>\n\n\n<p class=\"narrow-container left-aligned has-dark-grey-color has-text-color has-regular-font-size\">Welch est un cabinet membre ind\u00e9pendant de BKR International.<\/p>\n<\/div><\/div>\n\n\n\n<div class=\"wp-block-cover alignfull tall\"><span aria-hidden=\"true\" class=\"wp-block-cover__background has-background-dim-0 has-background-dim\"><\/span><img loading=\"lazy\" decoding=\"async\" width=\"1024\" height=\"683\" class=\"wp-block-cover__image-background wp-image-14874\" alt=\"\" src=\"https:\/\/welchllp.com\/wp-content\/uploads\/2024\/02\/BKRMemberWebsiteBanner.jpg\" data-object-fit=\"cover\" srcset=\"https:\/\/welchllp.com\/wp-content\/uploads\/2024\/02\/BKRMemberWebsiteBanner.jpg 1024w, https:\/\/welchllp.com\/wp-content\/uploads\/2024\/02\/BKRMemberWebsiteBanner-300x200.jpg 300w, https:\/\/welchllp.com\/wp-content\/uploads\/2024\/02\/BKRMemberWebsiteBanner-768x512.jpg 768w\" sizes=\"auto, (max-width: 1024px) 100vw, 1024px\" \/><div class=\"wp-block-cover__inner-container is-layout-flow wp-block-cover-is-layout-flow\">\n<p class=\"has-text-align-center has-large-font-size\"><\/p>\n<\/div><\/div>\n\n\n\n<div class=\"wp-block-group alignwide\"><div class=\"wp-block-group__inner-container is-layout-flow wp-block-group-is-layout-flow\">\n<p class=\"has-lead-font-size\">BKR International unit les forces de plus de 160 soci\u00e9t\u00e9s de services-conseils et cabinets comptables ind\u00e9pendants. Cela repr\u00e9sente 500 bureaux, r\u00e9partis dans plus de 80 pays.<\/p>\n\n\n\n<p class=\"has-regular-font-size\">Comptant parmi les 10 premi\u00e8res associations comptables au monde, BKR met le monde \u00e0 la port\u00e9e de ses membres en leur donnant acc\u00e8s \u00e0 une expertise mondiale en mati\u00e8re de fiscalit\u00e9, de comptabilit\u00e9 et de services-conseils en finance. Ses membres, dont Welch fait partie , sont ainsi en mesure de fournir \u00e0 leur client\u00e8le des services cibl\u00e9s, o\u00f9 que ce soit.<\/p>\n\n\n\n<p class=\"has-regular-font-size\">En plus d\u2019une expertise professionnelle mondiale, BKR procure des ressources et des occasions d\u2019\u00e9changer sur le domaine en constante \u00e9volution de la comptabilit\u00e9. Pour en savoir plus, rendez-vous au <a href=\"https:\/\/www.bkr.com\" target=\"_blank\" rel=\"noreferrer noopener\">www.bkr.com<\/a> (en anglais).<\/p>\n<\/div><\/div>\n\n\n\n<div class=\"wp-block-group alignfull has-off-white-background-color has-background\"><div class=\"wp-block-group__inner-container is-layout-flow wp-block-group-is-layout-flow\">\n<div class=\"wp-block-columns alignwide is-layout-flex wp-container-core-columns-is-layout-1 wp-block-columns-is-layout-flex\">\n<div class=\"wp-block-column is-layout-flow wp-block-column-is-layout-flow\" style=\"flex-basis:33.33%\">\n<h2 class=\"wp-block-heading\">Une situation gagnant-gagnant<\/h2>\n<\/div>\n\n\n\n<div class=\"wp-block-column is-layout-flow wp-block-column-is-layout-flow\" style=\"flex-basis:66.66%\">\n<p>Parce que nous sommes membre de BKR International, vous b\u00e9n\u00e9ficiez de vastes ressources et d\u2019une expertise professionnelle qui vous permet de faire des affaires partout dans le monde. Nous pouvons ainsi vous aider avec toute question transfrontali\u00e8re ou internationale, sans perdre notre couleur r\u00e9gionale et en demeurant au service des entreprises d\u2019ici.<\/p>\n<\/div>\n<\/div>\n\n\n\n<div class=\"wp-block-group alignwide no-margin\"><div class=\"wp-block-group__inner-container is-layout-flow wp-block-group-is-layout-flow\">\n<figure class=\"wp-block-image alignwide size-large\"><img loading=\"lazy\" decoding=\"async\" width=\"1024\" height=\"448\" src=\"https:\/\/welchllp.com\/wp-content\/uploads\/2022\/07\/bkr-map-1-1024x448.png\" alt=\"\" class=\"wp-image-9299\" srcset=\"https:\/\/welchllp.com\/wp-content\/uploads\/2022\/07\/bkr-map-1-1024x448.png 1024w, https:\/\/welchllp.com\/wp-content\/uploads\/2022\/07\/bkr-map-1-300x131.png 300w, https:\/\/welchllp.com\/wp-content\/uploads\/2022\/07\/bkr-map-1-768x336.png 768w, https:\/\/welchllp.com\/wp-content\/uploads\/2022\/07\/bkr-map-1-1536x672.png 1536w, https:\/\/welchllp.com\/wp-content\/uploads\/2022\/07\/bkr-map-1-800x350.png 800w, https:\/\/welchllp.com\/wp-content\/uploads\/2022\/07\/bkr-map-1.png 1920w\" sizes=\"auto, (max-width: 1024px) 100vw, 1024px\" \/><\/figure>\n<\/div><\/div>\n<\/div><\/div>\n\n\n\n<div class=\"wp-block-columns alignwide top-margin is-layout-flex wp-container-core-columns-is-layout-2 wp-block-columns-is-layout-flex\">\n<div class=\"wp-block-column is-layout-flow wp-block-column-is-layout-flow\" style=\"flex-basis:33.33%\">\n<h2 class=\"wp-block-heading\">Des avantages pour notre personnel<\/h2>\n<\/div>\n\n\n\n<div class=\"wp-block-column is-layout-flow wp-block-column-is-layout-flow\" style=\"flex-basis:66.66%\">\n<p class=\"low-margin\">Les avantages d\u2019une alliance avec BKR International ne se limitent pas aux services que nous pouvons offrir \u00e0 notre client\u00e8le. En effet, le personnel des membres de BKR peut aussi travailler en d\u00e9tachement \u00e0 d\u2019autres cabinets membres. C\u2019est l\u00e0 une chance extraordinaire de travailler \u00e0 l\u2019\u00e9tranger.<\/p>\n\n\n\n<h3 class=\"wp-block-heading\">L\u2019exp\u00e9rience de Charles Berry<\/h3>\n\n\n\n<p>C\u2019est gr\u00e2ce \u00e0 BKR International si Charles Berry, CPA, CA, un ancien g\u00e9rant chez Welch LLP, s\u2019est joint \u00e0 SRJ Accountants. Il cherchait \u00e0 voyager et \u00e0 travailler dans un autre pays, afin de d\u00e9couvrir un autre univers comptable. Sa femme venait de Brisbane, en Australie. Quand il a appris que SRJ Accountants, un cabinet \u00e9tabli au nord Brisbane, \u00e9tait favorable aux d\u00e9tachements, il a saisi sa chance d\u2019aller travailler et vivre en Australie pendant quelques mois. <\/p>\n\n\n\n<p>Avant d\u2019entreprendre une carri\u00e8re en comptabilit\u00e9, M. Berry avait voyag\u00e9 de par le monde avec le Ballet de Stuttgart, avec lequel il dansait.<\/p>\n\n\n\n<p>\u00ab M\u00eame si j\u2019aimais beaucoup ma nouvelle carri\u00e8re, le fait de voyager et d\u2019\u00eatre expos\u00e9 \u00e0 d\u2019autres cultures, d\u2019autres pays et d\u2019autres villes me manquait, explique-t-il. La possibilit\u00e9 d\u2019aller en Australie \u00e9tait l\u2019occasion parfaite pour moi. \u00bb<\/p>\n\n\n\n<p class=\"large has-welch-green-color has-text-color\"><strong>\u00ab Passer quatre mois en Australie m\u2019offrait la chance de d\u00e9couvrir la culture et le mode de vie des gens de l\u00e0-bas. \u00bb<\/strong><\/p>\n\n\n\n<p>Travailler \u00e0 l\u2019\u00e9tranger permet au bureau qui accueille la personne en d\u00e9tachement d\u2019\u00e9largir les horizons, tout en donnant \u00e0 cette personne une exp\u00e9rience dont b\u00e9n\u00e9ficiera son bureau d\u2019attache.<\/p>\n<\/div>\n<\/div>\n\n\n\n<div class=\"wp-block-cover alignfull final-cover no-margin\"><span aria-hidden=\"true\" class=\"wp-block-cover__background has-welch-green-background-color has-background-dim-100 has-background-dim\"><\/span><div class=\"wp-block-cover__inner-container is-layout-flow wp-block-cover-is-layout-flow\">\n<div class=\"wp-block-group narrower-container no-margin\"><div class=\"wp-block-group__inner-container is-layout-flow wp-block-group-is-layout-flow\">\n<h2 class=\"has-text-align-center wp-block-heading\">Nos sp\u00e9cialistes n\u2019attendent que vous<\/h2>\n\n\n\n<p class=\"has-text-align-center\">Communiquez avec nous. Faites-nous part de vos besoins et nous assignerons \u00e0 votre organisation une personne sp\u00e9cialis\u00e9e dans votre secteur d\u2019activit\u00e9.<\/p>\n\n\n\n<div class=\"wp-block-buttons is-layout-flex wp-block-buttons-is-layout-flex\">\n<div class=\"wp-block-button aligncenter is-style-outline is-style-outline--1\"><a class=\"wp-block-button__link has-white-color has-text-color\" href=\"https:\/\/welchllp.com\/fr\/adresses\/#GeneralEnquiries\">Faites-le aujourd\u2019hui<\/a><\/div>\n<\/div>\n<\/div><\/div>\n<\/div><\/div>\n","protected":false},"excerpt":{"rendered":"<p>En tant que membre de BKR International, notre cabinet a acc\u00e8s \u00e0 des ressources et \u00e0 une expertise professionnelle consid\u00e9rables pour aider sa client\u00e8le \u00e0 faire des affaires dans le monde entier.<\/p>\n","protected":false},"author":2,"featured_media":14879,"parent":11166,"menu_order":42,"comment_status":"closed","ping_status":"closed","template":"","meta":{"_relevanssi_hide_post":"","_relevanssi_hide_content":"","_relevanssi_pin_for_all":"","_relevanssi_pin_keywords":"","_relevanssi_unpin_keywords":"","_relevanssi_related_keywords":"","_relevanssi_related_include_ids":"","_relevanssi_related_exclude_ids":"","_relevanssi_related_no_append":"","_relevanssi_related_not_related":"","_relevanssi_related_posts":"10686,10658,10552,10568,10594,10659","_relevanssi_noindex_reason":"","footnotes":""},"class_list":["post-11039","page","type-page","status-publish","has-post-thumbnail","hentry"],"yoast_head":"<!-- This site is optimized with the Yoast SEO Premium plugin v24.3 (Yoast SEO v25.8) - https:\/\/yoast.com\/wordpress\/plugins\/seo\/ -->\n<title>BKR International - Welch LLP<\/title>\n<meta name=\"robots\" content=\"index, follow, max-snippet:-1, max-image-preview:large, max-video-preview:-1\" \/>\n<link rel=\"canonical\" href=\"https:\/\/welchllp.com\/fr\/a-propos-de-nous\/bkr-international\/\" \/>\n<meta property=\"og:locale\" content=\"fr_FR\" \/>\n<meta property=\"og:type\" content=\"article\" \/>\n<meta property=\"og:title\" content=\"BKR International\" \/>\n<meta property=\"og:description\" content=\"En tant que membre de BKR International, notre cabinet a acc\u00e8s \u00e0 des ressources et \u00e0 une expertise professionnelle consid\u00e9rables pour aider sa client\u00e8le \u00e0 faire des affaires dans le monde entier.\" \/>\n<meta property=\"og:url\" content=\"https:\/\/welchllp.com\/fr\/a-propos-de-nous\/bkr-international\/\" \/>\n<meta property=\"og:site_name\" content=\"Welch LLP\" \/>\n<meta property=\"article:publisher\" content=\"https:\/\/www.facebook.com\/WelchLLP\/\" \/>\n<meta property=\"article:modified_time\" content=\"2026-03-18T17:15:30+00:00\" \/>\n<meta property=\"og:image\" content=\"https:\/\/welchllp.com\/wp-content\/uploads\/2024\/02\/BKRMemberWebsiteBanner-1.jpg\" \/>\n\t<meta property=\"og:image:width\" content=\"1024\" \/>\n\t<meta property=\"og:image:height\" content=\"683\" \/>\n\t<meta property=\"og:image:type\" content=\"image\/jpeg\" \/>\n<meta name=\"twitter:card\" content=\"summary_large_image\" \/>\n<meta name=\"twitter:site\" content=\"@welchllp\" \/>\n<meta name=\"twitter:label1\" content=\"Dur\u00e9e de lecture estim\u00e9e\" \/>\n\t<meta name=\"twitter:data1\" content=\"3 minutes\" \/>\n<script type=\"application\/ld+json\" class=\"yoast-schema-graph\">{\"@context\":\"https:\/\/schema.org\",\"@graph\":[{\"@type\":\"WebPage\",\"@id\":\"https:\/\/welchllp.com\/fr\/a-propos-de-nous\/bkr-international\/\",\"url\":\"https:\/\/welchllp.com\/fr\/a-propos-de-nous\/bkr-international\/\",\"name\":\"BKR International - Welch LLP\",\"isPartOf\":{\"@id\":\"https:\/\/welchllp.com\/fr\/#website\"},\"primaryImageOfPage\":{\"@id\":\"https:\/\/welchllp.com\/fr\/a-propos-de-nous\/bkr-international\/#primaryimage\"},\"image\":{\"@id\":\"https:\/\/welchllp.com\/fr\/a-propos-de-nous\/bkr-international\/#primaryimage\"},\"thumbnailUrl\":\"https:\/\/welchllp.com\/wp-content\/uploads\/2024\/02\/BKRMemberWebsiteBanner-1.jpg\",\"datePublished\":\"2022-05-30T21:36:26+00:00\",\"dateModified\":\"2026-03-18T17:15:30+00:00\",\"breadcrumb\":{\"@id\":\"https:\/\/welchllp.com\/fr\/a-propos-de-nous\/bkr-international\/#breadcrumb\"},\"inLanguage\":\"fr-FR\",\"potentialAction\":[{\"@type\":\"ReadAction\",\"target\":[\"https:\/\/welchllp.com\/fr\/a-propos-de-nous\/bkr-international\/\"]}]},{\"@type\":\"ImageObject\",\"inLanguage\":\"fr-FR\",\"@id\":\"https:\/\/welchllp.com\/fr\/a-propos-de-nous\/bkr-international\/#primaryimage\",\"url\":\"https:\/\/welchllp.com\/wp-content\/uploads\/2024\/02\/BKRMemberWebsiteBanner-1.jpg\",\"contentUrl\":\"https:\/\/welchllp.com\/wp-content\/uploads\/2024\/02\/BKRMemberWebsiteBanner-1.jpg\",\"width\":1024,\"height\":683},{\"@type\":\"BreadcrumbList\",\"@id\":\"https:\/\/welchllp.com\/fr\/a-propos-de-nous\/bkr-international\/#breadcrumb\",\"itemListElement\":[{\"@type\":\"ListItem\",\"position\":1,\"name\":\"Home\",\"item\":\"https:\/\/welchllp.com\/fr\/\"},{\"@type\":\"ListItem\",\"position\":2,\"name\":\"\u00c0 propos de nous\",\"item\":\"https:\/\/welchllp.com\/fr\/a-propos-de-nous\/\"},{\"@type\":\"ListItem\",\"position\":3,\"name\":\"BKR International\"}]},{\"@type\":\"WebSite\",\"@id\":\"https:\/\/welchllp.com\/fr\/#website\",\"url\":\"https:\/\/welchllp.com\/fr\/\",\"name\":\"Welch LLP\",\"description\":\"Chartered Professional Accountants\",\"publisher\":{\"@id\":\"https:\/\/welchllp.com\/fr\/#organization\"},\"potentialAction\":[{\"@type\":\"SearchAction\",\"target\":{\"@type\":\"EntryPoint\",\"urlTemplate\":\"https:\/\/welchllp.com\/fr\/?s={search_term_string}\"},\"query-input\":{\"@type\":\"PropertyValueSpecification\",\"valueRequired\":true,\"valueName\":\"search_term_string\"}}],\"inLanguage\":\"fr-FR\"},{\"@type\":\"Organization\",\"@id\":\"https:\/\/welchllp.com\/fr\/#organization\",\"name\":\"Welch LLP\",\"url\":\"https:\/\/welchllp.com\/fr\/\",\"logo\":{\"@type\":\"ImageObject\",\"inLanguage\":\"fr-FR\",\"@id\":\"https:\/\/welchllp.com\/fr\/#\/schema\/logo\/image\/\",\"url\":\"https:\/\/welchllp.com\/wp-content\/uploads\/2016\/02\/WelchLLP_logo.png\",\"contentUrl\":\"https:\/\/welchllp.com\/wp-content\/uploads\/2016\/02\/WelchLLP_logo.png\",\"width\":707,\"height\":187,\"caption\":\"Welch LLP\"},\"image\":{\"@id\":\"https:\/\/welchllp.com\/fr\/#\/schema\/logo\/image\/\"},\"sameAs\":[\"https:\/\/www.facebook.com\/WelchLLP\/\",\"https:\/\/x.com\/welchllp\",\"https:\/\/www.linkedin.com\/company\/welchllp\",\"https:\/\/www.instagram.com\/welch_llp\/\"]}]}<\/script>\n<!-- \/ Yoast SEO Premium plugin. -->","yoast_head_json":{"title":"BKR International - Welch LLP","robots":{"index":"index","follow":"follow","max-snippet":"max-snippet:-1","max-image-preview":"max-image-preview:large","max-video-preview":"max-video-preview:-1"},"canonical":"https:\/\/welchllp.com\/fr\/a-propos-de-nous\/bkr-international\/","og_locale":"fr_FR","og_type":"article","og_title":"BKR International","og_description":"En tant que membre de BKR International, notre cabinet a acc\u00e8s \u00e0 des ressources et \u00e0 une expertise professionnelle consid\u00e9rables pour aider sa client\u00e8le \u00e0 faire des affaires dans le monde entier.","og_url":"https:\/\/welchllp.com\/fr\/a-propos-de-nous\/bkr-international\/","og_site_name":"Welch LLP","article_publisher":"https:\/\/www.facebook.com\/WelchLLP\/","article_modified_time":"2026-03-18T17:15:30+00:00","og_image":[{"width":1024,"height":683,"url":"https:\/\/welchllp.com\/wp-content\/uploads\/2024\/02\/BKRMemberWebsiteBanner-1.jpg","type":"image\/jpeg"}],"twitter_card":"summary_large_image","twitter_site":"@welchllp","twitter_misc":{"Dur\u00e9e de lecture estim\u00e9e":"3 minutes"},"schema":{"@context":"https:\/\/schema.org","@graph":[{"@type":"WebPage","@id":"https:\/\/welchllp.com\/fr\/a-propos-de-nous\/bkr-international\/","url":"https:\/\/welchllp.com\/fr\/a-propos-de-nous\/bkr-international\/","name":"BKR International - Welch LLP","isPartOf":{"@id":"https:\/\/welchllp.com\/fr\/#website"},"primaryImageOfPage":{"@id":"https:\/\/welchllp.com\/fr\/a-propos-de-nous\/bkr-international\/#primaryimage"},"image":{"@id":"https:\/\/welchllp.com\/fr\/a-propos-de-nous\/bkr-international\/#primaryimage"},"thumbnailUrl":"https:\/\/welchllp.com\/wp-content\/uploads\/2024\/02\/BKRMemberWebsiteBanner-1.jpg","datePublished":"2022-05-30T21:36:26+00:00","dateModified":"2026-03-18T17:15:30+00:00","breadcrumb":{"@id":"https:\/\/welchllp.com\/fr\/a-propos-de-nous\/bkr-international\/#breadcrumb"},"inLanguage":"fr-FR","potentialAction":[{"@type":"ReadAction","target":["https:\/\/welchllp.com\/fr\/a-propos-de-nous\/bkr-international\/"]}]},{"@type":"ImageObject","inLanguage":"fr-FR","@id":"https:\/\/welchllp.com\/fr\/a-propos-de-nous\/bkr-international\/#primaryimage","url":"https:\/\/welchllp.com\/wp-content\/uploads\/2024\/02\/BKRMemberWebsiteBanner-1.jpg","contentUrl":"https:\/\/welchllp.com\/wp-content\/uploads\/2024\/02\/BKRMemberWebsiteBanner-1.jpg","width":1024,"height":683},{"@type":"BreadcrumbList","@id":"https:\/\/welchllp.com\/fr\/a-propos-de-nous\/bkr-international\/#breadcrumb","itemListElement":[{"@type":"ListItem","position":1,"name":"Home","item":"https:\/\/welchllp.com\/fr\/"},{"@type":"ListItem","position":2,"name":"\u00c0 propos de nous","item":"https:\/\/welchllp.com\/fr\/a-propos-de-nous\/"},{"@type":"ListItem","position":3,"name":"BKR International"}]},{"@type":"WebSite","@id":"https:\/\/welchllp.com\/fr\/#website","url":"https:\/\/welchllp.com\/fr\/","name":"Welch LLP","description":"Chartered Professional Accountants","publisher":{"@id":"https:\/\/welchllp.com\/fr\/#organization"},"potentialAction":[{"@type":"SearchAction","target":{"@type":"EntryPoint","urlTemplate":"https:\/\/welchllp.com\/fr\/?s={search_term_string}"},"query-input":{"@type":"PropertyValueSpecification","valueRequired":true,"valueName":"search_term_string"}}],"inLanguage":"fr-FR"},{"@type":"Organization","@id":"https:\/\/welchllp.com\/fr\/#organization","name":"Welch LLP","url":"https:\/\/welchllp.com\/fr\/","logo":{"@type":"ImageObject","inLanguage":"fr-FR","@id":"https:\/\/welchllp.com\/fr\/#\/schema\/logo\/image\/","url":"https:\/\/welchllp.com\/wp-content\/uploads\/2016\/02\/WelchLLP_logo.png","contentUrl":"https:\/\/welchllp.com\/wp-content\/uploads\/2016\/02\/WelchLLP_logo.png","width":707,"height":187,"caption":"Welch LLP"},"image":{"@id":"https:\/\/welchllp.com\/fr\/#\/schema\/logo\/image\/"},"sameAs":["https:\/\/www.facebook.com\/WelchLLP\/","https:\/\/x.com\/welchllp","https:\/\/www.linkedin.com\/company\/welchllp","https:\/\/www.instagram.com\/welch_llp\/"]}]}},"_links":{"self":[{"href":"https:\/\/welchllp.com\/fr\/wp-json\/wp\/v2\/pages\/11039","targetHints":{"allow":["GET"]}}],"collection":[{"href":"https:\/\/welchllp.com\/fr\/wp-json\/wp\/v2\/pages"}],"about":[{"href":"https:\/\/welchllp.com\/fr\/wp-json\/wp\/v2\/types\/page"}],"author":[{"embeddable":true,"href":"https:\/\/welchllp.com\/fr\/wp-json\/wp\/v2\/users\/2"}],"replies":[{"embeddable":true,"href":"https:\/\/welchllp.com\/fr\/wp-json\/wp\/v2\/comments?post=11039"}],"version-history":[{"count":1,"href":"https:\/\/welchllp.com\/fr\/wp-json\/wp\/v2\/pages\/11039\/revisions"}],"predecessor-version":[{"id":19270,"href":"https:\/\/welchllp.com\/fr\/wp-json\/wp\/v2\/pages\/11039\/revisions\/19270"}],"up":[{"embeddable":true,"href":"https:\/\/welchllp.com\/fr\/wp-json\/wp\/v2\/pages\/11166"}],"wp:featuredmedia":[{"embeddable":true,"href":"https:\/\/welchllp.com\/fr\/wp-json\/wp\/v2\/media\/14879"}],"wp:attachment":[{"href":"https:\/\/welchllp.com\/fr\/wp-json\/wp\/v2\/media?parent=11039"}],"curies":[{"name":"wp","href":"https:\/\/api.w.org\/{rel}","templated":true}]}}