{"id":11168,"date":"2022-05-30T17:36:26","date_gmt":"2022-05-30T21:36:26","guid":{"rendered":"https:\/\/welchllp.wpengine.com\/?page_id=11168"},"modified":"2025-06-19T14:25:26","modified_gmt":"2025-06-19T18:25:26","slug":"notre-clientele","status":"publish","type":"page","link":"https:\/\/welchllp.com\/fr\/a-propos-de-nous\/notre-clientele\/","title":{"rendered":"Notre client\u00e8le"},"content":{"rendered":"\n<div class=\"wp-block-cover alignfull is-light hero no-margin is-padded\"><span aria-hidden=\"true\" class=\"wp-block-cover__background has-white-background-color has-background-dim-100 has-background-dim\"><\/span><div class=\"wp-block-cover__inner-container is-layout-flow wp-block-cover-is-layout-flow\">\n\n<span class=\"breadcrumbs\">\n            <span class=\"eyebrow crumb\"><a href=\"https:\/\/welchllp.com\/fr\/a-propos-de-nous\/\">\u00c0 propos de nous<\/a><\/span>\n    <\/span>\n\n\n<h1 class=\"large two-third-container wp-block-post-title\">Notre client\u00e8le<\/h1>\n\n\n<p class=\"narrow-container left-aligned has-dark-grey-color has-text-color has-regular-font-size\">Voyez ce que nous apportons \u00e0 notre client\u00e8le, \u00e0 notre personnel et aux collectivit\u00e9s o\u00f9 nous offrons nos services.<\/p>\n<\/div><\/div>\n\n\n\n<div class=\"wp-block-cover alignfull is-light tall\"><span aria-hidden=\"true\" class=\"wp-block-cover__background has-background-dim-0 has-background-dim\" style=\"background-color:#ada095\"><\/span><img decoding=\"async\" class=\"wp-block-cover__image-background wp-image-16820\" alt=\"\" src=\"https:\/\/welchllp.com\/wp-content\/uploads\/2025\/06\/735A0417_2-e1758655424820.jpg\" data-object-fit=\"cover\"\/><div class=\"wp-block-cover__inner-container is-layout-flow wp-block-cover-is-layout-flow\">\n<p class=\"has-text-align-center has-large-font-size\"><\/p>\n<\/div><\/div>\n\n\n\n<div class=\"wp-block-media-text is-stacked-on-mobile is-image-fill alignwide child-page\" style=\"grid-template-columns:32% auto\"><figure class=\"wp-block-media-text__media\" style=\"background-image:url(https:\/\/welchllp.com\/wp-content\/uploads\/2025\/06\/735A9796_2-1024x683.jpg);background-position:50% 50%\"><img loading=\"lazy\" decoding=\"async\" width=\"1024\" height=\"683\" src=\"https:\/\/welchllp.com\/wp-content\/uploads\/2025\/06\/735A9796_2-1024x683.jpg\" alt=\"\" class=\"wp-image-16822 size-full\" srcset=\"https:\/\/welchllp.com\/wp-content\/uploads\/2025\/06\/735A9796_2-1024x683.jpg 1024w, https:\/\/welchllp.com\/wp-content\/uploads\/2025\/06\/735A9796_2-300x200.jpg 300w, https:\/\/welchllp.com\/wp-content\/uploads\/2025\/06\/735A9796_2-768x512.jpg 768w, https:\/\/welchllp.com\/wp-content\/uploads\/2025\/06\/735A9796_2-1536x1024.jpg 1536w, https:\/\/welchllp.com\/wp-content\/uploads\/2025\/06\/735A9796_2.jpg 1920w\" sizes=\"auto, (max-width: 1024px) 100vw, 1024px\" \/><\/figure><div class=\"wp-block-media-text__content\">\n<div class=\"wp-block-group content-box\"><div class=\"wp-block-group__inner-container is-layout-flow wp-block-group-is-layout-flow\">\n\t<p class=\"is-style-eyebrow\">OUR CLIENTS<\/p>\n\n<div class=\"wp-block-group testimonial-slider no-margin\">\n\t<div class=\"wp-block-group__inner-container\">\n\t\t\t\t\t\t\t\t\t<blockquote class=\"wp-block-quote has-welch-green-color has-text-color has-small-font-size\">\n\t\t\t\t\t<p>&ldquo;D\u2019apr\u00e8s moi, les trois adjectifs qui d\u00e9crivent le mieux Welch sont : entrepreneurial, efficace et intelligent. Welch est plus proche des entreprises que les cabinets de plus grande taille, et, surtout, il conna\u00eet notre secteur : l\u2019immobilier (nous construisons et d\u00e9veloppons des immeubles r\u00e9sidentiels et commerciaux). Welch a toutes sortes de clients qui nous ressemblent, donc il comprend notre langage.&rdquo;<\/p>\n\n\t\t\t\t\t\t\t\t\t\t\t<cite>Rick Morris, VP Exploitation et Finance, Domicile<\/cite>\n\t\t\t\t\t\t\t\t\t<\/blockquote>\n\t\t\t\t\t\t\t\t\t\t\t\t<blockquote class=\"wp-block-quote has-welch-green-color has-text-color \">\n\t\t\t\t\t<p>&ldquo;Voici plus de 40 ans que Vice & Hunter LLP pratique le droit \u00e0 Ottawa. Welch s\u2019occupe de notre comptabilit\u00e9 depuis nombre de ces ann\u00e9es. Le service de Welch a toujours d\u00e9pass\u00e9 nos attentes. Les associ\u00e9s et le personnel sont chaleureux et leurs conseils toujours justes, utiles et rapides. \u00c0 tous les niveaux, nous consid\u00e9rons Welch comme un excellent cabinet.&rdquo;<\/p>\n\n\t\t\t\t\t\t\t\t\t\t\t<cite>Peter Vice, Associ\u00e9, Vice, Hunter LLP<\/cite>\n\t\t\t\t\t\t\t\t\t<\/blockquote>\n\t\t\t\t\t\t<\/div>\n<\/div>\n\n<\/div><\/div>\n<\/div><\/div>\n\n\n\n<div class=\"wp-block-group alignfull no-padding\"><div class=\"wp-block-group__inner-container is-layout-flow wp-block-group-is-layout-flow\">\n<\/div><\/div>\n\n\n\n<div class=\"wp-block-group alignwide low-margin\"><div class=\"wp-block-group__inner-container is-layout-flow wp-block-group-is-layout-flow\">\n<div class=\"wp-block-group no-margin\"><div class=\"wp-block-group__inner-container is-layout-flow wp-block-group-is-layout-flow\">\n<p class=\"has-text-align-center has-lead-font-size\">We are proud to support organizations from a wide range of industries &amp; sectors<\/p>\n<\/div><\/div>\n<\/div><\/div>\n\n\n\n<div class=\"wp-block-media-text has-media-on-the-right is-stacked-on-mobile is-image-fill alignwide child-page\" style=\"grid-template-columns:auto 32%\"><div class=\"wp-block-media-text__content\">\n<div class=\"wp-block-group content-box\"><div class=\"wp-block-group__inner-container is-layout-flow wp-block-group-is-layout-flow\">\n<\/div><\/div>\n<\/div><figure class=\"wp-block-media-text__media\" style=\"background-image:url(https:\/\/welchllp.com\/wp-content\/uploads\/2022\/07\/testimonials-bg-1024x891.jpg);background-position:50% 50%\"><img loading=\"lazy\" decoding=\"async\" width=\"1024\" height=\"891\" src=\"https:\/\/welchllp.com\/wp-content\/uploads\/2022\/07\/testimonials-bg-1024x891.jpg\" alt=\"\" class=\"wp-image-9282 size-full\" srcset=\"https:\/\/welchllp.com\/wp-content\/uploads\/2022\/07\/testimonials-bg-1024x891.jpg 1024w, https:\/\/welchllp.com\/wp-content\/uploads\/2022\/07\/testimonials-bg-300x261.jpg 300w, https:\/\/welchllp.com\/wp-content\/uploads\/2022\/07\/testimonials-bg-768x668.jpg 768w, https:\/\/welchllp.com\/wp-content\/uploads\/2022\/07\/testimonials-bg-1536x1336.jpg 1536w, https:\/\/welchllp.com\/wp-content\/uploads\/2022\/07\/testimonials-bg.jpg 1920w\" sizes=\"auto, (max-width: 1024px) 100vw, 1024px\" \/><\/figure><\/div>\n\n\n\n<div class=\"wp-block-cover alignfull final-cover no-margin\"><span aria-hidden=\"true\" class=\"wp-block-cover__background has-welch-green-background-color has-background-dim-100 has-background-dim\"><\/span><div class=\"wp-block-cover__inner-container is-layout-flow wp-block-cover-is-layout-flow\">\n<div class=\"wp-block-group narrower-container no-margin\"><div class=\"wp-block-group__inner-container is-layout-flow wp-block-group-is-layout-flow\">\n<h2 class=\"has-text-align-center wp-block-heading\">Nos sp\u00e9cialistes n\u2019attendent que vous<\/h2>\n\n\n\n<p class=\"has-text-align-center\">Communiquez avec nous. Faites-nous part de vos besoins et nous assignerons \u00e0 votre organisation une personne sp\u00e9cialis\u00e9e dans votre secteur d\u2019activit\u00e9.<\/p>\n\n\n\n<div class=\"wp-block-buttons is-layout-flex wp-block-buttons-is-layout-flex\">\n<div class=\"wp-block-button aligncenter is-style-outline is-style-outline--1\"><a class=\"wp-block-button__link has-white-color has-text-color\" href=\"https:\/\/welchllp.com\/fr\/adresses\/#GeneralEnquiries\">Faites-le aujourd\u2019hui<\/a><\/div>\n<\/div>\n<\/div><\/div>\n<\/div><\/div>\n","protected":false},"excerpt":{"rendered":"<p>Voyez comment l\u2019approche que nous adoptons a contribu\u00e9 \u00e0 la prosp\u00e9rit\u00e9 de notre client\u00e8le.<\/p>\n","protected":false},"author":2,"featured_media":16820,"parent":11166,"menu_order":43,"comment_status":"closed","ping_status":"closed","template":"","meta":{"_relevanssi_hide_post":"","_relevanssi_hide_content":"","_relevanssi_pin_for_all":"","_relevanssi_pin_keywords":"","_relevanssi_unpin_keywords":"","_relevanssi_related_keywords":"","_relevanssi_related_include_ids":"","_relevanssi_related_exclude_ids":"","_relevanssi_related_no_append":"","_relevanssi_related_not_related":"","_relevanssi_related_posts":"16741,16737,10601,16746","_relevanssi_noindex_reason":"","footnotes":""},"class_list":["post-11168","page","type-page","status-publish","has-post-thumbnail","hentry"],"yoast_head":"<!-- This site is optimized with the Yoast SEO Premium plugin v24.3 (Yoast SEO v25.8) - https:\/\/yoast.com\/wordpress\/plugins\/seo\/ -->\n<title>Notre client\u00e8le - Welch LLP<\/title>\n<meta name=\"robots\" content=\"index, follow, max-snippet:-1, max-image-preview:large, max-video-preview:-1\" \/>\n<link rel=\"canonical\" href=\"https:\/\/welchllp.com\/fr\/a-propos-de-nous\/notre-clientele\/\" \/>\n<meta property=\"og:locale\" content=\"fr_FR\" \/>\n<meta property=\"og:type\" content=\"article\" \/>\n<meta property=\"og:title\" content=\"Notre client\u00e8le\" \/>\n<meta property=\"og:description\" content=\"Voyez comment l\u2019approche que nous adoptons a contribu\u00e9 \u00e0 la prosp\u00e9rit\u00e9 de notre client\u00e8le.\" \/>\n<meta property=\"og:url\" content=\"https:\/\/welchllp.com\/fr\/a-propos-de-nous\/notre-clientele\/\" \/>\n<meta property=\"og:site_name\" content=\"Welch LLP\" \/>\n<meta property=\"article:publisher\" content=\"https:\/\/www.facebook.com\/WelchLLP\/\" \/>\n<meta property=\"article:modified_time\" content=\"2025-06-19T18:25:26+00:00\" \/>\n<meta property=\"og:image\" content=\"https:\/\/welchllp.com\/wp-content\/uploads\/2025\/06\/735A0417_2.jpg\" \/>\n\t<meta property=\"og:image:width\" content=\"1920\" \/>\n\t<meta property=\"og:image:height\" content=\"1280\" \/>\n\t<meta property=\"og:image:type\" content=\"image\/jpeg\" \/>\n<meta name=\"twitter:card\" content=\"summary_large_image\" \/>\n<meta name=\"twitter:site\" content=\"@welchllp\" \/>\n<meta name=\"twitter:label1\" content=\"Dur\u00e9e de lecture estim\u00e9e\" \/>\n\t<meta name=\"twitter:data1\" content=\"1 minute\" \/>\n<script type=\"application\/ld+json\" class=\"yoast-schema-graph\">{\"@context\":\"https:\/\/schema.org\",\"@graph\":[{\"@type\":\"WebPage\",\"@id\":\"https:\/\/welchllp.com\/fr\/a-propos-de-nous\/notre-clientele\/\",\"url\":\"https:\/\/welchllp.com\/fr\/a-propos-de-nous\/notre-clientele\/\",\"name\":\"Notre client\u00e8le - Welch LLP\",\"isPartOf\":{\"@id\":\"https:\/\/welchllp.com\/fr\/#website\"},\"primaryImageOfPage\":{\"@id\":\"https:\/\/welchllp.com\/fr\/a-propos-de-nous\/notre-clientele\/#primaryimage\"},\"image\":{\"@id\":\"https:\/\/welchllp.com\/fr\/a-propos-de-nous\/notre-clientele\/#primaryimage\"},\"thumbnailUrl\":\"https:\/\/welchllp.com\/wp-content\/uploads\/2025\/06\/735A0417_2-e1758655424820.jpg\",\"datePublished\":\"2022-05-30T21:36:26+00:00\",\"dateModified\":\"2025-06-19T18:25:26+00:00\",\"breadcrumb\":{\"@id\":\"https:\/\/welchllp.com\/fr\/a-propos-de-nous\/notre-clientele\/#breadcrumb\"},\"inLanguage\":\"fr-FR\",\"potentialAction\":[{\"@type\":\"ReadAction\",\"target\":[\"https:\/\/welchllp.com\/fr\/a-propos-de-nous\/notre-clientele\/\"]}]},{\"@type\":\"ImageObject\",\"inLanguage\":\"fr-FR\",\"@id\":\"https:\/\/welchllp.com\/fr\/a-propos-de-nous\/notre-clientele\/#primaryimage\",\"url\":\"https:\/\/welchllp.com\/wp-content\/uploads\/2025\/06\/735A0417_2-e1758655424820.jpg\",\"contentUrl\":\"https:\/\/welchllp.com\/wp-content\/uploads\/2025\/06\/735A0417_2-e1758655424820.jpg\",\"width\":1920,\"height\":1280},{\"@type\":\"BreadcrumbList\",\"@id\":\"https:\/\/welchllp.com\/fr\/a-propos-de-nous\/notre-clientele\/#breadcrumb\",\"itemListElement\":[{\"@type\":\"ListItem\",\"position\":1,\"name\":\"Home\",\"item\":\"https:\/\/welchllp.com\/fr\/\"},{\"@type\":\"ListItem\",\"position\":2,\"name\":\"\u00c0 propos de nous\",\"item\":\"https:\/\/welchllp.com\/fr\/a-propos-de-nous\/\"},{\"@type\":\"ListItem\",\"position\":3,\"name\":\"Notre client\u00e8le\"}]},{\"@type\":\"WebSite\",\"@id\":\"https:\/\/welchllp.com\/fr\/#website\",\"url\":\"https:\/\/welchllp.com\/fr\/\",\"name\":\"Welch LLP\",\"description\":\"Chartered Professional Accountants\",\"publisher\":{\"@id\":\"https:\/\/welchllp.com\/fr\/#organization\"},\"potentialAction\":[{\"@type\":\"SearchAction\",\"target\":{\"@type\":\"EntryPoint\",\"urlTemplate\":\"https:\/\/welchllp.com\/fr\/?s={search_term_string}\"},\"query-input\":{\"@type\":\"PropertyValueSpecification\",\"valueRequired\":true,\"valueName\":\"search_term_string\"}}],\"inLanguage\":\"fr-FR\"},{\"@type\":\"Organization\",\"@id\":\"https:\/\/welchllp.com\/fr\/#organization\",\"name\":\"Welch LLP\",\"url\":\"https:\/\/welchllp.com\/fr\/\",\"logo\":{\"@type\":\"ImageObject\",\"inLanguage\":\"fr-FR\",\"@id\":\"https:\/\/welchllp.com\/fr\/#\/schema\/logo\/image\/\",\"url\":\"https:\/\/welchllp.com\/wp-content\/uploads\/2016\/02\/WelchLLP_logo.png\",\"contentUrl\":\"https:\/\/welchllp.com\/wp-content\/uploads\/2016\/02\/WelchLLP_logo.png\",\"width\":707,\"height\":187,\"caption\":\"Welch LLP\"},\"image\":{\"@id\":\"https:\/\/welchllp.com\/fr\/#\/schema\/logo\/image\/\"},\"sameAs\":[\"https:\/\/www.facebook.com\/WelchLLP\/\",\"https:\/\/x.com\/welchllp\",\"https:\/\/www.linkedin.com\/company\/welchllp\",\"https:\/\/www.instagram.com\/welch_llp\/\"]}]}<\/script>\n<!-- \/ Yoast SEO Premium plugin. -->","yoast_head_json":{"title":"Notre client\u00e8le - Welch LLP","robots":{"index":"index","follow":"follow","max-snippet":"max-snippet:-1","max-image-preview":"max-image-preview:large","max-video-preview":"max-video-preview:-1"},"canonical":"https:\/\/welchllp.com\/fr\/a-propos-de-nous\/notre-clientele\/","og_locale":"fr_FR","og_type":"article","og_title":"Notre client\u00e8le","og_description":"Voyez comment l\u2019approche que nous adoptons a contribu\u00e9 \u00e0 la prosp\u00e9rit\u00e9 de notre client\u00e8le.","og_url":"https:\/\/welchllp.com\/fr\/a-propos-de-nous\/notre-clientele\/","og_site_name":"Welch LLP","article_publisher":"https:\/\/www.facebook.com\/WelchLLP\/","article_modified_time":"2025-06-19T18:25:26+00:00","og_image":[{"width":1920,"height":1280,"url":"https:\/\/welchllp.com\/wp-content\/uploads\/2025\/06\/735A0417_2.jpg","type":"image\/jpeg"}],"twitter_card":"summary_large_image","twitter_site":"@welchllp","twitter_misc":{"Dur\u00e9e de lecture estim\u00e9e":"1 minute"},"schema":{"@context":"https:\/\/schema.org","@graph":[{"@type":"WebPage","@id":"https:\/\/welchllp.com\/fr\/a-propos-de-nous\/notre-clientele\/","url":"https:\/\/welchllp.com\/fr\/a-propos-de-nous\/notre-clientele\/","name":"Notre client\u00e8le - Welch LLP","isPartOf":{"@id":"https:\/\/welchllp.com\/fr\/#website"},"primaryImageOfPage":{"@id":"https:\/\/welchllp.com\/fr\/a-propos-de-nous\/notre-clientele\/#primaryimage"},"image":{"@id":"https:\/\/welchllp.com\/fr\/a-propos-de-nous\/notre-clientele\/#primaryimage"},"thumbnailUrl":"https:\/\/welchllp.com\/wp-content\/uploads\/2025\/06\/735A0417_2-e1758655424820.jpg","datePublished":"2022-05-30T21:36:26+00:00","dateModified":"2025-06-19T18:25:26+00:00","breadcrumb":{"@id":"https:\/\/welchllp.com\/fr\/a-propos-de-nous\/notre-clientele\/#breadcrumb"},"inLanguage":"fr-FR","potentialAction":[{"@type":"ReadAction","target":["https:\/\/welchllp.com\/fr\/a-propos-de-nous\/notre-clientele\/"]}]},{"@type":"ImageObject","inLanguage":"fr-FR","@id":"https:\/\/welchllp.com\/fr\/a-propos-de-nous\/notre-clientele\/#primaryimage","url":"https:\/\/welchllp.com\/wp-content\/uploads\/2025\/06\/735A0417_2-e1758655424820.jpg","contentUrl":"https:\/\/welchllp.com\/wp-content\/uploads\/2025\/06\/735A0417_2-e1758655424820.jpg","width":1920,"height":1280},{"@type":"BreadcrumbList","@id":"https:\/\/welchllp.com\/fr\/a-propos-de-nous\/notre-clientele\/#breadcrumb","itemListElement":[{"@type":"ListItem","position":1,"name":"Home","item":"https:\/\/welchllp.com\/fr\/"},{"@type":"ListItem","position":2,"name":"\u00c0 propos de nous","item":"https:\/\/welchllp.com\/fr\/a-propos-de-nous\/"},{"@type":"ListItem","position":3,"name":"Notre client\u00e8le"}]},{"@type":"WebSite","@id":"https:\/\/welchllp.com\/fr\/#website","url":"https:\/\/welchllp.com\/fr\/","name":"Welch LLP","description":"Chartered Professional Accountants","publisher":{"@id":"https:\/\/welchllp.com\/fr\/#organization"},"potentialAction":[{"@type":"SearchAction","target":{"@type":"EntryPoint","urlTemplate":"https:\/\/welchllp.com\/fr\/?s={search_term_string}"},"query-input":{"@type":"PropertyValueSpecification","valueRequired":true,"valueName":"search_term_string"}}],"inLanguage":"fr-FR"},{"@type":"Organization","@id":"https:\/\/welchllp.com\/fr\/#organization","name":"Welch LLP","url":"https:\/\/welchllp.com\/fr\/","logo":{"@type":"ImageObject","inLanguage":"fr-FR","@id":"https:\/\/welchllp.com\/fr\/#\/schema\/logo\/image\/","url":"https:\/\/welchllp.com\/wp-content\/uploads\/2016\/02\/WelchLLP_logo.png","contentUrl":"https:\/\/welchllp.com\/wp-content\/uploads\/2016\/02\/WelchLLP_logo.png","width":707,"height":187,"caption":"Welch LLP"},"image":{"@id":"https:\/\/welchllp.com\/fr\/#\/schema\/logo\/image\/"},"sameAs":["https:\/\/www.facebook.com\/WelchLLP\/","https:\/\/x.com\/welchllp","https:\/\/www.linkedin.com\/company\/welchllp","https:\/\/www.instagram.com\/welch_llp\/"]}]}},"_links":{"self":[{"href":"https:\/\/welchllp.com\/fr\/wp-json\/wp\/v2\/pages\/11168","targetHints":{"allow":["GET"]}}],"collection":[{"href":"https:\/\/welchllp.com\/fr\/wp-json\/wp\/v2\/pages"}],"about":[{"href":"https:\/\/welchllp.com\/fr\/wp-json\/wp\/v2\/types\/page"}],"author":[{"embeddable":true,"href":"https:\/\/welchllp.com\/fr\/wp-json\/wp\/v2\/users\/2"}],"replies":[{"embeddable":true,"href":"https:\/\/welchllp.com\/fr\/wp-json\/wp\/v2\/comments?post=11168"}],"version-history":[{"count":0,"href":"https:\/\/welchllp.com\/fr\/wp-json\/wp\/v2\/pages\/11168\/revisions"}],"up":[{"embeddable":true,"href":"https:\/\/welchllp.com\/fr\/wp-json\/wp\/v2\/pages\/11166"}],"wp:featuredmedia":[{"embeddable":true,"href":"https:\/\/welchllp.com\/fr\/wp-json\/wp\/v2\/media\/16820"}],"wp:attachment":[{"href":"https:\/\/welchllp.com\/fr\/wp-json\/wp\/v2\/media?parent=11168"}],"curies":[{"name":"wp","href":"https:\/\/api.w.org\/{rel}","templated":true}]}}