{"id":11170,"date":"2022-05-30T17:36:26","date_gmt":"2022-05-30T21:36:26","guid":{"rendered":"https:\/\/welchllp.wpengine.com\/?page_id=11170"},"modified":"2026-03-18T13:16:13","modified_gmt":"2026-03-18T17:16:13","slug":"leadeurship-communautaire","status":"publish","type":"page","link":"https:\/\/welchllp.com\/fr\/a-propos-de-nous\/leadeurship-communautaire\/","title":{"rendered":"Leadership communautaire"},"content":{"rendered":"\n<div class=\"wp-block-cover alignfull is-light hero no-margin is-padded\"><span aria-hidden=\"true\" class=\"wp-block-cover__background has-white-background-color has-background-dim-100 has-background-dim\"><\/span><div class=\"wp-block-cover__inner-container is-layout-flow wp-block-cover-is-layout-flow\">\n\n<span class=\"breadcrumbs\">\n            <span class=\"eyebrow crumb\"><a href=\"https:\/\/welchllp.com\/fr\/a-propos-de-nous\/\">\u00c0 propos de nous<\/a><\/span>\n    <\/span>\n\n\n<h1 class=\"large two-third-container wp-block-post-title\">Leadership communautaire<\/h1>\n\n\n<p class=\"narrow-container left-aligned has-dark-grey-color has-text-color has-regular-font-size\">Pour changer les choses, il faut manifester sa reconnaissance envers la collectivit\u00e9 pour ce que nous en avons re\u00e7u. C\u2019est notre responsabilit\u00e9.<\/p>\n<\/div><\/div>\n\n\n\n<div class=\"wp-block-cover alignfull hero bg-img tall  is-padded\"><span aria-hidden=\"true\" class=\"wp-block-cover__background has-background-dim wp-block-cover__gradient-background has-background-gradient\" style=\"background:linear-gradient(247deg,rgba(0,0,0,0) 0%,rgb(0,0,0) 100%)\"><\/span><img loading=\"lazy\" decoding=\"async\" width=\"1920\" height=\"1280\" class=\"wp-block-cover__image-background wp-image-9403\" alt=\"\" src=\"https:\/\/welchllp.com\/wp-content\/uploads\/2022\/07\/community-hero.jpeg\" data-object-fit=\"cover\" srcset=\"https:\/\/welchllp.com\/wp-content\/uploads\/2022\/07\/community-hero.jpeg 1920w, https:\/\/welchllp.com\/wp-content\/uploads\/2022\/07\/community-hero-300x200.jpeg 300w, https:\/\/welchllp.com\/wp-content\/uploads\/2022\/07\/community-hero-1024x683.jpeg 1024w, https:\/\/welchllp.com\/wp-content\/uploads\/2022\/07\/community-hero-768x512.jpeg 768w, https:\/\/welchllp.com\/wp-content\/uploads\/2022\/07\/community-hero-1536x1024.jpeg 1536w\" sizes=\"auto, (max-width: 1920px) 100vw, 1920px\" \/><div class=\"wp-block-cover__inner-container is-layout-flow wp-block-cover-is-layout-flow\">\n\n<p class=\"has-text-align-center has-large-font-size\"><\/p>\n\n<\/div><\/div>\n\n\n\n<div class=\"wp-block-group alignfull bottom-border no-margin\"><div class=\"wp-block-group__inner-container is-layout-flow wp-block-group-is-layout-flow\">\n<div class=\"wp-block-group alignwide\"><div class=\"wp-block-group__inner-container is-layout-flow wp-block-group-is-layout-flow\">\n<p class=\"two-third-container has-grey-color has-text-color has-lead-font-size\">Le leadership communautaire est une composante centrale de notre vision. Tous nos bureaux adoptent une cause, des activit\u00e9s et des organismes de bienfaisance, et leur donnent leur appui au cours de l\u2019ann\u00e9e. D\u2019ailleurs, de nombreuses personnes, associ\u00e9es ou autre, si\u00e8gent au conseil d\u2019administration d\u2019organismes sans but lucratif. Nous encourageons la participation communautaire de notre personnel en lui offrant une journ\u00e9e de b\u00e9n\u00e9volat r\u00e9mun\u00e9r\u00e9e par ann\u00e9e.<\/p>\n<\/div><\/div>\n<\/div><\/div>\n\n\n\n<div class=\"wp-block-group alignfull bottom-border no-margin\"><div class=\"wp-block-group__inner-container is-layout-flow wp-block-group-is-layout-flow\">\n<div class=\"wp-block-group alignwide is-padded no-margin\"><div class=\"wp-block-group__inner-container is-layout-flow wp-block-group-is-layout-flow\">\n<h2 class=\"wp-block-heading has-text-align-center is-style-eyebrow has-grey-color has-text-color\" id=\"h-community-leadership\">COMMUNITY LEADERSHIP<\/h2>\n\n\n\n<h2 class=\"wp-block-heading has-text-align-center\" id=\"h-a-propos-de-la-fondation-communautaire-welch\"><strong>\u00c0 propos de La fondation communautaire Welch<\/strong><\/h2>\n\n\n\n<p class=\"has-text-align-center\">La fondation communautaire Welch est un organisme de bienfaisance enregistr\u00e9 cr\u00e9\u00e9 par Welch LLP, un cabinet de CPA dont le si\u00e8ge social est \u00e0 Ottawa. La fondation s\u2019efforce de fournir son appui et des ressources aux organismes de bienfaisance qui se consacrent \u00e0 am\u00e9liorer les collectivit\u00e9s locales. Elle t\u00e9moigne de l\u2019engagement de Welch LLP \u00e0 soutenir les organismes de bienfaisance locaux en tirant parti de son profil, de ses ressources et de ses racines profondes dans les collectivit\u00e9s qu\u2019elle sert.<\/p>\n\n\n\n\n<\/div><\/div>\n<\/div><\/div>\n\n\n\n\n\n\n\n\n<div class=\"wp-block-cover alignfull final-cover no-margin\"><span aria-hidden=\"true\" class=\"wp-block-cover__background has-welch-green-background-color has-background-dim-100 has-background-dim\"><\/span><div class=\"wp-block-cover__inner-container is-layout-flow wp-block-cover-is-layout-flow\">\n<div class=\"wp-block-group narrower-container no-margin\"><div class=\"wp-block-group__inner-container is-layout-flow wp-block-group-is-layout-flow\">\n<h2 class=\"has-text-align-center wp-block-heading\">Nos sp\u00e9cialistes n\u2019attendent que vous<\/h2>\n\n\n\n<p class=\"has-text-align-center\">Communiquez avec nous. Faites-nous part de vos besoins et nous assignerons \u00e0 votre organisation une personne sp\u00e9cialis\u00e9e dans votre secteur d\u2019activit\u00e9.<\/p>\n\n\n\n<div class=\"wp-block-buttons is-layout-flex wp-block-buttons-is-layout-flex\">\n<div class=\"wp-block-button aligncenter is-style-outline is-style-outline--1\"><a class=\"wp-block-button__link has-white-color has-text-color\" href=\"https:\/\/welchllp.com\/fr\/adresses\/#GeneralEnquiries\">Faites-le aujourd\u2019hui<\/a><\/div>\n<\/div>\n<\/div><\/div>\n<\/div><\/div>\n","protected":false},"excerpt":{"rendered":"<p>Pour changer les choses, il faut manifester sa reconnaissance envers la collectivit\u00e9 pour ce que nous en avons re\u00e7u. C\u2019est notre responsabilit\u00e9.<\/p>\n","protected":false},"author":2,"featured_media":19295,"parent":11166,"menu_order":46,"comment_status":"closed","ping_status":"closed","template":"","meta":{"_relevanssi_hide_post":"","_relevanssi_hide_content":"","_relevanssi_pin_for_all":"","_relevanssi_pin_keywords":"","_relevanssi_unpin_keywords":"","_relevanssi_related_keywords":"","_relevanssi_related_include_ids":"","_relevanssi_related_exclude_ids":"","_relevanssi_related_no_append":"","_relevanssi_related_not_related":"","_relevanssi_related_posts":"10708,10669,10711,10545,10556,10580","_relevanssi_noindex_reason":"","footnotes":""},"class_list":["post-11170","page","type-page","status-publish","has-post-thumbnail","hentry"],"yoast_head":"<!-- This site is optimized with the Yoast SEO Premium plugin v24.3 (Yoast SEO v25.8) - https:\/\/yoast.com\/wordpress\/plugins\/seo\/ -->\n<title>Leadership communautaire - Welch LLP<\/title>\n<meta name=\"robots\" content=\"index, follow, max-snippet:-1, max-image-preview:large, max-video-preview:-1\" \/>\n<link rel=\"canonical\" href=\"https:\/\/welchllp.com\/fr\/a-propos-de-nous\/leadeurship-communautaire\/\" \/>\n<meta property=\"og:locale\" content=\"fr_FR\" \/>\n<meta property=\"og:type\" content=\"article\" \/>\n<meta property=\"og:title\" content=\"Leadership communautaire\" \/>\n<meta property=\"og:description\" content=\"Pour changer les choses, il faut manifester sa reconnaissance envers la collectivit\u00e9 pour ce que nous en avons re\u00e7u. C\u2019est notre responsabilit\u00e9.\" \/>\n<meta property=\"og:url\" content=\"https:\/\/welchllp.com\/fr\/a-propos-de-nous\/leadeurship-communautaire\/\" \/>\n<meta property=\"og:site_name\" content=\"Welch LLP\" \/>\n<meta property=\"article:publisher\" content=\"https:\/\/www.facebook.com\/WelchLLP\/\" \/>\n<meta property=\"article:modified_time\" content=\"2026-03-18T17:16:13+00:00\" \/>\n<meta property=\"og:image\" content=\"https:\/\/welchllp.com\/wp-content\/uploads\/2022\/07\/community-hero.jpeg\" \/>\n\t<meta property=\"og:image:width\" content=\"1920\" \/>\n\t<meta property=\"og:image:height\" content=\"1280\" \/>\n\t<meta property=\"og:image:type\" content=\"image\/jpeg\" \/>\n<meta name=\"twitter:card\" content=\"summary_large_image\" \/>\n<meta name=\"twitter:site\" content=\"@welchllp\" \/>\n<meta name=\"twitter:label1\" content=\"Dur\u00e9e de lecture estim\u00e9e\" \/>\n\t<meta name=\"twitter:data1\" content=\"2 minutes\" \/>\n<script type=\"application\/ld+json\" class=\"yoast-schema-graph\">{\"@context\":\"https:\/\/schema.org\",\"@graph\":[{\"@type\":\"WebPage\",\"@id\":\"https:\/\/welchllp.com\/fr\/a-propos-de-nous\/leadeurship-communautaire\/\",\"url\":\"https:\/\/welchllp.com\/fr\/a-propos-de-nous\/leadeurship-communautaire\/\",\"name\":\"Leadership communautaire - Welch LLP\",\"isPartOf\":{\"@id\":\"https:\/\/welchllp.com\/fr\/#website\"},\"primaryImageOfPage\":{\"@id\":\"https:\/\/welchllp.com\/fr\/a-propos-de-nous\/leadeurship-communautaire\/#primaryimage\"},\"image\":{\"@id\":\"https:\/\/welchllp.com\/fr\/a-propos-de-nous\/leadeurship-communautaire\/#primaryimage\"},\"thumbnailUrl\":\"https:\/\/welchllp.com\/wp-content\/uploads\/2026\/03\/Community-1.jpg\",\"datePublished\":\"2022-05-30T21:36:26+00:00\",\"dateModified\":\"2026-03-18T17:16:13+00:00\",\"breadcrumb\":{\"@id\":\"https:\/\/welchllp.com\/fr\/a-propos-de-nous\/leadeurship-communautaire\/#breadcrumb\"},\"inLanguage\":\"fr-FR\",\"potentialAction\":[{\"@type\":\"ReadAction\",\"target\":[\"https:\/\/welchllp.com\/fr\/a-propos-de-nous\/leadeurship-communautaire\/\"]}]},{\"@type\":\"ImageObject\",\"inLanguage\":\"fr-FR\",\"@id\":\"https:\/\/welchllp.com\/fr\/a-propos-de-nous\/leadeurship-communautaire\/#primaryimage\",\"url\":\"https:\/\/welchllp.com\/wp-content\/uploads\/2026\/03\/Community-1.jpg\",\"contentUrl\":\"https:\/\/welchllp.com\/wp-content\/uploads\/2026\/03\/Community-1.jpg\",\"width\":1129,\"height\":715},{\"@type\":\"BreadcrumbList\",\"@id\":\"https:\/\/welchllp.com\/fr\/a-propos-de-nous\/leadeurship-communautaire\/#breadcrumb\",\"itemListElement\":[{\"@type\":\"ListItem\",\"position\":1,\"name\":\"Home\",\"item\":\"https:\/\/welchllp.com\/fr\/\"},{\"@type\":\"ListItem\",\"position\":2,\"name\":\"\u00c0 propos de nous\",\"item\":\"https:\/\/welchllp.com\/fr\/a-propos-de-nous\/\"},{\"@type\":\"ListItem\",\"position\":3,\"name\":\"Leadership communautaire\"}]},{\"@type\":\"WebSite\",\"@id\":\"https:\/\/welchllp.com\/fr\/#website\",\"url\":\"https:\/\/welchllp.com\/fr\/\",\"name\":\"Welch LLP\",\"description\":\"Chartered Professional Accountants\",\"publisher\":{\"@id\":\"https:\/\/welchllp.com\/fr\/#organization\"},\"potentialAction\":[{\"@type\":\"SearchAction\",\"target\":{\"@type\":\"EntryPoint\",\"urlTemplate\":\"https:\/\/welchllp.com\/fr\/?s={search_term_string}\"},\"query-input\":{\"@type\":\"PropertyValueSpecification\",\"valueRequired\":true,\"valueName\":\"search_term_string\"}}],\"inLanguage\":\"fr-FR\"},{\"@type\":\"Organization\",\"@id\":\"https:\/\/welchllp.com\/fr\/#organization\",\"name\":\"Welch LLP\",\"url\":\"https:\/\/welchllp.com\/fr\/\",\"logo\":{\"@type\":\"ImageObject\",\"inLanguage\":\"fr-FR\",\"@id\":\"https:\/\/welchllp.com\/fr\/#\/schema\/logo\/image\/\",\"url\":\"https:\/\/welchllp.com\/wp-content\/uploads\/2016\/02\/WelchLLP_logo.png\",\"contentUrl\":\"https:\/\/welchllp.com\/wp-content\/uploads\/2016\/02\/WelchLLP_logo.png\",\"width\":707,\"height\":187,\"caption\":\"Welch LLP\"},\"image\":{\"@id\":\"https:\/\/welchllp.com\/fr\/#\/schema\/logo\/image\/\"},\"sameAs\":[\"https:\/\/www.facebook.com\/WelchLLP\/\",\"https:\/\/x.com\/welchllp\",\"https:\/\/www.linkedin.com\/company\/welchllp\",\"https:\/\/www.instagram.com\/welch_llp\/\"]}]}<\/script>\n<!-- \/ Yoast SEO Premium plugin. -->","yoast_head_json":{"title":"Leadership communautaire - Welch LLP","robots":{"index":"index","follow":"follow","max-snippet":"max-snippet:-1","max-image-preview":"max-image-preview:large","max-video-preview":"max-video-preview:-1"},"canonical":"https:\/\/welchllp.com\/fr\/a-propos-de-nous\/leadeurship-communautaire\/","og_locale":"fr_FR","og_type":"article","og_title":"Leadership communautaire","og_description":"Pour changer les choses, il faut manifester sa reconnaissance envers la collectivit\u00e9 pour ce que nous en avons re\u00e7u. C\u2019est notre responsabilit\u00e9.","og_url":"https:\/\/welchllp.com\/fr\/a-propos-de-nous\/leadeurship-communautaire\/","og_site_name":"Welch LLP","article_publisher":"https:\/\/www.facebook.com\/WelchLLP\/","article_modified_time":"2026-03-18T17:16:13+00:00","og_image":[{"width":1920,"height":1280,"url":"https:\/\/welchllp.com\/wp-content\/uploads\/2022\/07\/community-hero.jpeg","type":"image\/jpeg"}],"twitter_card":"summary_large_image","twitter_site":"@welchllp","twitter_misc":{"Dur\u00e9e de lecture estim\u00e9e":"2 minutes"},"schema":{"@context":"https:\/\/schema.org","@graph":[{"@type":"WebPage","@id":"https:\/\/welchllp.com\/fr\/a-propos-de-nous\/leadeurship-communautaire\/","url":"https:\/\/welchllp.com\/fr\/a-propos-de-nous\/leadeurship-communautaire\/","name":"Leadership communautaire - Welch LLP","isPartOf":{"@id":"https:\/\/welchllp.com\/fr\/#website"},"primaryImageOfPage":{"@id":"https:\/\/welchllp.com\/fr\/a-propos-de-nous\/leadeurship-communautaire\/#primaryimage"},"image":{"@id":"https:\/\/welchllp.com\/fr\/a-propos-de-nous\/leadeurship-communautaire\/#primaryimage"},"thumbnailUrl":"https:\/\/welchllp.com\/wp-content\/uploads\/2026\/03\/Community-1.jpg","datePublished":"2022-05-30T21:36:26+00:00","dateModified":"2026-03-18T17:16:13+00:00","breadcrumb":{"@id":"https:\/\/welchllp.com\/fr\/a-propos-de-nous\/leadeurship-communautaire\/#breadcrumb"},"inLanguage":"fr-FR","potentialAction":[{"@type":"ReadAction","target":["https:\/\/welchllp.com\/fr\/a-propos-de-nous\/leadeurship-communautaire\/"]}]},{"@type":"ImageObject","inLanguage":"fr-FR","@id":"https:\/\/welchllp.com\/fr\/a-propos-de-nous\/leadeurship-communautaire\/#primaryimage","url":"https:\/\/welchllp.com\/wp-content\/uploads\/2026\/03\/Community-1.jpg","contentUrl":"https:\/\/welchllp.com\/wp-content\/uploads\/2026\/03\/Community-1.jpg","width":1129,"height":715},{"@type":"BreadcrumbList","@id":"https:\/\/welchllp.com\/fr\/a-propos-de-nous\/leadeurship-communautaire\/#breadcrumb","itemListElement":[{"@type":"ListItem","position":1,"name":"Home","item":"https:\/\/welchllp.com\/fr\/"},{"@type":"ListItem","position":2,"name":"\u00c0 propos de nous","item":"https:\/\/welchllp.com\/fr\/a-propos-de-nous\/"},{"@type":"ListItem","position":3,"name":"Leadership communautaire"}]},{"@type":"WebSite","@id":"https:\/\/welchllp.com\/fr\/#website","url":"https:\/\/welchllp.com\/fr\/","name":"Welch LLP","description":"Chartered Professional Accountants","publisher":{"@id":"https:\/\/welchllp.com\/fr\/#organization"},"potentialAction":[{"@type":"SearchAction","target":{"@type":"EntryPoint","urlTemplate":"https:\/\/welchllp.com\/fr\/?s={search_term_string}"},"query-input":{"@type":"PropertyValueSpecification","valueRequired":true,"valueName":"search_term_string"}}],"inLanguage":"fr-FR"},{"@type":"Organization","@id":"https:\/\/welchllp.com\/fr\/#organization","name":"Welch LLP","url":"https:\/\/welchllp.com\/fr\/","logo":{"@type":"ImageObject","inLanguage":"fr-FR","@id":"https:\/\/welchllp.com\/fr\/#\/schema\/logo\/image\/","url":"https:\/\/welchllp.com\/wp-content\/uploads\/2016\/02\/WelchLLP_logo.png","contentUrl":"https:\/\/welchllp.com\/wp-content\/uploads\/2016\/02\/WelchLLP_logo.png","width":707,"height":187,"caption":"Welch LLP"},"image":{"@id":"https:\/\/welchllp.com\/fr\/#\/schema\/logo\/image\/"},"sameAs":["https:\/\/www.facebook.com\/WelchLLP\/","https:\/\/x.com\/welchllp","https:\/\/www.linkedin.com\/company\/welchllp","https:\/\/www.instagram.com\/welch_llp\/"]}]}},"_links":{"self":[{"href":"https:\/\/welchllp.com\/fr\/wp-json\/wp\/v2\/pages\/11170","targetHints":{"allow":["GET"]}}],"collection":[{"href":"https:\/\/welchllp.com\/fr\/wp-json\/wp\/v2\/pages"}],"about":[{"href":"https:\/\/welchllp.com\/fr\/wp-json\/wp\/v2\/types\/page"}],"author":[{"embeddable":true,"href":"https:\/\/welchllp.com\/fr\/wp-json\/wp\/v2\/users\/2"}],"replies":[{"embeddable":true,"href":"https:\/\/welchllp.com\/fr\/wp-json\/wp\/v2\/comments?post=11170"}],"version-history":[{"count":1,"href":"https:\/\/welchllp.com\/fr\/wp-json\/wp\/v2\/pages\/11170\/revisions"}],"predecessor-version":[{"id":19271,"href":"https:\/\/welchllp.com\/fr\/wp-json\/wp\/v2\/pages\/11170\/revisions\/19271"}],"up":[{"embeddable":true,"href":"https:\/\/welchllp.com\/fr\/wp-json\/wp\/v2\/pages\/11166"}],"wp:featuredmedia":[{"embeddable":true,"href":"https:\/\/welchllp.com\/fr\/wp-json\/wp\/v2\/media\/19295"}],"wp:attachment":[{"href":"https:\/\/welchllp.com\/fr\/wp-json\/wp\/v2\/media?parent=11170"}],"curies":[{"name":"wp","href":"https:\/\/api.w.org\/{rel}","templated":true}]}}