{"id":11211,"date":"2022-05-30T17:36:26","date_gmt":"2022-05-30T21:36:26","guid":{"rendered":"https:\/\/welchllp.wpengine.com\/?page_id=11211"},"modified":"2024-04-08T16:05:50","modified_gmt":"2024-04-08T20:05:50","slug":"perspectives","status":"publish","type":"page","link":"https:\/\/welchllp.com\/fr\/perspectives\/","title":{"rendered":"Perspectives"},"content":{"rendered":"\n<div class=\"wp-block-cover alignfull is-light hero no-margin is-padded\"><span aria-hidden=\"true\" class=\"wp-block-cover__background has-white-background-color has-background-dim-100 has-background-dim\"><\/span><div class=\"wp-block-cover__inner-container is-layout-flow wp-block-cover-is-layout-flow\"><h1 class=\"large two-third-container wp-block-post-title\">Perspectives<\/h1>\n\n\n<p class=\"narrow-container left-aligned has-dark-grey-color has-text-color has-regular-font-size\">Des contenus et des tendances qui comptent, pour vous et votre entreprise.<\/p>\n<\/div><\/div>\n\n\n\n<div class=\"wp-block-group alignfull no-margin less-padding has-off-white-background-color has-background\"><div class=\"wp-block-group__inner-container is-layout-flow wp-block-group-is-layout-flow\">\n<div class=\"wp-block-group alignfull low-margin\"><div class=\"wp-block-group__inner-container is-layout-flow wp-block-group-is-layout-flow\">\n<h2 class=\"wp-block-heading is-style-eyebrow\">Knowledge from Welch<\/h2>\n<\/div><\/div>\n\n\n\n<div class=\"wp-block-group alignfull\"><div class=\"wp-block-group__inner-container is-layout-flow wp-block-group-is-layout-flow\">\n<a itemscope itemtype=\"http:\/\/schema.org\/Article\" class=\"wp-block-media-text is-stacked-on-mobile has-background has-white-background-color is-image-fill news single knowledge card\" href=\"https:\/\/welchllp.com\/fr\/perspectives\/savoir\/la-fondation-communautaire-welch-sengage-a-soutenir-pendant-cinq-ans-la-campagne-de-financement-grand-don-a-la-riviere\/\">\n\t\t\t\t\t<figure class=\"wp-block-media-text__media\" style=\"background-image:url(https:\/\/welchllp.com\/wp-content\/uploads\/2025\/02\/DSC00609-scaled.jpg); background-position: 50% 50%; aspect-ratio: 16 \/ 9;\">\n\t\t\t\t<img loading=\"lazy\" decoding=\"async\" width=\"1024\" height=\"683\" src=\"https:\/\/welchllp.com\/wp-content\/uploads\/2025\/02\/DSC00609-1024x683.jpg\" class=\"attachment-large size-large wp-post-image\" alt=\"\" srcset=\"https:\/\/welchllp.com\/wp-content\/uploads\/2025\/02\/DSC00609-1024x683.jpg 1024w, https:\/\/welchllp.com\/wp-content\/uploads\/2025\/02\/DSC00609-300x200.jpg 300w, https:\/\/welchllp.com\/wp-content\/uploads\/2025\/02\/DSC00609-768x512.jpg 768w, https:\/\/welchllp.com\/wp-content\/uploads\/2025\/02\/DSC00609-1536x1024.jpg 1536w, https:\/\/welchllp.com\/wp-content\/uploads\/2025\/02\/DSC00609-2048x1365.jpg 2048w, https:\/\/welchllp.com\/wp-content\/uploads\/2025\/02\/DSC00609-scaled.jpg 1980w\" sizes=\"auto, (max-width: 1024px) 100vw, 1024px\" \/>\t\t\t<\/figure>\n\t\t\n\t\t<div class=\"wp-block-media-text__content \">\n            <div class=\"wp-block-group\">\n                <div class=\"wp-block-group__inner-container\">\n                    <p class=\"meta has-grey-color\" itemprop=\"articleSection\">News - Communaut\u00e9<\/p>\n\n                    \n                    <h3 itemprop=\"headline\">La fondation communautaire Welch s\u2019engage \u00e0 soutenir pendant cinq ans la campagne de financement Grand don \u00e0 la rivi\u00e8re<\/h3>\n\n                    <p class=\"\">\n                        <em class=\"date\" itemprop=\"datePublished\">\n                            mars 03, 2025\t\n                        <\/em>\n                                                    &nbsp;&ndash; La fondation communautaire Welch a le plaisir d\u2019annoncer qu\u2019elle versera 75\u00a0000\u00a0$ \u00e0 Garde-rivi\u00e8re des Outaouais, dans le cadre de sa campagne de financement majeure Grand don \u00e0 la rivi\u00e8re. \n                                            <\/p>\n                    \n                                            <p class=\"has-accent-green-color\"><i class=\"fal fa-long-arrow-right\" aria-label=\"View\"><\/i><\/p>\n                                            \n                        \n                <\/div>\n            <\/div>\n\t\t<\/div>\n\t<\/a><\/div>\n\n<\/div><\/div>\n\n\n\n<div class=\"wp-block-group alignfull columns-3\"><div class=\"wp-block-group__inner-container is-layout-flow wp-block-group-is-layout-flow\">\n<a itemscope itemtype=\"http:\/\/schema.org\/Article\" class=\"wp-block-group post knowledge card unpadded no-margin\" href=\"https:\/\/welchllp.com\/fr\/perspectives\/savoir\/ce-quil-faut-savoir-sur-la-cybersecurite-des-petites-cliniques-medicales\/\">\n\t<div class=\"wp-block-group__inner-container\">\n\t\t\t\t\t<figure class=\"wp-block-image\">\n\t\t\t\t<img loading=\"lazy\" decoding=\"async\" width=\"768\" height=\"432\" src=\"https:\/\/welchllp.com\/wp-content\/uploads\/2025\/01\/Cybersecurity-in-medical-clinics-768x432.jpg\" class=\"attachment-medium_large size-medium_large wp-post-image\" alt=\"\" srcset=\"https:\/\/welchllp.com\/wp-content\/uploads\/2025\/01\/Cybersecurity-in-medical-clinics-768x432.jpg 768w, https:\/\/welchllp.com\/wp-content\/uploads\/2025\/01\/Cybersecurity-in-medical-clinics-300x169.jpg 300w, https:\/\/welchllp.com\/wp-content\/uploads\/2025\/01\/Cybersecurity-in-medical-clinics-1024x576.jpg 1024w, https:\/\/welchllp.com\/wp-content\/uploads\/2025\/01\/Cybersecurity-in-medical-clinics-1536x864.jpg 1536w, https:\/\/welchllp.com\/wp-content\/uploads\/2025\/01\/Cybersecurity-in-medical-clinics.jpg 1920w\" sizes=\"auto, (max-width: 768px) 100vw, 768px\" \/>\t\t\t<\/figure>\n\t\t\n\t\t<div class=\"wp-block-group has-background has-white-background-color less-padding even-less no-margin\">\n\t\t\t<div class=\"wp-block-group__inner-container\">\n\t\t\t\t\t\t\t\t\t<p class=\"meta has-grey-color\" itemprop=\"articleSection\">Blog<\/p>\n\t\t\t\t\n\t\t\t\t\n\t\t\t\t<h5 itemprop=\"headline\">Ce qu\u2019il faut savoir sur la cybers\u00e9curit\u00e9 des petites cliniques m\u00e9dicales<\/h5>\n\n\t\t\t\t<p class=\"has-small-font-size excerpt\">\n\t\t\t\t\t<em class=\"date\" itemprop=\"datePublished\">\n\t\t\t\t\t\tjanvier 14, 2025\t\n\t\t\t\t\t<\/em>\n\t\t\t\t\t\t\t\t\t\t\t&nbsp;&ndash; Quelle que soit leur taille, les cliniques m\u00e9dicales s\u2019appuient toujours plus sur des outils num\u00e9riques pour simplifier leur fonctionnement et [&hellip;]\n\t\t\t\t\t\t\t\t\t<\/p>\n\n\t\t\t\t<p class=\"has-accent-green-color event-archive-only\"><i class=\"fal fa-long-arrow-right\" aria-label=\"View\"><\/i><\/p>\n\t\t\t<\/div>\n\t\t<\/div>\n\t<\/div>\n<\/a>\n\n<a itemscope itemtype=\"http:\/\/schema.org\/Article\" class=\"wp-block-group post knowledge card unpadded no-margin\" href=\"https:\/\/welchllp.com\/fr\/perspectives\/savoir\/de-bonnes-nouvelles-du-hoopp-pour-les-medecins-constitues-en-societe\/\">\n\t<div class=\"wp-block-group__inner-container\">\n\t\t\t\t\t<figure class=\"wp-block-image\">\n\t\t\t\t<img loading=\"lazy\" decoding=\"async\" width=\"768\" height=\"432\" src=\"https:\/\/welchllp.com\/wp-content\/uploads\/2024\/12\/HOOBBs-768x432.jpg\" class=\"attachment-medium_large size-medium_large wp-post-image\" alt=\"\" srcset=\"https:\/\/welchllp.com\/wp-content\/uploads\/2024\/12\/HOOBBs-768x432.jpg 768w, https:\/\/welchllp.com\/wp-content\/uploads\/2024\/12\/HOOBBs-300x169.jpg 300w, https:\/\/welchllp.com\/wp-content\/uploads\/2024\/12\/HOOBBs-1024x576.jpg 1024w, https:\/\/welchllp.com\/wp-content\/uploads\/2024\/12\/HOOBBs-1536x864.jpg 1536w, https:\/\/welchllp.com\/wp-content\/uploads\/2024\/12\/HOOBBs-e1758655648514.jpg 1200w\" sizes=\"auto, (max-width: 768px) 100vw, 768px\" \/>\t\t\t<\/figure>\n\t\t\n\t\t<div class=\"wp-block-group has-background has-white-background-color less-padding even-less no-margin\">\n\t\t\t<div class=\"wp-block-group__inner-container\">\n\t\t\t\t\t\t\t\t\t<p class=\"meta has-grey-color\" itemprop=\"articleSection\">Blog<\/p>\n\t\t\t\t\n\t\t\t\t\n\t\t\t\t<h5 itemprop=\"headline\">De bonnes nouvelles du HOOPP, pour les m\u00e9decins constitu\u00e9s en soci\u00e9t\u00e9<\/h5>\n\n\t\t\t\t<p class=\"has-small-font-size excerpt\">\n\t\t\t\t\t<em class=\"date\" itemprop=\"datePublished\">\n\t\t\t\t\t\td\u00e9cembre 17, 2024\t\n\t\t\t\t\t<\/em>\n\t\t\t\t\t\t\t\t\t\t\t&nbsp;&ndash; Dans un communiqu\u00e9 de presse dat\u00e9 du 10 d\u00e9cembre 2024, le Healthcare of Ontario Pension Plan (HOOPP) a annonc\u00e9 que [&hellip;]\n\t\t\t\t\t\t\t\t\t<\/p>\n\n\t\t\t\t<p class=\"has-accent-green-color event-archive-only\"><i class=\"fal fa-long-arrow-right\" aria-label=\"View\"><\/i><\/p>\n\t\t\t<\/div>\n\t\t<\/div>\n\t<\/div>\n<\/a>\n\n<a itemscope itemtype=\"http:\/\/schema.org\/Article\" class=\"wp-block-group news knowledge card unpadded no-margin\" href=\"https:\/\/welchllp.com\/fr\/perspectives\/savoir\/le-bureau-de-welch-llp-a-ottawa-est-maintenant-situe-a-constitution-square\/\">\n\t<div class=\"wp-block-group__inner-container\">\n\t\t\t\t\t<figure class=\"wp-block-image\">\n\t\t\t\t<img loading=\"lazy\" decoding=\"async\" width=\"768\" height=\"432\" src=\"https:\/\/welchllp.com\/wp-content\/uploads\/2024\/11\/Moving-Office-image-768x432.jpg\" class=\"attachment-medium_large size-medium_large wp-post-image\" alt=\"\" srcset=\"https:\/\/welchllp.com\/wp-content\/uploads\/2024\/11\/Moving-Office-image-768x432.jpg 768w, https:\/\/welchllp.com\/wp-content\/uploads\/2024\/11\/Moving-Office-image-300x169.jpg 300w, https:\/\/welchllp.com\/wp-content\/uploads\/2024\/11\/Moving-Office-image-1024x576.jpg 1024w, https:\/\/welchllp.com\/wp-content\/uploads\/2024\/11\/Moving-Office-image-1536x864.jpg 1536w, https:\/\/welchllp.com\/wp-content\/uploads\/2024\/11\/Moving-Office-image.jpg 1920w\" sizes=\"auto, (max-width: 768px) 100vw, 768px\" \/>\t\t\t<\/figure>\n\t\t\n\t\t<div class=\"wp-block-group has-background has-white-background-color less-padding even-less no-margin\">\n\t\t\t<div class=\"wp-block-group__inner-container\">\n\t\t\t\t\t\t\t\t\t<p class=\"meta has-grey-color\" itemprop=\"articleSection\">News<\/p>\n\t\t\t\t\n\t\t\t\t\n\t\t\t\t<h5 itemprop=\"headline\">Le bureau de Welch LLP \u00e0 Ottawa est maintenant situ\u00e9 \u00e0 Constitution Square<\/h5>\n\n\t\t\t\t<p class=\"has-small-font-size excerpt\">\n\t\t\t\t\t<em class=\"date\" itemprop=\"datePublished\">\n\t\t\t\t\t\td\u00e9cembre 02, 2024\t\n\t\t\t\t\t<\/em>\n\t\t\t\t\t\t\t\t\t\t\t&nbsp;&ndash; Nous avons le plaisir d&rsquo;annoncer que le bureau de Welch LLP \u00e0 Ottawa a d\u00e9m\u00e9nag\u00e9. \n\t\t\t\t\t\t\t\t\t<\/p>\n\n\t\t\t\t<p class=\"has-accent-green-color event-archive-only\"><i class=\"fal fa-long-arrow-right\" aria-label=\"View\"><\/i><\/p>\n\t\t\t<\/div>\n\t\t<\/div>\n\t<\/div>\n<\/a>\n\n<\/div><\/div>\n<\/div>\n\n\n\n<div class=\"wp-block-group alignfull no-margin no-padding\"><div class=\"wp-block-group__inner-container is-layout-flow wp-block-group-is-layout-flow\">\n<div class=\"wp-block-media-text alignwide is-stacked-on-mobile is-image-fill no-margin short has-white-color has-grey-background-color has-text-color has-background\"><figure class=\"wp-block-media-text__media\" style=\"background-image:url(https:\/\/welchllp.com\/wp-content\/uploads\/2022\/07\/newsletter-signup-1024x683.jpg);background-position:69% 31%\"><img loading=\"lazy\" decoding=\"async\" width=\"1024\" height=\"683\" src=\"https:\/\/welchllp.com\/wp-content\/uploads\/2022\/07\/newsletter-signup-1024x683.jpg\" alt=\"\" class=\"wp-image-9334 size-full\" srcset=\"https:\/\/welchllp.com\/wp-content\/uploads\/2022\/07\/newsletter-signup-1024x683.jpg 1024w, https:\/\/welchllp.com\/wp-content\/uploads\/2022\/07\/newsletter-signup-300x200.jpg 300w, https:\/\/welchllp.com\/wp-content\/uploads\/2022\/07\/newsletter-signup-768x512.jpg 768w, https:\/\/welchllp.com\/wp-content\/uploads\/2022\/07\/newsletter-signup-1536x1024.jpg 1536w, https:\/\/welchllp.com\/wp-content\/uploads\/2022\/07\/newsletter-signup.jpg 1920w\" sizes=\"auto, (max-width: 1024px) 100vw, 1024px\" \/><\/figure><div class=\"wp-block-media-text__content\">\n<div class=\"wp-block-group is-padded\"><div class=\"wp-block-group__inner-container is-layout-flow wp-block-group-is-layout-flow\">\n<h3 class=\"wp-block-heading h1 has-white-color has-text-color\">Abonnement au bulletin<\/h3>\n\n\n\n<p>Abonnez-vous et vous recevrez <em>The Welch Times<\/em> trimestriellement, directement par courriel.<\/p>\n\n\n\n<div class=\"wp-block-buttons is-layout-flex wp-block-buttons-is-layout-flex\">\n<div class=\"wp-block-button is-style-outline is-style-outline--1\"><a class=\"wp-block-button__link has-white-color has-text-color wp-element-button\" href=\"https:\/\/insights.welchllp.com\/fr\/welch-llp-expressed-consent\" target=\"_blank\" rel=\"noreferrer noopener\">Je m\u2019abonne!<\/a><\/div>\n<\/div>\n<\/div><\/div>\n<\/div><\/div>\n<\/div><\/div>\n\n\n\n\n\n\n\n\n\n<div class=\"wp-block-cover alignfull final-cover no-margin\"><span aria-hidden=\"true\" class=\"wp-block-cover__background has-welch-green-background-color has-background-dim-100 has-background-dim\"><\/span><div class=\"wp-block-cover__inner-container is-layout-flow wp-block-cover-is-layout-flow\">\n<div class=\"wp-block-group narrower-container no-margin\"><div class=\"wp-block-group__inner-container is-layout-flow wp-block-group-is-layout-flow\">\n<h2 class=\"has-text-align-center wp-block-heading\">Nos sp\u00e9cialistes n\u2019attendent que vous<\/h2>\n\n\n\n<p class=\"has-text-align-center\">Communiquez avec nous. Faites-nous part de vos besoins et nous assignerons \u00e0 votre organisation une personne sp\u00e9cialis\u00e9e dans votre secteur d\u2019activit\u00e9.<\/p>\n\n\n\n<div class=\"wp-block-buttons is-layout-flex wp-block-buttons-is-layout-flex\">\n<div class=\"wp-block-button aligncenter is-style-outline is-style-outline--6\"><a class=\"wp-block-button__link has-white-color has-text-color\" href=\"https:\/\/welchllp.com\/fr\/adresses\/#GeneralEnquiries\">Faites-le aujourd\u2019hui<\/a><\/div>\n<\/div>\n<\/div><\/div>\n<\/div><\/div>\n","protected":false},"excerpt":{"rendered":"<p>Knowledge from Welch Welch Live Events Welch Times Newsletter<\/p>\n","protected":false},"author":2,"featured_media":0,"parent":0,"menu_order":3,"comment_status":"closed","ping_status":"closed","template":"","meta":{"_relevanssi_hide_post":"","_relevanssi_hide_content":"","_relevanssi_pin_for_all":"","_relevanssi_pin_keywords":"","_relevanssi_unpin_keywords":"","_relevanssi_related_keywords":"","_relevanssi_related_include_ids":"","_relevanssi_related_exclude_ids":"","_relevanssi_related_no_append":"","_relevanssi_related_not_related":"","_relevanssi_related_posts":"10701,13844,10693,10543,10544,10545","_relevanssi_noindex_reason":"","footnotes":""},"class_list":["post-11211","page","type-page","status-publish","hentry"],"yoast_head":"<!-- This site is optimized with the Yoast SEO Premium plugin v24.3 (Yoast SEO v25.8) - https:\/\/yoast.com\/wordpress\/plugins\/seo\/ -->\n<title>Perspectives - Welch LLP<\/title>\n<meta name=\"robots\" content=\"index, follow, max-snippet:-1, max-image-preview:large, max-video-preview:-1\" \/>\n<link rel=\"canonical\" href=\"https:\/\/welchllp.com\/fr\/perspectives\/\" \/>\n<meta property=\"og:locale\" content=\"fr_FR\" \/>\n<meta property=\"og:type\" content=\"article\" \/>\n<meta property=\"og:title\" content=\"Perspectives\" \/>\n<meta property=\"og:description\" content=\"Knowledge from Welch Welch Live Events Welch Times Newsletter\" \/>\n<meta property=\"og:url\" content=\"https:\/\/welchllp.com\/fr\/perspectives\/\" \/>\n<meta property=\"og:site_name\" content=\"Welch LLP\" \/>\n<meta property=\"article:publisher\" content=\"https:\/\/www.facebook.com\/WelchLLP\/\" \/>\n<meta property=\"article:modified_time\" content=\"2024-04-08T20:05:50+00:00\" \/>\n<meta name=\"twitter:card\" content=\"summary_large_image\" \/>\n<meta name=\"twitter:site\" content=\"@welchllp\" \/>\n<meta name=\"twitter:label1\" content=\"Dur\u00e9e de lecture estim\u00e9e\" \/>\n\t<meta name=\"twitter:data1\" content=\"1 minute\" \/>\n<script type=\"application\/ld+json\" class=\"yoast-schema-graph\">{\"@context\":\"https:\/\/schema.org\",\"@graph\":[{\"@type\":\"WebPage\",\"@id\":\"https:\/\/welchllp.com\/fr\/perspectives\/\",\"url\":\"https:\/\/welchllp.com\/fr\/perspectives\/\",\"name\":\"Perspectives - Welch LLP\",\"isPartOf\":{\"@id\":\"https:\/\/welchllp.com\/fr\/#website\"},\"datePublished\":\"2022-05-30T21:36:26+00:00\",\"dateModified\":\"2024-04-08T20:05:50+00:00\",\"breadcrumb\":{\"@id\":\"https:\/\/welchllp.com\/fr\/perspectives\/#breadcrumb\"},\"inLanguage\":\"fr-FR\",\"potentialAction\":[{\"@type\":\"ReadAction\",\"target\":[\"https:\/\/welchllp.com\/fr\/perspectives\/\"]}]},{\"@type\":\"BreadcrumbList\",\"@id\":\"https:\/\/welchllp.com\/fr\/perspectives\/#breadcrumb\",\"itemListElement\":[{\"@type\":\"ListItem\",\"position\":1,\"name\":\"Home\",\"item\":\"https:\/\/welchllp.com\/fr\/\"},{\"@type\":\"ListItem\",\"position\":2,\"name\":\"Perspectives\"}]},{\"@type\":\"WebSite\",\"@id\":\"https:\/\/welchllp.com\/fr\/#website\",\"url\":\"https:\/\/welchllp.com\/fr\/\",\"name\":\"Welch LLP\",\"description\":\"Chartered Professional Accountants\",\"publisher\":{\"@id\":\"https:\/\/welchllp.com\/fr\/#organization\"},\"potentialAction\":[{\"@type\":\"SearchAction\",\"target\":{\"@type\":\"EntryPoint\",\"urlTemplate\":\"https:\/\/welchllp.com\/fr\/?s={search_term_string}\"},\"query-input\":{\"@type\":\"PropertyValueSpecification\",\"valueRequired\":true,\"valueName\":\"search_term_string\"}}],\"inLanguage\":\"fr-FR\"},{\"@type\":\"Organization\",\"@id\":\"https:\/\/welchllp.com\/fr\/#organization\",\"name\":\"Welch LLP\",\"url\":\"https:\/\/welchllp.com\/fr\/\",\"logo\":{\"@type\":\"ImageObject\",\"inLanguage\":\"fr-FR\",\"@id\":\"https:\/\/welchllp.com\/fr\/#\/schema\/logo\/image\/\",\"url\":\"https:\/\/welchllp.com\/wp-content\/uploads\/2016\/02\/WelchLLP_logo.png\",\"contentUrl\":\"https:\/\/welchllp.com\/wp-content\/uploads\/2016\/02\/WelchLLP_logo.png\",\"width\":707,\"height\":187,\"caption\":\"Welch LLP\"},\"image\":{\"@id\":\"https:\/\/welchllp.com\/fr\/#\/schema\/logo\/image\/\"},\"sameAs\":[\"https:\/\/www.facebook.com\/WelchLLP\/\",\"https:\/\/x.com\/welchllp\",\"https:\/\/www.linkedin.com\/company\/welchllp\",\"https:\/\/www.instagram.com\/welch_llp\/\"]}]}<\/script>\n<!-- \/ Yoast SEO Premium plugin. -->","yoast_head_json":{"title":"Perspectives - Welch LLP","robots":{"index":"index","follow":"follow","max-snippet":"max-snippet:-1","max-image-preview":"max-image-preview:large","max-video-preview":"max-video-preview:-1"},"canonical":"https:\/\/welchllp.com\/fr\/perspectives\/","og_locale":"fr_FR","og_type":"article","og_title":"Perspectives","og_description":"Knowledge from Welch Welch Live Events Welch Times Newsletter","og_url":"https:\/\/welchllp.com\/fr\/perspectives\/","og_site_name":"Welch LLP","article_publisher":"https:\/\/www.facebook.com\/WelchLLP\/","article_modified_time":"2024-04-08T20:05:50+00:00","twitter_card":"summary_large_image","twitter_site":"@welchllp","twitter_misc":{"Dur\u00e9e de lecture estim\u00e9e":"1 minute"},"schema":{"@context":"https:\/\/schema.org","@graph":[{"@type":"WebPage","@id":"https:\/\/welchllp.com\/fr\/perspectives\/","url":"https:\/\/welchllp.com\/fr\/perspectives\/","name":"Perspectives - Welch LLP","isPartOf":{"@id":"https:\/\/welchllp.com\/fr\/#website"},"datePublished":"2022-05-30T21:36:26+00:00","dateModified":"2024-04-08T20:05:50+00:00","breadcrumb":{"@id":"https:\/\/welchllp.com\/fr\/perspectives\/#breadcrumb"},"inLanguage":"fr-FR","potentialAction":[{"@type":"ReadAction","target":["https:\/\/welchllp.com\/fr\/perspectives\/"]}]},{"@type":"BreadcrumbList","@id":"https:\/\/welchllp.com\/fr\/perspectives\/#breadcrumb","itemListElement":[{"@type":"ListItem","position":1,"name":"Home","item":"https:\/\/welchllp.com\/fr\/"},{"@type":"ListItem","position":2,"name":"Perspectives"}]},{"@type":"WebSite","@id":"https:\/\/welchllp.com\/fr\/#website","url":"https:\/\/welchllp.com\/fr\/","name":"Welch LLP","description":"Chartered Professional Accountants","publisher":{"@id":"https:\/\/welchllp.com\/fr\/#organization"},"potentialAction":[{"@type":"SearchAction","target":{"@type":"EntryPoint","urlTemplate":"https:\/\/welchllp.com\/fr\/?s={search_term_string}"},"query-input":{"@type":"PropertyValueSpecification","valueRequired":true,"valueName":"search_term_string"}}],"inLanguage":"fr-FR"},{"@type":"Organization","@id":"https:\/\/welchllp.com\/fr\/#organization","name":"Welch LLP","url":"https:\/\/welchllp.com\/fr\/","logo":{"@type":"ImageObject","inLanguage":"fr-FR","@id":"https:\/\/welchllp.com\/fr\/#\/schema\/logo\/image\/","url":"https:\/\/welchllp.com\/wp-content\/uploads\/2016\/02\/WelchLLP_logo.png","contentUrl":"https:\/\/welchllp.com\/wp-content\/uploads\/2016\/02\/WelchLLP_logo.png","width":707,"height":187,"caption":"Welch LLP"},"image":{"@id":"https:\/\/welchllp.com\/fr\/#\/schema\/logo\/image\/"},"sameAs":["https:\/\/www.facebook.com\/WelchLLP\/","https:\/\/x.com\/welchllp","https:\/\/www.linkedin.com\/company\/welchllp","https:\/\/www.instagram.com\/welch_llp\/"]}]}},"_links":{"self":[{"href":"https:\/\/welchllp.com\/fr\/wp-json\/wp\/v2\/pages\/11211","targetHints":{"allow":["GET"]}}],"collection":[{"href":"https:\/\/welchllp.com\/fr\/wp-json\/wp\/v2\/pages"}],"about":[{"href":"https:\/\/welchllp.com\/fr\/wp-json\/wp\/v2\/types\/page"}],"author":[{"embeddable":true,"href":"https:\/\/welchllp.com\/fr\/wp-json\/wp\/v2\/users\/2"}],"replies":[{"embeddable":true,"href":"https:\/\/welchllp.com\/fr\/wp-json\/wp\/v2\/comments?post=11211"}],"version-history":[{"count":0,"href":"https:\/\/welchllp.com\/fr\/wp-json\/wp\/v2\/pages\/11211\/revisions"}],"wp:attachment":[{"href":"https:\/\/welchllp.com\/fr\/wp-json\/wp\/v2\/media?parent=11211"}],"curies":[{"name":"wp","href":"https:\/\/api.w.org\/{rel}","templated":true}]}}