{"id":11216,"date":"2022-05-30T17:36:26","date_gmt":"2022-05-30T21:36:26","guid":{"rendered":"https:\/\/welchllp.wpengine.com\/?page_id=11216"},"modified":"2026-03-18T13:17:36","modified_gmt":"2026-03-18T17:17:36","slug":"equite-diversite-et-inclusion","status":"publish","type":"page","link":"https:\/\/welchllp.com\/fr\/a-propos-de-nous\/equite-diversite-et-inclusion\/","title":{"rendered":"\u00c9quit\u00e9, diversit\u00e9 et inclusion"},"content":{"rendered":"\n<div class=\"wp-block-cover alignfull is-light hero no-margin is-padded\"><span aria-hidden=\"true\" class=\"wp-block-cover__background has-white-background-color has-background-dim-100 has-background-dim\"><\/span><div class=\"wp-block-cover__inner-container is-layout-flow wp-block-cover-is-layout-flow\">\n\n<span class=\"breadcrumbs\">\n            <span class=\"eyebrow crumb\"><a href=\"https:\/\/welchllp.com\/fr\/a-propos-de-nous\/\">\u00c0 propos de nous<\/a><\/span>\n    <\/span>\n\n\n<h1 class=\"large two-third-container wp-block-post-title\">\u00c9quit\u00e9, diversit\u00e9 et inclusion<\/h1>\n\n\n<p class=\"narrow-container left-aligned has-dark-grey-color has-text-color has-regular-font-size\">Chez Welch, nous d\u00e9fendons l\u2019\u00e9quit\u00e9, la diversit\u00e9 et l\u2019inclusion, des valeurs qui forment le fondement d\u2019un programme d\u2019EDI qui fait notre fiert\u00e9; un programme guid\u00e9 par un conseil consultatif form\u00e9 de membre du personnel de tous les \u00e9chelons.<\/p>\n<\/div><\/div>\n\n\n\n<div class=\"wp-block-cover alignfull is-light hero bg-img tall is-padded\"><span aria-hidden=\"true\" class=\"wp-block-cover__background has-background-dim wp-block-cover__gradient-background has-background-gradient\" style=\"background:linear-gradient(247deg,rgba(0,0,0,0) 0%,rgb(0,0,0) 100%)\"><\/span><img loading=\"lazy\" decoding=\"async\" width=\"1920\" height=\"1280\" class=\"wp-block-cover__image-background wp-image-9287\" alt=\"\" src=\"https:\/\/welchllp.com\/wp-content\/uploads\/2022\/07\/edi-hero.jpg\" data-object-fit=\"cover\" srcset=\"https:\/\/welchllp.com\/wp-content\/uploads\/2022\/07\/edi-hero.jpg 1920w, https:\/\/welchllp.com\/wp-content\/uploads\/2022\/07\/edi-hero-300x200.jpg 300w, https:\/\/welchllp.com\/wp-content\/uploads\/2022\/07\/edi-hero-1024x683.jpg 1024w, https:\/\/welchllp.com\/wp-content\/uploads\/2022\/07\/edi-hero-768x512.jpg 768w, https:\/\/welchllp.com\/wp-content\/uploads\/2022\/07\/edi-hero-1536x1024.jpg 1536w\" sizes=\"auto, (max-width: 1920px) 100vw, 1920px\" \/><div class=\"wp-block-cover__inner-container is-layout-flow wp-block-cover-is-layout-flow\">\n\n<p class=\"has-text-align-center has-large-font-size\"><\/p>\n\n<\/div><\/div>\n\n\n\n<div class=\"wp-block-group alignwide\"><div class=\"wp-block-group__inner-container is-layout-flow wp-block-group-is-layout-flow\">\n<h2 class=\"h3 two-third-container wp-block-heading\">Nous nous engageons \u00e0 prendre des mesures concr\u00e8tes pour am\u00e9liorer la vie et les aspirations professionnelles de chaque membre de notre grande \u00e9quipe.<\/h2>\n\n\n\n<p class=\"two-third-container\">Faire de l\u2019\u00e9quit\u00e9, de la diversit\u00e9 et de l\u2019inclusion (EDI) des priorit\u00e9s au travail soutient notre vision en favorisant :<\/p>\n\n\n\n<ul class=\"wp-block-list\">\n<li>un environnement o\u00f9 notre personnel e sent important; (EMPATHIE)<\/li>\n\n\n\n<li>des changements positifs pour notre effectif, notre client\u00e8le et les collectivit\u00e9s o\u00f9 notre cabinet est pr\u00e9sent; (INFLUENCE)<\/li>\n\n\n\n<li>une collaboration qui contribue au d\u00e9veloppement de gens passionn\u00e9s qui viennent d\u2019horizons diff\u00e9rents, dans le but d\u2019offrir des solutions cr\u00e9atives. (HABILITATION)<\/li>\n<\/ul>\n\n\n\n<p class=\"two-third-container\">Ce programme vise \u00e0 nous assurer que nous offrons un milieu de travail inclusif, et que cet engagement se refl\u00e8te \u00e0 tous les \u00e9chelons, y compris les plus \u00e9lev\u00e9s. Welch s\u2019est engag\u00e9 dans cette voie en sachant qu\u2019il faudra du temps et du d\u00e9vouement pour r\u00e9ussir.<\/p>\n<\/div><\/div>\n\n\n\n<div class=\"wp-block-group alignfull has-off-white-background-color has-background\"><div class=\"wp-block-group__inner-container is-layout-flow wp-block-group-is-layout-flow\">\n<div class=\"wp-block-columns alignwide no-margin top-level-horizontal-padding is-layout-flex wp-container-core-columns-is-layout-1 wp-block-columns-is-layout-flex\">\n<div class=\"wp-block-column is-layout-flow wp-block-column-is-layout-flow\" style=\"flex-basis:33.33%\">\n<h2 class=\"wp-block-heading\">\u00c9quit\u00e9, diversit\u00e9 et inclusion : la promesse de Welch<\/h2>\n<\/div>\n\n\n\n<div class=\"wp-block-column is-layout-flow wp-block-column-is-layout-flow\" style=\"flex-basis:66.66%\">\n<p>Dans nos m\u00e9thodes de recrutement et nos activit\u00e9s courantes, l\u2019\u00e9quit\u00e9, la diversit\u00e9 et l\u2019inclusion sont de premi\u00e8re importance. Voici ce que ces trois mots signifient pour nous.<\/p>\n\n\n\n<p><strong>Qu\u2019est-ce que l\u2019\u00e9quit\u00e9?<\/strong>\u202f Il y a une diff\u00e9rence entre \u00e9galit\u00e9 et \u00e9quit\u00e9. L\u2019\u00e9galit\u00e9 consiste \u00e0 donner \u00e0 chaque personne les m\u00eames ressources et le m\u00eame traitement, quels que soient son sexe, sa race, son orientation sexuelle ou toute autre caract\u00e9ristique, mais l\u2019\u00e9quit\u00e9 va un peu plus loin. Elle consiste en outre \u00e0 accorder les m\u00eames chances, ind\u00e9pendamment des ressources requises et chaque fois que c\u2019est n\u00e9cessaire. Pr\u00e9coniser l\u2019\u00e9quit\u00e9, c\u2019est en faire plus pour les personnes qui en ont besoin.<\/p>\n\n\n\n<p><strong>Qu\u2019est-ce que la diversit\u00e9?<\/strong> La diversit\u00e9 est la r\u00e9sultante de la reconnaissance des diff\u00e9rences; du respecter et de l\u2019inclusion des personnes qui ne partagent pas les m\u00eames caract\u00e9ristiques, valeurs, id\u00e9es ou opinions que nous.\u202f\u202f\u202f<\/p>\n\n\n\n<p><strong>Qu\u2019est-ce que l\u2019inclusion?<\/strong>\u202f\u202fL\u2019inclusion repr\u00e9sente les gestes que nous posons pour favoriser un environnement o\u00f9 chaque personne se sent accueillie et appr\u00e9ci\u00e9e; o\u00f9 leurs contributions et leurs perspectives sont valoris\u00e9es.<\/p>\n<\/div>\n<\/div>\n<\/div><\/div>\n\n\n\n<div class=\"wp-block-group alignwide\"><div class=\"wp-block-group__inner-container is-layout-flow wp-block-group-is-layout-flow\">\n<div class=\"wp-block-media-text alignwide is-stacked-on-mobile is-image-fill child-page fifty-fifty no-padding  page-id-11218\">\n\t<figure class=\"wp-block-media-text__media\" style=\"background-image:url(https:\/\/welchllp.com\/wp-content\/uploads\/2022\/07\/edica-hero.jpg);background-position:50% 50%\">\n\t\t<img loading=\"lazy\" decoding=\"async\" width=\"1024\" height=\"683\" src=\"https:\/\/welchllp.com\/wp-content\/uploads\/2022\/07\/edica-hero-1024x683.jpg\" class=\"attachment-large size-large wp-post-image\" alt=\"\" srcset=\"https:\/\/welchllp.com\/wp-content\/uploads\/2022\/07\/edica-hero-1024x683.jpg 1024w, https:\/\/welchllp.com\/wp-content\/uploads\/2022\/07\/edica-hero-300x200.jpg 300w, https:\/\/welchllp.com\/wp-content\/uploads\/2022\/07\/edica-hero-768x512.jpg 768w, https:\/\/welchllp.com\/wp-content\/uploads\/2022\/07\/edica-hero-1536x1024.jpg 1536w, https:\/\/welchllp.com\/wp-content\/uploads\/2022\/07\/edica-hero-800x534.jpg 800w, https:\/\/welchllp.com\/wp-content\/uploads\/2022\/07\/edica-hero.jpg 1920w\" sizes=\"auto, (max-width: 1024px) 100vw, 1024px\" \/>\t<\/figure>\n\t<div class=\"wp-block-media-text__content\">\n\t\t<div class=\"wp-container-26 wp-block-group content-box\">\n\t\t\t<div class=\"wp-block-group__inner-container\">\n\t\t\t\t<h2 class=\"has-dark-grey-color has-text-color\">ACEDI<\/h2>\n\t\t\t\t<p>L\u2019Alliance communautaire pour l\u2019\u00e9quit\u00e9, la diversit\u00e9 et l\u2019inclusion (ACEDI) est un programme fond\u00e9 par Welch qui a vu le jour [&hellip;]<\/p>\n\t\t\t\t<div class=\"wp-block-buttons\">\n\t\t\t\t\t<div class=\"wp-block-button is-style-outline\"><a class=\"wp-block-button__link has-welch-green-color has-text-color\" href=\"https:\/\/welchllp.com\/fr\/a-propos-de-nous\/equite-diversite-et-inclusion\/acedi\/\">En savoir plus<\/a><\/div>\n\t\t\t\t<\/div>\n\t\t\t<\/div>\n\t\t<\/div>\n\t<\/div>\n<\/div>\n\n<\/div><\/div>\n\n\n\n\n\n\n<div class=\"wp-block-cover alignfull final-cover no-margin\"><span aria-hidden=\"true\" class=\"wp-block-cover__background has-welch-green-background-color has-background-dim-100 has-background-dim\"><\/span><div class=\"wp-block-cover__inner-container is-layout-flow wp-block-cover-is-layout-flow\">\n<div class=\"wp-block-group narrower-container no-margin\"><div class=\"wp-block-group__inner-container is-layout-flow wp-block-group-is-layout-flow\">\n<h2 class=\"has-text-align-center wp-block-heading\">Nos sp\u00e9cialistes n\u2019attendent que vous<\/h2>\n\n\n\n<p class=\"has-text-align-center\">Communiquez avec nous. Faites-nous part de vos besoins et nous assignerons \u00e0 votre organisation une personne sp\u00e9cialis\u00e9e dans votre secteur d\u2019activit\u00e9.<\/p>\n\n\n\n<div class=\"wp-block-buttons is-layout-flex wp-block-buttons-is-layout-flex\">\n<div class=\"wp-block-button aligncenter is-style-outline is-style-outline--1\"><a class=\"wp-block-button__link has-white-color has-text-color\" href=\"https:\/\/welchllp.com\/fr\/adresses\/#GeneralEnquiries\">Faites-le aujourd\u2019hui<\/a><\/div>\n<\/div>\n<\/div><\/div>\n<\/div><\/div>\n","protected":false},"excerpt":{"rendered":"<p>Il est de premi\u00e8re importance que l\u2019\u00e9quit\u00e9, la diversit\u00e9 et l\u2019inclusion se refl\u00e8tent dans nos pratiques de recrutement et nos activit\u00e9s courantes.<\/p>\n","protected":false},"author":2,"featured_media":17514,"parent":11166,"menu_order":44,"comment_status":"closed","ping_status":"closed","template":"","meta":{"_relevanssi_hide_post":"","_relevanssi_hide_content":"","_relevanssi_pin_for_all":"","_relevanssi_pin_keywords":"","_relevanssi_unpin_keywords":"","_relevanssi_related_keywords":"","_relevanssi_related_include_ids":"","_relevanssi_related_exclude_ids":"","_relevanssi_related_no_append":"","_relevanssi_related_not_related":"","_relevanssi_related_posts":"10693,10711,10703,10708,10634,10696","_relevanssi_noindex_reason":"","footnotes":""},"class_list":["post-11216","page","type-page","status-publish","has-post-thumbnail","hentry"],"yoast_head":"<!-- This site is optimized with the Yoast SEO Premium plugin v24.3 (Yoast SEO v25.8) - https:\/\/yoast.com\/wordpress\/plugins\/seo\/ -->\n<title>\u00c9quit\u00e9, diversit\u00e9 et inclusion - Welch LLP<\/title>\n<meta name=\"robots\" content=\"index, follow, max-snippet:-1, max-image-preview:large, max-video-preview:-1\" \/>\n<link rel=\"canonical\" href=\"https:\/\/welchllp.com\/fr\/a-propos-de-nous\/equite-diversite-et-inclusion\/\" \/>\n<meta property=\"og:locale\" content=\"fr_FR\" \/>\n<meta property=\"og:type\" content=\"article\" \/>\n<meta property=\"og:title\" content=\"\u00c9quit\u00e9, diversit\u00e9 et inclusion\" \/>\n<meta property=\"og:description\" content=\"Il est de premi\u00e8re importance que l\u2019\u00e9quit\u00e9, la diversit\u00e9 et l\u2019inclusion se refl\u00e8tent dans nos pratiques de recrutement et nos activit\u00e9s courantes.\" \/>\n<meta property=\"og:url\" content=\"https:\/\/welchllp.com\/fr\/a-propos-de-nous\/equite-diversite-et-inclusion\/\" \/>\n<meta property=\"og:site_name\" content=\"Welch LLP\" \/>\n<meta property=\"article:publisher\" content=\"https:\/\/www.facebook.com\/WelchLLP\/\" \/>\n<meta property=\"article:modified_time\" content=\"2026-03-18T17:17:36+00:00\" \/>\n<meta property=\"og:image\" content=\"https:\/\/welchllp.com\/wp-content\/uploads\/2022\/07\/edi-hero.jpg\" \/>\n\t<meta property=\"og:image:width\" content=\"1920\" \/>\n\t<meta property=\"og:image:height\" content=\"1280\" \/>\n\t<meta property=\"og:image:type\" content=\"image\/jpeg\" \/>\n<meta name=\"twitter:card\" content=\"summary_large_image\" \/>\n<meta name=\"twitter:site\" content=\"@welchllp\" \/>\n<meta name=\"twitter:label1\" content=\"Dur\u00e9e de lecture estim\u00e9e\" \/>\n\t<meta name=\"twitter:data1\" content=\"2 minutes\" \/>\n<script type=\"application\/ld+json\" class=\"yoast-schema-graph\">{\"@context\":\"https:\/\/schema.org\",\"@graph\":[{\"@type\":\"WebPage\",\"@id\":\"https:\/\/welchllp.com\/fr\/a-propos-de-nous\/equite-diversite-et-inclusion\/\",\"url\":\"https:\/\/welchllp.com\/fr\/a-propos-de-nous\/equite-diversite-et-inclusion\/\",\"name\":\"\u00c9quit\u00e9, diversit\u00e9 et inclusion - Welch LLP\",\"isPartOf\":{\"@id\":\"https:\/\/welchllp.com\/fr\/#website\"},\"primaryImageOfPage\":{\"@id\":\"https:\/\/welchllp.com\/fr\/a-propos-de-nous\/equite-diversite-et-inclusion\/#primaryimage\"},\"image\":{\"@id\":\"https:\/\/welchllp.com\/fr\/a-propos-de-nous\/equite-diversite-et-inclusion\/#primaryimage\"},\"thumbnailUrl\":\"https:\/\/welchllp.com\/wp-content\/uploads\/2025\/10\/Is-my-bussiness-eligible-for-SRED.jpg\",\"datePublished\":\"2022-05-30T21:36:26+00:00\",\"dateModified\":\"2026-03-18T17:17:36+00:00\",\"breadcrumb\":{\"@id\":\"https:\/\/welchllp.com\/fr\/a-propos-de-nous\/equite-diversite-et-inclusion\/#breadcrumb\"},\"inLanguage\":\"fr-FR\",\"potentialAction\":[{\"@type\":\"ReadAction\",\"target\":[\"https:\/\/welchllp.com\/fr\/a-propos-de-nous\/equite-diversite-et-inclusion\/\"]}]},{\"@type\":\"ImageObject\",\"inLanguage\":\"fr-FR\",\"@id\":\"https:\/\/welchllp.com\/fr\/a-propos-de-nous\/equite-diversite-et-inclusion\/#primaryimage\",\"url\":\"https:\/\/welchllp.com\/wp-content\/uploads\/2025\/10\/Is-my-bussiness-eligible-for-SRED.jpg\",\"contentUrl\":\"https:\/\/welchllp.com\/wp-content\/uploads\/2025\/10\/Is-my-bussiness-eligible-for-SRED.jpg\",\"width\":1920,\"height\":1080,\"caption\":\"A group of young adults gather around a table as they review paperwork anf forms on a table.\"},{\"@type\":\"BreadcrumbList\",\"@id\":\"https:\/\/welchllp.com\/fr\/a-propos-de-nous\/equite-diversite-et-inclusion\/#breadcrumb\",\"itemListElement\":[{\"@type\":\"ListItem\",\"position\":1,\"name\":\"Home\",\"item\":\"https:\/\/welchllp.com\/fr\/\"},{\"@type\":\"ListItem\",\"position\":2,\"name\":\"\u00c0 propos de nous\",\"item\":\"https:\/\/welchllp.com\/fr\/a-propos-de-nous\/\"},{\"@type\":\"ListItem\",\"position\":3,\"name\":\"\u00c9quit\u00e9, diversit\u00e9 et inclusion\"}]},{\"@type\":\"WebSite\",\"@id\":\"https:\/\/welchllp.com\/fr\/#website\",\"url\":\"https:\/\/welchllp.com\/fr\/\",\"name\":\"Welch LLP\",\"description\":\"Chartered Professional Accountants\",\"publisher\":{\"@id\":\"https:\/\/welchllp.com\/fr\/#organization\"},\"potentialAction\":[{\"@type\":\"SearchAction\",\"target\":{\"@type\":\"EntryPoint\",\"urlTemplate\":\"https:\/\/welchllp.com\/fr\/?s={search_term_string}\"},\"query-input\":{\"@type\":\"PropertyValueSpecification\",\"valueRequired\":true,\"valueName\":\"search_term_string\"}}],\"inLanguage\":\"fr-FR\"},{\"@type\":\"Organization\",\"@id\":\"https:\/\/welchllp.com\/fr\/#organization\",\"name\":\"Welch LLP\",\"url\":\"https:\/\/welchllp.com\/fr\/\",\"logo\":{\"@type\":\"ImageObject\",\"inLanguage\":\"fr-FR\",\"@id\":\"https:\/\/welchllp.com\/fr\/#\/schema\/logo\/image\/\",\"url\":\"https:\/\/welchllp.com\/wp-content\/uploads\/2016\/02\/WelchLLP_logo.png\",\"contentUrl\":\"https:\/\/welchllp.com\/wp-content\/uploads\/2016\/02\/WelchLLP_logo.png\",\"width\":707,\"height\":187,\"caption\":\"Welch LLP\"},\"image\":{\"@id\":\"https:\/\/welchllp.com\/fr\/#\/schema\/logo\/image\/\"},\"sameAs\":[\"https:\/\/www.facebook.com\/WelchLLP\/\",\"https:\/\/x.com\/welchllp\",\"https:\/\/www.linkedin.com\/company\/welchllp\",\"https:\/\/www.instagram.com\/welch_llp\/\"]}]}<\/script>\n<!-- \/ Yoast SEO Premium plugin. -->","yoast_head_json":{"title":"\u00c9quit\u00e9, diversit\u00e9 et inclusion - Welch LLP","robots":{"index":"index","follow":"follow","max-snippet":"max-snippet:-1","max-image-preview":"max-image-preview:large","max-video-preview":"max-video-preview:-1"},"canonical":"https:\/\/welchllp.com\/fr\/a-propos-de-nous\/equite-diversite-et-inclusion\/","og_locale":"fr_FR","og_type":"article","og_title":"\u00c9quit\u00e9, diversit\u00e9 et inclusion","og_description":"Il est de premi\u00e8re importance que l\u2019\u00e9quit\u00e9, la diversit\u00e9 et l\u2019inclusion se refl\u00e8tent dans nos pratiques de recrutement et nos activit\u00e9s courantes.","og_url":"https:\/\/welchllp.com\/fr\/a-propos-de-nous\/equite-diversite-et-inclusion\/","og_site_name":"Welch LLP","article_publisher":"https:\/\/www.facebook.com\/WelchLLP\/","article_modified_time":"2026-03-18T17:17:36+00:00","og_image":[{"width":1920,"height":1280,"url":"https:\/\/welchllp.com\/wp-content\/uploads\/2022\/07\/edi-hero.jpg","type":"image\/jpeg"}],"twitter_card":"summary_large_image","twitter_site":"@welchllp","twitter_misc":{"Dur\u00e9e de lecture estim\u00e9e":"2 minutes"},"schema":{"@context":"https:\/\/schema.org","@graph":[{"@type":"WebPage","@id":"https:\/\/welchllp.com\/fr\/a-propos-de-nous\/equite-diversite-et-inclusion\/","url":"https:\/\/welchllp.com\/fr\/a-propos-de-nous\/equite-diversite-et-inclusion\/","name":"\u00c9quit\u00e9, diversit\u00e9 et inclusion - Welch LLP","isPartOf":{"@id":"https:\/\/welchllp.com\/fr\/#website"},"primaryImageOfPage":{"@id":"https:\/\/welchllp.com\/fr\/a-propos-de-nous\/equite-diversite-et-inclusion\/#primaryimage"},"image":{"@id":"https:\/\/welchllp.com\/fr\/a-propos-de-nous\/equite-diversite-et-inclusion\/#primaryimage"},"thumbnailUrl":"https:\/\/welchllp.com\/wp-content\/uploads\/2025\/10\/Is-my-bussiness-eligible-for-SRED.jpg","datePublished":"2022-05-30T21:36:26+00:00","dateModified":"2026-03-18T17:17:36+00:00","breadcrumb":{"@id":"https:\/\/welchllp.com\/fr\/a-propos-de-nous\/equite-diversite-et-inclusion\/#breadcrumb"},"inLanguage":"fr-FR","potentialAction":[{"@type":"ReadAction","target":["https:\/\/welchllp.com\/fr\/a-propos-de-nous\/equite-diversite-et-inclusion\/"]}]},{"@type":"ImageObject","inLanguage":"fr-FR","@id":"https:\/\/welchllp.com\/fr\/a-propos-de-nous\/equite-diversite-et-inclusion\/#primaryimage","url":"https:\/\/welchllp.com\/wp-content\/uploads\/2025\/10\/Is-my-bussiness-eligible-for-SRED.jpg","contentUrl":"https:\/\/welchllp.com\/wp-content\/uploads\/2025\/10\/Is-my-bussiness-eligible-for-SRED.jpg","width":1920,"height":1080,"caption":"A group of young adults gather around a table as they review paperwork anf forms on a table."},{"@type":"BreadcrumbList","@id":"https:\/\/welchllp.com\/fr\/a-propos-de-nous\/equite-diversite-et-inclusion\/#breadcrumb","itemListElement":[{"@type":"ListItem","position":1,"name":"Home","item":"https:\/\/welchllp.com\/fr\/"},{"@type":"ListItem","position":2,"name":"\u00c0 propos de nous","item":"https:\/\/welchllp.com\/fr\/a-propos-de-nous\/"},{"@type":"ListItem","position":3,"name":"\u00c9quit\u00e9, diversit\u00e9 et inclusion"}]},{"@type":"WebSite","@id":"https:\/\/welchllp.com\/fr\/#website","url":"https:\/\/welchllp.com\/fr\/","name":"Welch LLP","description":"Chartered Professional Accountants","publisher":{"@id":"https:\/\/welchllp.com\/fr\/#organization"},"potentialAction":[{"@type":"SearchAction","target":{"@type":"EntryPoint","urlTemplate":"https:\/\/welchllp.com\/fr\/?s={search_term_string}"},"query-input":{"@type":"PropertyValueSpecification","valueRequired":true,"valueName":"search_term_string"}}],"inLanguage":"fr-FR"},{"@type":"Organization","@id":"https:\/\/welchllp.com\/fr\/#organization","name":"Welch LLP","url":"https:\/\/welchllp.com\/fr\/","logo":{"@type":"ImageObject","inLanguage":"fr-FR","@id":"https:\/\/welchllp.com\/fr\/#\/schema\/logo\/image\/","url":"https:\/\/welchllp.com\/wp-content\/uploads\/2016\/02\/WelchLLP_logo.png","contentUrl":"https:\/\/welchllp.com\/wp-content\/uploads\/2016\/02\/WelchLLP_logo.png","width":707,"height":187,"caption":"Welch LLP"},"image":{"@id":"https:\/\/welchllp.com\/fr\/#\/schema\/logo\/image\/"},"sameAs":["https:\/\/www.facebook.com\/WelchLLP\/","https:\/\/x.com\/welchllp","https:\/\/www.linkedin.com\/company\/welchllp","https:\/\/www.instagram.com\/welch_llp\/"]}]}},"_links":{"self":[{"href":"https:\/\/welchllp.com\/fr\/wp-json\/wp\/v2\/pages\/11216","targetHints":{"allow":["GET"]}}],"collection":[{"href":"https:\/\/welchllp.com\/fr\/wp-json\/wp\/v2\/pages"}],"about":[{"href":"https:\/\/welchllp.com\/fr\/wp-json\/wp\/v2\/types\/page"}],"author":[{"embeddable":true,"href":"https:\/\/welchllp.com\/fr\/wp-json\/wp\/v2\/users\/2"}],"replies":[{"embeddable":true,"href":"https:\/\/welchllp.com\/fr\/wp-json\/wp\/v2\/comments?post=11216"}],"version-history":[{"count":1,"href":"https:\/\/welchllp.com\/fr\/wp-json\/wp\/v2\/pages\/11216\/revisions"}],"predecessor-version":[{"id":19272,"href":"https:\/\/welchllp.com\/fr\/wp-json\/wp\/v2\/pages\/11216\/revisions\/19272"}],"up":[{"embeddable":true,"href":"https:\/\/welchllp.com\/fr\/wp-json\/wp\/v2\/pages\/11166"}],"wp:featuredmedia":[{"embeddable":true,"href":"https:\/\/welchllp.com\/fr\/wp-json\/wp\/v2\/media\/17514"}],"wp:attachment":[{"href":"https:\/\/welchllp.com\/fr\/wp-json\/wp\/v2\/media?parent=11216"}],"curies":[{"name":"wp","href":"https:\/\/api.w.org\/{rel}","templated":true}]}}