{"id":11372,"date":"2022-05-30T17:36:26","date_gmt":"2022-05-30T21:36:26","guid":{"rendered":"https:\/\/welchllp.wpengine.com\/?page_id=11372"},"modified":"2026-03-18T13:19:00","modified_gmt":"2026-03-18T17:19:00","slug":"notre-personnel","status":"publish","type":"page","link":"https:\/\/welchllp.com\/fr\/a-propos-de-nous\/notre-personnel\/","title":{"rendered":"Notre personnel"},"content":{"rendered":"\n<div class=\"wp-block-cover alignfull is-light hero no-margin is-padded\"><span aria-hidden=\"true\" class=\"wp-block-cover__background has-white-background-color has-background-dim-100 has-background-dim\"><\/span><div class=\"wp-block-cover__inner-container is-layout-flow wp-block-cover-is-layout-flow\">\n\n<span class=\"breadcrumbs\">\n            <span class=\"eyebrow crumb\"><a href=\"https:\/\/welchllp.com\/fr\/a-propos-de-nous\/\">\u00c0 propos de nous<\/a><\/span>\n    <\/span>\n\n\n<h1 class=\"large two-third-container wp-block-post-title\">Notre personnel<\/h1>\n\n\n<p class=\"narrow-container left-aligned has-dark-grey-color has-text-color has-regular-font-size\">Le r\u00e9pertoire ci-dessous comprend la liste compl\u00e8te du personnel de nos 12 bureaux, leurs coordonn\u00e9es et m\u00eame quelques notes biographiques.<\/p>\n<\/div><\/div>\n","protected":false},"excerpt":{"rendered":"<p>Les membres de nos \u00e9quipes ne m\u00e9nagent aucun effort plus pour fournir un service exceptionnel.<\/p>\n","protected":false},"author":3,"featured_media":9305,"parent":11166,"menu_order":41,"comment_status":"closed","ping_status":"closed","template":"templates\/pages\/archive-team-members.php","meta":{"_relevanssi_hide_post":"","_relevanssi_hide_content":"","_relevanssi_pin_for_all":"","_relevanssi_pin_keywords":"","_relevanssi_unpin_keywords":"","_relevanssi_related_keywords":"","_relevanssi_related_include_ids":"","_relevanssi_related_exclude_ids":"","_relevanssi_related_no_append":"","_relevanssi_related_not_related":"","_relevanssi_related_posts":"10558,10556,10580,10575,10591,10548","_relevanssi_noindex_reason":"","footnotes":""},"class_list":["post-11372","page","type-page","status-publish","has-post-thumbnail","hentry"],"yoast_head":"<!-- This site is optimized with the Yoast SEO Premium plugin v24.3 (Yoast SEO v25.8) - https:\/\/yoast.com\/wordpress\/plugins\/seo\/ -->\n<title>Notre personnel - Welch LLP<\/title>\n<meta name=\"robots\" content=\"index, follow, max-snippet:-1, max-image-preview:large, max-video-preview:-1\" \/>\n<link rel=\"canonical\" href=\"https:\/\/welchllp.com\/fr\/a-propos-de-nous\/notre-personnel\/\" \/>\n<meta property=\"og:locale\" content=\"fr_FR\" \/>\n<meta property=\"og:type\" content=\"article\" \/>\n<meta property=\"og:title\" content=\"Notre personnel\" \/>\n<meta property=\"og:description\" content=\"Les membres de nos \u00e9quipes ne m\u00e9nagent aucun effort plus pour fournir un service exceptionnel.\" \/>\n<meta property=\"og:url\" content=\"https:\/\/welchllp.com\/fr\/a-propos-de-nous\/notre-personnel\/\" \/>\n<meta property=\"og:site_name\" content=\"Welch LLP\" \/>\n<meta property=\"article:publisher\" content=\"https:\/\/www.facebook.com\/WelchLLP\/\" \/>\n<meta property=\"article:modified_time\" content=\"2026-03-18T17:19:00+00:00\" \/>\n<meta property=\"og:image\" content=\"https:\/\/welchllp.com\/wp-content\/uploads\/2022\/07\/about-our-people.jpg\" \/>\n\t<meta property=\"og:image:width\" content=\"1920\" \/>\n\t<meta property=\"og:image:height\" content=\"1280\" \/>\n\t<meta property=\"og:image:type\" content=\"image\/jpeg\" \/>\n<meta name=\"twitter:card\" content=\"summary_large_image\" \/>\n<meta name=\"twitter:site\" content=\"@welchllp\" \/>\n<meta name=\"twitter:label1\" content=\"Dur\u00e9e de lecture estim\u00e9e\" \/>\n\t<meta name=\"twitter:data1\" content=\"1 minute\" \/>\n<script type=\"application\/ld+json\" class=\"yoast-schema-graph\">{\"@context\":\"https:\/\/schema.org\",\"@graph\":[{\"@type\":\"WebPage\",\"@id\":\"https:\/\/welchllp.com\/fr\/a-propos-de-nous\/notre-personnel\/\",\"url\":\"https:\/\/welchllp.com\/fr\/a-propos-de-nous\/notre-personnel\/\",\"name\":\"Notre personnel - Welch LLP\",\"isPartOf\":{\"@id\":\"https:\/\/welchllp.com\/fr\/#website\"},\"primaryImageOfPage\":{\"@id\":\"https:\/\/welchllp.com\/fr\/a-propos-de-nous\/notre-personnel\/#primaryimage\"},\"image\":{\"@id\":\"https:\/\/welchllp.com\/fr\/a-propos-de-nous\/notre-personnel\/#primaryimage\"},\"thumbnailUrl\":\"https:\/\/welchllp.com\/wp-content\/uploads\/2022\/07\/about-our-people.jpg\",\"datePublished\":\"2022-05-30T21:36:26+00:00\",\"dateModified\":\"2026-03-18T17:19:00+00:00\",\"breadcrumb\":{\"@id\":\"https:\/\/welchllp.com\/fr\/a-propos-de-nous\/notre-personnel\/#breadcrumb\"},\"inLanguage\":\"fr-FR\",\"potentialAction\":[{\"@type\":\"ReadAction\",\"target\":[\"https:\/\/welchllp.com\/fr\/a-propos-de-nous\/notre-personnel\/\"]}]},{\"@type\":\"ImageObject\",\"inLanguage\":\"fr-FR\",\"@id\":\"https:\/\/welchllp.com\/fr\/a-propos-de-nous\/notre-personnel\/#primaryimage\",\"url\":\"https:\/\/welchllp.com\/wp-content\/uploads\/2022\/07\/about-our-people.jpg\",\"contentUrl\":\"https:\/\/welchllp.com\/wp-content\/uploads\/2022\/07\/about-our-people.jpg\",\"width\":1920,\"height\":1280},{\"@type\":\"BreadcrumbList\",\"@id\":\"https:\/\/welchllp.com\/fr\/a-propos-de-nous\/notre-personnel\/#breadcrumb\",\"itemListElement\":[{\"@type\":\"ListItem\",\"position\":1,\"name\":\"Home\",\"item\":\"https:\/\/welchllp.com\/fr\/\"},{\"@type\":\"ListItem\",\"position\":2,\"name\":\"\u00c0 propos de nous\",\"item\":\"https:\/\/welchllp.com\/fr\/a-propos-de-nous\/\"},{\"@type\":\"ListItem\",\"position\":3,\"name\":\"Notre personnel\"}]},{\"@type\":\"WebSite\",\"@id\":\"https:\/\/welchllp.com\/fr\/#website\",\"url\":\"https:\/\/welchllp.com\/fr\/\",\"name\":\"Welch LLP\",\"description\":\"Chartered Professional Accountants\",\"publisher\":{\"@id\":\"https:\/\/welchllp.com\/fr\/#organization\"},\"potentialAction\":[{\"@type\":\"SearchAction\",\"target\":{\"@type\":\"EntryPoint\",\"urlTemplate\":\"https:\/\/welchllp.com\/fr\/?s={search_term_string}\"},\"query-input\":{\"@type\":\"PropertyValueSpecification\",\"valueRequired\":true,\"valueName\":\"search_term_string\"}}],\"inLanguage\":\"fr-FR\"},{\"@type\":\"Organization\",\"@id\":\"https:\/\/welchllp.com\/fr\/#organization\",\"name\":\"Welch LLP\",\"url\":\"https:\/\/welchllp.com\/fr\/\",\"logo\":{\"@type\":\"ImageObject\",\"inLanguage\":\"fr-FR\",\"@id\":\"https:\/\/welchllp.com\/fr\/#\/schema\/logo\/image\/\",\"url\":\"https:\/\/welchllp.com\/wp-content\/uploads\/2016\/02\/WelchLLP_logo.png\",\"contentUrl\":\"https:\/\/welchllp.com\/wp-content\/uploads\/2016\/02\/WelchLLP_logo.png\",\"width\":707,\"height\":187,\"caption\":\"Welch LLP\"},\"image\":{\"@id\":\"https:\/\/welchllp.com\/fr\/#\/schema\/logo\/image\/\"},\"sameAs\":[\"https:\/\/www.facebook.com\/WelchLLP\/\",\"https:\/\/x.com\/welchllp\",\"https:\/\/www.linkedin.com\/company\/welchllp\",\"https:\/\/www.instagram.com\/welch_llp\/\"]}]}<\/script>\n<!-- \/ Yoast SEO Premium plugin. -->","yoast_head_json":{"title":"Notre personnel - Welch LLP","robots":{"index":"index","follow":"follow","max-snippet":"max-snippet:-1","max-image-preview":"max-image-preview:large","max-video-preview":"max-video-preview:-1"},"canonical":"https:\/\/welchllp.com\/fr\/a-propos-de-nous\/notre-personnel\/","og_locale":"fr_FR","og_type":"article","og_title":"Notre personnel","og_description":"Les membres de nos \u00e9quipes ne m\u00e9nagent aucun effort plus pour fournir un service exceptionnel.","og_url":"https:\/\/welchllp.com\/fr\/a-propos-de-nous\/notre-personnel\/","og_site_name":"Welch LLP","article_publisher":"https:\/\/www.facebook.com\/WelchLLP\/","article_modified_time":"2026-03-18T17:19:00+00:00","og_image":[{"width":1920,"height":1280,"url":"https:\/\/welchllp.com\/wp-content\/uploads\/2022\/07\/about-our-people.jpg","type":"image\/jpeg"}],"twitter_card":"summary_large_image","twitter_site":"@welchllp","twitter_misc":{"Dur\u00e9e de lecture estim\u00e9e":"1 minute"},"schema":{"@context":"https:\/\/schema.org","@graph":[{"@type":"WebPage","@id":"https:\/\/welchllp.com\/fr\/a-propos-de-nous\/notre-personnel\/","url":"https:\/\/welchllp.com\/fr\/a-propos-de-nous\/notre-personnel\/","name":"Notre personnel - Welch LLP","isPartOf":{"@id":"https:\/\/welchllp.com\/fr\/#website"},"primaryImageOfPage":{"@id":"https:\/\/welchllp.com\/fr\/a-propos-de-nous\/notre-personnel\/#primaryimage"},"image":{"@id":"https:\/\/welchllp.com\/fr\/a-propos-de-nous\/notre-personnel\/#primaryimage"},"thumbnailUrl":"https:\/\/welchllp.com\/wp-content\/uploads\/2022\/07\/about-our-people.jpg","datePublished":"2022-05-30T21:36:26+00:00","dateModified":"2026-03-18T17:19:00+00:00","breadcrumb":{"@id":"https:\/\/welchllp.com\/fr\/a-propos-de-nous\/notre-personnel\/#breadcrumb"},"inLanguage":"fr-FR","potentialAction":[{"@type":"ReadAction","target":["https:\/\/welchllp.com\/fr\/a-propos-de-nous\/notre-personnel\/"]}]},{"@type":"ImageObject","inLanguage":"fr-FR","@id":"https:\/\/welchllp.com\/fr\/a-propos-de-nous\/notre-personnel\/#primaryimage","url":"https:\/\/welchllp.com\/wp-content\/uploads\/2022\/07\/about-our-people.jpg","contentUrl":"https:\/\/welchllp.com\/wp-content\/uploads\/2022\/07\/about-our-people.jpg","width":1920,"height":1280},{"@type":"BreadcrumbList","@id":"https:\/\/welchllp.com\/fr\/a-propos-de-nous\/notre-personnel\/#breadcrumb","itemListElement":[{"@type":"ListItem","position":1,"name":"Home","item":"https:\/\/welchllp.com\/fr\/"},{"@type":"ListItem","position":2,"name":"\u00c0 propos de nous","item":"https:\/\/welchllp.com\/fr\/a-propos-de-nous\/"},{"@type":"ListItem","position":3,"name":"Notre personnel"}]},{"@type":"WebSite","@id":"https:\/\/welchllp.com\/fr\/#website","url":"https:\/\/welchllp.com\/fr\/","name":"Welch LLP","description":"Chartered Professional Accountants","publisher":{"@id":"https:\/\/welchllp.com\/fr\/#organization"},"potentialAction":[{"@type":"SearchAction","target":{"@type":"EntryPoint","urlTemplate":"https:\/\/welchllp.com\/fr\/?s={search_term_string}"},"query-input":{"@type":"PropertyValueSpecification","valueRequired":true,"valueName":"search_term_string"}}],"inLanguage":"fr-FR"},{"@type":"Organization","@id":"https:\/\/welchllp.com\/fr\/#organization","name":"Welch LLP","url":"https:\/\/welchllp.com\/fr\/","logo":{"@type":"ImageObject","inLanguage":"fr-FR","@id":"https:\/\/welchllp.com\/fr\/#\/schema\/logo\/image\/","url":"https:\/\/welchllp.com\/wp-content\/uploads\/2016\/02\/WelchLLP_logo.png","contentUrl":"https:\/\/welchllp.com\/wp-content\/uploads\/2016\/02\/WelchLLP_logo.png","width":707,"height":187,"caption":"Welch LLP"},"image":{"@id":"https:\/\/welchllp.com\/fr\/#\/schema\/logo\/image\/"},"sameAs":["https:\/\/www.facebook.com\/WelchLLP\/","https:\/\/x.com\/welchllp","https:\/\/www.linkedin.com\/company\/welchllp","https:\/\/www.instagram.com\/welch_llp\/"]}]}},"_links":{"self":[{"href":"https:\/\/welchllp.com\/fr\/wp-json\/wp\/v2\/pages\/11372","targetHints":{"allow":["GET"]}}],"collection":[{"href":"https:\/\/welchllp.com\/fr\/wp-json\/wp\/v2\/pages"}],"about":[{"href":"https:\/\/welchllp.com\/fr\/wp-json\/wp\/v2\/types\/page"}],"author":[{"embeddable":true,"href":"https:\/\/welchllp.com\/fr\/wp-json\/wp\/v2\/users\/3"}],"replies":[{"embeddable":true,"href":"https:\/\/welchllp.com\/fr\/wp-json\/wp\/v2\/comments?post=11372"}],"version-history":[{"count":1,"href":"https:\/\/welchllp.com\/fr\/wp-json\/wp\/v2\/pages\/11372\/revisions"}],"predecessor-version":[{"id":19273,"href":"https:\/\/welchllp.com\/fr\/wp-json\/wp\/v2\/pages\/11372\/revisions\/19273"}],"up":[{"embeddable":true,"href":"https:\/\/welchllp.com\/fr\/wp-json\/wp\/v2\/pages\/11166"}],"wp:featuredmedia":[{"embeddable":true,"href":"https:\/\/welchllp.com\/fr\/wp-json\/wp\/v2\/media\/9305"}],"wp:attachment":[{"href":"https:\/\/welchllp.com\/fr\/wp-json\/wp\/v2\/media?parent=11372"}],"curies":[{"name":"wp","href":"https:\/\/api.w.org\/{rel}","templated":true}]}}