{"id":11964,"date":"2022-05-30T17:36:26","date_gmt":"2022-05-30T21:36:26","guid":{"rendered":"https:\/\/welchllp.com\/?page_id=11964"},"modified":"2024-03-11T11:13:10","modified_gmt":"2024-03-11T15:13:10","slug":"accessibilite","status":"publish","type":"page","link":"https:\/\/welchllp.com\/fr\/accessibilite\/","title":{"rendered":"Accessibilit\u00e9\u00a0"},"content":{"rendered":"\n<div class=\"wp-block-cover alignfull is-light hero no-margin is-padded\"><span aria-hidden=\"true\" class=\"wp-block-cover__background has-white-background-color has-background-dim-100 has-background-dim\"><\/span><div class=\"wp-block-cover__inner-container is-layout-flow wp-block-cover-is-layout-flow\"><h1 class=\"large two-third-container wp-block-post-title\">Accessibilit\u00e9\u00a0<\/h1>\n\n\n<p class=\"narrow-container left-aligned has-dark-grey-color has-text-color has-regular-font-size\">Les renseignements ci-apr\u00e8s d\u00e9taillent notre plan d\u2019accessibilit\u00e9 et nos politiques connexes.<\/p>\n<\/div><\/div>\n\n\n\n<div class=\"wp-block-group alignfull has-top-border is-top-padded\"><div class=\"wp-block-group__inner-container is-layout-flow wp-block-group-is-layout-flow\">\n<div class=\"wp-block-group\"><div class=\"wp-block-group__inner-container is-layout-flow wp-block-group-is-layout-flow\">\n<p>Ce plan d\u2019accessibilit\u00e9 \u00e9nonce les politiques et les mesures que Welch a mis en place pour am\u00e9liorer les chances des personnes en situation de handicap.<\/p>\n\n\n\n<h2 class=\"wp-block-heading\">D\u00e9claration d\u2019engagement<\/h2>\n\n\n\n<p>Welch&nbsp;LLP s\u2019engage \u00e0 respecter les objectifs et les exigences de la <em>Loi de&nbsp;2005 sur l\u2019accessibilit\u00e9 pour les personnes handicap\u00e9es de l\u2019Ontario<\/em> et ses r\u00e8glements d\u2019application, ainsi qu\u2019\u00e0 satisfaire en temps opportun aux besoins des personnes handicap\u00e9es en mati\u00e8re d\u2019accessibilit\u00e9, en mettant en \u0153uvre les exigences de la loi et de ses r\u00e8glements d\u2019application.<\/p>\n\n\n\n<p>Welch&nbsp;LLP s\u2019engage \u00e0 traiter toute personne d\u2019une mani\u00e8re qui lui permette de conserver sa dignit\u00e9 et son ind\u00e9pendance. Chez Welch, nous croyons \u00e0 l\u2019int\u00e9gration et \u00e0 l\u2019\u00e9galit\u00e9 des chances. Nous nous engageons \u00e0 satisfaire aux besoins des personnes handicap\u00e9es en temps opportun et \u00e0 le faire en emp\u00eachant la cr\u00e9ation d\u2019obstacles \u00e0 l\u2019accessibilit\u00e9 ainsi qu\u2019en supprimant de tels obstacles, de m\u00eame qu\u2019en satisfaisant aux exigences relatives \u00e0 l\u2019accessibilit\u00e9 \u00e9nonc\u00e9es dans la <em>Loi de&nbsp;2005 sur l\u2019accessibilit\u00e9 pour les personnes handicap\u00e9es de l\u2019Ontario<\/em>.<\/p>\n\n\n\n<h2 class=\"wp-block-heading\">Accessibilit\u00e9 de l\u2019information sur les situations d\u2019urgence<\/h2>\n\n\n\n<p>Welch&nbsp;LLP s\u2019engage \u00e0 fournir \u00e0 sa client\u00e8le, dans un format accessible et sur demande, toute information mise \u00e0 la disposition du public sur les situations d\u2019urgence. Au besoin, elle fournira aussi \u00e0 son personnel handicap\u00e9 une information personnalis\u00e9e sur les mesures d\u2019urgence.<\/p>\n\n\n\n<h2 class=\"wp-block-heading\">Formation<\/h2>\n\n\n\n<p>Welch LLP offre \u00e0 son personnel et \u00e0 ses b\u00e9n\u00e9voles de la formation \u00e0 propos des lois ontariennes sur l\u2019accessibilit\u00e9 et du Code des droits de la personne en ce qui concerne les personnes en situation de handicap. Cette formation est offerte de la mani\u00e8re qui convient le mieux aux fonctions de son personnel et de ses b\u00e9n\u00e9voles.<\/p>\n\n\n\n<p>Welch LLP prendra les mesures ci-apr\u00e8s afin que son personnel re\u00e7oive la formation n\u00e9cessaire pour respecter les lois ontariennes sur l\u2019accessibilit\u00e9 :<\/p>\n\n\n\n<ul class=\"wp-block-list\">\n<li>le personnel d\u00e9j\u00e0 en poste sera form\u00e9 d\u00e8s que possible apr\u00e8s que les modifications auront \u00e9t\u00e9 apport\u00e9es \u00e0 sa politique sur l\u2019accessibilit\u00e9;<\/li>\n\n\n\n<li>le nouveau personnel sera form\u00e9 au cours de son orientation.<\/li>\n<\/ul>\n\n\n\n<h2 class=\"wp-block-heading\">Information et communications<\/h2>\n\n\n\n<p>Welch\u00a0LLP s\u2019engage \u00e0 satisfaire aux besoins de communication des personnes en situation de handicap. Elles seront consult\u00e9es pour d\u00e9terminer leurs besoins en mati\u00e8re de communication et d\u2019information.<\/p>\n\n\n\n<p>welch LLP a pris les mesures n\u00e9cessaires pour veiller \u00e0 ce que tout nouveau site Web, y compris son contenu, soit conforme aux&nbsp;<em>R\u00e8gles pour l\u2019accessibilit\u00e9 des contenus Web (WCAG)&nbsp;2.0<\/em>, niveau A. Elle a fait en sorte que les processus de r\u00e9troaction existants soient accessibles aux personnes en situation de handicap sur demande. Welch&nbsp;LLP a pris les mesures suivantes pour rendre tous les sites Web et leur contenu conformes aux <em>WCAG&nbsp;2.0<\/em>, niveau A&nbsp;d\u2019ici le 1<sup>er<\/sup> janvier 2018.<\/p>\n\n\n\n<ul class=\"wp-block-list\">\n<li>a consult\u00e9 son personnel de marketing ainsi que l\u2019entreprise externe retenue pour concevoir son site Web, afin de veiller \u00e0 la bonne compr\u00e9hension des normes techniques requises et \u00e0 leur mise en \u0153uvre, y compris un audit de conformit\u00e9 aux WCAG&nbsp;2.0 effectu\u00e9 par cette entreprise.<\/li>\n<\/ul>\n\n\n\n<p>Le cas \u00e9ch\u00e9ant, le public sera avis\u00e9 de toute perturbation du service et des solutions \u00e0 sa disposition.<\/p>\n\n\n\n<h2 class=\"wp-block-heading\">Dotation<\/h2>\n\n\n\n<p>Welch\u00a0LLP s\u2019engage \u00e0 adopter des pratiques de dotation \u00e9quitables et accessibles. Nous avons pris les mesures suivantes afin d\u2019aviser le public et notre personnel que, sur demande, le cabinet prendra des mesures d\u2019adaptation pour les personnes en situation de handicap au cours du processus de recrutement et d\u2019\u00e9valuation ainsi qu\u2019au moment de l\u2019embauche.<\/p>\n\n\n\n<h3 class=\"wp-block-heading\">a) Avis de candidature retenue<\/h3>\n\n\n\n<p>Au moment de faire une offre d\u2019emploi, Welch\u00a0LLP renseignera la personne dont la candidature est retenue \u00e0 propos de ses politiques et mesures d\u2019adaptation \u00e0 l\u2019intention des personnes en situation de handicap.<\/p>\n\n\n\n<h3 class=\"wp-block-heading\">b) Communication de l\u2019information sur le soutien offert<\/h3>\n\n\n\n<p>Welch\u00a0LLP continuera de renseigner son personnel sur ses politiques de soutien au personnel en situation de handicap (et sur toute actualisation de ces politiques) y compris ses politiques portant sur l\u2019adaptation des postes de travail pour tenir compte des besoins d\u2019accessibilit\u00e9 en raison d\u2019une situation de handicap. Ces renseignements seront fournis aux nouveaux employ\u00e9s apr\u00e8s leur entr\u00e9e en fonction.<\/p>\n\n\n\n<h2 class=\"wp-block-heading\">Processus de retour au travail<\/h2>\n\n\n\n<p>Welch&nbsp;LLP dispose d\u2019un processus de retour au travail document\u00e9 pour les membres de son personnel qui s\u2019absentent du travail en raison d\u2019une situation de handicap et qui ont besoin d\u2019am\u00e9nagements li\u00e9s \u00e0 celle-ci pour pouvoir reprendre le travail.<\/p>\n\n\n\n<p>Le processus de retour au travail \u00e9nonce les \u00e9tapes que Welch&nbsp;LLP compte suivre pour faciliter le retour au travail et comprendra des plans d\u2019adaptation individuels document\u00e9s.<\/p>\n\n\n\n<p>Le processus de retour au travail de Welch&nbsp;LLP ne remplace aucun autre processus de retour au travail cr\u00e9\u00e9 en vertu d\u2019une autre loi (p.&nbsp;ex. la&nbsp;<em>Loi de 1997 sur la s\u00e9curit\u00e9 professionnelle et l\u2019assurance contre les accidents du travail<\/em>), et ne l\u2019annule pas.<\/p>\n\n\n\n<h2 class=\"wp-block-heading\">Gestion du rendement, perfectionnement professionnel, avancement et r\u00e9affectation<\/h2>\n\n\n\n<p>En ce qui concerne la gestion du rendement, le perfectionnement professionnel, l\u2019avancement et la r\u00e9affectation de son personnel, Welch\u00a0LLP tiendra compte des besoins d\u2019accessibilit\u00e9 des personnes en situation de handicap, ainsi que de leurs plans d\u2019adaptation individuels, lors de la gestion du rendement, du perfectionnement professionnel et de l\u2019avancement du personnel ou de sa r\u00e9affectation.<\/p>\n\n\n\n<h2 class=\"wp-block-heading\">Autres renseignements<\/h2>\n\n\n\n<p>Pour en savoir plus sur le plan d\u2019accessibilit\u00e9 de Welch\u00a0LLP, communiquez avec les ressources humaines aux coordonn\u00e9es suivantes\u00a0:<\/p>\n\n\n\n<p><strong>T\u00e9l\u00e9phone&nbsp;<\/strong>: 613-236-9191<\/p>\n\n\n\n<p><strong>Courriel&nbsp;<\/strong>: <a href=\"mailto:humanresources@welchllp.com\">humanresources@welchllp.com<\/a><\/p>\n\n\n\n<p>Pour obtenir gratuitement ce document dans un format accessible, faites-en la demande aux ressources humaines\u00a0:<\/p>\n\n\n\n<p><strong>T\u00e9l\u00e9phone <\/strong>:<strong> <\/strong>613-236-9191<\/p>\n\n\n\n<p><strong>Courriel <\/strong>:<strong> <\/strong><a href=\"mailto:humanresources@welchllp.com\">humanresources@welchllp.com<\/a><\/p>\n<\/div><\/div>\n<\/div><\/div>\n\n\n\n<div class=\"wp-block-cover alignfull final-cover no-margin\"><span aria-hidden=\"true\" class=\"wp-block-cover__background has-welch-green-background-color has-background-dim-100 has-background-dim\"><\/span><div class=\"wp-block-cover__inner-container is-layout-flow wp-block-cover-is-layout-flow\">\n<div class=\"wp-block-group narrower-container no-margin\"><div class=\"wp-block-group__inner-container is-layout-flow wp-block-group-is-layout-flow\">\n<h2 class=\"has-text-align-center wp-block-heading\">Nos sp\u00e9cialistes n\u2019attendent que vous<\/h2>\n\n\n\n<p class=\"has-text-align-center\">Communiquez avec nous. Faites-nous part de vos besoins et nous assignerons \u00e0 votre organisation une personne sp\u00e9cialis\u00e9e dans votre secteur d\u2019activit\u00e9.<\/p>\n\n\n\n<div class=\"wp-block-buttons is-layout-flex wp-block-buttons-is-layout-flex\">\n<div class=\"wp-block-button aligncenter is-style-outline is-style-outline--1\"><a class=\"wp-block-button__link has-white-color has-text-color\" href=\"https:\/\/welchllp.com\/fr\/adresses\/#GeneralEnquiries\">Faites-le aujourd\u2019hui<\/a><\/div>\n<\/div>\n<\/div><\/div>\n<\/div><\/div>\n","protected":false},"excerpt":{"rendered":"<p>Ce plan d\u2019accessibilit\u00e9 \u00e9nonce les politiques et les mesures que Welch a mis en place pour am\u00e9liorer les chances des [&hellip;]<\/p>\n","protected":false},"author":1,"featured_media":0,"parent":0,"menu_order":7,"comment_status":"closed","ping_status":"closed","template":"","meta":{"_relevanssi_hide_post":"","_relevanssi_hide_content":"","_relevanssi_pin_for_all":"","_relevanssi_pin_keywords":"","_relevanssi_unpin_keywords":"","_relevanssi_related_keywords":"","_relevanssi_related_include_ids":"","_relevanssi_related_exclude_ids":"","_relevanssi_related_no_append":"","_relevanssi_related_not_related":"","_relevanssi_related_posts":"10551,10576,10543,10544,10545,10546","_relevanssi_noindex_reason":"","footnotes":""},"class_list":["post-11964","page","type-page","status-publish","hentry"],"yoast_head":"<!-- This site is optimized with the Yoast SEO Premium plugin v24.3 (Yoast SEO v25.8) - https:\/\/yoast.com\/wordpress\/plugins\/seo\/ -->\n<title>Accessibilit\u00e9\u00a0 - Welch LLP<\/title>\n<meta name=\"robots\" content=\"index, follow, max-snippet:-1, max-image-preview:large, max-video-preview:-1\" \/>\n<link rel=\"canonical\" href=\"https:\/\/levesquemarchand.com\/accessibilite\/\" \/>\n<meta property=\"og:locale\" content=\"fr_FR\" \/>\n<meta property=\"og:type\" content=\"article\" \/>\n<meta property=\"og:title\" content=\"Accessibilit\u00e9\u00a0\" \/>\n<meta property=\"og:description\" content=\"Ce plan d\u2019accessibilit\u00e9 \u00e9nonce les politiques et les mesures que Welch a mis en place pour am\u00e9liorer les chances des [&hellip;]\" \/>\n<meta property=\"og:url\" content=\"https:\/\/levesquemarchand.com\/accessibilite\/\" \/>\n<meta property=\"og:site_name\" content=\"Welch LLP\" \/>\n<meta property=\"article:publisher\" content=\"https:\/\/www.facebook.com\/WelchLLP\/\" \/>\n<meta property=\"article:modified_time\" content=\"2024-03-11T15:13:10+00:00\" \/>\n<meta name=\"twitter:card\" content=\"summary_large_image\" \/>\n<meta name=\"twitter:site\" content=\"@welchllp\" \/>\n<meta name=\"twitter:label1\" content=\"Dur\u00e9e de lecture estim\u00e9e\" \/>\n\t<meta name=\"twitter:data1\" content=\"5 minutes\" \/>\n<script type=\"application\/ld+json\" class=\"yoast-schema-graph\">{\"@context\":\"https:\/\/schema.org\",\"@graph\":[{\"@type\":\"WebPage\",\"@id\":\"https:\/\/welchllp.com\/fr\/accessibilite\/\",\"url\":\"https:\/\/levesquemarchand.com\/accessibilite\/\",\"name\":\"Accessibilit\u00e9\u00a0 - Welch LLP\",\"isPartOf\":{\"@id\":\"https:\/\/welchllp.com\/fr\/#website\"},\"datePublished\":\"2022-05-30T21:36:26+00:00\",\"dateModified\":\"2024-03-11T15:13:10+00:00\",\"breadcrumb\":{\"@id\":\"https:\/\/levesquemarchand.com\/accessibilite\/#breadcrumb\"},\"inLanguage\":\"fr-FR\",\"potentialAction\":[{\"@type\":\"ReadAction\",\"target\":[\"https:\/\/levesquemarchand.com\/accessibilite\/\"]}]},{\"@type\":\"BreadcrumbList\",\"@id\":\"https:\/\/levesquemarchand.com\/accessibilite\/#breadcrumb\",\"itemListElement\":[{\"@type\":\"ListItem\",\"position\":1,\"name\":\"Home\",\"item\":\"https:\/\/welchllp.com\/fr\/\"},{\"@type\":\"ListItem\",\"position\":2,\"name\":\"Accessibilit\u00e9\u00a0\"}]},{\"@type\":\"WebSite\",\"@id\":\"https:\/\/welchllp.com\/fr\/#website\",\"url\":\"https:\/\/welchllp.com\/fr\/\",\"name\":\"Welch LLP\",\"description\":\"Chartered Professional Accountants\",\"publisher\":{\"@id\":\"https:\/\/welchllp.com\/fr\/#organization\"},\"potentialAction\":[{\"@type\":\"SearchAction\",\"target\":{\"@type\":\"EntryPoint\",\"urlTemplate\":\"https:\/\/welchllp.com\/fr\/?s={search_term_string}\"},\"query-input\":{\"@type\":\"PropertyValueSpecification\",\"valueRequired\":true,\"valueName\":\"search_term_string\"}}],\"inLanguage\":\"fr-FR\"},{\"@type\":\"Organization\",\"@id\":\"https:\/\/welchllp.com\/fr\/#organization\",\"name\":\"Welch LLP\",\"url\":\"https:\/\/welchllp.com\/fr\/\",\"logo\":{\"@type\":\"ImageObject\",\"inLanguage\":\"fr-FR\",\"@id\":\"https:\/\/welchllp.com\/fr\/#\/schema\/logo\/image\/\",\"url\":\"https:\/\/welchllp.com\/wp-content\/uploads\/2016\/02\/WelchLLP_logo.png\",\"contentUrl\":\"https:\/\/welchllp.com\/wp-content\/uploads\/2016\/02\/WelchLLP_logo.png\",\"width\":707,\"height\":187,\"caption\":\"Welch LLP\"},\"image\":{\"@id\":\"https:\/\/welchllp.com\/fr\/#\/schema\/logo\/image\/\"},\"sameAs\":[\"https:\/\/www.facebook.com\/WelchLLP\/\",\"https:\/\/x.com\/welchllp\",\"https:\/\/www.linkedin.com\/company\/welchllp\",\"https:\/\/www.instagram.com\/welch_llp\/\"]}]}<\/script>\n<!-- \/ Yoast SEO Premium plugin. -->","yoast_head_json":{"title":"Accessibilit\u00e9\u00a0 - Welch LLP","robots":{"index":"index","follow":"follow","max-snippet":"max-snippet:-1","max-image-preview":"max-image-preview:large","max-video-preview":"max-video-preview:-1"},"canonical":"https:\/\/levesquemarchand.com\/accessibilite\/","og_locale":"fr_FR","og_type":"article","og_title":"Accessibilit\u00e9\u00a0","og_description":"Ce plan d\u2019accessibilit\u00e9 \u00e9nonce les politiques et les mesures que Welch a mis en place pour am\u00e9liorer les chances des [&hellip;]","og_url":"https:\/\/levesquemarchand.com\/accessibilite\/","og_site_name":"Welch LLP","article_publisher":"https:\/\/www.facebook.com\/WelchLLP\/","article_modified_time":"2024-03-11T15:13:10+00:00","twitter_card":"summary_large_image","twitter_site":"@welchllp","twitter_misc":{"Dur\u00e9e de lecture estim\u00e9e":"5 minutes"},"schema":{"@context":"https:\/\/schema.org","@graph":[{"@type":"WebPage","@id":"https:\/\/welchllp.com\/fr\/accessibilite\/","url":"https:\/\/levesquemarchand.com\/accessibilite\/","name":"Accessibilit\u00e9\u00a0 - Welch LLP","isPartOf":{"@id":"https:\/\/welchllp.com\/fr\/#website"},"datePublished":"2022-05-30T21:36:26+00:00","dateModified":"2024-03-11T15:13:10+00:00","breadcrumb":{"@id":"https:\/\/levesquemarchand.com\/accessibilite\/#breadcrumb"},"inLanguage":"fr-FR","potentialAction":[{"@type":"ReadAction","target":["https:\/\/levesquemarchand.com\/accessibilite\/"]}]},{"@type":"BreadcrumbList","@id":"https:\/\/levesquemarchand.com\/accessibilite\/#breadcrumb","itemListElement":[{"@type":"ListItem","position":1,"name":"Home","item":"https:\/\/welchllp.com\/fr\/"},{"@type":"ListItem","position":2,"name":"Accessibilit\u00e9\u00a0"}]},{"@type":"WebSite","@id":"https:\/\/welchllp.com\/fr\/#website","url":"https:\/\/welchllp.com\/fr\/","name":"Welch LLP","description":"Chartered Professional Accountants","publisher":{"@id":"https:\/\/welchllp.com\/fr\/#organization"},"potentialAction":[{"@type":"SearchAction","target":{"@type":"EntryPoint","urlTemplate":"https:\/\/welchllp.com\/fr\/?s={search_term_string}"},"query-input":{"@type":"PropertyValueSpecification","valueRequired":true,"valueName":"search_term_string"}}],"inLanguage":"fr-FR"},{"@type":"Organization","@id":"https:\/\/welchllp.com\/fr\/#organization","name":"Welch LLP","url":"https:\/\/welchllp.com\/fr\/","logo":{"@type":"ImageObject","inLanguage":"fr-FR","@id":"https:\/\/welchllp.com\/fr\/#\/schema\/logo\/image\/","url":"https:\/\/welchllp.com\/wp-content\/uploads\/2016\/02\/WelchLLP_logo.png","contentUrl":"https:\/\/welchllp.com\/wp-content\/uploads\/2016\/02\/WelchLLP_logo.png","width":707,"height":187,"caption":"Welch LLP"},"image":{"@id":"https:\/\/welchllp.com\/fr\/#\/schema\/logo\/image\/"},"sameAs":["https:\/\/www.facebook.com\/WelchLLP\/","https:\/\/x.com\/welchllp","https:\/\/www.linkedin.com\/company\/welchllp","https:\/\/www.instagram.com\/welch_llp\/"]}]}},"_links":{"self":[{"href":"https:\/\/welchllp.com\/fr\/wp-json\/wp\/v2\/pages\/11964","targetHints":{"allow":["GET"]}}],"collection":[{"href":"https:\/\/welchllp.com\/fr\/wp-json\/wp\/v2\/pages"}],"about":[{"href":"https:\/\/welchllp.com\/fr\/wp-json\/wp\/v2\/types\/page"}],"author":[{"embeddable":true,"href":"https:\/\/welchllp.com\/fr\/wp-json\/wp\/v2\/users\/1"}],"replies":[{"embeddable":true,"href":"https:\/\/welchllp.com\/fr\/wp-json\/wp\/v2\/comments?post=11964"}],"version-history":[{"count":0,"href":"https:\/\/welchllp.com\/fr\/wp-json\/wp\/v2\/pages\/11964\/revisions"}],"wp:attachment":[{"href":"https:\/\/welchllp.com\/fr\/wp-json\/wp\/v2\/media?parent=11964"}],"curies":[{"name":"wp","href":"https:\/\/api.w.org\/{rel}","templated":true}]}}