{"id":11970,"date":"2022-05-30T17:36:26","date_gmt":"2022-05-30T21:36:26","guid":{"rendered":"https:\/\/welchllp.com\/?page_id=11970"},"modified":"2024-11-26T10:23:22","modified_gmt":"2024-11-26T15:23:22","slug":"enonce-de-confidentialite","status":"publish","type":"page","link":"https:\/\/welchllp.com\/fr\/enonce-de-confidentialite\/","title":{"rendered":"\u00c9nonc\u00e9 sur la protection des renseignements personnels"},"content":{"rendered":"\n<div class=\"wp-block-cover alignfull is-light hero no-margin is-padded\"><span aria-hidden=\"true\" class=\"wp-block-cover__background has-white-background-color has-background-dim-100 has-background-dim\"><\/span><div class=\"wp-block-cover__inner-container is-layout-flow wp-block-cover-is-layout-flow\"><h1 class=\"large two-third-container wp-block-post-title\">\u00c9nonc\u00e9 sur la protection des renseignements personnels<\/h1>\n\n\n<p class=\"narrow-container left-aligned has-dark-grey-color has-text-color has-regular-font-size\">Les renseignements qui suivent constituent notre \u00e9nonc\u00e9 sur la protection des renseignements personnels. [Derni\u00e8re mise \u00e0 jour&nbsp;: juin&nbsp;2022]<\/p>\n<\/div><\/div>\n\n\n\n<div class=\"wp-block-group alignfull has-top-border is-top-padded\"><div class=\"wp-block-group__inner-container is-layout-flow wp-block-group-is-layout-flow\">\n<div class=\"wp-block-group\"><div class=\"wp-block-group__inner-container is-layout-flow wp-block-group-is-layout-flow\">\n<h2 class=\"wp-block-heading\">Introduction<\/h2>\n\n\n\n<p>Welch LLP est un cabinet national de comptables professionnels agr\u00e9\u00e9s offrant une gamme compl\u00e8te de services de comptabilit\u00e9, d\u2019assurance, de fiscalit\u00e9, de conseil et de services sp\u00e9cialis\u00e9s (les Services). Cet \u00e9nonc\u00e9 sur la protection des renseignements personnels expose la politique de protection des renseignements personnels de Welch, dans ses grandes lignes, ainsi que ses pratiques en la mati\u00e8re lorsqu\u2019une personne utilise son site Web (www.welchllp.com). On y explique quels types de renseignements Welch recueille sur son site; ce que le cabinet fait de ces renseignements; et quels choix s\u2019offrent aux personnes qui naviguent sur ce site en ce qui concerne l\u2019utilisation des renseignements personnels qui les concernent. Le consentement \u00e0 cet \u00e9gard est volontaire. Par cons\u00e9quent, toute personne qui n\u2019accepterait pas les dispositions de l\u2019\u00e9nonc\u00e9 sur la protection des renseignements personnels de ce site pourrait s\u2019abstenir de fournir de tels renseignements.<\/p>\n\n\n\n<p><u><a href=\"https:\/\/welchllp.com\/fr\/politique-de-confidentialite\/\" target=\"_blank\" rel=\"noreferrer noopener\">Voir l\u2019int\u00e9gralit\u00e9 de la politique de protection des renseignements personnels<\/a><\/u>&nbsp;<\/p>\n\n\n\n<p>Les politiques de Welch concernant la protection des renseignements personnels, y compris cet \u00e9nonc\u00e9, t\u00e9moignent de l\u2019engagement du cabinet \u00e0 prot\u00e9ger les renseignements personnels et \u00e0 respecter les lois canadiennes sur leur protection. Welch adh\u00e8re aussi aux r\u00e8gles et principes d\u00e9coulant des lois europ\u00e9ennes sur la protection renseignements personnels, notamment en ce qui concerne la collecte, l\u2019utilisation et la conservation de tout renseignement personnel transf\u00e9r\u00e9 de l\u2019Union europ\u00e9enne.<\/p>\n\n\n\n<p><a id=\"_msocom_1\"><\/a><\/p>\n\n\n\n\n\n\n\n<h2 class=\"wp-block-heading\">Avis, choix et utilisation<\/h2>\n\n\n\n<p>Il n\u2019est pas obligatoire d\u2019envoyer quelque renseignement personnel que ce soit \u00e0 Welch pour utiliser ce site Web. Il est toutefois possible de le faire sur ce site dans le but :<\/p>\n\n\n\n<ul class=\"wp-block-list\">\n<li>de soumettre sa candidature, dans la section Carri\u00e8re;<\/li>\n\n\n\n<li>de communiquer avec du personnel de Welch, en utilisant une adresse courriel fournie en hyperlien;<\/li>\n\n\n\n<li>de s\u2019inscrire sur la liste d\u2019envoi des mises \u00e0 jour, des nouvelles et des webinaires ou activit\u00e9s \u00e0 venir de Welch;<\/li>\n\n\n\n<li>de fournir une quelconque information sur les plateformes de m\u00e9dias sociaux de Welch.<\/li>\n<\/ul>\n\n\n\n<p>Les renseignements personnels fournis volontairement \u00e0 Welch servent \u00e0 r\u00e9pondre aux demandes ou \u00e0 les traiter. Welch demande ces renseignements uniquement s\u2019ils lui sont n\u00e9cessaires pour fournir un service. Les renseignements personnels fournis sur ce site au moment de postuler en ligne \u00e0 un poste, par exemple, servent \u00e0 traiter et \u00e0 \u00e9valuer les candidatures. Ils sont conserv\u00e9s seulement le temps n\u00e9cessaire \u00e0 la r\u00e9alisation de l\u2019objectif pour lequel ils ont \u00e9t\u00e9 collect\u00e9s, ou aussi longtemps que l\u2019autorise la loi.<\/p>\n\n\n\n<p>Aucun renseignement personnel vous concernant ne sera transmis sans votre consentement, sauf si la loi l&rsquo;exige et uniquement dans la mesure o\u00f9 cela est n\u00e9cessaire. Welch ne vend aucune donn\u00e9e.<\/p>\n\n\n\n<h2 class=\"wp-block-heading\">Analyse des donn\u00e9es<\/h2>\n\n\n\n<p>Welch utilise Google Analytics, un service tiers, pour recueillir des informations standards \u00e0 propos du fichier journal Internet et des d\u00e9tails sur la navigation des personnes qui visitent son site Web, par exemple combien consultent une page donn\u00e9e. Google ne recueille aucun renseignement d&rsquo;identification. L\u2019utilisation des donn\u00e9es au moyen de Google Analytics et la fa\u00e7on de restreindre les renseignements qui sont transmis aux sites et applications qui utilisent les services de Google sont expliqu\u00e9es plus en d\u00e9tail ici : <a href=\"https:\/\/policies.google.com\/technologies\/partner-sites\">policies.google.com\/technologies\/partner-sites<\/a>.<\/p>\n\n\n\n<h2 class=\"wp-block-heading\">T\u00e9moins et technologies de rep\u00e9rage similaires<\/h2>\n\n\n\n<p>Ce site Web se sert de t\u00e9moins (cookies), de pixels invisibles et de technologies de rep\u00e9rage similaires pour am\u00e9liorer sa fonctionnalit\u00e9 et personnaliser la navigation. Un t\u00e9moin est un fichier texte qui, au cours de la navigation, s\u2019ins\u00e8re dans le navigateur utilis\u00e9 par l\u2019ordinateur. Il fait ainsi office de balise qui l\u2019identifie. Ce t\u00e9moin collecte et conserve des informations qui permettent de reconnaitre l\u2019ordinateur d\u2019une personne qui revient sur le site; de d\u00e9terminer les pr\u00e9f\u00e9rences de navigation de la client\u00e8le; et d\u2019\u00e9tablir une structure de trafic, afin d&rsquo;am\u00e9liorer la navigation et la fonctionnalit\u00e9 du site.<\/p>\n\n\n\n<p>En acceptant l&rsquo;utilisation de t\u00e9moins, avec l\u2019avis sur les t\u00e9moins de Welch, vous consentez \u00e0 la collecte de renseignements non personnels au moyen de t\u00e9moins, par exemple la derni\u00e8re URL visit\u00e9e; les choix effectu\u00e9s au cours de la navigation; l&rsquo;adresse IP et le domaine utilis\u00e9s pour acc\u00e9der au site Web de Welch, et les pages visit\u00e9es. Welch utilise ces renseignements non personnels pour comprendre comment son site Web est utilis\u00e9 globalement et pour \u00e9valuer la performance de son site Web en vue de l&rsquo;am\u00e9liorer. Le cabinet ne suit pas individuellement les personnes qui naviguent sur son site. On peut donc y naviguer sans avoir \u00e0 r\u00e9v\u00e9ler quelque renseignement personnel que ce soit, pas m\u00eame une adresse courriel.<\/p>\n\n\n\n<p><a href=\"https:\/\/welchllp.com\/fr\/utilisations-de-temoins\/\">Voir l\u2019int\u00e9gralit\u00e9 de la politique sur les t\u00e9moins.<\/a><\/p>\n\n\n\n<p><strong>Param\u00e9trage des t\u00e9moins&nbsp;:<\/strong> Un navigateur peut bloquer ou supprimer les t\u00e9moins, mais choisir ce param\u00e8tre vous emp\u00eacherait de profiter pleinement de tous les attraits et de toutes les fonctionnalit\u00e9s du site Web de Welch. Pour savoir comment param\u00e9trer les t\u00e9moins, il faut consulter le site du navigateur que vous utilisez.<\/p>\n\n\n\n\n\n\n\n<h2 class=\"wp-block-heading\">S\u00e9curit\u00e9 et stockage des donn\u00e9es<\/h2>\n\n\n\n<p>Afin de prot\u00e9ger les donn\u00e9es envoy\u00e9es sur Internet et d\u2019emp\u00eacher toute tentative d&rsquo;acc\u00e8s non autoris\u00e9, d\u2019usage abusif des donn\u00e9es ou de modification de l\u2019information, Welch utilise des mesures de s\u00e9curit\u00e9 \u00e0 jour, une technologie de cryptage des navigateurs Web conforme aux normes de l&rsquo;industrie ainsi que des pare-feux, et assure une surveillance permanente.<\/p>\n\n\n\n<p>Les renseignements personnels collect\u00e9s sont conserv\u00e9s sur des serveurs situ\u00e9s au Canada, dont s\u2019occupent des entreprises fournisseuses qui n\u2019y ont pas acc\u00e8s. Les entreprises fournisseuses de Welch sont li\u00e9es par les modalit\u00e9s de ses politiques de confidentialit\u00e9 en mati\u00e8re de protection des renseignements personnels.<\/p>\n\n\n\n<h2 class=\"wp-block-heading\">Sites Web de tierces parties et plateformes de m\u00e9dias sociaux<\/h2>\n\n\n\n<p>En mati\u00e8re de protection des renseignements personnels et des donn\u00e9es, Welch n\u2019est pas responsable des pratiques de tierces parties qui pourraient \u00eatre li\u00e9es \u00e0 son site. Le choix de participer aux activit\u00e9s de Welch dans les m\u00e9dias sociaux vous appartient. Puisque les comptes de m\u00e9dias sociaux ne sont pas h\u00e9berg\u00e9s sur les serveurs de Welch, et sont publics, le cabinet n\u2019est pas responsable des renseignements que vous y affichez. Pour savoir comment une tierce partie utilise les renseignements qui vous concernent et comment vous soustraire \u00e0 leur collecte ou les supprimer, Welch recommande de lire les conditions d&rsquo;utilisation et les \u00e9nonc\u00e9s sur la protection des renseignements personnels de la tierce partie en question.<\/p>\n\n\n\n<h2 class=\"wp-block-heading\">Personnes mineures<\/h2>\n\n\n\n<p>Ce site Web n\u2019a pas \u00e9t\u00e9 con\u00e7u dans le but de collecter quelque renseignement que ce soit \u00e0 propos de personnes \u00e2g\u00e9es de 18 ans ou moins . Welch ne collecte ni sciemment ni intentionnellement des renseignements sur les enfants ou autres personnes mineures.<\/p>\n\n\n\n<h2 class=\"wp-block-heading\">Droit d\u2019acc\u00e9der aux renseignements qui vous concernent et de les faire corriger ou supprimer<\/h2>\n\n\n\n<p>Toute personne a le droit de demander l&rsquo;acc\u00e8s aux donn\u00e9es conserv\u00e9es \u00e0 son sujet et de les faire corriger ou supprimer. En vous inscrivant librement sur ce site Web, vous pourrez corriger, mettre \u00e0 jour ou supprimer votre profil, ou annuler votre abonnement aux communications de Welch \u00e0 tout moment en \u00e9crivant \u00e0 <a href=\"mailto:PRIVACYOFFICER@welchllp.com\">PRIVACYOFFICER@welchllp.com<\/a>.<\/p>\n\n\n\n<p>Les personnes qui r\u00e9sident dans un pays membre de l&rsquo;Union europ\u00e9enne pourraient jouir de certains droits en vertu des lois europ\u00e9ennes sur la protection des donn\u00e9es, notamment en mati\u00e8re d&rsquo;acc\u00e8s aux renseignements personnels; de correction, de modification, de suppression de ces renseignements; et de limitation quant \u00e0 l&rsquo;utilisation ou au retrait du consentement \u00e0 leur utilisation ou \u00e0 leur traitement. Ces droits comprennent le droit de recevoir une copie de leurs renseignements personnels dans un format lisible par machine et de transmettre ces renseignements \u00e0 un autre contr\u00f4leur. Pour exercer ces droits, \u00e9crire \u00e0 <a href=\"mailto:PRIVACYOFFICER@welchllp.com\">PRIVACYOFFICER@welchllp.com<\/a>.<\/p>\n\n\n\n<h2 class=\"wp-block-heading\">Modification de l\u2019\u00e9nonc\u00e9 sur la protection des renseignements personnels du site Web de Welch<\/h2>\n\n\n\n<p>Cet \u00e9nonc\u00e9 sur la protection des renseignements personnels est susceptible de changer. Le cas \u00e9ch\u00e9ant, la date de la derni\u00e8re mise \u00e0 jour est clairement indiqu\u00e9e.<\/p>\n\n\n\n<h2 class=\"wp-block-heading\">Nous joindre<\/h2>\n\n\n\n<p>Pour toute question ou plainte \u00e0 propos de l&rsquo;\u00e9nonc\u00e9 sur la protection des renseignements personnels du site Web de Welch ou \u00e0 propos de la collecte de donn\u00e9es et des pratiques de protection des renseignements personnels, veuillez communiquer avec la personne responsable de la protection des renseignements personnels en \u00e9crivant \u00e0 &nbsp;<a href=\"mailto:PRIVACYOFFICER@welchllp.com\">PRIVACYOFFICER@welchllp.com<\/a>, en composant le 613-236-9191 ou en \u00e9crivant \u00e0&nbsp;:<\/p>\n\n\n\n<p><strong>Responsable de la protection des renseignements personnels<\/strong><\/p>\n\n\n\n<p>Welch LLP<br \/>350, rue Albert, bureau 700<br \/>Ottawa (Ontario) K1R 1A4<\/p>\n<\/div><\/div>\n<\/div><\/div>\n\n\n\n<div class=\"wp-block-cover alignfull final-cover no-margin\"><span aria-hidden=\"true\" class=\"wp-block-cover__background has-welch-green-background-color has-background-dim-100 has-background-dim\"><\/span><div class=\"wp-block-cover__inner-container is-layout-flow wp-block-cover-is-layout-flow\">\n<div class=\"wp-block-group narrower-container no-margin\"><div class=\"wp-block-group__inner-container is-layout-flow wp-block-group-is-layout-flow\">\n<h2 class=\"has-text-align-center wp-block-heading\">Nos sp\u00e9cialistes n\u2019attendent que vous<\/h2>\n\n\n\n<p class=\"has-text-align-center\">Communiquez avec nous. Faites-nous part de vos besoins et nous assignerons \u00e0 votre organisation une personne sp\u00e9cialis\u00e9e dans votre secteur d\u2019activit\u00e9.<\/p>\n\n\n\n<div class=\"wp-block-buttons is-layout-flex wp-block-buttons-is-layout-flex\">\n<div class=\"wp-block-button aligncenter is-style-outline is-style-outline--1\"><a class=\"wp-block-button__link has-white-color has-text-color\" href=\"https:\/\/welchllp.com\/fr\/adresses\/#GeneralEnquiries\">Faites-le aujourd\u2019hui<\/a><\/div>\n<\/div>\n<\/div><\/div>\n<\/div><\/div>\n","protected":false},"excerpt":{"rendered":"<p>Introduction Welch LLP est un cabinet national de comptables professionnels agr\u00e9\u00e9s offrant une gamme compl\u00e8te de services de comptabilit\u00e9, d\u2019assurance, [&hellip;]<\/p>\n","protected":false},"author":1,"featured_media":0,"parent":0,"menu_order":9,"comment_status":"closed","ping_status":"closed","template":"","meta":{"_relevanssi_hide_post":"","_relevanssi_hide_content":"","_relevanssi_pin_for_all":"","_relevanssi_pin_keywords":"","_relevanssi_unpin_keywords":"","_relevanssi_related_keywords":"","_relevanssi_related_include_ids":"","_relevanssi_related_exclude_ids":"","_relevanssi_related_no_append":"","_relevanssi_related_not_related":"","_relevanssi_related_posts":"10591,10582,10576,10584,10569,10597","_relevanssi_noindex_reason":"","footnotes":""},"class_list":["post-11970","page","type-page","status-publish","hentry"],"yoast_head":"<!-- This site is optimized with the Yoast SEO Premium plugin v24.3 (Yoast SEO v25.8) - https:\/\/yoast.com\/wordpress\/plugins\/seo\/ -->\n<title>\u00c9nonc\u00e9 sur la protection des renseignements personnels - Welch LLP<\/title>\n<meta name=\"robots\" content=\"index, follow, max-snippet:-1, max-image-preview:large, max-video-preview:-1\" \/>\n<link rel=\"canonical\" href=\"https:\/\/levesquemarchand.com\/enonce-de-confidentialite\/\" \/>\n<meta property=\"og:locale\" content=\"fr_FR\" \/>\n<meta property=\"og:type\" content=\"article\" \/>\n<meta property=\"og:title\" content=\"\u00c9nonc\u00e9 sur la protection des renseignements personnels\" \/>\n<meta property=\"og:description\" content=\"Introduction Welch LLP est un cabinet national de comptables professionnels agr\u00e9\u00e9s offrant une gamme compl\u00e8te de services de comptabilit\u00e9, d\u2019assurance, [&hellip;]\" \/>\n<meta property=\"og:url\" content=\"https:\/\/levesquemarchand.com\/enonce-de-confidentialite\/\" \/>\n<meta property=\"og:site_name\" content=\"Welch LLP\" \/>\n<meta property=\"article:publisher\" content=\"https:\/\/www.facebook.com\/WelchLLP\/\" \/>\n<meta property=\"article:modified_time\" content=\"2024-11-26T15:23:22+00:00\" \/>\n<meta name=\"twitter:card\" content=\"summary_large_image\" \/>\n<meta name=\"twitter:site\" content=\"@welchllp\" \/>\n<meta name=\"twitter:label1\" content=\"Dur\u00e9e de lecture estim\u00e9e\" \/>\n\t<meta name=\"twitter:data1\" content=\"6 minutes\" \/>\n<script type=\"application\/ld+json\" class=\"yoast-schema-graph\">{\"@context\":\"https:\/\/schema.org\",\"@graph\":[{\"@type\":\"WebPage\",\"@id\":\"https:\/\/welchllp.com\/fr\/enonce-de-confidentialite\/\",\"url\":\"https:\/\/levesquemarchand.com\/enonce-de-confidentialite\/\",\"name\":\"\u00c9nonc\u00e9 sur la protection des renseignements personnels - Welch LLP\",\"isPartOf\":{\"@id\":\"https:\/\/welchllp.com\/fr\/#website\"},\"datePublished\":\"2022-05-30T21:36:26+00:00\",\"dateModified\":\"2024-11-26T15:23:22+00:00\",\"breadcrumb\":{\"@id\":\"https:\/\/levesquemarchand.com\/enonce-de-confidentialite\/#breadcrumb\"},\"inLanguage\":\"fr-FR\",\"potentialAction\":[{\"@type\":\"ReadAction\",\"target\":[\"https:\/\/levesquemarchand.com\/enonce-de-confidentialite\/\"]}]},{\"@type\":\"BreadcrumbList\",\"@id\":\"https:\/\/levesquemarchand.com\/enonce-de-confidentialite\/#breadcrumb\",\"itemListElement\":[{\"@type\":\"ListItem\",\"position\":1,\"name\":\"Home\",\"item\":\"https:\/\/welchllp.com\/fr\/\"},{\"@type\":\"ListItem\",\"position\":2,\"name\":\"\u00c9nonc\u00e9 sur la protection des renseignements personnels\"}]},{\"@type\":\"WebSite\",\"@id\":\"https:\/\/welchllp.com\/fr\/#website\",\"url\":\"https:\/\/welchllp.com\/fr\/\",\"name\":\"Welch LLP\",\"description\":\"Chartered Professional Accountants\",\"publisher\":{\"@id\":\"https:\/\/welchllp.com\/fr\/#organization\"},\"potentialAction\":[{\"@type\":\"SearchAction\",\"target\":{\"@type\":\"EntryPoint\",\"urlTemplate\":\"https:\/\/welchllp.com\/fr\/?s={search_term_string}\"},\"query-input\":{\"@type\":\"PropertyValueSpecification\",\"valueRequired\":true,\"valueName\":\"search_term_string\"}}],\"inLanguage\":\"fr-FR\"},{\"@type\":\"Organization\",\"@id\":\"https:\/\/welchllp.com\/fr\/#organization\",\"name\":\"Welch LLP\",\"url\":\"https:\/\/welchllp.com\/fr\/\",\"logo\":{\"@type\":\"ImageObject\",\"inLanguage\":\"fr-FR\",\"@id\":\"https:\/\/welchllp.com\/fr\/#\/schema\/logo\/image\/\",\"url\":\"https:\/\/welchllp.com\/wp-content\/uploads\/2016\/02\/WelchLLP_logo.png\",\"contentUrl\":\"https:\/\/welchllp.com\/wp-content\/uploads\/2016\/02\/WelchLLP_logo.png\",\"width\":707,\"height\":187,\"caption\":\"Welch LLP\"},\"image\":{\"@id\":\"https:\/\/welchllp.com\/fr\/#\/schema\/logo\/image\/\"},\"sameAs\":[\"https:\/\/www.facebook.com\/WelchLLP\/\",\"https:\/\/x.com\/welchllp\",\"https:\/\/www.linkedin.com\/company\/welchllp\",\"https:\/\/www.instagram.com\/welch_llp\/\"]}]}<\/script>\n<!-- \/ Yoast SEO Premium plugin. -->","yoast_head_json":{"title":"\u00c9nonc\u00e9 sur la protection des renseignements personnels - Welch LLP","robots":{"index":"index","follow":"follow","max-snippet":"max-snippet:-1","max-image-preview":"max-image-preview:large","max-video-preview":"max-video-preview:-1"},"canonical":"https:\/\/levesquemarchand.com\/enonce-de-confidentialite\/","og_locale":"fr_FR","og_type":"article","og_title":"\u00c9nonc\u00e9 sur la protection des renseignements personnels","og_description":"Introduction Welch LLP est un cabinet national de comptables professionnels agr\u00e9\u00e9s offrant une gamme compl\u00e8te de services de comptabilit\u00e9, d\u2019assurance, [&hellip;]","og_url":"https:\/\/levesquemarchand.com\/enonce-de-confidentialite\/","og_site_name":"Welch LLP","article_publisher":"https:\/\/www.facebook.com\/WelchLLP\/","article_modified_time":"2024-11-26T15:23:22+00:00","twitter_card":"summary_large_image","twitter_site":"@welchllp","twitter_misc":{"Dur\u00e9e de lecture estim\u00e9e":"6 minutes"},"schema":{"@context":"https:\/\/schema.org","@graph":[{"@type":"WebPage","@id":"https:\/\/welchllp.com\/fr\/enonce-de-confidentialite\/","url":"https:\/\/levesquemarchand.com\/enonce-de-confidentialite\/","name":"\u00c9nonc\u00e9 sur la protection des renseignements personnels - Welch LLP","isPartOf":{"@id":"https:\/\/welchllp.com\/fr\/#website"},"datePublished":"2022-05-30T21:36:26+00:00","dateModified":"2024-11-26T15:23:22+00:00","breadcrumb":{"@id":"https:\/\/levesquemarchand.com\/enonce-de-confidentialite\/#breadcrumb"},"inLanguage":"fr-FR","potentialAction":[{"@type":"ReadAction","target":["https:\/\/levesquemarchand.com\/enonce-de-confidentialite\/"]}]},{"@type":"BreadcrumbList","@id":"https:\/\/levesquemarchand.com\/enonce-de-confidentialite\/#breadcrumb","itemListElement":[{"@type":"ListItem","position":1,"name":"Home","item":"https:\/\/welchllp.com\/fr\/"},{"@type":"ListItem","position":2,"name":"\u00c9nonc\u00e9 sur la protection des renseignements personnels"}]},{"@type":"WebSite","@id":"https:\/\/welchllp.com\/fr\/#website","url":"https:\/\/welchllp.com\/fr\/","name":"Welch LLP","description":"Chartered Professional Accountants","publisher":{"@id":"https:\/\/welchllp.com\/fr\/#organization"},"potentialAction":[{"@type":"SearchAction","target":{"@type":"EntryPoint","urlTemplate":"https:\/\/welchllp.com\/fr\/?s={search_term_string}"},"query-input":{"@type":"PropertyValueSpecification","valueRequired":true,"valueName":"search_term_string"}}],"inLanguage":"fr-FR"},{"@type":"Organization","@id":"https:\/\/welchllp.com\/fr\/#organization","name":"Welch LLP","url":"https:\/\/welchllp.com\/fr\/","logo":{"@type":"ImageObject","inLanguage":"fr-FR","@id":"https:\/\/welchllp.com\/fr\/#\/schema\/logo\/image\/","url":"https:\/\/welchllp.com\/wp-content\/uploads\/2016\/02\/WelchLLP_logo.png","contentUrl":"https:\/\/welchllp.com\/wp-content\/uploads\/2016\/02\/WelchLLP_logo.png","width":707,"height":187,"caption":"Welch LLP"},"image":{"@id":"https:\/\/welchllp.com\/fr\/#\/schema\/logo\/image\/"},"sameAs":["https:\/\/www.facebook.com\/WelchLLP\/","https:\/\/x.com\/welchllp","https:\/\/www.linkedin.com\/company\/welchllp","https:\/\/www.instagram.com\/welch_llp\/"]}]}},"_links":{"self":[{"href":"https:\/\/welchllp.com\/fr\/wp-json\/wp\/v2\/pages\/11970","targetHints":{"allow":["GET"]}}],"collection":[{"href":"https:\/\/welchllp.com\/fr\/wp-json\/wp\/v2\/pages"}],"about":[{"href":"https:\/\/welchllp.com\/fr\/wp-json\/wp\/v2\/types\/page"}],"author":[{"embeddable":true,"href":"https:\/\/welchllp.com\/fr\/wp-json\/wp\/v2\/users\/1"}],"replies":[{"embeddable":true,"href":"https:\/\/welchllp.com\/fr\/wp-json\/wp\/v2\/comments?post=11970"}],"version-history":[{"count":0,"href":"https:\/\/welchllp.com\/fr\/wp-json\/wp\/v2\/pages\/11970\/revisions"}],"wp:attachment":[{"href":"https:\/\/welchllp.com\/fr\/wp-json\/wp\/v2\/media?parent=11970"}],"curies":[{"name":"wp","href":"https:\/\/api.w.org\/{rel}","templated":true}]}}