{"id":11972,"date":"2022-05-30T17:36:26","date_gmt":"2022-05-30T21:36:26","guid":{"rendered":"https:\/\/welchllp.com\/?page_id=11972"},"modified":"2025-01-13T12:57:45","modified_gmt":"2025-01-13T17:57:45","slug":"avis","status":"publish","type":"page","link":"https:\/\/welchllp.com\/fr\/avis\/","title":{"rendered":"Avis de non-responsabilit\u00e9"},"content":{"rendered":"\n<div class=\"wp-block-cover alignfull is-light hero no-margin is-padded\"><span aria-hidden=\"true\" class=\"wp-block-cover__background has-white-background-color has-background-dim-100 has-background-dim\"><\/span><div class=\"wp-block-cover__inner-container is-layout-flow wp-block-cover-is-layout-flow\"><h1 class=\"large two-third-container wp-block-post-title\">Avis de non-responsabilit\u00e9<\/h1>\n\n\n<p class=\"narrow-container left-aligned has-dark-grey-color has-text-color has-regular-font-size\">Les renseignements qui suivent constituent notre avis de non-responsabilit\u00e9.<\/p>\n<\/div><\/div>\n\n\n\n<div class=\"wp-block-group alignfull has-top-border is-top-padded\"><div class=\"wp-block-group__inner-container is-layout-flow wp-block-group-is-layout-flow\">\n<div class=\"wp-block-group\"><div class=\"wp-block-group__inner-container is-layout-flow wp-block-group-is-layout-flow\">\n<h2 class=\"wp-block-heading\">Droit d\u2019auteur et marques de commerce<\/h2>\n\n\n\n<h3 class=\"wp-block-heading\">\u00a9 Welch\u00a0LLP 2025<\/h3>\n\n\n\n<p>Sauf indication contraire, le contenu de ce site Web, y compris le texte , les images et le code HTML sous-jacent ou autre qu\u2019il contient ainsi que leurs dispositions, est prot\u00e9g\u00e9 par les lois canadiennes et internationales qui r\u00e9gissent le droit d\u2019auteur et les marques de commerce, et par d\u2019autres lois. L\u2019utilisation de ce site Web ne conf\u00e8re aucun droit de propri\u00e9t\u00e9 ni autre droit sur le site ou sur son contenu. Les marques nominatives et figuratives \u00ab Welch LLP \u00bb, \u00ab INSIGHTS \u00bb, \u00ab Delivering the INSIGHTS you need \u00bb et \u00ab APEX \u00bb sont des marques de commerce, marques d\u00e9pos\u00e9es, noms commerciaux ou marques de service de Welch LLP. Toute utilisation non autoris\u00e9e de ces noms ou marques est interdite et passible de poursuite, avec toute la rigueur permise par la loi. Les autres noms ou marques de service qui figurent ce site Web sont des marques de commerce, des marques d\u00e9pos\u00e9es ou des noms commerciaux appartenant \u00e0 leurs propri\u00e9taires respectifs.<\/p>\n\n\n\n<h3 class=\"wp-block-heading\">Utilisation limit\u00e9e du site Web<\/h3>\n\n\n\n<p>La mise en ligne de liens vers toute page du site Web welchllp.com sans permission ni autorisation, y compris la page d\u2019accueil, est interdite. Cela inclut les images, logos, slogans, m\u00e9tabalises, textes, graphiques, fichiers audios ou vid\u00e9os, publications et tout autre contenu sur le site.<\/p>\n\n\n\n<p>Sauf indication contraire, sont autoris\u00e9s&nbsp;\u00e0 des fins strictement personnelles, \u00e9ducatives et non commerciales&nbsp;: l\u2019affichage sur un appareil; l\u2019impression et le t\u00e9l\u00e9chargement du contenu texte, audio ou vid\u00e9o, des publications et de tout autre contenu fourni sur ce site Web; de m\u00eame que la r\u00e9f\u00e9rence \u00e0 ces contenus.<\/p>\n\n\n\n<p>Le contenu de ce site Web ne peut pas \u00eatre modifi\u00e9. Toute utilisation d\u2019un contenu qui en provient doit inclure une r\u00e9f\u00e9rence au site, en tant que source de l\u2019information, ainsi que l\u2019avis de droit d\u2019auteur \u00ab&nbsp;\u00a9&nbsp;2022 Welch&nbsp;LLP&nbsp;\u00bb.&nbsp;Pour toute question sur l\u2019utilisation du contenu de ce site Web, \u00e9crire \u00e0 <a href=\"mailto:marketing@welchllp.com\">marketing@welchllp.com<\/a>.<\/p>\n\n\n\n<p><a id=\"_msocom_1\"><\/a><\/p>\n\n\n\n\n\n\n\n<h3 class=\"wp-block-heading\">Aucun conseil professionnel<\/h3>\n\n\n\n<p>Ce site Web est produit par Welch&nbsp;LLP \u00e0 titre informatif, \u00e9tant entendu qu\u2019on n\u2019y fournit aucun conseil comptable ou juridique, ou autre conseil de nature professionnelle. Aucun des commentaires sur ce site Web ne vise \u00e0 remplacer des conseils professionnels en particulier et on ne devrait pas s\u2019y fier \u00e0 cette fin. Pour obtenir des conseils professionnels \u00e0 propos de toute question trait\u00e9e sur ce site, il est recommand\u00e9 de consulter une ressource-conseil professionnelle.<\/p>\n\n\n\n<h3 class=\"wp-block-heading\">Mentions l\u00e9gales<\/h3>\n\n\n\n<p>Le pr\u00e9sent site Web et son contenu sont mis \u00e0 disposition uniquement pour fournir des renseignements sur Welch&nbsp;LLP. Toute personne qui le visite est tenue de se conformer aux lois et r\u00e8glements applicables. Aucune des dispositions \u00e9nonc\u00e9es dans cet avis ne peut \u00eatre interpr\u00e9t\u00e9e comme octroyant, explicitement ou implicitement, par renonciation ou autrement, une licence ou un droit en vertu d\u2019un droit d\u2019auteur, d\u2019un brevet, d\u2019une marque de commerce ou d\u2019un autre droit de propri\u00e9t\u00e9 intellectuelle de Welch&nbsp;LLP ou d\u2019une quelconque tierce partie. La mise en ligne de ce site Web n\u2019entraine aucune relation client, conseil, fiduciaire ou professionnelle, et ni Welch&nbsp;LLP ni aucune autre personne ne sont, relativement \u00e0 ce site, engag\u00e9es \u00e0 fournir des services ou des conseils en audit, comptabilit\u00e9, fiscalit\u00e9, droit, expertise-conseil, consultation ou autre service ou avis professionnel. Nulle personne ne doit prendre de mesure fond\u00e9e sur les informations contenues dans quelque information que ce soit mise en ligne sur ce site Web, sans consulter au pr\u00e9alable une personne apte \u00e0 prodiguer des conseils financiers.<\/p>\n\n\n\n<p>Les liens sur ce site Web pourraient mener \u00e0 des serveurs g\u00e9r\u00e9s par des personnes physiques ou morales autres que Welch&nbsp;LLP. Welch ne fait aucune repr\u00e9sentation ni ne procure de garantie quant \u00e0 l\u2019exactitude, au caract\u00e8re opportun et \u00e0 la pertinence ou tout autre aspect de l\u2019information contenue sur ces serveurs et ne contr\u00f4le ni n\u2019endosse ces serveurs ou leur contenu. Bien que tout le soin et toute la diligence aient \u00e9t\u00e9 utilis\u00e9s pour assurer la maintenance et la mise \u00e0 jour de l\u2019information sur ce site Web, Welch&nbsp;LLP ne fait aucune repr\u00e9sentation ou garantie quant \u00e0 l\u2019exactitude, au caract\u00e8re opportun et \u00e0 la pertinence ou tout autre aspect de l\u2019information qu\u2019il contient.<\/p>\n\n\n\n<h3 class=\"wp-block-heading\">Aucune garantie<\/h3>\n\n\n\n<p>Welch&nbsp;LLP et ses soci\u00e9t\u00e9s affili\u00e9es, ses associ\u00e9es ou associ\u00e9s, ses responsables, son personnel et les personnes qui en sont les agentes ou les repr\u00e9sentantes ne font aucune repr\u00e9sentation ou garantie quant \u00e0 l\u2019exactitude, au caract\u00e8re opportun et \u00e0 la pertinence ou tout autre aspect de l\u2019information pr\u00e9sent\u00e9e sur ce site Web ou tout autre contenu accessible au moyen de ce site pour quelque motif que ce soit, le contenu \u00e9tant pr\u00e9sent\u00e9 \u00ab tel quel \u00bb et \u00ab tel qu\u2019il est disponible \u00bb sans autre forme de garantie de quelque sorte, y compris toute garantie ou obligation exprim\u00e9e en qualit\u00e9 marchande, valeurs pour quelque fin que ce soit, titre ou absence de contrefa\u00e7on ou autre. En aucun cas, Welch&nbsp;LLP ne sera tenu responsable de quelque dommage que ce soit, y compris les dommages sp\u00e9ciaux, indirects ou cons\u00e9cutifs qui r\u00e9sultent de, ou sont en relation avec, l\u2019utilisation ou la performance du contenu fourni sur ce site Web.<\/p>\n\n\n\n<h3 class=\"wp-block-heading\">Confidentialit\u00e9<\/h3>\n\n\n\n<p>Welch&nbsp;LLP respecte la vie priv\u00e9e des personnes qui visitent ce site Web. Pour en savoir plus, lire son <a href=\"https:\/\/welchllp.com\/fr\/politique-de-confidentialite\/\">\u00e9nonc\u00e9 sur la protection des renseignements personnels<\/a>.<\/p>\n<\/div><\/div>\n<\/div><\/div>\n\n\n\n<div class=\"wp-block-cover alignfull final-cover no-margin\"><span aria-hidden=\"true\" class=\"wp-block-cover__background has-welch-green-background-color has-background-dim-100 has-background-dim\"><\/span><div class=\"wp-block-cover__inner-container is-layout-flow wp-block-cover-is-layout-flow\">\n<div class=\"wp-block-group narrower-container no-margin\"><div class=\"wp-block-group__inner-container is-layout-flow wp-block-group-is-layout-flow\">\n<h2 class=\"has-text-align-center wp-block-heading\">Nos sp\u00e9cialistes n\u2019attendent que vous<\/h2>\n\n\n\n<p class=\"has-text-align-center\">Communiquez avec nous. Faites-nous part de vos besoins et nous assignerons \u00e0 votre organisation une personne sp\u00e9cialis\u00e9e dans votre secteur d\u2019activit\u00e9.<\/p>\n\n\n\n<div class=\"wp-block-buttons is-layout-flex wp-block-buttons-is-layout-flex\">\n<div class=\"wp-block-button aligncenter is-style-outline is-style-outline--1\"><a class=\"wp-block-button__link has-white-color has-text-color\" href=\"https:\/\/welchllp.com\/fr\/adresses\/#GeneralEnquiries\">Faites-le aujourd\u2019hui<\/a><\/div>\n<\/div>\n<\/div><\/div>\n<\/div><\/div>\n","protected":false},"excerpt":{"rendered":"<p>Droit d\u2019auteur et marques de commerce \u00a9 Welch\u00a0LLP 2025 Sauf indication contraire, le contenu de ce site Web, y compris [&hellip;]<\/p>\n","protected":false},"author":1,"featured_media":0,"parent":0,"menu_order":8,"comment_status":"closed","ping_status":"closed","template":"","meta":{"_relevanssi_hide_post":"","_relevanssi_hide_content":"","_relevanssi_pin_for_all":"","_relevanssi_pin_keywords":"","_relevanssi_unpin_keywords":"","_relevanssi_related_keywords":"","_relevanssi_related_include_ids":"","_relevanssi_related_exclude_ids":"","_relevanssi_related_no_append":"","_relevanssi_related_not_related":"","_relevanssi_related_posts":"10633,10671,10555,10640,10558,10617","_relevanssi_noindex_reason":"","footnotes":""},"class_list":["post-11972","page","type-page","status-publish","hentry"],"yoast_head":"<!-- This site is optimized with the Yoast SEO Premium plugin v24.3 (Yoast SEO v25.8) - https:\/\/yoast.com\/wordpress\/plugins\/seo\/ -->\n<title>Avis de non-responsabilit\u00e9 - Welch LLP<\/title>\n<meta name=\"robots\" content=\"index, follow, max-snippet:-1, max-image-preview:large, max-video-preview:-1\" \/>\n<link rel=\"canonical\" href=\"https:\/\/levesquemarchand.com\/avis\/\" \/>\n<meta property=\"og:locale\" content=\"fr_FR\" \/>\n<meta property=\"og:type\" content=\"article\" \/>\n<meta property=\"og:title\" content=\"Avis de non-responsabilit\u00e9\" \/>\n<meta property=\"og:description\" content=\"Droit d\u2019auteur et marques de commerce \u00a9 Welch\u00a0LLP 2025 Sauf indication contraire, le contenu de ce site Web, y compris [&hellip;]\" \/>\n<meta property=\"og:url\" content=\"https:\/\/levesquemarchand.com\/avis\/\" \/>\n<meta property=\"og:site_name\" content=\"Welch LLP\" \/>\n<meta property=\"article:publisher\" content=\"https:\/\/www.facebook.com\/WelchLLP\/\" \/>\n<meta property=\"article:modified_time\" content=\"2025-01-13T17:57:45+00:00\" \/>\n<meta name=\"twitter:card\" content=\"summary_large_image\" \/>\n<meta name=\"twitter:site\" content=\"@welchllp\" \/>\n<meta name=\"twitter:label1\" content=\"Dur\u00e9e de lecture estim\u00e9e\" \/>\n\t<meta name=\"twitter:data1\" content=\"4 minutes\" \/>\n<script type=\"application\/ld+json\" class=\"yoast-schema-graph\">{\"@context\":\"https:\/\/schema.org\",\"@graph\":[{\"@type\":\"WebPage\",\"@id\":\"https:\/\/welchllp.com\/fr\/avis\/\",\"url\":\"https:\/\/levesquemarchand.com\/avis\/\",\"name\":\"Avis de non-responsabilit\u00e9 - Welch LLP\",\"isPartOf\":{\"@id\":\"https:\/\/welchllp.com\/fr\/#website\"},\"datePublished\":\"2022-05-30T21:36:26+00:00\",\"dateModified\":\"2025-01-13T17:57:45+00:00\",\"breadcrumb\":{\"@id\":\"https:\/\/levesquemarchand.com\/avis\/#breadcrumb\"},\"inLanguage\":\"fr-FR\",\"potentialAction\":[{\"@type\":\"ReadAction\",\"target\":[\"https:\/\/levesquemarchand.com\/avis\/\"]}]},{\"@type\":\"BreadcrumbList\",\"@id\":\"https:\/\/levesquemarchand.com\/avis\/#breadcrumb\",\"itemListElement\":[{\"@type\":\"ListItem\",\"position\":1,\"name\":\"Home\",\"item\":\"https:\/\/welchllp.com\/fr\/\"},{\"@type\":\"ListItem\",\"position\":2,\"name\":\"Avis de non-responsabilit\u00e9\"}]},{\"@type\":\"WebSite\",\"@id\":\"https:\/\/welchllp.com\/fr\/#website\",\"url\":\"https:\/\/welchllp.com\/fr\/\",\"name\":\"Welch LLP\",\"description\":\"Chartered Professional Accountants\",\"publisher\":{\"@id\":\"https:\/\/welchllp.com\/fr\/#organization\"},\"potentialAction\":[{\"@type\":\"SearchAction\",\"target\":{\"@type\":\"EntryPoint\",\"urlTemplate\":\"https:\/\/welchllp.com\/fr\/?s={search_term_string}\"},\"query-input\":{\"@type\":\"PropertyValueSpecification\",\"valueRequired\":true,\"valueName\":\"search_term_string\"}}],\"inLanguage\":\"fr-FR\"},{\"@type\":\"Organization\",\"@id\":\"https:\/\/welchllp.com\/fr\/#organization\",\"name\":\"Welch LLP\",\"url\":\"https:\/\/welchllp.com\/fr\/\",\"logo\":{\"@type\":\"ImageObject\",\"inLanguage\":\"fr-FR\",\"@id\":\"https:\/\/welchllp.com\/fr\/#\/schema\/logo\/image\/\",\"url\":\"https:\/\/welchllp.com\/wp-content\/uploads\/2016\/02\/WelchLLP_logo.png\",\"contentUrl\":\"https:\/\/welchllp.com\/wp-content\/uploads\/2016\/02\/WelchLLP_logo.png\",\"width\":707,\"height\":187,\"caption\":\"Welch LLP\"},\"image\":{\"@id\":\"https:\/\/welchllp.com\/fr\/#\/schema\/logo\/image\/\"},\"sameAs\":[\"https:\/\/www.facebook.com\/WelchLLP\/\",\"https:\/\/x.com\/welchllp\",\"https:\/\/www.linkedin.com\/company\/welchllp\",\"https:\/\/www.instagram.com\/welch_llp\/\"]}]}<\/script>\n<!-- \/ Yoast SEO Premium plugin. -->","yoast_head_json":{"title":"Avis de non-responsabilit\u00e9 - Welch LLP","robots":{"index":"index","follow":"follow","max-snippet":"max-snippet:-1","max-image-preview":"max-image-preview:large","max-video-preview":"max-video-preview:-1"},"canonical":"https:\/\/levesquemarchand.com\/avis\/","og_locale":"fr_FR","og_type":"article","og_title":"Avis de non-responsabilit\u00e9","og_description":"Droit d\u2019auteur et marques de commerce \u00a9 Welch\u00a0LLP 2025 Sauf indication contraire, le contenu de ce site Web, y compris [&hellip;]","og_url":"https:\/\/levesquemarchand.com\/avis\/","og_site_name":"Welch LLP","article_publisher":"https:\/\/www.facebook.com\/WelchLLP\/","article_modified_time":"2025-01-13T17:57:45+00:00","twitter_card":"summary_large_image","twitter_site":"@welchllp","twitter_misc":{"Dur\u00e9e de lecture estim\u00e9e":"4 minutes"},"schema":{"@context":"https:\/\/schema.org","@graph":[{"@type":"WebPage","@id":"https:\/\/welchllp.com\/fr\/avis\/","url":"https:\/\/levesquemarchand.com\/avis\/","name":"Avis de non-responsabilit\u00e9 - Welch LLP","isPartOf":{"@id":"https:\/\/welchllp.com\/fr\/#website"},"datePublished":"2022-05-30T21:36:26+00:00","dateModified":"2025-01-13T17:57:45+00:00","breadcrumb":{"@id":"https:\/\/levesquemarchand.com\/avis\/#breadcrumb"},"inLanguage":"fr-FR","potentialAction":[{"@type":"ReadAction","target":["https:\/\/levesquemarchand.com\/avis\/"]}]},{"@type":"BreadcrumbList","@id":"https:\/\/levesquemarchand.com\/avis\/#breadcrumb","itemListElement":[{"@type":"ListItem","position":1,"name":"Home","item":"https:\/\/welchllp.com\/fr\/"},{"@type":"ListItem","position":2,"name":"Avis de non-responsabilit\u00e9"}]},{"@type":"WebSite","@id":"https:\/\/welchllp.com\/fr\/#website","url":"https:\/\/welchllp.com\/fr\/","name":"Welch LLP","description":"Chartered Professional Accountants","publisher":{"@id":"https:\/\/welchllp.com\/fr\/#organization"},"potentialAction":[{"@type":"SearchAction","target":{"@type":"EntryPoint","urlTemplate":"https:\/\/welchllp.com\/fr\/?s={search_term_string}"},"query-input":{"@type":"PropertyValueSpecification","valueRequired":true,"valueName":"search_term_string"}}],"inLanguage":"fr-FR"},{"@type":"Organization","@id":"https:\/\/welchllp.com\/fr\/#organization","name":"Welch LLP","url":"https:\/\/welchllp.com\/fr\/","logo":{"@type":"ImageObject","inLanguage":"fr-FR","@id":"https:\/\/welchllp.com\/fr\/#\/schema\/logo\/image\/","url":"https:\/\/welchllp.com\/wp-content\/uploads\/2016\/02\/WelchLLP_logo.png","contentUrl":"https:\/\/welchllp.com\/wp-content\/uploads\/2016\/02\/WelchLLP_logo.png","width":707,"height":187,"caption":"Welch LLP"},"image":{"@id":"https:\/\/welchllp.com\/fr\/#\/schema\/logo\/image\/"},"sameAs":["https:\/\/www.facebook.com\/WelchLLP\/","https:\/\/x.com\/welchllp","https:\/\/www.linkedin.com\/company\/welchllp","https:\/\/www.instagram.com\/welch_llp\/"]}]}},"_links":{"self":[{"href":"https:\/\/welchllp.com\/fr\/wp-json\/wp\/v2\/pages\/11972","targetHints":{"allow":["GET"]}}],"collection":[{"href":"https:\/\/welchllp.com\/fr\/wp-json\/wp\/v2\/pages"}],"about":[{"href":"https:\/\/welchllp.com\/fr\/wp-json\/wp\/v2\/types\/page"}],"author":[{"embeddable":true,"href":"https:\/\/welchllp.com\/fr\/wp-json\/wp\/v2\/users\/1"}],"replies":[{"embeddable":true,"href":"https:\/\/welchllp.com\/fr\/wp-json\/wp\/v2\/comments?post=11972"}],"version-history":[{"count":0,"href":"https:\/\/welchllp.com\/fr\/wp-json\/wp\/v2\/pages\/11972\/revisions"}],"wp:attachment":[{"href":"https:\/\/welchllp.com\/fr\/wp-json\/wp\/v2\/media?parent=11972"}],"curies":[{"name":"wp","href":"https:\/\/api.w.org\/{rel}","templated":true}]}}