{"id":12006,"date":"2022-08-12T08:53:28","date_gmt":"2022-08-12T12:53:28","guid":{"rendered":"https:\/\/welchllp.com\/?page_id=12006"},"modified":"2025-05-07T10:28:31","modified_gmt":"2025-05-07T14:28:31","slug":"utilisations-de-temoins","status":"publish","type":"page","link":"https:\/\/welchllp.com\/fr\/utilisations-de-temoins\/","title":{"rendered":"Utilisations de t\u00e9moins"},"content":{"rendered":"\n<div class=\"wp-block-cover alignfull is-light hero no-margin is-padded\"><span aria-hidden=\"true\" class=\"wp-block-cover__background has-white-background-color has-background-dim-100 has-background-dim\"><\/span><div class=\"wp-block-cover__inner-container is-layout-flow wp-block-cover-is-layout-flow\"><h1 class=\"large two-third-container wp-block-post-title\">Utilisations de t\u00e9moins<\/h1>\n\n\n<p class=\"narrow-container left-aligned has-dark-grey-color has-text-color has-regular-font-size\">La politique suivante indique notre utilisations de t\u00e9moins.<\/p>\n<\/div><\/div>\n\n\n\n<div class=\"wp-block-group alignfull has-top-border is-top-padded\"><div class=\"wp-block-group__inner-container is-layout-flow wp-block-group-is-layout-flow\">\n<div class=\"wp-block-group\"><div class=\"wp-block-group__inner-container is-layout-flow wp-block-group-is-layout-flow\">\n<h2 class=\"wp-block-heading\" id=\"h-qu-est-ce-que-les-temoins-et-comment-nous-les-utilisons\">Qu\u2019est-ce que les t\u00e9moins et comment nous les utilisons<\/h2>\n\n\n\n<p>Un t\u00e9moin est un petit fichier texte cr\u00e9\u00e9 sur votre ordinateur (avec votre consentement) pour recueillir des informations et aider les sites Web \u00e0 m\u00e9moriser des renseignements \u00e0 votre sujet. Les t\u00e9moins servent \u00e0 am\u00e9liorer notre exp\u00e9rience utilisateur, \u00e0 d\u00e9terminer les fonctionnalit\u00e9s et les pages les plus populaires et \u00e0 nous assurer que nos services soient s\u00e9curis\u00e9s. Les diff\u00e9rents types de t\u00e9moins et leur fonction sont expliqu\u00e9s ci-dessous&nbsp;:<\/p>\n\n\n\n<figure class=\"wp-block-table\"><table><tbody><tr><td><strong>Type de t\u00e9moin<\/strong><\/td><td><strong>Pourquoi nous les utilisons<\/strong><\/td><\/tr><tr><td>Analytiques<\/td><td>Les t\u00e9moins de Google Analytics nous aident \u00e0 analyser comment les visiteurs utilisent notre site Web et \u00e0 am\u00e9liorer nos services. Ces t\u00e9moins nous permettent de savoir quelles fonctionnalit\u00e9s sont les plus populaires (plus de trafic) chez nos utilisateurs et celles qui doivent \u00eatre am\u00e9lior\u00e9es.<\/td><\/tr><tr><td>Publicitaires<\/td><td>Ces t\u00e9moins nous permettent d\u2019offrir des publicit\u00e9s plus pertinentes \u00e0 nos utilisateurs et suivre l\u2019efficacit\u00e9 des initiatives publicitaires.<\/td><\/tr><tr><td>Performance<\/td><td>Ces t\u00e9moins nous permettent de d\u00e9terminer comment vous interagissez avec nos pages et nos services afin de les am\u00e9liorer.<\/td><\/tr><tr><td>Pr\u00e9f\u00e9rences<\/td><td>Ces t\u00e9moins nous permettent de sauvegarder vos param\u00e8tres et vos pr\u00e9f\u00e9rences, comme la langue, par exemple.<\/td><\/tr><tr><td>S\u00e9curit\u00e9<\/td><td>Ces t\u00e9moins nous permettent de pr\u00e9venir les risques li\u00e9s \u00e0 la s\u00e9curit\u00e9.<\/td><\/tr><tr><td>Partage social<\/td><td>Nous utilisons les widgets ou les boutons de m\u00e9dias sociaux qui enregistrent des t\u00e9moins sur votre ordinateur afin de vous fournir la fonction de partage du contenu des pages Web sur les plateformes de m\u00e9dias sociaux et par courriel.<\/td><\/tr><\/tbody><\/table><\/figure>\n\n\n\n<h2 class=\"wp-block-heading\" id=\"h-outils-temoins-utilises-pour-recueillir-des-renseignements-sur-les-comportements-des-visiteurs\">Outils (t\u00e9moins) utilis\u00e9s pour recueillir des renseignements sur les comportements des visiteurs<\/h2>\n\n\n\n<h3 class=\"wp-block-heading\" id=\"h-note-nbsp-pour-desactiver-les-temoins-lancez-votre-navigateur-chrome-safari-firefox-etc-et-suivez-les-instructions\"><strong>Note&nbsp;: Pour d\u00e9sactiver les t\u00e9moins, lancez votre navigateur (Chrome, Safari, Firefox etc.) et suivez les instructions.<\/strong><\/h3>\n\n\n\n<p><strong>Act-On<\/strong>&nbsp;\u2013 Balise de suivi qui enregistre un t\u00e9moin sur votre navigateur. Consultez le site Web suivant pour obtenir de plus amples renseignements et savoir comment d\u00e9sactiver cet outil de suivi&nbsp;:https:\/\/connect.act-on.com\/hc\/en-us\/articles\/1500000197802-Recommended-Browser-Preferences-for-Act-On-CRM-Integrations<\/p>\n\n\n\n<p><strong>Google Analytics<\/strong>&nbsp;\u2013 Nous utilisons les t\u00e9moins Google Analytics pour analyser la fa\u00e7on dont les visiteurs utilisent notre site Web et am\u00e9liorer nos services. Consultez le site Web suivant pour en apprendre plus sur ces t\u00e9moins et la fa\u00e7on de les d\u00e9sactiver&nbsp;: https:\/\/developers.google.com\/analytics\/devguides\/collection\/analyticsjs\/cookie-usage<br \/>Pour retirer votre consentement de Google Analytics, visitez le https:\/\/tools.google.com\/dlpage\/gaoptout<\/p>\n\n\n\n<p><strong>Yoast Search Engine Optimization (SEO)<\/strong>&nbsp;(extension de site Web pour accro\u00eetre les visiteurs) \u2013 Pour en apprendre plus sur ces t\u00e9moins et le site Web recueillis, consultez le https:\/\/yoast.com\/privacy-policy\/<\/p>\n\n\n\n<p><strong>Extension multilingue de WordPress (WPML)<\/strong>&nbsp;\u2013 Des t\u00e9moins sont utilis\u00e9s dans cette extension de traduction. Pour conna\u00eetre les t\u00e9moins sauvegard\u00e9s par WPML et leur fonctionnalit\u00e9, consultez le https:\/\/wpml.org\/documentation\/support\/browser-cookies-stored-wpml\/<\/p>\n\n\n\n<p><strong>Liens de partage sociaux<\/strong>&nbsp;\u2013 Pour faciliter le partage du contenu de notre site Web sur les m\u00e9dias sociaux tels que Twitter, Facebook, etc.<\/p>\n\n\n\n<p><strong>LinkedIn<\/strong>&nbsp;\u2013 Il s\u2019agit de balises ou de codage utilis\u00e9s pour suivre les visiteurs sur notre site Web et nous aider \u00e0 produire des rapports sur nos initiatives LinkedIn. Pour de plus amples renseignements, consultez le site Web suivant&nbsp;: https:\/\/www.linkedin.com\/help\/lms\/answer\/65521\/the-linkedin-insight-tag-overview?lang=fr<\/p>\n\n\n\n<h2 class=\"wp-block-heading\" id=\"h-vos-choix\">Vos choix<\/h2>\n\n\n\n<p>Vous pouvez choisir de restreindre l\u2019utilisation de t\u00e9moins ou de les d\u00e9sactiver enti\u00e8rement. Cependant, cela pourrait avoir une incidence sur la disponibilit\u00e9 et la fonctionnalit\u00e9 de nos pages Web.<\/p>\n\n\n\n<p>Pour limiter ou bloquer l\u2019utilisation des t\u00e9moins, vous devez ouvrir votre navigateur pour trouver les instructions relatives \u00e0 la gestion des t\u00e9moins.<\/p>\n\n\n\n<h2 class=\"wp-block-heading\" id=\"h-comment-nous-contacter\">Comment nous contacter<\/h2>\n\n\n\n<p>Les questions, les pr\u00e9occupations ou les plaintes concernant la politique en mati\u00e8re d\u2019utilisation des t\u00e9moins de Welch LLP ou les pratiques en mati\u00e8re de collecte de donn\u00e9es ou de confidentialit\u00e9 peuvent \u00eatre envoy\u00e9es au responsable de la protection de la vie priv\u00e9e chez Welch LLP en envoyant un courriel \u00e0<a href=\"mailto:PRIVACYOFFICER@welchllp.com\"> PRIVACYOFFICER@welchllp.com<\/a> , en composant le 613-236-9191 ou en \u00e9crivant \u00e0&nbsp;:<\/p>\n\n\n\n<p><strong>Responsable de la vie priv\u00e9e<\/strong><br \/><br \/>Welch LLP<br \/>350, rue Albert, bureau 700<br \/>Ottawa (Ontario) K1R 1A4<\/p>\n<\/div><\/div>\n<\/div><\/div>\n\n\n\n<div class=\"wp-block-cover alignfull final-cover no-margin\"><span aria-hidden=\"true\" class=\"wp-block-cover__background has-welch-green-background-color has-background-dim-100 has-background-dim\"><\/span><div class=\"wp-block-cover__inner-container is-layout-flow wp-block-cover-is-layout-flow\">\n<div class=\"wp-block-group narrower-container no-margin\"><div class=\"wp-block-group__inner-container is-layout-flow wp-block-group-is-layout-flow\">\n<h2 class=\"has-text-align-center wp-block-heading\">Nos sp\u00e9cialistes n\u2019attendent que vous<\/h2>\n\n\n\n<p class=\"has-text-align-center\">Communiquez avec nous. Faites-nous part de vos besoins et nous assignerons \u00e0 votre organisation une personne sp\u00e9cialis\u00e9e dans votre secteur d\u2019activit\u00e9.<\/p>\n\n\n\n<div class=\"wp-block-buttons is-layout-flex wp-block-buttons-is-layout-flex\">\n<div class=\"wp-block-button aligncenter is-style-outline is-style-outline--1\"><a class=\"wp-block-button__link has-white-color has-text-color\" href=\"https:\/\/welchllp.com\/fr\/adresses\/#GeneralEnquiries\">Faites-le aujourd\u2019hui<\/a><\/div>\n<\/div>\n<\/div><\/div>\n<\/div><\/div>\n","protected":false},"excerpt":{"rendered":"<p>Qu\u2019est-ce que les t\u00e9moins et comment nous les utilisons Un t\u00e9moin est un petit fichier texte cr\u00e9\u00e9 sur votre ordinateur [&hellip;]<\/p>\n","protected":false},"author":1,"featured_media":0,"parent":0,"menu_order":0,"comment_status":"closed","ping_status":"closed","template":"","meta":{"_relevanssi_hide_post":"","_relevanssi_hide_content":"","_relevanssi_pin_for_all":"","_relevanssi_pin_keywords":"","_relevanssi_unpin_keywords":"","_relevanssi_related_keywords":"","_relevanssi_related_include_ids":"","_relevanssi_related_exclude_ids":"","_relevanssi_related_no_append":"","_relevanssi_related_not_related":"","_relevanssi_related_posts":"10591,10543,10544,10545,10546,10547","_relevanssi_noindex_reason":"","footnotes":""},"class_list":["post-12006","page","type-page","status-publish","hentry"],"yoast_head":"<!-- This site is optimized with the Yoast SEO Premium plugin v24.3 (Yoast SEO v25.8) - https:\/\/yoast.com\/wordpress\/plugins\/seo\/ -->\n<title>Utilisations de t\u00e9moins - Welch LLP<\/title>\n<meta name=\"robots\" content=\"index, follow, max-snippet:-1, max-image-preview:large, max-video-preview:-1\" \/>\n<link rel=\"canonical\" href=\"https:\/\/welchllp.com\/fr\/utilisations-de-temoins\/\" \/>\n<meta property=\"og:locale\" content=\"fr_FR\" \/>\n<meta property=\"og:type\" content=\"article\" \/>\n<meta property=\"og:title\" content=\"Utilisations de t\u00e9moins\" \/>\n<meta property=\"og:description\" content=\"Qu\u2019est-ce que les t\u00e9moins et comment nous les utilisons Un t\u00e9moin est un petit fichier texte cr\u00e9\u00e9 sur votre ordinateur [&hellip;]\" \/>\n<meta property=\"og:url\" content=\"https:\/\/welchllp.com\/fr\/utilisations-de-temoins\/\" \/>\n<meta property=\"og:site_name\" content=\"Welch LLP\" \/>\n<meta property=\"article:publisher\" content=\"https:\/\/www.facebook.com\/WelchLLP\/\" \/>\n<meta property=\"article:modified_time\" content=\"2025-05-07T14:28:31+00:00\" \/>\n<meta name=\"twitter:card\" content=\"summary_large_image\" \/>\n<meta name=\"twitter:site\" content=\"@welchllp\" \/>\n<meta name=\"twitter:label1\" content=\"Dur\u00e9e de lecture estim\u00e9e\" \/>\n\t<meta name=\"twitter:data1\" content=\"3 minutes\" \/>\n<script type=\"application\/ld+json\" class=\"yoast-schema-graph\">{\"@context\":\"https:\/\/schema.org\",\"@graph\":[{\"@type\":\"WebPage\",\"@id\":\"https:\/\/welchllp.com\/fr\/utilisations-de-temoins\/\",\"url\":\"https:\/\/welchllp.com\/fr\/utilisations-de-temoins\/\",\"name\":\"Utilisations de t\u00e9moins - Welch LLP\",\"isPartOf\":{\"@id\":\"https:\/\/welchllp.com\/fr\/#website\"},\"datePublished\":\"2022-08-12T12:53:28+00:00\",\"dateModified\":\"2025-05-07T14:28:31+00:00\",\"breadcrumb\":{\"@id\":\"https:\/\/welchllp.com\/fr\/utilisations-de-temoins\/#breadcrumb\"},\"inLanguage\":\"fr-FR\",\"potentialAction\":[{\"@type\":\"ReadAction\",\"target\":[\"https:\/\/welchllp.com\/fr\/utilisations-de-temoins\/\"]}]},{\"@type\":\"BreadcrumbList\",\"@id\":\"https:\/\/welchllp.com\/fr\/utilisations-de-temoins\/#breadcrumb\",\"itemListElement\":[{\"@type\":\"ListItem\",\"position\":1,\"name\":\"Home\",\"item\":\"https:\/\/welchllp.com\/fr\/\"},{\"@type\":\"ListItem\",\"position\":2,\"name\":\"Utilisations de t\u00e9moins\"}]},{\"@type\":\"WebSite\",\"@id\":\"https:\/\/welchllp.com\/fr\/#website\",\"url\":\"https:\/\/welchllp.com\/fr\/\",\"name\":\"Welch LLP\",\"description\":\"Chartered Professional Accountants\",\"publisher\":{\"@id\":\"https:\/\/welchllp.com\/fr\/#organization\"},\"potentialAction\":[{\"@type\":\"SearchAction\",\"target\":{\"@type\":\"EntryPoint\",\"urlTemplate\":\"https:\/\/welchllp.com\/fr\/?s={search_term_string}\"},\"query-input\":{\"@type\":\"PropertyValueSpecification\",\"valueRequired\":true,\"valueName\":\"search_term_string\"}}],\"inLanguage\":\"fr-FR\"},{\"@type\":\"Organization\",\"@id\":\"https:\/\/welchllp.com\/fr\/#organization\",\"name\":\"Welch LLP\",\"url\":\"https:\/\/welchllp.com\/fr\/\",\"logo\":{\"@type\":\"ImageObject\",\"inLanguage\":\"fr-FR\",\"@id\":\"https:\/\/welchllp.com\/fr\/#\/schema\/logo\/image\/\",\"url\":\"https:\/\/welchllp.com\/wp-content\/uploads\/2016\/02\/WelchLLP_logo.png\",\"contentUrl\":\"https:\/\/welchllp.com\/wp-content\/uploads\/2016\/02\/WelchLLP_logo.png\",\"width\":707,\"height\":187,\"caption\":\"Welch LLP\"},\"image\":{\"@id\":\"https:\/\/welchllp.com\/fr\/#\/schema\/logo\/image\/\"},\"sameAs\":[\"https:\/\/www.facebook.com\/WelchLLP\/\",\"https:\/\/x.com\/welchllp\",\"https:\/\/www.linkedin.com\/company\/welchllp\",\"https:\/\/www.instagram.com\/welch_llp\/\"]}]}<\/script>\n<!-- \/ Yoast SEO Premium plugin. -->","yoast_head_json":{"title":"Utilisations de t\u00e9moins - Welch LLP","robots":{"index":"index","follow":"follow","max-snippet":"max-snippet:-1","max-image-preview":"max-image-preview:large","max-video-preview":"max-video-preview:-1"},"canonical":"https:\/\/welchllp.com\/fr\/utilisations-de-temoins\/","og_locale":"fr_FR","og_type":"article","og_title":"Utilisations de t\u00e9moins","og_description":"Qu\u2019est-ce que les t\u00e9moins et comment nous les utilisons Un t\u00e9moin est un petit fichier texte cr\u00e9\u00e9 sur votre ordinateur [&hellip;]","og_url":"https:\/\/welchllp.com\/fr\/utilisations-de-temoins\/","og_site_name":"Welch LLP","article_publisher":"https:\/\/www.facebook.com\/WelchLLP\/","article_modified_time":"2025-05-07T14:28:31+00:00","twitter_card":"summary_large_image","twitter_site":"@welchllp","twitter_misc":{"Dur\u00e9e de lecture estim\u00e9e":"3 minutes"},"schema":{"@context":"https:\/\/schema.org","@graph":[{"@type":"WebPage","@id":"https:\/\/welchllp.com\/fr\/utilisations-de-temoins\/","url":"https:\/\/welchllp.com\/fr\/utilisations-de-temoins\/","name":"Utilisations de t\u00e9moins - Welch LLP","isPartOf":{"@id":"https:\/\/welchllp.com\/fr\/#website"},"datePublished":"2022-08-12T12:53:28+00:00","dateModified":"2025-05-07T14:28:31+00:00","breadcrumb":{"@id":"https:\/\/welchllp.com\/fr\/utilisations-de-temoins\/#breadcrumb"},"inLanguage":"fr-FR","potentialAction":[{"@type":"ReadAction","target":["https:\/\/welchllp.com\/fr\/utilisations-de-temoins\/"]}]},{"@type":"BreadcrumbList","@id":"https:\/\/welchllp.com\/fr\/utilisations-de-temoins\/#breadcrumb","itemListElement":[{"@type":"ListItem","position":1,"name":"Home","item":"https:\/\/welchllp.com\/fr\/"},{"@type":"ListItem","position":2,"name":"Utilisations de t\u00e9moins"}]},{"@type":"WebSite","@id":"https:\/\/welchllp.com\/fr\/#website","url":"https:\/\/welchllp.com\/fr\/","name":"Welch LLP","description":"Chartered Professional Accountants","publisher":{"@id":"https:\/\/welchllp.com\/fr\/#organization"},"potentialAction":[{"@type":"SearchAction","target":{"@type":"EntryPoint","urlTemplate":"https:\/\/welchllp.com\/fr\/?s={search_term_string}"},"query-input":{"@type":"PropertyValueSpecification","valueRequired":true,"valueName":"search_term_string"}}],"inLanguage":"fr-FR"},{"@type":"Organization","@id":"https:\/\/welchllp.com\/fr\/#organization","name":"Welch LLP","url":"https:\/\/welchllp.com\/fr\/","logo":{"@type":"ImageObject","inLanguage":"fr-FR","@id":"https:\/\/welchllp.com\/fr\/#\/schema\/logo\/image\/","url":"https:\/\/welchllp.com\/wp-content\/uploads\/2016\/02\/WelchLLP_logo.png","contentUrl":"https:\/\/welchllp.com\/wp-content\/uploads\/2016\/02\/WelchLLP_logo.png","width":707,"height":187,"caption":"Welch LLP"},"image":{"@id":"https:\/\/welchllp.com\/fr\/#\/schema\/logo\/image\/"},"sameAs":["https:\/\/www.facebook.com\/WelchLLP\/","https:\/\/x.com\/welchllp","https:\/\/www.linkedin.com\/company\/welchllp","https:\/\/www.instagram.com\/welch_llp\/"]}]}},"_links":{"self":[{"href":"https:\/\/welchllp.com\/fr\/wp-json\/wp\/v2\/pages\/12006","targetHints":{"allow":["GET"]}}],"collection":[{"href":"https:\/\/welchllp.com\/fr\/wp-json\/wp\/v2\/pages"}],"about":[{"href":"https:\/\/welchllp.com\/fr\/wp-json\/wp\/v2\/types\/page"}],"author":[{"embeddable":true,"href":"https:\/\/welchllp.com\/fr\/wp-json\/wp\/v2\/users\/1"}],"replies":[{"embeddable":true,"href":"https:\/\/welchllp.com\/fr\/wp-json\/wp\/v2\/comments?post=12006"}],"version-history":[{"count":0,"href":"https:\/\/welchllp.com\/fr\/wp-json\/wp\/v2\/pages\/12006\/revisions"}],"wp:attachment":[{"href":"https:\/\/welchllp.com\/fr\/wp-json\/wp\/v2\/media?parent=12006"}],"curies":[{"name":"wp","href":"https:\/\/api.w.org\/{rel}","templated":true}]}}