{"id":13450,"date":"2023-03-29T10:43:32","date_gmt":"2023-03-29T14:43:32","guid":{"rendered":"https:\/\/welchllp.com\/?page_id=13450"},"modified":"2023-03-29T13:33:42","modified_gmt":"2023-03-29T17:33:42","slug":"calculatrice-rsde","status":"publish","type":"page","link":"https:\/\/welchllp.com\/fr\/services\/incitatifs-pour-les-entreprises\/calculatrice-rsde\/","title":{"rendered":"Calculatrice RS&amp;DE"},"content":{"rendered":"\n<div class=\"wp-block-cover alignfull is-light hero no-margin is-padded\"><span aria-hidden=\"true\" class=\"wp-block-cover__background has-white-background-color has-background-dim-100 has-background-dim\"><\/span><div class=\"wp-block-cover__inner-container is-layout-flow wp-block-cover-is-layout-flow\">\n\n<span class=\"breadcrumbs\">\n            <span class=\"eyebrow crumb\"><a href=\"https:\/\/welchllp.com\/fr\/services\/\">Services<\/a><\/span>\n            <span class=\"eyebrow crumb\"><a href=\"https:\/\/welchllp.com\/fr\/services\/incitatifs-pour-les-entreprises\/\">Incitatifs pour les entreprises<\/a><\/span>\n    <\/span>\n\n\n<h1 class=\"large two-third-container wp-block-post-title\">Calculatrice RS&amp;DE<\/h1>\n\n\n<p class=\"narrow-container left-aligned has-dark-grey-color has-text-color has-regular-font-size\">La calculatrice en RS&amp;DE de Welch LLP vous permet de vous concentrer sur ce qui compte le plus&nbsp; \u2013 faire progresser vos projets en recherche et d\u00e9veloppement et votre entreprise.<\/p>\n<\/div><\/div>\n\n\n\n<div class=\"wp-block-cover alignfull is-light tall\"><span aria-hidden=\"true\" class=\"wp-block-cover__background has-background-dim-0 has-background-dim\"><\/span><img loading=\"lazy\" decoding=\"async\" width=\"1920\" height=\"1281\" class=\"wp-block-cover__image-background wp-image-13448\" alt=\"\" src=\"https:\/\/welchllp.com\/wp-content\/uploads\/2023\/03\/sr-ed.jpeg\" data-object-fit=\"cover\" srcset=\"https:\/\/welchllp.com\/wp-content\/uploads\/2023\/03\/sr-ed.jpeg 1920w, https:\/\/welchllp.com\/wp-content\/uploads\/2023\/03\/sr-ed-300x200.jpeg 300w, https:\/\/welchllp.com\/wp-content\/uploads\/2023\/03\/sr-ed-1024x683.jpeg 1024w, https:\/\/welchllp.com\/wp-content\/uploads\/2023\/03\/sr-ed-768x512.jpeg 768w, https:\/\/welchllp.com\/wp-content\/uploads\/2023\/03\/sr-ed-1536x1025.jpeg 1536w\" sizes=\"auto, (max-width: 1920px) 100vw, 1920px\" \/><div class=\"wp-block-cover__inner-container is-layout-flow wp-block-cover-is-layout-flow\">\n<p class=\"has-text-align-center has-large-font-size\"><\/p>\n<\/div><\/div>\n\n\n\n<div class=\"wp-block-columns alignwide is-layout-flex wp-container-core-columns-is-layout-1 wp-block-columns-is-layout-flex\">\n<div class=\"wp-block-column is-layout-flow wp-block-column-is-layout-flow\" style=\"flex-basis:33.33%\">\n<h2 class=\"wp-block-heading\">Estimez vos cr\u00e9dits d\u2019imp\u00f4ts et votre remboursement<\/h2>\n<\/div>\n\n\n\n<div class=\"wp-block-column container is-layout-flow wp-block-column-is-layout-flow\" style=\"flex-basis:66.66%\">\n<div class=\"wp-block-group border-bottom\"><div class=\"wp-block-group__inner-container is-layout-constrained wp-block-group-is-layout-constrained\">\n<p>Welch LLP offre une calculatrice robuste en recherche scientifique et d\u00e9veloppement exp\u00e9rimental (RS&amp;DE) pour aider votre entreprise \u00e0 d\u00e9terminer rapidement son admissibilit\u00e9 \u00e9ventuelle \u00e0 des cr\u00e9dits d\u2019imp\u00f4ts en recherche et d\u00e9veloppement.<\/p>\n\n\n\n<p>Utilisez cette calculatrice en RS&amp;DE pour obtenir une estimation r\u00e9aliste des cr\u00e9dits d\u2019imp\u00f4ts \u00e9ventuels pour lesquels votre entreprise pourrait se qualifier.<\/p>\n<\/div><\/div>\n\n\n\n<div id=app><\/div>\n\n\n\n<p class=\"has-small-font-size\"><strong><\/strong><strong>Avertissement<\/strong><br \/>Veuillez noter que les r\u00e9sultats fournis par la calculatrice en RS&amp;DE ne sont que des estimations et ne doivent pas \u00eatre consid\u00e9r\u00e9s comme des conseils fiscaux. La calculatrice est con\u00e7ue pour fournir une id\u00e9e g\u00e9n\u00e9rale des \u00e9conomies d\u2019imp\u00f4t auxquelles l\u2019entreprise pourrait \u00eatre admissible en vertu du programme de la RS&amp;DE. Cependant, l\u2019admissibilit\u00e9 au programme est assujettie \u00e0 de nombreux facteurs, y compris la nature des activit\u00e9s de recherche, le degr\u00e9 des progr\u00e8s technologiques, ainsi que les d\u00e9penses connexes. Nous vous recommandons donc fortement de consulter un fiscaliste qualifi\u00e9 afin de d\u00e9terminer l\u2019admissibilit\u00e9 exacte et les \u00e9conomies d\u2019imp\u00f4t \u00e9ventuelles de votre entreprise en vertu du programme de la RS&amp;DE.<\/p>\n<\/div>\n<\/div>\n\n\n\n\n\n\n<div class=\"wp-block-cover alignfull final-cover no-margin\"><span aria-hidden=\"true\" class=\"wp-block-cover__background has-welch-green-background-color has-background-dim-100 has-background-dim\"><\/span><div class=\"wp-block-cover__inner-container is-layout-flow wp-block-cover-is-layout-flow\">\n<div class=\"wp-block-group narrower-container no-margin\"><div class=\"wp-block-group__inner-container is-layout-flow wp-block-group-is-layout-flow\">\n<h2 class=\"has-text-align-center wp-block-heading\">Nos sp\u00e9cialistes n\u2019attendent que vous<\/h2>\n\n\n\n<p class=\"has-text-align-center\">Communiquez avec nous. Faites-nous part de vos besoins et nous assignerons \u00e0 votre organisation une personne sp\u00e9cialis\u00e9e dans votre secteur d\u2019activit\u00e9.<\/p>\n\n\n\n<div class=\"wp-block-buttons is-layout-flex wp-block-buttons-is-layout-flex\">\n<div class=\"wp-block-button aligncenter is-style-outline is-style-outline--1\"><a class=\"wp-block-button__link has-white-color has-text-color\" href=\"https:\/\/welchllp.com\/fr\/adresses\/#GeneralEnquiries\">Faites-le aujourd\u2019hui<\/a><\/div>\n<\/div>\n<\/div><\/div>\n<\/div><\/div>\n","protected":false},"excerpt":{"rendered":"<p>Estimez vos cr\u00e9dits d\u2019imp\u00f4ts et votre remboursement Welch LLP offre une calculatrice robuste en recherche scientifique et d\u00e9veloppement exp\u00e9rimental (RS&amp;DE) [&hellip;]<\/p>\n","protected":false},"author":5,"featured_media":13449,"parent":10951,"menu_order":0,"comment_status":"closed","ping_status":"closed","template":"","meta":{"_relevanssi_hide_post":"","_relevanssi_hide_content":"","_relevanssi_pin_for_all":"","_relevanssi_pin_keywords":"","_relevanssi_unpin_keywords":"","_relevanssi_related_keywords":"","_relevanssi_related_include_ids":"","_relevanssi_related_exclude_ids":"","_relevanssi_related_no_append":"","_relevanssi_related_not_related":"","_relevanssi_related_posts":"10543,10544,10545,10546,10547,10548","_relevanssi_noindex_reason":"","footnotes":""},"class_list":["post-13450","page","type-page","status-publish","has-post-thumbnail","hentry"],"yoast_head":"<!-- This site is optimized with the Yoast SEO Premium plugin v24.3 (Yoast SEO v25.8) - https:\/\/yoast.com\/wordpress\/plugins\/seo\/ -->\n<title>Calculatrice RS&amp;DE - Welch LLP<\/title>\n<meta name=\"robots\" content=\"index, follow, max-snippet:-1, max-image-preview:large, max-video-preview:-1\" \/>\n<link rel=\"canonical\" href=\"https:\/\/welchllp.com\/fr\/services\/incitatifs-pour-les-entreprises\/calculatrice-rsde\/\" \/>\n<meta property=\"og:locale\" content=\"fr_FR\" \/>\n<meta property=\"og:type\" content=\"article\" \/>\n<meta property=\"og:title\" content=\"Calculatrice RS&amp;DE\" \/>\n<meta property=\"og:description\" content=\"Estimez vos cr\u00e9dits d\u2019imp\u00f4ts et votre remboursement Welch LLP offre une calculatrice robuste en recherche scientifique et d\u00e9veloppement exp\u00e9rimental (RS&amp;DE) [&hellip;]\" \/>\n<meta property=\"og:url\" content=\"https:\/\/welchllp.com\/fr\/services\/incitatifs-pour-les-entreprises\/calculatrice-rsde\/\" \/>\n<meta property=\"og:site_name\" content=\"Welch LLP\" \/>\n<meta property=\"article:publisher\" content=\"https:\/\/www.facebook.com\/WelchLLP\/\" \/>\n<meta property=\"article:modified_time\" content=\"2023-03-29T17:33:42+00:00\" \/>\n<meta property=\"og:image\" content=\"https:\/\/welchllp.com\/wp-content\/uploads\/2023\/03\/sr-ed.jpeg\" \/>\n\t<meta property=\"og:image:width\" content=\"1920\" \/>\n\t<meta property=\"og:image:height\" content=\"1281\" \/>\n\t<meta property=\"og:image:type\" content=\"image\/jpeg\" \/>\n<meta name=\"twitter:card\" content=\"summary_large_image\" \/>\n<meta name=\"twitter:site\" content=\"@welchllp\" \/>\n<meta name=\"twitter:label1\" content=\"Dur\u00e9e de lecture estim\u00e9e\" \/>\n\t<meta name=\"twitter:data1\" content=\"1 minute\" \/>\n<script type=\"application\/ld+json\" class=\"yoast-schema-graph\">{\"@context\":\"https:\/\/schema.org\",\"@graph\":[{\"@type\":\"WebPage\",\"@id\":\"https:\/\/welchllp.com\/fr\/services\/incitatifs-pour-les-entreprises\/calculatrice-rsde\/\",\"url\":\"https:\/\/welchllp.com\/fr\/services\/incitatifs-pour-les-entreprises\/calculatrice-rsde\/\",\"name\":\"Calculatrice RS&amp;DE - Welch LLP\",\"isPartOf\":{\"@id\":\"https:\/\/welchllp.com\/fr\/#website\"},\"primaryImageOfPage\":{\"@id\":\"https:\/\/welchllp.com\/fr\/services\/incitatifs-pour-les-entreprises\/calculatrice-rsde\/#primaryimage\"},\"image\":{\"@id\":\"https:\/\/welchllp.com\/fr\/services\/incitatifs-pour-les-entreprises\/calculatrice-rsde\/#primaryimage\"},\"thumbnailUrl\":\"https:\/\/welchllp.com\/wp-content\/uploads\/2023\/03\/sr-ed.jpeg\",\"datePublished\":\"2023-03-29T14:43:32+00:00\",\"dateModified\":\"2023-03-29T17:33:42+00:00\",\"breadcrumb\":{\"@id\":\"https:\/\/welchllp.com\/fr\/services\/incitatifs-pour-les-entreprises\/calculatrice-rsde\/#breadcrumb\"},\"inLanguage\":\"fr-FR\",\"potentialAction\":[{\"@type\":\"ReadAction\",\"target\":[\"https:\/\/welchllp.com\/fr\/services\/incitatifs-pour-les-entreprises\/calculatrice-rsde\/\"]}]},{\"@type\":\"ImageObject\",\"inLanguage\":\"fr-FR\",\"@id\":\"https:\/\/welchllp.com\/fr\/services\/incitatifs-pour-les-entreprises\/calculatrice-rsde\/#primaryimage\",\"url\":\"https:\/\/welchllp.com\/wp-content\/uploads\/2023\/03\/sr-ed.jpeg\",\"contentUrl\":\"https:\/\/welchllp.com\/wp-content\/uploads\/2023\/03\/sr-ed.jpeg\",\"width\":1920,\"height\":1281},{\"@type\":\"BreadcrumbList\",\"@id\":\"https:\/\/welchllp.com\/fr\/services\/incitatifs-pour-les-entreprises\/calculatrice-rsde\/#breadcrumb\",\"itemListElement\":[{\"@type\":\"ListItem\",\"position\":1,\"name\":\"Home\",\"item\":\"https:\/\/welchllp.com\/fr\/\"},{\"@type\":\"ListItem\",\"position\":2,\"name\":\"Services\",\"item\":\"https:\/\/welchllp.com\/fr\/services\/\"},{\"@type\":\"ListItem\",\"position\":3,\"name\":\"Incitatifs pour les entreprises\",\"item\":\"https:\/\/welchllp.com\/fr\/services\/incitatifs-pour-les-entreprises\/\"},{\"@type\":\"ListItem\",\"position\":4,\"name\":\"Calculatrice RS&amp;DE\"}]},{\"@type\":\"WebSite\",\"@id\":\"https:\/\/welchllp.com\/fr\/#website\",\"url\":\"https:\/\/welchllp.com\/fr\/\",\"name\":\"Welch LLP\",\"description\":\"Chartered Professional Accountants\",\"publisher\":{\"@id\":\"https:\/\/welchllp.com\/fr\/#organization\"},\"potentialAction\":[{\"@type\":\"SearchAction\",\"target\":{\"@type\":\"EntryPoint\",\"urlTemplate\":\"https:\/\/welchllp.com\/fr\/?s={search_term_string}\"},\"query-input\":{\"@type\":\"PropertyValueSpecification\",\"valueRequired\":true,\"valueName\":\"search_term_string\"}}],\"inLanguage\":\"fr-FR\"},{\"@type\":\"Organization\",\"@id\":\"https:\/\/welchllp.com\/fr\/#organization\",\"name\":\"Welch LLP\",\"url\":\"https:\/\/welchllp.com\/fr\/\",\"logo\":{\"@type\":\"ImageObject\",\"inLanguage\":\"fr-FR\",\"@id\":\"https:\/\/welchllp.com\/fr\/#\/schema\/logo\/image\/\",\"url\":\"https:\/\/welchllp.com\/wp-content\/uploads\/2016\/02\/WelchLLP_logo.png\",\"contentUrl\":\"https:\/\/welchllp.com\/wp-content\/uploads\/2016\/02\/WelchLLP_logo.png\",\"width\":707,\"height\":187,\"caption\":\"Welch LLP\"},\"image\":{\"@id\":\"https:\/\/welchllp.com\/fr\/#\/schema\/logo\/image\/\"},\"sameAs\":[\"https:\/\/www.facebook.com\/WelchLLP\/\",\"https:\/\/x.com\/welchllp\",\"https:\/\/www.linkedin.com\/company\/welchllp\",\"https:\/\/www.instagram.com\/welch_llp\/\"]}]}<\/script>\n<!-- \/ Yoast SEO Premium plugin. -->","yoast_head_json":{"title":"Calculatrice RS&amp;DE - Welch LLP","robots":{"index":"index","follow":"follow","max-snippet":"max-snippet:-1","max-image-preview":"max-image-preview:large","max-video-preview":"max-video-preview:-1"},"canonical":"https:\/\/welchllp.com\/fr\/services\/incitatifs-pour-les-entreprises\/calculatrice-rsde\/","og_locale":"fr_FR","og_type":"article","og_title":"Calculatrice RS&amp;DE","og_description":"Estimez vos cr\u00e9dits d\u2019imp\u00f4ts et votre remboursement Welch LLP offre une calculatrice robuste en recherche scientifique et d\u00e9veloppement exp\u00e9rimental (RS&amp;DE) [&hellip;]","og_url":"https:\/\/welchllp.com\/fr\/services\/incitatifs-pour-les-entreprises\/calculatrice-rsde\/","og_site_name":"Welch LLP","article_publisher":"https:\/\/www.facebook.com\/WelchLLP\/","article_modified_time":"2023-03-29T17:33:42+00:00","og_image":[{"width":1920,"height":1281,"url":"https:\/\/welchllp.com\/wp-content\/uploads\/2023\/03\/sr-ed.jpeg","type":"image\/jpeg"}],"twitter_card":"summary_large_image","twitter_site":"@welchllp","twitter_misc":{"Dur\u00e9e de lecture estim\u00e9e":"1 minute"},"schema":{"@context":"https:\/\/schema.org","@graph":[{"@type":"WebPage","@id":"https:\/\/welchllp.com\/fr\/services\/incitatifs-pour-les-entreprises\/calculatrice-rsde\/","url":"https:\/\/welchllp.com\/fr\/services\/incitatifs-pour-les-entreprises\/calculatrice-rsde\/","name":"Calculatrice RS&amp;DE - Welch LLP","isPartOf":{"@id":"https:\/\/welchllp.com\/fr\/#website"},"primaryImageOfPage":{"@id":"https:\/\/welchllp.com\/fr\/services\/incitatifs-pour-les-entreprises\/calculatrice-rsde\/#primaryimage"},"image":{"@id":"https:\/\/welchllp.com\/fr\/services\/incitatifs-pour-les-entreprises\/calculatrice-rsde\/#primaryimage"},"thumbnailUrl":"https:\/\/welchllp.com\/wp-content\/uploads\/2023\/03\/sr-ed.jpeg","datePublished":"2023-03-29T14:43:32+00:00","dateModified":"2023-03-29T17:33:42+00:00","breadcrumb":{"@id":"https:\/\/welchllp.com\/fr\/services\/incitatifs-pour-les-entreprises\/calculatrice-rsde\/#breadcrumb"},"inLanguage":"fr-FR","potentialAction":[{"@type":"ReadAction","target":["https:\/\/welchllp.com\/fr\/services\/incitatifs-pour-les-entreprises\/calculatrice-rsde\/"]}]},{"@type":"ImageObject","inLanguage":"fr-FR","@id":"https:\/\/welchllp.com\/fr\/services\/incitatifs-pour-les-entreprises\/calculatrice-rsde\/#primaryimage","url":"https:\/\/welchllp.com\/wp-content\/uploads\/2023\/03\/sr-ed.jpeg","contentUrl":"https:\/\/welchllp.com\/wp-content\/uploads\/2023\/03\/sr-ed.jpeg","width":1920,"height":1281},{"@type":"BreadcrumbList","@id":"https:\/\/welchllp.com\/fr\/services\/incitatifs-pour-les-entreprises\/calculatrice-rsde\/#breadcrumb","itemListElement":[{"@type":"ListItem","position":1,"name":"Home","item":"https:\/\/welchllp.com\/fr\/"},{"@type":"ListItem","position":2,"name":"Services","item":"https:\/\/welchllp.com\/fr\/services\/"},{"@type":"ListItem","position":3,"name":"Incitatifs pour les entreprises","item":"https:\/\/welchllp.com\/fr\/services\/incitatifs-pour-les-entreprises\/"},{"@type":"ListItem","position":4,"name":"Calculatrice RS&amp;DE"}]},{"@type":"WebSite","@id":"https:\/\/welchllp.com\/fr\/#website","url":"https:\/\/welchllp.com\/fr\/","name":"Welch LLP","description":"Chartered Professional Accountants","publisher":{"@id":"https:\/\/welchllp.com\/fr\/#organization"},"potentialAction":[{"@type":"SearchAction","target":{"@type":"EntryPoint","urlTemplate":"https:\/\/welchllp.com\/fr\/?s={search_term_string}"},"query-input":{"@type":"PropertyValueSpecification","valueRequired":true,"valueName":"search_term_string"}}],"inLanguage":"fr-FR"},{"@type":"Organization","@id":"https:\/\/welchllp.com\/fr\/#organization","name":"Welch LLP","url":"https:\/\/welchllp.com\/fr\/","logo":{"@type":"ImageObject","inLanguage":"fr-FR","@id":"https:\/\/welchllp.com\/fr\/#\/schema\/logo\/image\/","url":"https:\/\/welchllp.com\/wp-content\/uploads\/2016\/02\/WelchLLP_logo.png","contentUrl":"https:\/\/welchllp.com\/wp-content\/uploads\/2016\/02\/WelchLLP_logo.png","width":707,"height":187,"caption":"Welch LLP"},"image":{"@id":"https:\/\/welchllp.com\/fr\/#\/schema\/logo\/image\/"},"sameAs":["https:\/\/www.facebook.com\/WelchLLP\/","https:\/\/x.com\/welchllp","https:\/\/www.linkedin.com\/company\/welchllp","https:\/\/www.instagram.com\/welch_llp\/"]}]}},"_links":{"self":[{"href":"https:\/\/welchllp.com\/fr\/wp-json\/wp\/v2\/pages\/13450","targetHints":{"allow":["GET"]}}],"collection":[{"href":"https:\/\/welchllp.com\/fr\/wp-json\/wp\/v2\/pages"}],"about":[{"href":"https:\/\/welchllp.com\/fr\/wp-json\/wp\/v2\/types\/page"}],"author":[{"embeddable":true,"href":"https:\/\/welchllp.com\/fr\/wp-json\/wp\/v2\/users\/5"}],"replies":[{"embeddable":true,"href":"https:\/\/welchllp.com\/fr\/wp-json\/wp\/v2\/comments?post=13450"}],"version-history":[{"count":0,"href":"https:\/\/welchllp.com\/fr\/wp-json\/wp\/v2\/pages\/13450\/revisions"}],"up":[{"embeddable":true,"href":"https:\/\/welchllp.com\/fr\/wp-json\/wp\/v2\/pages\/10951"}],"wp:featuredmedia":[{"embeddable":true,"href":"https:\/\/welchllp.com\/fr\/wp-json\/wp\/v2\/media\/13449"}],"wp:attachment":[{"href":"https:\/\/welchllp.com\/fr\/wp-json\/wp\/v2\/media?parent=13450"}],"curies":[{"name":"wp","href":"https:\/\/api.w.org\/{rel}","templated":true}]}}