{"id":13696,"date":"2023-05-04T12:19:40","date_gmt":"2023-05-04T16:19:40","guid":{"rendered":"https:\/\/welchllp.com\/?page_id=13696"},"modified":"2024-02-21T10:08:43","modified_gmt":"2024-02-21T15:08:43","slug":"programme-canadien-dadoption-du-numerique-pcan","status":"publish","type":"page","link":"https:\/\/welchllp.com\/fr\/services\/incitatifs-pour-les-entreprises\/programme-canadien-dadoption-du-numerique-pcan\/","title":{"rendered":"Programme Canadien d&rsquo;adoption du Num\u00e9rique (PCAN)"},"content":{"rendered":"\n<div class=\"wp-block-cover alignfull is-light hero no-margin is-padded\"><span aria-hidden=\"true\" class=\"wp-block-cover__background has-white-background-color has-background-dim-100 has-background-dim\"><\/span><div class=\"wp-block-cover__inner-container is-layout-flow wp-block-cover-is-layout-flow\">\n<span class=\"breadcrumbs\">\n            <span class=\"eyebrow crumb\"><a href=\"https:\/\/welchllp.com\/fr\/services\/\">Services<\/a><\/span>\n            <span class=\"eyebrow crumb\"><a href=\"https:\/\/welchllp.com\/fr\/services\/incitatifs-pour-les-entreprises\/\">Incitatifs pour les entreprises<\/a><\/span>\n    <\/span>\n\n\n<h1 class=\"large two-third-container wp-block-post-title\">Programme Canadien d&rsquo;adoption du Num\u00e9rique (PCAN)<\/h1>\n\n\n<p>Le programme canadien d\u2019adoption du num\u00e9rique (PCAN) a \u00e9t\u00e9 cr\u00e9\u00e9 en mars 2022 dans le but d\u2019aider les entreprises canadiennes \u00e0 cro\u00eetre et \u00e0 demeurer comp\u00e9titives. Les petites et moyennes entreprises (PMEs) peuvent recevoir un financement total de 4 milliards de dollars afin de les aider \u00e0 couvrir les co\u00fbts de mise en \u0153uvre de plans de transformation num\u00e9rique.&nbsp;<\/p>\n<\/div><\/div>\n\n\n\n<div class=\"wp-block-cover alignfull tall no-margin small-mobile\"><span aria-hidden=\"true\" class=\"wp-block-cover__background has-dark-grey-background-color has-background-dim-0 has-background-dim\"><\/span><img loading=\"lazy\" decoding=\"async\" width=\"1920\" height=\"1080\" class=\"wp-block-cover__image-background wp-image-13536\" alt=\"\" src=\"https:\/\/welchllp.com\/wp-content\/uploads\/2023\/04\/CDAP.jpg\" data-object-fit=\"cover\" srcset=\"https:\/\/welchllp.com\/wp-content\/uploads\/2023\/04\/CDAP.jpg 1920w, https:\/\/welchllp.com\/wp-content\/uploads\/2023\/04\/CDAP-300x169.jpg 300w, https:\/\/welchllp.com\/wp-content\/uploads\/2023\/04\/CDAP-1024x576.jpg 1024w, https:\/\/welchllp.com\/wp-content\/uploads\/2023\/04\/CDAP-768x432.jpg 768w, https:\/\/welchllp.com\/wp-content\/uploads\/2023\/04\/CDAP-1536x864.jpg 1536w\" sizes=\"auto, (max-width: 1920px) 100vw, 1920px\" \/><div class=\"wp-block-cover__inner-container is-layout-flow wp-block-cover-is-layout-flow\">\n<div class=\"wp-block-group alignfull has-white-color has-text-color\"><div class=\"wp-block-group__inner-container is-layout-flow wp-block-group-is-layout-flow\"><\/div><\/div>\n<\/div><\/div>\n\n\n\n<div class=\"wp-block-group alignfull top-more-margin\"><div class=\"wp-block-group__inner-container is-layout-constrained wp-block-group-is-layout-constrained\">\n<h3 class=\"wp-block-heading\"><strong>Votre Transformation Num\u00e9rique<\/strong><\/h3>\n\n\n\n<p>Comptant plus de 100 ans de services sp\u00e9cialis\u00e9s dans son coffre \u00e0 outils, Welch LLP est la solution qui vous permettra de faire passer votre PME au niveau suivant. V\u00e9ritable partenaire, Welch adopte une approche collaborative et ax\u00e9e sur les relations \u00e0 l\u2019\u00e9gard du service \u00e0 la client\u00e8le.&nbsp;&nbsp;<\/p>\n\n\n\n<p>Lorsque vous travaillez avec nous, vous recevez l\u2019attention que vous m\u00e9ritez d\u2019experts qui reconnaissent les enjeux sp\u00e9cifiques \u00e0 votre industrie. Welch est votre partenaires dans la cr\u00e9ation de voies et de strat\u00e9gies num\u00e9riques qui vous aideront \u00e0 atteindre votre objectif op\u00e9rationnel.&nbsp;<\/p>\n\n\n\n<p><em>{mise \u00e0 jour}<\/em> <strong>Les demandes pour la subvention Am\u00e9liorez les technologies de votre entreprise ne sont plus accept\u00e9es.<\/strong><\/p>\n\n\n\n<p>En raison du grand int\u00e9r\u00eat qu\u2019il suscite, le volet de subvention&nbsp;<em>Am\u00e9liorez les technologies de votre entreprise<\/em>&nbsp;du Programme canadien d\u2019adoption du num\u00e9rique (PCAN)&nbsp;est compl\u00e8tement souscrite et&nbsp;n\u2019accepte plus de nouvelles demandes. Si vous avez une entente de subvention valide avec le PCAN, vous pouvez continuer \u00e0 travailler avec nous et soumettre votre demande de remboursement une fois que votre plan num\u00e9rique sera compl\u00e9t\u00e9. Assurez-vous de v\u00e9rifier la date d\u2019expiration de votre accord et de soumettre votre demande avant cette date afin de demeurer admissible \u00e0 la subvention.<\/p>\n\n\n\n<p>Le volet de subvention&nbsp;<em>D\u00e9veloppez vos activit\u00e9s commerciales en ligne<\/em>&nbsp;continue d\u2019accepter les demandes.<\/p>\n<\/div><\/div>\n\n\n\n<div class=\"wp-block-group alignfull has-off-white-background-color has-background\"><div class=\"wp-block-group__inner-container is-layout-constrained wp-block-group-is-layout-constrained\">\n<h3 class=\"wp-block-heading\">\u00cates-vous Admissible au Financement?<\/h3>\n\n\n\n<p>La subvention&nbsp;<em>Am\u00e9liorez les technologies de votre entreprise<\/em> offre du soutien aux petites et moyennes entreprises (PMEs) de propri\u00e9t\u00e9 canadienne qui veulent adopter de nouvelles technologies num\u00e9riques. Afin d\u2019y \u00eatre admissible, le gouvernement du Canada a \u00e9tabli les quatre crit\u00e8res suivants&nbsp;:&nbsp;&nbsp;<\/p>\n\n\n\n<ol class=\"wp-block-list\" start=\"1\">\n<li>\u00catre constitu\u00e9e en soci\u00e9t\u00e9 au niveau f\u00e9d\u00e9ral ou provincial, ou \u00eatre un propri\u00e9taire unique r\u00e9sidant au Canada<\/li>\n\n\n\n<li>\u00catre une entreprise priv\u00e9e \u00e0 but lucratif&nbsp;&nbsp;<\/li>\n\n\n\n<li>Avoir entre 1 et 499 employ\u00e9s \u00e9quivalents temps plein&nbsp;<\/li>\n\n\n\n<li>Avoir des revenus annuels d&rsquo;au moins 500&nbsp;000&nbsp;$ au cours de l&rsquo;une des trois ann\u00e9es financi\u00e8res pr\u00e9c\u00e9dentes&nbsp;<\/li>\n<\/ol>\n\n\n\n<p>Si vous n\u2019\u00eates pas certain d\u2019\u00eatre admissible \u00e0 la subvention <em>Am\u00e9liorez les technologies de votre entreprise<\/em>, remplissez l\u2019outil d\u2019\u00e9valuation du PCAN.&nbsp;<\/p>\n\n\n\n<div class=\"wp-block-buttons is-layout-flex wp-block-buttons-is-layout-flex\">\n<div class=\"wp-block-button is-style-outline is-style-outline--1\"><a class=\"wp-block-button__link has-welch-green-color has-text-color wp-element-button\" href=\"https:\/\/ised-isde.canada.ca\/site\/canada-digital-adoption-program\/en\/canada-digital-adoption-program-grant-assessment-tool\">V\u00e9rifiez Votre Admissibilit\u00e9<\/a><\/div>\n<\/div>\n<\/div><\/div>\n\n\n\n<div class=\"wp-block-group alignfull\"><div class=\"wp-block-group__inner-container is-layout-constrained wp-block-group-is-layout-constrained\">\n<div class=\"wp-block-media-text alignfull is-stacked-on-mobile is-image-fill\"><figure class=\"wp-block-media-text__media\" style=\"background-image:url(https:\/\/welchllp.com\/wp-content\/uploads\/2023\/04\/No-New-Tax-Filing-Deadline-web-header.jpg);background-position:50% 50%\"><img loading=\"lazy\" decoding=\"async\" width=\"1024\" height=\"600\" src=\"https:\/\/welchllp.com\/wp-content\/uploads\/2023\/04\/No-New-Tax-Filing-Deadline-web-header.jpg\" alt=\"\" class=\"wp-image-13531 size-full\" srcset=\"https:\/\/welchllp.com\/wp-content\/uploads\/2023\/04\/No-New-Tax-Filing-Deadline-web-header.jpg 1024w, https:\/\/welchllp.com\/wp-content\/uploads\/2023\/04\/No-New-Tax-Filing-Deadline-web-header-300x176.jpg 300w, https:\/\/welchllp.com\/wp-content\/uploads\/2023\/04\/No-New-Tax-Filing-Deadline-web-header-768x450.jpg 768w\" sizes=\"auto, (max-width: 1024px) 100vw, 1024px\" \/><\/figure><div class=\"wp-block-media-text__content\">\n<h3 class=\"wp-block-heading\"><strong>Au-del\u00e0 du plan<\/strong>&nbsp;<\/h3>\n\n\n\n<p>L\u2019\u00e9laboration de votre plan d\u2019adoption du num\u00e9rique n\u2019est que la premi\u00e8re \u00e9tape de la transformation de votre entreprise.&nbsp;&nbsp;<\/p>\n\n\n\n<p>Saviez-vous qu\u2019une fois compl\u00e9t\u00e9, vous pouvez \u00e9galement pr\u00e9senter des demandes pour d\u2019autres pr\u00eats et subventions, notamment&nbsp;:&nbsp;<\/p>\n\n\n\n<ul class=\"wp-block-list\">\n<li>Un&nbsp;<a href=\"https:\/\/ised-isde.canada.ca\/site\/programme-canadien-adoption-numerique\/fr\/propos-programme-canadien-dadoption-numerique\" target=\"_blank\" rel=\"noreferrer noopener\"><strong>pr\u00eat sans int\u00e9r\u00eat de la BDC<\/strong><\/a>&nbsp;&nbsp;<\/li>\n\n\n\n<li>Un&nbsp;<a href=\"https:\/\/ised-isde.canada.ca\/site\/programme-canadien-adoption-numerique\/fr\/propos-programme-canadien-dadoption-numerique\" target=\"_blank\" rel=\"noreferrer noopener\"><strong>stagiaire subventionn\u00e9<\/strong><\/a>&nbsp;<\/li>\n<\/ul>\n\n\n\n<p>Welch LLP vous offre une perspective globale de votre entreprise de A \u00e0 Z et au-del\u00e0. En plus des services d\u2019audit, des services fiscaux et des services d\u2019assurance, nous offrons de nombreux services conseils qui couvrent des domaines tels que le risque d\u2019entreprise, la cybers\u00e9curit\u00e9, l\u2019acquisition de capital et la cr\u00e9ation de patrimoine interg\u00e9n\u00e9rationnel.&nbsp;<\/p>\n<\/div><\/div>\n<\/div><\/div>\n\n\n\n<div class=\"wp-block-cover alignfull final-cover no-margin\"><span aria-hidden=\"true\" class=\"wp-block-cover__background has-welch-green-background-color has-background-dim-100 has-background-dim\"><\/span><div class=\"wp-block-cover__inner-container is-layout-flow wp-block-cover-is-layout-flow\">\n<div class=\"wp-block-group alignwide no-margin\"><div class=\"wp-block-group__inner-container is-layout-flow wp-block-group-is-layout-flow\">\n<h2 class=\"wp-block-heading alignfull has-text-align-center keep-centered\">Pr\u00eat \u00e0 commencer?<\/h2>\n\n\n\n<p class=\"has-text-align-left keep-centered\">Notre \u00e9quipe d\u00e9vou\u00e9e vous attend pour vous aider \u00e0 acc\u00e9der au financement du PCAN et en profiter au maximum. Communiquez avec nous d\u00e8s aujourd\u2019hui pour obtenir de plus amples renseignements sur le programme, votre admissibilit\u00e9 et vos possibilit\u00e9s de transformation.<\/p>\n<\/div><\/div>\n\n\n\n<div style=\"height:36px\" aria-hidden=\"true\" class=\"wp-block-spacer\"><\/div>\n\n\n\n<p><script charset=\"utf-8\" type=\"text\/javascript\" src=\"\/\/js.hsforms.net\/forms\/embed\/v2.js\"><\/script>\n<script>\n  hbspt.forms.create({\n    region: \"na1\",\n    portalId: \"24052071\",\n    formId: \"b0cf4c13-b263-41d9-962e-ba0165306d47\"\n  });\n<\/script><\/p>\n<\/div><\/div>\n","protected":false},"excerpt":{"rendered":"<p>Votre Transformation Num\u00e9rique Comptant plus de 100 ans de services sp\u00e9cialis\u00e9s dans son coffre \u00e0 outils, Welch LLP est la [&hellip;]<\/p>\n","protected":false},"author":7,"featured_media":0,"parent":10951,"menu_order":1,"comment_status":"closed","ping_status":"closed","template":"","meta":{"_relevanssi_hide_post":"","_relevanssi_hide_content":"","_relevanssi_pin_for_all":"","_relevanssi_pin_keywords":"","_relevanssi_unpin_keywords":"","_relevanssi_related_keywords":"","_relevanssi_related_include_ids":"","_relevanssi_related_exclude_ids":"","_relevanssi_related_no_append":"","_relevanssi_related_not_related":"","_relevanssi_related_posts":"10543,10544,10545,10546,10547,10548","_relevanssi_noindex_reason":"","footnotes":""},"class_list":["post-13696","page","type-page","status-publish","hentry"],"yoast_head":"<!-- This site is optimized with the Yoast SEO Premium plugin v24.3 (Yoast SEO v25.8) - https:\/\/yoast.com\/wordpress\/plugins\/seo\/ -->\n<title>Programme Canadien d&#039;adoption du Num\u00e9rique (PCAN) - Welch LLP<\/title>\n<meta name=\"robots\" content=\"index, follow, max-snippet:-1, max-image-preview:large, max-video-preview:-1\" \/>\n<link rel=\"canonical\" href=\"https:\/\/welchllp.com\/fr\/services\/incitatifs-pour-les-entreprises\/programme-canadien-dadoption-du-numerique-pcan\/\" \/>\n<meta property=\"og:locale\" content=\"fr_FR\" \/>\n<meta property=\"og:type\" content=\"article\" \/>\n<meta property=\"og:title\" content=\"Programme Canadien d&#039;adoption du Num\u00e9rique (PCAN)\" \/>\n<meta property=\"og:description\" content=\"Votre Transformation Num\u00e9rique Comptant plus de 100 ans de services sp\u00e9cialis\u00e9s dans son coffre \u00e0 outils, Welch LLP est la [&hellip;]\" \/>\n<meta property=\"og:url\" content=\"https:\/\/welchllp.com\/fr\/services\/incitatifs-pour-les-entreprises\/programme-canadien-dadoption-du-numerique-pcan\/\" \/>\n<meta property=\"og:site_name\" content=\"Welch LLP\" \/>\n<meta property=\"article:publisher\" content=\"https:\/\/www.facebook.com\/WelchLLP\/\" \/>\n<meta property=\"article:modified_time\" content=\"2024-02-21T15:08:43+00:00\" \/>\n<meta property=\"og:image\" content=\"https:\/\/welchllp.com\/wp-content\/uploads\/2023\/04\/CDAP.jpg\" \/>\n<meta name=\"twitter:card\" content=\"summary_large_image\" \/>\n<meta name=\"twitter:site\" content=\"@welchllp\" \/>\n<meta name=\"twitter:label1\" content=\"Dur\u00e9e de lecture estim\u00e9e\" \/>\n\t<meta name=\"twitter:data1\" content=\"3 minutes\" \/>\n<script type=\"application\/ld+json\" class=\"yoast-schema-graph\">{\"@context\":\"https:\/\/schema.org\",\"@graph\":[{\"@type\":\"WebPage\",\"@id\":\"https:\/\/welchllp.com\/fr\/services\/incitatifs-pour-les-entreprises\/programme-canadien-dadoption-du-numerique-pcan\/\",\"url\":\"https:\/\/welchllp.com\/fr\/services\/incitatifs-pour-les-entreprises\/programme-canadien-dadoption-du-numerique-pcan\/\",\"name\":\"Programme Canadien d'adoption du Num\u00e9rique (PCAN) - Welch LLP\",\"isPartOf\":{\"@id\":\"https:\/\/welchllp.com\/fr\/#website\"},\"primaryImageOfPage\":{\"@id\":\"https:\/\/welchllp.com\/fr\/services\/incitatifs-pour-les-entreprises\/programme-canadien-dadoption-du-numerique-pcan\/#primaryimage\"},\"image\":{\"@id\":\"https:\/\/welchllp.com\/fr\/services\/incitatifs-pour-les-entreprises\/programme-canadien-dadoption-du-numerique-pcan\/#primaryimage\"},\"thumbnailUrl\":\"https:\/\/welchllp.com\/wp-content\/uploads\/2023\/04\/CDAP.jpg\",\"datePublished\":\"2023-05-04T16:19:40+00:00\",\"dateModified\":\"2024-02-21T15:08:43+00:00\",\"breadcrumb\":{\"@id\":\"https:\/\/welchllp.com\/fr\/services\/incitatifs-pour-les-entreprises\/programme-canadien-dadoption-du-numerique-pcan\/#breadcrumb\"},\"inLanguage\":\"fr-FR\",\"potentialAction\":[{\"@type\":\"ReadAction\",\"target\":[\"https:\/\/welchllp.com\/fr\/services\/incitatifs-pour-les-entreprises\/programme-canadien-dadoption-du-numerique-pcan\/\"]}]},{\"@type\":\"ImageObject\",\"inLanguage\":\"fr-FR\",\"@id\":\"https:\/\/welchllp.com\/fr\/services\/incitatifs-pour-les-entreprises\/programme-canadien-dadoption-du-numerique-pcan\/#primaryimage\",\"url\":\"https:\/\/welchllp.com\/wp-content\/uploads\/2023\/04\/CDAP.jpg\",\"contentUrl\":\"https:\/\/welchllp.com\/wp-content\/uploads\/2023\/04\/CDAP.jpg\"},{\"@type\":\"BreadcrumbList\",\"@id\":\"https:\/\/welchllp.com\/fr\/services\/incitatifs-pour-les-entreprises\/programme-canadien-dadoption-du-numerique-pcan\/#breadcrumb\",\"itemListElement\":[{\"@type\":\"ListItem\",\"position\":1,\"name\":\"Home\",\"item\":\"https:\/\/welchllp.com\/fr\/\"},{\"@type\":\"ListItem\",\"position\":2,\"name\":\"Services\",\"item\":\"https:\/\/welchllp.com\/fr\/services\/\"},{\"@type\":\"ListItem\",\"position\":3,\"name\":\"Incitatifs pour les entreprises\",\"item\":\"https:\/\/welchllp.com\/fr\/services\/incitatifs-pour-les-entreprises\/\"},{\"@type\":\"ListItem\",\"position\":4,\"name\":\"Programme Canadien d&#8217;adoption du Num\u00e9rique (PCAN)\"}]},{\"@type\":\"WebSite\",\"@id\":\"https:\/\/welchllp.com\/fr\/#website\",\"url\":\"https:\/\/welchllp.com\/fr\/\",\"name\":\"Welch LLP\",\"description\":\"Chartered Professional Accountants\",\"publisher\":{\"@id\":\"https:\/\/welchllp.com\/fr\/#organization\"},\"potentialAction\":[{\"@type\":\"SearchAction\",\"target\":{\"@type\":\"EntryPoint\",\"urlTemplate\":\"https:\/\/welchllp.com\/fr\/?s={search_term_string}\"},\"query-input\":{\"@type\":\"PropertyValueSpecification\",\"valueRequired\":true,\"valueName\":\"search_term_string\"}}],\"inLanguage\":\"fr-FR\"},{\"@type\":\"Organization\",\"@id\":\"https:\/\/welchllp.com\/fr\/#organization\",\"name\":\"Welch LLP\",\"url\":\"https:\/\/welchllp.com\/fr\/\",\"logo\":{\"@type\":\"ImageObject\",\"inLanguage\":\"fr-FR\",\"@id\":\"https:\/\/welchllp.com\/fr\/#\/schema\/logo\/image\/\",\"url\":\"https:\/\/welchllp.com\/wp-content\/uploads\/2016\/02\/WelchLLP_logo.png\",\"contentUrl\":\"https:\/\/welchllp.com\/wp-content\/uploads\/2016\/02\/WelchLLP_logo.png\",\"width\":707,\"height\":187,\"caption\":\"Welch LLP\"},\"image\":{\"@id\":\"https:\/\/welchllp.com\/fr\/#\/schema\/logo\/image\/\"},\"sameAs\":[\"https:\/\/www.facebook.com\/WelchLLP\/\",\"https:\/\/x.com\/welchllp\",\"https:\/\/www.linkedin.com\/company\/welchllp\",\"https:\/\/www.instagram.com\/welch_llp\/\"]}]}<\/script>\n<!-- \/ Yoast SEO Premium plugin. -->","yoast_head_json":{"title":"Programme Canadien d'adoption du Num\u00e9rique (PCAN) - Welch LLP","robots":{"index":"index","follow":"follow","max-snippet":"max-snippet:-1","max-image-preview":"max-image-preview:large","max-video-preview":"max-video-preview:-1"},"canonical":"https:\/\/welchllp.com\/fr\/services\/incitatifs-pour-les-entreprises\/programme-canadien-dadoption-du-numerique-pcan\/","og_locale":"fr_FR","og_type":"article","og_title":"Programme Canadien d'adoption du Num\u00e9rique (PCAN)","og_description":"Votre Transformation Num\u00e9rique Comptant plus de 100 ans de services sp\u00e9cialis\u00e9s dans son coffre \u00e0 outils, Welch LLP est la [&hellip;]","og_url":"https:\/\/welchllp.com\/fr\/services\/incitatifs-pour-les-entreprises\/programme-canadien-dadoption-du-numerique-pcan\/","og_site_name":"Welch LLP","article_publisher":"https:\/\/www.facebook.com\/WelchLLP\/","article_modified_time":"2024-02-21T15:08:43+00:00","og_image":[{"url":"https:\/\/welchllp.com\/wp-content\/uploads\/2023\/04\/CDAP.jpg","type":"","width":"","height":""}],"twitter_card":"summary_large_image","twitter_site":"@welchllp","twitter_misc":{"Dur\u00e9e de lecture estim\u00e9e":"3 minutes"},"schema":{"@context":"https:\/\/schema.org","@graph":[{"@type":"WebPage","@id":"https:\/\/welchllp.com\/fr\/services\/incitatifs-pour-les-entreprises\/programme-canadien-dadoption-du-numerique-pcan\/","url":"https:\/\/welchllp.com\/fr\/services\/incitatifs-pour-les-entreprises\/programme-canadien-dadoption-du-numerique-pcan\/","name":"Programme Canadien d'adoption du Num\u00e9rique (PCAN) - Welch LLP","isPartOf":{"@id":"https:\/\/welchllp.com\/fr\/#website"},"primaryImageOfPage":{"@id":"https:\/\/welchllp.com\/fr\/services\/incitatifs-pour-les-entreprises\/programme-canadien-dadoption-du-numerique-pcan\/#primaryimage"},"image":{"@id":"https:\/\/welchllp.com\/fr\/services\/incitatifs-pour-les-entreprises\/programme-canadien-dadoption-du-numerique-pcan\/#primaryimage"},"thumbnailUrl":"https:\/\/welchllp.com\/wp-content\/uploads\/2023\/04\/CDAP.jpg","datePublished":"2023-05-04T16:19:40+00:00","dateModified":"2024-02-21T15:08:43+00:00","breadcrumb":{"@id":"https:\/\/welchllp.com\/fr\/services\/incitatifs-pour-les-entreprises\/programme-canadien-dadoption-du-numerique-pcan\/#breadcrumb"},"inLanguage":"fr-FR","potentialAction":[{"@type":"ReadAction","target":["https:\/\/welchllp.com\/fr\/services\/incitatifs-pour-les-entreprises\/programme-canadien-dadoption-du-numerique-pcan\/"]}]},{"@type":"ImageObject","inLanguage":"fr-FR","@id":"https:\/\/welchllp.com\/fr\/services\/incitatifs-pour-les-entreprises\/programme-canadien-dadoption-du-numerique-pcan\/#primaryimage","url":"https:\/\/welchllp.com\/wp-content\/uploads\/2023\/04\/CDAP.jpg","contentUrl":"https:\/\/welchllp.com\/wp-content\/uploads\/2023\/04\/CDAP.jpg"},{"@type":"BreadcrumbList","@id":"https:\/\/welchllp.com\/fr\/services\/incitatifs-pour-les-entreprises\/programme-canadien-dadoption-du-numerique-pcan\/#breadcrumb","itemListElement":[{"@type":"ListItem","position":1,"name":"Home","item":"https:\/\/welchllp.com\/fr\/"},{"@type":"ListItem","position":2,"name":"Services","item":"https:\/\/welchllp.com\/fr\/services\/"},{"@type":"ListItem","position":3,"name":"Incitatifs pour les entreprises","item":"https:\/\/welchllp.com\/fr\/services\/incitatifs-pour-les-entreprises\/"},{"@type":"ListItem","position":4,"name":"Programme Canadien d&#8217;adoption du Num\u00e9rique (PCAN)"}]},{"@type":"WebSite","@id":"https:\/\/welchllp.com\/fr\/#website","url":"https:\/\/welchllp.com\/fr\/","name":"Welch LLP","description":"Chartered Professional Accountants","publisher":{"@id":"https:\/\/welchllp.com\/fr\/#organization"},"potentialAction":[{"@type":"SearchAction","target":{"@type":"EntryPoint","urlTemplate":"https:\/\/welchllp.com\/fr\/?s={search_term_string}"},"query-input":{"@type":"PropertyValueSpecification","valueRequired":true,"valueName":"search_term_string"}}],"inLanguage":"fr-FR"},{"@type":"Organization","@id":"https:\/\/welchllp.com\/fr\/#organization","name":"Welch LLP","url":"https:\/\/welchllp.com\/fr\/","logo":{"@type":"ImageObject","inLanguage":"fr-FR","@id":"https:\/\/welchllp.com\/fr\/#\/schema\/logo\/image\/","url":"https:\/\/welchllp.com\/wp-content\/uploads\/2016\/02\/WelchLLP_logo.png","contentUrl":"https:\/\/welchllp.com\/wp-content\/uploads\/2016\/02\/WelchLLP_logo.png","width":707,"height":187,"caption":"Welch LLP"},"image":{"@id":"https:\/\/welchllp.com\/fr\/#\/schema\/logo\/image\/"},"sameAs":["https:\/\/www.facebook.com\/WelchLLP\/","https:\/\/x.com\/welchllp","https:\/\/www.linkedin.com\/company\/welchllp","https:\/\/www.instagram.com\/welch_llp\/"]}]}},"_links":{"self":[{"href":"https:\/\/welchllp.com\/fr\/wp-json\/wp\/v2\/pages\/13696","targetHints":{"allow":["GET"]}}],"collection":[{"href":"https:\/\/welchllp.com\/fr\/wp-json\/wp\/v2\/pages"}],"about":[{"href":"https:\/\/welchllp.com\/fr\/wp-json\/wp\/v2\/types\/page"}],"author":[{"embeddable":true,"href":"https:\/\/welchllp.com\/fr\/wp-json\/wp\/v2\/users\/7"}],"replies":[{"embeddable":true,"href":"https:\/\/welchllp.com\/fr\/wp-json\/wp\/v2\/comments?post=13696"}],"version-history":[{"count":0,"href":"https:\/\/welchllp.com\/fr\/wp-json\/wp\/v2\/pages\/13696\/revisions"}],"up":[{"embeddable":true,"href":"https:\/\/welchllp.com\/fr\/wp-json\/wp\/v2\/pages\/10951"}],"wp:attachment":[{"href":"https:\/\/welchllp.com\/fr\/wp-json\/wp\/v2\/media?parent=13696"}],"curies":[{"name":"wp","href":"https:\/\/api.w.org\/{rel}","templated":true}]}}