{"id":13884,"date":"2023-07-14T16:08:41","date_gmt":"2023-07-14T20:08:41","guid":{"rendered":"https:\/\/welchllp.com\/?page_id=13884"},"modified":"2025-08-14T09:40:10","modified_gmt":"2025-08-14T13:40:10","slug":"reconnaissance-des-territoires-de-welch-llp","status":"publish","type":"page","link":"https:\/\/welchllp.com\/fr\/reconnaissance-des-territoires-de-welch-llp\/","title":{"rendered":"Reconnaissance des territoires de Welch LLP"},"content":{"rendered":"\n<div class=\"wp-block-cover alignfull is-light hero no-margin is-padded\"><span aria-hidden=\"true\" class=\"wp-block-cover__background has-white-background-color has-background-dim-100 has-background-dim\"><\/span><div class=\"wp-block-cover__inner-container is-layout-flow wp-block-cover-is-layout-flow\"><h1 class=\"large two-third-container wp-block-post-title\">Reconnaissance des territoires de Welch LLP<\/h1>\n\n\n<p class=\"narrow-container left-aligned has-dark-grey-color has-text-color has-regular-font-size\">Welch LLP reconnait que ses activit\u00e9s, et celles de ses partenaires communautaires, ont lieu sur les territoires traditionnels, ou occup\u00e9s par trait\u00e9, des peuples autochtones qui les habitent depuis des temps imm\u00e9moriaux; des territoires aujourd&rsquo;hui appel\u00e9s l&rsquo;Ontario et le Qu\u00e9bec.<\/p>\n<\/div><\/div>\n\n\n\n<hr class=\"wp-block-separator alignfull has-alpha-channel-opacity\"\/>\n\n\n\n<div style=\"height:42px\" aria-hidden=\"true\" class=\"wp-block-spacer\"><\/div>\n\n\n\n<div class=\"wp-block-group alignwide\"><div class=\"wp-block-group__inner-container is-layout-constrained wp-block-group-is-layout-constrained\">\n<p>Welch fait partie du secteur des entreprises et, \u00e0 ce titre, reconnait l&rsquo;appel \u00e0 <a href=\"https:\/\/www.rcaanc-cirnac.gc.ca\/fra\/1524506030545\/1557513309443\" target=\"_blank\" rel=\"noreferrer noopener\">l&rsquo;action n\u00b0 92<\/a> de la Commission de v\u00e9rit\u00e9 et r\u00e9conciliation. Le cabinet adopte la D\u00e9claration des Nations Unies sur les droits des peuples autochtones en tant que cadre de r\u00e9conciliation qui guide ses politiques et activit\u00e9s organisationnelles touchant les peuples autochtones, leurs terres et leurs ressources, et ce, \u00e0 l&rsquo;\u00e9chelle provinciale.<\/p>\n\n\n\n<p>Le si\u00e8ge social de Welch LLP est situ\u00e9 \u00e0 Ottawa, en Ontario. En tout, le cabinet compte 12 bureaux r\u00e9partis en Ontario et au Qu\u00e9bec, soit \u00e0 Belleville, Campbellford, Cornwall, Gatineau, Nappanee, Ottawa, Pembroke, Picton, Renfrew, Toronto, Trenton et Tweed. Le cabinet est reconnaissant envers les membres des Premi\u00e8res Nations, des M\u00e9tis et des Inuits qui vivent \u00e0 ses c\u00f4t\u00e9s dans ces centres urbains et travaillent \u00e0 rendre les collectivit\u00e9s plus fortes.<\/p>\n<\/div><\/div>\n\n\n\n\n","protected":false},"excerpt":{"rendered":"<p>Welch fait partie du secteur des entreprises et, \u00e0 ce titre, reconnait l&rsquo;appel \u00e0 l&rsquo;action n\u00b0 92 de la Commission [&hellip;]<\/p>\n","protected":false},"author":7,"featured_media":0,"parent":0,"menu_order":4,"comment_status":"closed","ping_status":"closed","template":"","meta":{"_relevanssi_hide_post":"","_relevanssi_hide_content":"","_relevanssi_pin_for_all":"","_relevanssi_pin_keywords":"","_relevanssi_unpin_keywords":"","_relevanssi_related_keywords":"","_relevanssi_related_include_ids":"","_relevanssi_related_exclude_ids":"","_relevanssi_related_no_append":"","_relevanssi_related_not_related":"","_relevanssi_related_posts":"10543,10544,10545,10546,10547,10548","_relevanssi_noindex_reason":"","footnotes":""},"class_list":["post-13884","page","type-page","status-publish","hentry"],"yoast_head":"<!-- This site is optimized with the Yoast SEO Premium plugin v24.3 (Yoast SEO v25.8) - https:\/\/yoast.com\/wordpress\/plugins\/seo\/ -->\n<title>Reconnaissance des territoires de Welch LLP - Welch LLP<\/title>\n<meta name=\"robots\" content=\"index, follow, max-snippet:-1, max-image-preview:large, max-video-preview:-1\" \/>\n<link rel=\"canonical\" href=\"https:\/\/welchllp.com\/fr\/reconnaissance-des-territoires-de-welch-llp\/\" \/>\n<meta property=\"og:locale\" content=\"fr_FR\" \/>\n<meta property=\"og:type\" content=\"article\" \/>\n<meta property=\"og:title\" content=\"Reconnaissance des territoires de Welch LLP\" \/>\n<meta property=\"og:description\" content=\"Welch fait partie du secteur des entreprises et, \u00e0 ce titre, reconnait l&rsquo;appel \u00e0 l&rsquo;action n\u00b0 92 de la Commission [&hellip;]\" \/>\n<meta property=\"og:url\" content=\"https:\/\/welchllp.com\/fr\/reconnaissance-des-territoires-de-welch-llp\/\" \/>\n<meta property=\"og:site_name\" content=\"Welch LLP\" \/>\n<meta property=\"article:publisher\" content=\"https:\/\/www.facebook.com\/WelchLLP\/\" \/>\n<meta property=\"article:modified_time\" content=\"2025-08-14T13:40:10+00:00\" \/>\n<meta name=\"twitter:card\" content=\"summary_large_image\" \/>\n<meta name=\"twitter:site\" content=\"@welchllp\" \/>\n<meta name=\"twitter:label1\" content=\"Dur\u00e9e de lecture estim\u00e9e\" \/>\n\t<meta name=\"twitter:data1\" content=\"1 minute\" \/>\n<script type=\"application\/ld+json\" class=\"yoast-schema-graph\">{\"@context\":\"https:\/\/schema.org\",\"@graph\":[{\"@type\":\"WebPage\",\"@id\":\"https:\/\/welchllp.com\/fr\/reconnaissance-des-territoires-de-welch-llp\/\",\"url\":\"https:\/\/welchllp.com\/fr\/reconnaissance-des-territoires-de-welch-llp\/\",\"name\":\"Reconnaissance des territoires de Welch LLP - Welch LLP\",\"isPartOf\":{\"@id\":\"https:\/\/welchllp.com\/fr\/#website\"},\"datePublished\":\"2023-07-14T20:08:41+00:00\",\"dateModified\":\"2025-08-14T13:40:10+00:00\",\"breadcrumb\":{\"@id\":\"https:\/\/welchllp.com\/fr\/reconnaissance-des-territoires-de-welch-llp\/#breadcrumb\"},\"inLanguage\":\"fr-FR\",\"potentialAction\":[{\"@type\":\"ReadAction\",\"target\":[\"https:\/\/welchllp.com\/fr\/reconnaissance-des-territoires-de-welch-llp\/\"]}]},{\"@type\":\"BreadcrumbList\",\"@id\":\"https:\/\/welchllp.com\/fr\/reconnaissance-des-territoires-de-welch-llp\/#breadcrumb\",\"itemListElement\":[{\"@type\":\"ListItem\",\"position\":1,\"name\":\"Home\",\"item\":\"https:\/\/welchllp.com\/fr\/\"},{\"@type\":\"ListItem\",\"position\":2,\"name\":\"Reconnaissance des territoires de Welch LLP\"}]},{\"@type\":\"WebSite\",\"@id\":\"https:\/\/welchllp.com\/fr\/#website\",\"url\":\"https:\/\/welchllp.com\/fr\/\",\"name\":\"Welch LLP\",\"description\":\"Chartered Professional Accountants\",\"publisher\":{\"@id\":\"https:\/\/welchllp.com\/fr\/#organization\"},\"potentialAction\":[{\"@type\":\"SearchAction\",\"target\":{\"@type\":\"EntryPoint\",\"urlTemplate\":\"https:\/\/welchllp.com\/fr\/?s={search_term_string}\"},\"query-input\":{\"@type\":\"PropertyValueSpecification\",\"valueRequired\":true,\"valueName\":\"search_term_string\"}}],\"inLanguage\":\"fr-FR\"},{\"@type\":\"Organization\",\"@id\":\"https:\/\/welchllp.com\/fr\/#organization\",\"name\":\"Welch LLP\",\"url\":\"https:\/\/welchllp.com\/fr\/\",\"logo\":{\"@type\":\"ImageObject\",\"inLanguage\":\"fr-FR\",\"@id\":\"https:\/\/welchllp.com\/fr\/#\/schema\/logo\/image\/\",\"url\":\"https:\/\/welchllp.com\/wp-content\/uploads\/2016\/02\/WelchLLP_logo.png\",\"contentUrl\":\"https:\/\/welchllp.com\/wp-content\/uploads\/2016\/02\/WelchLLP_logo.png\",\"width\":707,\"height\":187,\"caption\":\"Welch LLP\"},\"image\":{\"@id\":\"https:\/\/welchllp.com\/fr\/#\/schema\/logo\/image\/\"},\"sameAs\":[\"https:\/\/www.facebook.com\/WelchLLP\/\",\"https:\/\/x.com\/welchllp\",\"https:\/\/www.linkedin.com\/company\/welchllp\",\"https:\/\/www.instagram.com\/welch_llp\/\"]}]}<\/script>\n<!-- \/ Yoast SEO Premium plugin. -->","yoast_head_json":{"title":"Reconnaissance des territoires de Welch LLP - Welch LLP","robots":{"index":"index","follow":"follow","max-snippet":"max-snippet:-1","max-image-preview":"max-image-preview:large","max-video-preview":"max-video-preview:-1"},"canonical":"https:\/\/welchllp.com\/fr\/reconnaissance-des-territoires-de-welch-llp\/","og_locale":"fr_FR","og_type":"article","og_title":"Reconnaissance des territoires de Welch LLP","og_description":"Welch fait partie du secteur des entreprises et, \u00e0 ce titre, reconnait l&rsquo;appel \u00e0 l&rsquo;action n\u00b0 92 de la Commission [&hellip;]","og_url":"https:\/\/welchllp.com\/fr\/reconnaissance-des-territoires-de-welch-llp\/","og_site_name":"Welch LLP","article_publisher":"https:\/\/www.facebook.com\/WelchLLP\/","article_modified_time":"2025-08-14T13:40:10+00:00","twitter_card":"summary_large_image","twitter_site":"@welchllp","twitter_misc":{"Dur\u00e9e de lecture estim\u00e9e":"1 minute"},"schema":{"@context":"https:\/\/schema.org","@graph":[{"@type":"WebPage","@id":"https:\/\/welchllp.com\/fr\/reconnaissance-des-territoires-de-welch-llp\/","url":"https:\/\/welchllp.com\/fr\/reconnaissance-des-territoires-de-welch-llp\/","name":"Reconnaissance des territoires de Welch LLP - Welch LLP","isPartOf":{"@id":"https:\/\/welchllp.com\/fr\/#website"},"datePublished":"2023-07-14T20:08:41+00:00","dateModified":"2025-08-14T13:40:10+00:00","breadcrumb":{"@id":"https:\/\/welchllp.com\/fr\/reconnaissance-des-territoires-de-welch-llp\/#breadcrumb"},"inLanguage":"fr-FR","potentialAction":[{"@type":"ReadAction","target":["https:\/\/welchllp.com\/fr\/reconnaissance-des-territoires-de-welch-llp\/"]}]},{"@type":"BreadcrumbList","@id":"https:\/\/welchllp.com\/fr\/reconnaissance-des-territoires-de-welch-llp\/#breadcrumb","itemListElement":[{"@type":"ListItem","position":1,"name":"Home","item":"https:\/\/welchllp.com\/fr\/"},{"@type":"ListItem","position":2,"name":"Reconnaissance des territoires de Welch LLP"}]},{"@type":"WebSite","@id":"https:\/\/welchllp.com\/fr\/#website","url":"https:\/\/welchllp.com\/fr\/","name":"Welch LLP","description":"Chartered Professional Accountants","publisher":{"@id":"https:\/\/welchllp.com\/fr\/#organization"},"potentialAction":[{"@type":"SearchAction","target":{"@type":"EntryPoint","urlTemplate":"https:\/\/welchllp.com\/fr\/?s={search_term_string}"},"query-input":{"@type":"PropertyValueSpecification","valueRequired":true,"valueName":"search_term_string"}}],"inLanguage":"fr-FR"},{"@type":"Organization","@id":"https:\/\/welchllp.com\/fr\/#organization","name":"Welch LLP","url":"https:\/\/welchllp.com\/fr\/","logo":{"@type":"ImageObject","inLanguage":"fr-FR","@id":"https:\/\/welchllp.com\/fr\/#\/schema\/logo\/image\/","url":"https:\/\/welchllp.com\/wp-content\/uploads\/2016\/02\/WelchLLP_logo.png","contentUrl":"https:\/\/welchllp.com\/wp-content\/uploads\/2016\/02\/WelchLLP_logo.png","width":707,"height":187,"caption":"Welch LLP"},"image":{"@id":"https:\/\/welchllp.com\/fr\/#\/schema\/logo\/image\/"},"sameAs":["https:\/\/www.facebook.com\/WelchLLP\/","https:\/\/x.com\/welchllp","https:\/\/www.linkedin.com\/company\/welchllp","https:\/\/www.instagram.com\/welch_llp\/"]}]}},"_links":{"self":[{"href":"https:\/\/welchllp.com\/fr\/wp-json\/wp\/v2\/pages\/13884","targetHints":{"allow":["GET"]}}],"collection":[{"href":"https:\/\/welchllp.com\/fr\/wp-json\/wp\/v2\/pages"}],"about":[{"href":"https:\/\/welchllp.com\/fr\/wp-json\/wp\/v2\/types\/page"}],"author":[{"embeddable":true,"href":"https:\/\/welchllp.com\/fr\/wp-json\/wp\/v2\/users\/7"}],"replies":[{"embeddable":true,"href":"https:\/\/welchllp.com\/fr\/wp-json\/wp\/v2\/comments?post=13884"}],"version-history":[{"count":0,"href":"https:\/\/welchllp.com\/fr\/wp-json\/wp\/v2\/pages\/13884\/revisions"}],"wp:attachment":[{"href":"https:\/\/welchllp.com\/fr\/wp-json\/wp\/v2\/media?parent=13884"}],"curies":[{"name":"wp","href":"https:\/\/api.w.org\/{rel}","templated":true}]}}