{"id":14011,"date":"2022-08-17T15:57:45","date_gmt":"2022-08-17T19:57:45","guid":{"rendered":"https:\/\/welchllp.com\/?page_id=14011"},"modified":"2025-03-06T10:12:31","modified_gmt":"2025-03-06T15:12:31","slug":"etudiants-et-residents-en-medecine","status":"publish","type":"page","link":"https:\/\/welchllp.com\/fr\/etudiants-et-residents-en-medecine\/","title":{"rendered":"\u00c9tudiants et r\u00e9sidents en m\u00e9decine"},"content":{"rendered":"\n<div class=\"wp-block-cover alignfull is-light hero no-margin is-padded\"><span aria-hidden=\"true\" class=\"wp-block-cover__background has-white-background-color has-background-dim-100 has-background-dim\"><\/span><div class=\"wp-block-cover__inner-container is-layout-flow wp-block-cover-is-layout-flow\">\n\n\n<h1 class=\"large two-third-container wp-block-post-title\">\u00c9tudiants et r\u00e9sidents en m\u00e9decine<\/h1>\n\n\n<p class=\"narrow-container left-aligned has-dark-grey-color has-text-color has-regular-font-size\">Nous savons que la pr\u00e9paration de votre d\u00e9claration de revenus prend beaucoup de temps. Nous pouvons la pr\u00e9parer gratuitement..<\/p>\n<\/div><\/div>\n\n\n\n<div class=\"wp-block-cover alignfull tall no-margin small-mobile\"><span aria-hidden=\"true\" class=\"wp-block-cover__background has-dark-grey-background-color has-background-dim-0 has-background-dim\"><\/span><img loading=\"lazy\" decoding=\"async\" width=\"1980\" height=\"325\" class=\"wp-block-cover__image-background wp-image-2616\" alt=\"\" src=\"https:\/\/welchllp.com\/wp-content\/uploads\/2019\/03\/HealthCare-Banner-scaled.jpg\" data-object-fit=\"cover\" srcset=\"https:\/\/welchllp.com\/wp-content\/uploads\/2019\/03\/HealthCare-Banner-scaled.jpg 1980w, https:\/\/welchllp.com\/wp-content\/uploads\/2019\/03\/HealthCare-Banner-300x49.jpg 300w, https:\/\/welchllp.com\/wp-content\/uploads\/2019\/03\/HealthCare-Banner-1024x168.jpg 1024w, https:\/\/welchllp.com\/wp-content\/uploads\/2019\/03\/HealthCare-Banner-768x126.jpg 768w, https:\/\/welchllp.com\/wp-content\/uploads\/2019\/03\/HealthCare-Banner-1536x252.jpg 1536w, https:\/\/welchllp.com\/wp-content\/uploads\/2019\/03\/HealthCare-Banner-2048x336.jpg 2048w\" sizes=\"auto, (max-width: 1980px) 100vw, 1980px\" \/><div class=\"wp-block-cover__inner-container is-layout-flow wp-block-cover-is-layout-flow\">\n<div class=\"wp-block-group alignfull has-white-color has-text-color\"><div class=\"wp-block-group__inner-container is-layout-flow wp-block-group-is-layout-flow\"><\/div><\/div>\n<\/div><\/div>\n\n\n\n<div class=\"wp-block-group alignwide no-margin has-white-color has-white-background-color has-text-color has-background\"><div class=\"wp-block-group__inner-container is-layout-flow wp-block-group-is-layout-flow\">\n<p class=\"two-third-container has-dark-grey-color has-text-color has-lead-font-size\">\u00cates-vous un \u00e9tudiant ou un r\u00e9sident en m\u00e9decine?<\/p>\n\n\n\n<p class=\"two-third-container has-dark-grey-color has-text-color has-lead-font-size\">Nous reconnaissons que les \u00e9tudiants en m\u00e9decine peuvent tirer profit de notre expertise, mais qu\u2019il ne leur est peut-\u00eatre pas possible de payer des frais lorsqu\u2019ils sont aux \u00e9tudes.<\/p>\n\n\n\n<p class=\"two-third-container has-black-color has-text-color\">Pour \u00eatre admissible \u00e0 ce service gratuit, vous devez \u00eatre un \u00e9tudiant ou un r\u00e9sident en m\u00e9decine, en m\u00e9decine dentaire ou en m\u00e9decine v\u00e9t\u00e9rinaire en 2024. Les formulaires fiscaux gratuits se limitent \u00e0 la pr\u00e9paration de d\u00e9clarations de revenus au Canada.<\/p>\n\n\n\n<p class=\"two-third-container has-black-color has-text-color\">Veuillez noter que ce service gratuit ne vise qu\u2019\u00e0 pr\u00e9parer les d\u00e9clarations de revenus simples des \u00e9tudiants en m\u00e9decine. Si vous avez une situation fiscale plus complexe (p. ex. plusieurs sources de revenus, travailleur autonome, etc.), communiquez avec nous pour obtenir un devis gratuit<\/p>\n<\/div><\/div>\n\n\n\n<div class=\"wp-block-group alignfull no-margin has-off-white-background-color has-background\"><div class=\"wp-block-group__inner-container is-layout-flow wp-block-group-is-layout-flow\">\n<div class=\"wp-block-columns alignwide low-margin is-layout-flex wp-container-core-columns-is-layout-1 wp-block-columns-is-layout-flex\">\n<div class=\"wp-block-column is-layout-flow wp-block-column-is-layout-flow\">\n<h2 class=\"wp-block-heading\" id=\"GeneralEnquiries\">Pour Commencer<\/h2>\n<\/div>\n\n\n\n<div class=\"wp-block-column is-layout-flow wp-block-column-is-layout-flow\"><\/div>\n<\/div>\n\n\n\n<div class=\"wp-block-columns alignwide no-margin is-layout-flex wp-container-core-columns-is-layout-2 wp-block-columns-is-layout-flex\">\n<div class=\"wp-block-column is-layout-flow wp-block-column-is-layout-flow\">\n<p>La premi\u00e8re \u00e9tape pour obtenir votre service gratuit de pr\u00e9paration de d\u00e9claration fiscale canadienne est de communiquer avec nous. Remplissez ce formulaire ou appelez Joshua Smith au 613-907-8055 pour d\u00e9buter.<\/p>\n<\/div>\n\n\n\n<div class=\"wp-block-column is-layout-flow wp-block-column-is-layout-flow\">\n<p><script charset=\"utf-8\" type=\"text\/javascript\" src=\"\/\/js.hsforms.net\/forms\/embed\/v2.js\"><\/script><script>hbspt.forms.create({portalId: \"24052071\", formId: \"73337ee9-d6b4-4a18-8a54-8094114b551f\", region: \"na1\"});<\/script><\/p>\n<\/div>\n<\/div>\n<\/div><\/div>\n\n\n\n<div style=\"height:100px\" aria-hidden=\"true\" class=\"wp-block-spacer\"><\/div>\n\n\n\n<div class=\"wp-block-group alignwide\"><div class=\"wp-block-group__inner-container is-layout-flow wp-block-group-is-layout-flow\">\n<h2 class=\"wp-block-heading half-margin\">Comment Welch LLP peut vous aider<\/h2>\n\n\n\n<p class=\"has-regular-font-size\">Nous fournissons un soutien et des conseils continus aux m\u00e9decins afin de r\u00e9pondre \u00e0 leurs besoins en mati\u00e8re de planification financi\u00e8re, fiscale et strat\u00e9gique.<\/p>\n\n\n\n<div class=\"wp-block-baytek-tabs wp-block-tabs has-vertical-orientation\"><div class=\"wp-block-tabs__inner-container\"><div class=\"wp-block-tabs__tab-labels\"><h2 class=\"tab-label active\" role=\"tab\" data-target=\"0\"><a><span>D\u00e9p\u00f4t \u00e9lectronique<\/span><\/a><\/h2><h2 class=\"tab-label\" role=\"tab\" data-target=\"1\"><a><span>Consultation<\/span><\/a><\/h2><h2 class=\"tab-label\" role=\"tab\" data-target=\"2\"><a><span>Portail s\u00e9curis\u00e9<\/span><\/a><\/h2><h2 class=\"tab-label\" role=\"tab\" data-target=\"3\"><a><span>Questionnaire sur la d\u00e9claration de revenus<\/span><\/a><\/h2><\/div><div class=\"wp-block-tabs__tab-panels\">\n<div class=\"wp-block-tab\">\n<p>D\u00e9p\u00f4t \u00e9lectronique des d\u00e9clarations de revenus des particuliers aupr\u00e8s de l\u2019Agence du revenu du Canada et du ministre du Revenu du Qu\u00e9bec, le cas \u00e9ch\u00e9ant.<\/p>\n<\/div>\n\n\n\n<div class=\"wp-block-tab\">\n<p>Consultation gratuite d\u2019une dur\u00e9e d\u2019une heure pour vous appuyer dans votre planification et examiner votre situation fiscale. Nous tiendrons compte de questions fr\u00e9quentes li\u00e9es \u00e0 la planification fiscale, y compris l\u2019utilisation efficace des CELI et des REER pour vous permettre de poursuivre vos \u00e9tudes en m\u00e9decine, votre r\u00e9sidence, et plus encore.<\/p>\n<\/div>\n\n\n\n<div class=\"wp-block-tab\">\n<p>Acc\u00e8s \u00e0 votre d\u00e9claration de revenus des particuliers et au calendrier correspondant par l\u2019entremise de notre portail s\u00e9curis\u00e9. R\u00e9ception des donn\u00e9es li\u00e9es aux d\u00e9clarations fiscales par l\u2019entremise de notre portail afin d\u2019assurer la transmission s\u00e9curitaire des renseignements fiscaux personnels.<\/p>\n<\/div>\n\n\n\n<div class=\"wp-block-tab\">\n<p>Utilisation du questionnaire sur la d\u00e9claration de revenus de Welch afin d\u2019assurer que toutes les questions fiscales personnelles applicables sont abord\u00e9es. Il permet d\u2019identifier correctement tous les revenus et d\u00e9ductibles.<\/p>\n<\/div>\n<\/div><\/div><\/div>\n<\/div><\/div>\n\n\n\n<hr class=\"wp-block-separator alignfull has-text-color has-off-white-color has-alpha-channel-opacity has-off-white-background-color has-background\"\/>\n","protected":false},"excerpt":{"rendered":"<p>\u00cates-vous un \u00e9tudiant ou un r\u00e9sident en m\u00e9decine? Nous reconnaissons que les \u00e9tudiants en m\u00e9decine peuvent tirer profit de notre [&hellip;]<\/p>\n","protected":false},"author":7,"featured_media":12621,"parent":0,"menu_order":0,"comment_status":"closed","ping_status":"closed","template":"","meta":{"_relevanssi_hide_post":"","_relevanssi_hide_content":"","_relevanssi_pin_for_all":"","_relevanssi_pin_keywords":"","_relevanssi_unpin_keywords":"","_relevanssi_related_keywords":"","_relevanssi_related_include_ids":"","_relevanssi_related_exclude_ids":"","_relevanssi_related_no_append":"","_relevanssi_related_not_related":"","_relevanssi_related_posts":"10543,10544,10545,10546,10547,10548","_relevanssi_noindex_reason":"","footnotes":""},"class_list":["post-14011","page","type-page","status-publish","has-post-thumbnail","hentry"],"yoast_head":"<!-- This site is optimized with the Yoast SEO Premium plugin v24.3 (Yoast SEO v25.8) - https:\/\/yoast.com\/wordpress\/plugins\/seo\/ -->\n<title>\u00c9tudiants et r\u00e9sidents en m\u00e9decine - Welch LLP<\/title>\n<meta name=\"robots\" content=\"index, follow, max-snippet:-1, max-image-preview:large, max-video-preview:-1\" \/>\n<link rel=\"canonical\" href=\"https:\/\/welchllp.com\/fr\/etudiants-et-residents-en-medecine\/\" \/>\n<meta property=\"og:locale\" content=\"fr_FR\" \/>\n<meta property=\"og:type\" content=\"article\" \/>\n<meta property=\"og:title\" content=\"\u00c9tudiants et r\u00e9sidents en m\u00e9decine\" \/>\n<meta property=\"og:description\" content=\"\u00cates-vous un \u00e9tudiant ou un r\u00e9sident en m\u00e9decine? Nous reconnaissons que les \u00e9tudiants en m\u00e9decine peuvent tirer profit de notre [&hellip;]\" \/>\n<meta property=\"og:url\" content=\"https:\/\/welchllp.com\/fr\/etudiants-et-residents-en-medecine\/\" \/>\n<meta property=\"og:site_name\" content=\"Welch LLP\" \/>\n<meta property=\"article:publisher\" content=\"https:\/\/www.facebook.com\/WelchLLP\/\" \/>\n<meta property=\"article:modified_time\" content=\"2025-03-06T15:12:31+00:00\" \/>\n<meta property=\"og:image\" content=\"https:\/\/welchllp.com\/wp-content\/uploads\/2019\/02\/incorporate-medical-dental-practice.jpg\" \/>\n\t<meta property=\"og:image:width\" content=\"1024\" \/>\n\t<meta property=\"og:image:height\" content=\"600\" \/>\n\t<meta property=\"og:image:type\" content=\"image\/jpeg\" \/>\n<meta name=\"twitter:card\" content=\"summary_large_image\" \/>\n<meta name=\"twitter:site\" content=\"@welchllp\" \/>\n<meta name=\"twitter:label1\" content=\"Dur\u00e9e de lecture estim\u00e9e\" \/>\n\t<meta name=\"twitter:data1\" content=\"2 minutes\" \/>\n<script type=\"application\/ld+json\" class=\"yoast-schema-graph\">{\"@context\":\"https:\/\/schema.org\",\"@graph\":[{\"@type\":\"WebPage\",\"@id\":\"https:\/\/welchllp.com\/fr\/etudiants-et-residents-en-medecine\/\",\"url\":\"https:\/\/welchllp.com\/fr\/etudiants-et-residents-en-medecine\/\",\"name\":\"\u00c9tudiants et r\u00e9sidents en m\u00e9decine - Welch LLP\",\"isPartOf\":{\"@id\":\"https:\/\/welchllp.com\/fr\/#website\"},\"primaryImageOfPage\":{\"@id\":\"https:\/\/welchllp.com\/fr\/etudiants-et-residents-en-medecine\/#primaryimage\"},\"image\":{\"@id\":\"https:\/\/welchllp.com\/fr\/etudiants-et-residents-en-medecine\/#primaryimage\"},\"thumbnailUrl\":\"https:\/\/welchllp.com\/wp-content\/uploads\/2019\/02\/incorporate-medical-dental-practice.jpg\",\"datePublished\":\"2022-08-17T19:57:45+00:00\",\"dateModified\":\"2025-03-06T15:12:31+00:00\",\"breadcrumb\":{\"@id\":\"https:\/\/welchllp.com\/fr\/etudiants-et-residents-en-medecine\/#breadcrumb\"},\"inLanguage\":\"fr-FR\",\"potentialAction\":[{\"@type\":\"ReadAction\",\"target\":[\"https:\/\/welchllp.com\/fr\/etudiants-et-residents-en-medecine\/\"]}]},{\"@type\":\"ImageObject\",\"inLanguage\":\"fr-FR\",\"@id\":\"https:\/\/welchllp.com\/fr\/etudiants-et-residents-en-medecine\/#primaryimage\",\"url\":\"https:\/\/welchllp.com\/wp-content\/uploads\/2019\/02\/incorporate-medical-dental-practice.jpg\",\"contentUrl\":\"https:\/\/welchllp.com\/wp-content\/uploads\/2019\/02\/incorporate-medical-dental-practice.jpg\",\"width\":1024,\"height\":600},{\"@type\":\"BreadcrumbList\",\"@id\":\"https:\/\/welchllp.com\/fr\/etudiants-et-residents-en-medecine\/#breadcrumb\",\"itemListElement\":[{\"@type\":\"ListItem\",\"position\":1,\"name\":\"Home\",\"item\":\"https:\/\/welchllp.com\/fr\/\"},{\"@type\":\"ListItem\",\"position\":2,\"name\":\"\u00c9tudiants et r\u00e9sidents en m\u00e9decine\"}]},{\"@type\":\"WebSite\",\"@id\":\"https:\/\/welchllp.com\/fr\/#website\",\"url\":\"https:\/\/welchllp.com\/fr\/\",\"name\":\"Welch LLP\",\"description\":\"Chartered Professional Accountants\",\"publisher\":{\"@id\":\"https:\/\/welchllp.com\/fr\/#organization\"},\"potentialAction\":[{\"@type\":\"SearchAction\",\"target\":{\"@type\":\"EntryPoint\",\"urlTemplate\":\"https:\/\/welchllp.com\/fr\/?s={search_term_string}\"},\"query-input\":{\"@type\":\"PropertyValueSpecification\",\"valueRequired\":true,\"valueName\":\"search_term_string\"}}],\"inLanguage\":\"fr-FR\"},{\"@type\":\"Organization\",\"@id\":\"https:\/\/welchllp.com\/fr\/#organization\",\"name\":\"Welch LLP\",\"url\":\"https:\/\/welchllp.com\/fr\/\",\"logo\":{\"@type\":\"ImageObject\",\"inLanguage\":\"fr-FR\",\"@id\":\"https:\/\/welchllp.com\/fr\/#\/schema\/logo\/image\/\",\"url\":\"https:\/\/welchllp.com\/wp-content\/uploads\/2016\/02\/WelchLLP_logo.png\",\"contentUrl\":\"https:\/\/welchllp.com\/wp-content\/uploads\/2016\/02\/WelchLLP_logo.png\",\"width\":707,\"height\":187,\"caption\":\"Welch LLP\"},\"image\":{\"@id\":\"https:\/\/welchllp.com\/fr\/#\/schema\/logo\/image\/\"},\"sameAs\":[\"https:\/\/www.facebook.com\/WelchLLP\/\",\"https:\/\/x.com\/welchllp\",\"https:\/\/www.linkedin.com\/company\/welchllp\",\"https:\/\/www.instagram.com\/welch_llp\/\"]}]}<\/script>\n<!-- \/ Yoast SEO Premium plugin. -->","yoast_head_json":{"title":"\u00c9tudiants et r\u00e9sidents en m\u00e9decine - Welch LLP","robots":{"index":"index","follow":"follow","max-snippet":"max-snippet:-1","max-image-preview":"max-image-preview:large","max-video-preview":"max-video-preview:-1"},"canonical":"https:\/\/welchllp.com\/fr\/etudiants-et-residents-en-medecine\/","og_locale":"fr_FR","og_type":"article","og_title":"\u00c9tudiants et r\u00e9sidents en m\u00e9decine","og_description":"\u00cates-vous un \u00e9tudiant ou un r\u00e9sident en m\u00e9decine? Nous reconnaissons que les \u00e9tudiants en m\u00e9decine peuvent tirer profit de notre [&hellip;]","og_url":"https:\/\/welchllp.com\/fr\/etudiants-et-residents-en-medecine\/","og_site_name":"Welch LLP","article_publisher":"https:\/\/www.facebook.com\/WelchLLP\/","article_modified_time":"2025-03-06T15:12:31+00:00","og_image":[{"width":1024,"height":600,"url":"https:\/\/welchllp.com\/wp-content\/uploads\/2019\/02\/incorporate-medical-dental-practice.jpg","type":"image\/jpeg"}],"twitter_card":"summary_large_image","twitter_site":"@welchllp","twitter_misc":{"Dur\u00e9e de lecture estim\u00e9e":"2 minutes"},"schema":{"@context":"https:\/\/schema.org","@graph":[{"@type":"WebPage","@id":"https:\/\/welchllp.com\/fr\/etudiants-et-residents-en-medecine\/","url":"https:\/\/welchllp.com\/fr\/etudiants-et-residents-en-medecine\/","name":"\u00c9tudiants et r\u00e9sidents en m\u00e9decine - Welch LLP","isPartOf":{"@id":"https:\/\/welchllp.com\/fr\/#website"},"primaryImageOfPage":{"@id":"https:\/\/welchllp.com\/fr\/etudiants-et-residents-en-medecine\/#primaryimage"},"image":{"@id":"https:\/\/welchllp.com\/fr\/etudiants-et-residents-en-medecine\/#primaryimage"},"thumbnailUrl":"https:\/\/welchllp.com\/wp-content\/uploads\/2019\/02\/incorporate-medical-dental-practice.jpg","datePublished":"2022-08-17T19:57:45+00:00","dateModified":"2025-03-06T15:12:31+00:00","breadcrumb":{"@id":"https:\/\/welchllp.com\/fr\/etudiants-et-residents-en-medecine\/#breadcrumb"},"inLanguage":"fr-FR","potentialAction":[{"@type":"ReadAction","target":["https:\/\/welchllp.com\/fr\/etudiants-et-residents-en-medecine\/"]}]},{"@type":"ImageObject","inLanguage":"fr-FR","@id":"https:\/\/welchllp.com\/fr\/etudiants-et-residents-en-medecine\/#primaryimage","url":"https:\/\/welchllp.com\/wp-content\/uploads\/2019\/02\/incorporate-medical-dental-practice.jpg","contentUrl":"https:\/\/welchllp.com\/wp-content\/uploads\/2019\/02\/incorporate-medical-dental-practice.jpg","width":1024,"height":600},{"@type":"BreadcrumbList","@id":"https:\/\/welchllp.com\/fr\/etudiants-et-residents-en-medecine\/#breadcrumb","itemListElement":[{"@type":"ListItem","position":1,"name":"Home","item":"https:\/\/welchllp.com\/fr\/"},{"@type":"ListItem","position":2,"name":"\u00c9tudiants et r\u00e9sidents en m\u00e9decine"}]},{"@type":"WebSite","@id":"https:\/\/welchllp.com\/fr\/#website","url":"https:\/\/welchllp.com\/fr\/","name":"Welch LLP","description":"Chartered Professional Accountants","publisher":{"@id":"https:\/\/welchllp.com\/fr\/#organization"},"potentialAction":[{"@type":"SearchAction","target":{"@type":"EntryPoint","urlTemplate":"https:\/\/welchllp.com\/fr\/?s={search_term_string}"},"query-input":{"@type":"PropertyValueSpecification","valueRequired":true,"valueName":"search_term_string"}}],"inLanguage":"fr-FR"},{"@type":"Organization","@id":"https:\/\/welchllp.com\/fr\/#organization","name":"Welch LLP","url":"https:\/\/welchllp.com\/fr\/","logo":{"@type":"ImageObject","inLanguage":"fr-FR","@id":"https:\/\/welchllp.com\/fr\/#\/schema\/logo\/image\/","url":"https:\/\/welchllp.com\/wp-content\/uploads\/2016\/02\/WelchLLP_logo.png","contentUrl":"https:\/\/welchllp.com\/wp-content\/uploads\/2016\/02\/WelchLLP_logo.png","width":707,"height":187,"caption":"Welch LLP"},"image":{"@id":"https:\/\/welchllp.com\/fr\/#\/schema\/logo\/image\/"},"sameAs":["https:\/\/www.facebook.com\/WelchLLP\/","https:\/\/x.com\/welchllp","https:\/\/www.linkedin.com\/company\/welchllp","https:\/\/www.instagram.com\/welch_llp\/"]}]}},"_links":{"self":[{"href":"https:\/\/welchllp.com\/fr\/wp-json\/wp\/v2\/pages\/14011","targetHints":{"allow":["GET"]}}],"collection":[{"href":"https:\/\/welchllp.com\/fr\/wp-json\/wp\/v2\/pages"}],"about":[{"href":"https:\/\/welchllp.com\/fr\/wp-json\/wp\/v2\/types\/page"}],"author":[{"embeddable":true,"href":"https:\/\/welchllp.com\/fr\/wp-json\/wp\/v2\/users\/7"}],"replies":[{"embeddable":true,"href":"https:\/\/welchllp.com\/fr\/wp-json\/wp\/v2\/comments?post=14011"}],"version-history":[{"count":0,"href":"https:\/\/welchllp.com\/fr\/wp-json\/wp\/v2\/pages\/14011\/revisions"}],"wp:featuredmedia":[{"embeddable":true,"href":"https:\/\/welchllp.com\/fr\/wp-json\/wp\/v2\/media\/12621"}],"wp:attachment":[{"href":"https:\/\/welchllp.com\/fr\/wp-json\/wp\/v2\/media?parent=14011"}],"curies":[{"name":"wp","href":"https:\/\/api.w.org\/{rel}","templated":true}]}}