{"id":17543,"date":"2024-04-23T13:42:08","date_gmt":"2024-04-23T17:42:08","guid":{"rendered":"https:\/\/welchllp.com\/?page_id=17543"},"modified":"2025-10-27T15:41:02","modified_gmt":"2025-10-27T19:41:02","slug":"risque-technologique","status":"publish","type":"page","link":"https:\/\/welchllp.com\/fr\/services\/services-numeriques\/risque-technologique\/","title":{"rendered":"Risque technologique"},"content":{"rendered":"\n<div class=\"wp-block-cover alignfull tall no-margin small-mobile\"><span aria-hidden=\"true\" class=\"wp-block-cover__background has-black-background-color has-background-dim\"><\/span><img loading=\"lazy\" decoding=\"async\" width=\"1920\" height=\"1080\" class=\"wp-block-cover__image-background wp-image-15087\" alt=\"\" src=\"https:\/\/welchllp.com\/wp-content\/uploads\/2024\/04\/tech-risk.jpg\" style=\"object-position:19% 48%\" data-object-fit=\"cover\" data-object-position=\"19% 48%\" srcset=\"https:\/\/welchllp.com\/wp-content\/uploads\/2024\/04\/tech-risk.jpg 1920w, https:\/\/welchllp.com\/wp-content\/uploads\/2024\/04\/tech-risk-300x169.jpg 300w, https:\/\/welchllp.com\/wp-content\/uploads\/2024\/04\/tech-risk-1024x576.jpg 1024w, https:\/\/welchllp.com\/wp-content\/uploads\/2024\/04\/tech-risk-768x432.jpg 768w, https:\/\/welchllp.com\/wp-content\/uploads\/2024\/04\/tech-risk-1536x864.jpg 1536w\" sizes=\"auto, (max-width: 1920px) 100vw, 1920px\" \/><div class=\"wp-block-cover__inner-container is-layout-flow wp-block-cover-is-layout-flow\">\n<div class=\"wp-block-group alignfull has-white-color has-text-color\"><div class=\"wp-block-group__inner-container is-layout-flow wp-block-group-is-layout-flow\">\n<span class=\"breadcrumbs\">\n            <span class=\"eyebrow crumb\"><a href=\"https:\/\/welchllp.com\/fr\/services\/\">Services<\/a><\/span>\n            <span class=\"eyebrow crumb\"><a href=\"https:\/\/welchllp.com\/fr\/services\/services-numeriques\/\">Services Num\u00e9riques\u00a0<\/a><\/span>\n    <\/span>\n\n\n<h1 class=\"large two-third-container wp-block-post-title\">Risque technologique<\/h1>\n\n\n<p class=\"narrow-container left-aligned has-white-color has-text-color has-regular-font-size\">Nombreuses sont les organisations qui sous-estiment l\u2019importance d\u2019avoir de solides mesures de cybers\u00e9curit\u00e9. Pourtant, avec l\u2019\u00e9volution rapide des menaces informatiques, il leur est essentiel d\u2019\u00e9valuer leurs pratiques en mati\u00e8re de cybers\u00e9curit\u00e9 \u2013 et ce, annuellement. Vous ne savez pas \u00e0 qui vous en remettre pour prot\u00e9ger correctement votre organisation? Nos services en gestion des risques technologiques sont sp\u00e9cialement con\u00e7us \u00e0 cette fin.<\/p>\n<\/div><\/div>\n<\/div><\/div>\n\n\n\n<div class=\"wp-block-group alignfull no-padding no-margin has-white-color has-dark-grey-background-color has-text-color has-background has-link-color wp-elements-aa0458f4bf19be65f6879bafa105b5b1\"><div class=\"wp-block-group__inner-container is-layout-constrained wp-block-group-is-layout-constrained\">\n<div class=\"wp-block-group alignwide no-margin\"><div class=\"wp-block-group__inner-container is-layout-constrained wp-block-group-is-layout-constrained\">\n<div style=\"height:25px\" aria-hidden=\"true\" class=\"wp-block-spacer\"><\/div>\n\n\n\n<div class=\"wp-block-buttons alignwide is-layout-flex wp-block-buttons-is-layout-flex\">\n<div class=\"wp-block-button is-style-view-more\"><a class=\"wp-block-button__link wp-element-button\" href=\"\/technology-advisory\/\">Services Num\u00e9riques&nbsp;<\/a><\/div>\n<\/div>\n\n\n\n<div style=\"height:25px\" aria-hidden=\"true\" class=\"wp-block-spacer\"><\/div>\n<\/div><\/div>\n<\/div><\/div>\n\n\n\n<div class=\"wp-block-group alignfull no-padding has-background\" style=\"background:linear-gradient(135deg,rgb(136,164,108) 0%,rgb(136,164,108) 100%)\"><div class=\"wp-block-group__inner-container is-layout-constrained wp-block-group-is-layout-constrained\">\n<div class=\"wp-block-group alignwide no-padding has-background\" style=\"background:linear-gradient(135deg,rgb(136,164,108) 0%,rgb(136,164,108) 100%)\"><div class=\"wp-block-group__inner-container is-layout-constrained wp-block-group-is-layout-constrained\">\n<div style=\"height:40px\" aria-hidden=\"true\" class=\"wp-block-spacer\"><\/div>\n\n\n\n<h2 class=\"wp-block-heading alignfull no-padding has-black-color has-text-color has-link-color has-lead-font-size wp-elements-6eff44f9c8d043082fd0df0b34f61674\" id=\"h-pour-satisfaire-efficacement-aux-exigences-de-conformite-de-votre-organisation-faites-confiance-aux-services-de-gestion-des-risques-technologiques-de-welch-llp\"><strong><mark style=\"background-color:rgba(0, 0, 0, 0)\" class=\"has-inline-color has-black-color\"><strong>Pour satisfaire efficacement aux exigences de conformit\u00e9 de votre organisation, faites confiance aux services de gestion des risques technologiques de Welch LLP.<\/strong><\/mark><\/strong><\/h2>\n\n\n\n<div style=\"height:50px\" aria-hidden=\"true\" class=\"wp-block-spacer\"><\/div>\n\n\n\n<p class=\"has-black-color has-text-color has-regular-font-size\">L\u2019\u00e9quipe des services en gestion des risques technologiques de Welch est l\u00e0 pour aider les organisations \u00e0 \u00e9valuer en profondeur l\u2019efficacit\u00e9 et l\u2019efficience de leurs capacit\u00e9s technologiques et les am\u00e9liorer. Elle offre des \u00e9valuations compl\u00e8tes, pour rep\u00e9rer les vuln\u00e9rabilit\u00e9s potentielles et mettre en \u0153uvre des strat\u00e9gies robustes visant \u00e0 att\u00e9nuer les risques qu\u2019elles repr\u00e9sentent. Ses sp\u00e9cialistes utilisent les meilleures pratiques et des technologies de pointe pour faire du cadre de gestion des risques de votre organisation un outil r\u00e9silient et adaptable.<\/p>\n\n\n\n<p class=\"has-black-color has-text-color has-regular-font-size\">Audits approfondis, v\u00e9rifications de conformit\u00e9 et \u00e9laboration de plans de r\u00e9duction des risques sur mesure : chez Welch, nous adoptons une approche holistique pour prot\u00e9ger votre entreprise. Nos services comprennent aussi la surveillance et l\u2019am\u00e9lioration continues de vos solutions, afin de maintenir \u00e0 jour vos strat\u00e9gies de gestion des risques face \u00e0 l\u2019adaptation incessante des menaces.<\/p>\n\n\n\n<div style=\"height:50px\" aria-hidden=\"true\" class=\"wp-block-spacer\"><\/div>\n<\/div><\/div>\n<\/div><\/div>\n\n\n\n<div class=\"wp-block-group alignwide\"><div class=\"wp-block-group__inner-container is-layout-constrained wp-block-group-is-layout-constrained\">\n<div class=\"wp-block-columns is-layout-flex wp-container-core-columns-is-layout-1 wp-block-columns-is-layout-flex\">\n<div class=\"wp-block-column is-layout-flow wp-block-column-is-layout-flow\">\n<div class=\"wp-block-cover\" style=\"min-height:200px;aspect-ratio:unset;\"><span aria-hidden=\"true\" class=\"wp-block-cover__background has-background-dim\" style=\"background-color:#16242f\"><\/span><img loading=\"lazy\" decoding=\"async\" width=\"1920\" height=\"1080\" class=\"wp-block-cover__image-background wp-image-15090\" alt=\"\" src=\"https:\/\/welchllp.com\/wp-content\/uploads\/2024\/04\/Cybersecurity-1.jpg\" data-object-fit=\"cover\" srcset=\"https:\/\/welchllp.com\/wp-content\/uploads\/2024\/04\/Cybersecurity-1.jpg 1920w, https:\/\/welchllp.com\/wp-content\/uploads\/2024\/04\/Cybersecurity-1-300x169.jpg 300w, https:\/\/welchllp.com\/wp-content\/uploads\/2024\/04\/Cybersecurity-1-1024x576.jpg 1024w, https:\/\/welchllp.com\/wp-content\/uploads\/2024\/04\/Cybersecurity-1-768x432.jpg 768w, https:\/\/welchllp.com\/wp-content\/uploads\/2024\/04\/Cybersecurity-1-1536x864.jpg 1536w\" sizes=\"auto, (max-width: 1920px) 100vw, 1920px\" \/><div class=\"wp-block-cover__inner-container is-layout-flow wp-block-cover-is-layout-flow\">\n<p class=\"has-text-align-center has-large-font-size\"><\/p>\n<\/div><\/div>\n\n\n\n<div style=\"height:20px\" aria-hidden=\"true\" class=\"wp-block-spacer\"><\/div>\n\n\n\n<h3 class=\"wp-block-heading has-text-align-center\" id=\"h-cybersecurite\"><strong>Cybers\u00e9curit\u00e9<\/strong><\/h3>\n\n\n\n<div style=\"height:20px\" aria-hidden=\"true\" class=\"wp-block-spacer\"><\/div>\n\n\n\n<p class=\"has-text-align-center\">Donnez \u00e0 votre organisation le niveau de s\u00e9curit\u00e9 ad\u00e9quat<\/p>\n\n\n\n<div style=\"height:20px\" aria-hidden=\"true\" class=\"wp-block-spacer\"><\/div>\n\n\n\n<div class=\"wp-block-buttons is-content-justification-center is-layout-flex wp-container-core-buttons-is-layout-2 wp-block-buttons-is-layout-flex\">\n<div class=\"wp-block-button is-style-outline is-style-outline--1\"><a class=\"wp-block-button__link has-welch-green-color has-text-color has-link-color wp-element-button\" href=\"\/fr\/?page_id=17548\">Apprendre encore plus<\/a><\/div>\n<\/div>\n<\/div>\n\n\n\n<div class=\"wp-block-column is-layout-flow wp-block-column-is-layout-flow\">\n<div class=\"wp-block-cover wp-duotone-unset-2\" style=\"min-height:200px;aspect-ratio:unset;\"><span aria-hidden=\"true\" class=\"wp-block-cover__background has-background-dim\" style=\"background-color:#14171e\"><\/span><img loading=\"lazy\" decoding=\"async\" width=\"1920\" height=\"1080\" class=\"wp-block-cover__image-background wp-image-15092\" alt=\"\" src=\"https:\/\/welchllp.com\/wp-content\/uploads\/2024\/04\/Digital-Data-1.jpg\" data-object-fit=\"cover\" srcset=\"https:\/\/welchllp.com\/wp-content\/uploads\/2024\/04\/Digital-Data-1.jpg 1920w, https:\/\/welchllp.com\/wp-content\/uploads\/2024\/04\/Digital-Data-1-300x169.jpg 300w, https:\/\/welchllp.com\/wp-content\/uploads\/2024\/04\/Digital-Data-1-1024x576.jpg 1024w, https:\/\/welchllp.com\/wp-content\/uploads\/2024\/04\/Digital-Data-1-768x432.jpg 768w, https:\/\/welchllp.com\/wp-content\/uploads\/2024\/04\/Digital-Data-1-1536x864.jpg 1536w\" sizes=\"auto, (max-width: 1920px) 100vw, 1920px\" \/><div class=\"wp-block-cover__inner-container is-layout-flow wp-block-cover-is-layout-flow\">\n<p class=\"has-text-align-center has-large-font-size\"><\/p>\n<\/div><\/div>\n\n\n\n<div style=\"height:20px\" aria-hidden=\"true\" class=\"wp-block-spacer\"><\/div>\n\n\n\n<h3 class=\"wp-block-heading has-text-align-center\" id=\"h-numerique-donnees-et-ia\"><strong>Num\u00e9rique, donn\u00e9es et IA<\/strong><\/h3>\n\n\n\n<div style=\"height:20px\" aria-hidden=\"true\" class=\"wp-block-spacer\"><\/div>\n\n\n\n<p class=\"has-text-align-center\">Lib\u00e9rez vos donn\u00e9es pour propulser votre entreprise<\/p>\n\n\n\n<div style=\"height:20px\" aria-hidden=\"true\" class=\"wp-block-spacer\"><\/div>\n\n\n\n<div class=\"wp-block-buttons is-content-justification-center is-layout-flex wp-container-core-buttons-is-layout-3 wp-block-buttons-is-layout-flex\">\n<div class=\"wp-block-button is-style-outline is-style-outline--3\"><a class=\"wp-block-button__link has-welch-green-color has-text-color has-link-color wp-element-button\" href=\"https:\/\/welchllp.com\/service\/digital-data\/\">Apprendre encore plus<\/a><\/div>\n<\/div>\n<\/div>\n<\/div>\n<\/div><\/div>\n\n\n\n<div class=\"wp-block-cover alignfull final-cover no-margin\"><span aria-hidden=\"true\" class=\"wp-block-cover__background has-welch-green-background-color has-background-dim-100 has-background-dim\"><\/span><div class=\"wp-block-cover__inner-container is-layout-flow wp-block-cover-is-layout-flow\">\n<div class=\"wp-block-group narrower-container no-margin\"><div class=\"wp-block-group__inner-container is-layout-flow wp-block-group-is-layout-flow\">\n<h2 class=\"has-text-align-center wp-block-heading\">Nos sp\u00e9cialistes n\u2019attendent que vous<\/h2>\n\n\n\n<p class=\"has-text-align-center\">Communiquez avec nous. Faites-nous part de vos besoins et nous assignerons \u00e0 votre organisation une personne sp\u00e9cialis\u00e9e dans votre secteur d\u2019activit\u00e9.<\/p>\n\n\n\n<div class=\"wp-block-buttons is-layout-flex wp-block-buttons-is-layout-flex\">\n<div class=\"wp-block-button aligncenter is-style-outline is-style-outline--4\"><a class=\"wp-block-button__link has-white-color has-text-color\" href=\"https:\/\/welchllp.com\/fr\/adresses\/#GeneralEnquiries\">Faites-le aujourd\u2019hui<\/a><\/div>\n<\/div>\n<\/div><\/div>\n<\/div><\/div>\n","protected":false},"excerpt":{"rendered":"<p>Pour satisfaire efficacement aux exigences de conformit\u00e9 de votre organisation, faites confiance aux services de gestion des risques technologiques de [&hellip;]<\/p>\n","protected":false},"author":7,"featured_media":15088,"parent":17007,"menu_order":0,"comment_status":"closed","ping_status":"closed","template":"","meta":{"_relevanssi_hide_post":"","_relevanssi_hide_content":"","_relevanssi_pin_for_all":"","_relevanssi_pin_keywords":"","_relevanssi_unpin_keywords":"","_relevanssi_related_keywords":"","_relevanssi_related_include_ids":"","_relevanssi_related_exclude_ids":"","_relevanssi_related_no_append":"","_relevanssi_related_not_related":"","_relevanssi_related_posts":"16737,16746,16741,10601","_relevanssi_noindex_reason":"","footnotes":""},"class_list":["post-17543","page","type-page","status-publish","has-post-thumbnail","hentry"],"yoast_head":"<!-- This site is optimized with the Yoast SEO Premium plugin v24.3 (Yoast SEO v25.8) - https:\/\/yoast.com\/wordpress\/plugins\/seo\/ -->\n<title>Risque technologique - Welch LLP<\/title>\n<meta name=\"description\" content=\"Nombreuses sont les organisations qui sous-estiment l\u2019importance d\u2019avoir de solides mesures de cybers\u00e9curit\u00e9. Pourtant,\" \/>\n<meta name=\"robots\" content=\"index, nofollow, max-snippet:-1, max-image-preview:large, max-video-preview:-1\" \/>\n<link rel=\"canonical\" href=\"https:\/\/welchllp.com\/fr\/services\/services-numeriques\/risque-technologique\/\" \/>\n<meta property=\"og:locale\" content=\"fr_FR\" \/>\n<meta property=\"og:type\" content=\"article\" \/>\n<meta property=\"og:title\" content=\"Risque technologique\" \/>\n<meta property=\"og:description\" content=\"Nombreuses sont les organisations qui sous-estiment l\u2019importance d\u2019avoir de solides mesures de cybers\u00e9curit\u00e9. Pourtant,\" \/>\n<meta property=\"og:url\" content=\"https:\/\/welchllp.com\/fr\/services\/services-numeriques\/risque-technologique\/\" \/>\n<meta property=\"og:site_name\" content=\"Welch LLP\" \/>\n<meta property=\"article:publisher\" content=\"https:\/\/www.facebook.com\/WelchLLP\/\" \/>\n<meta property=\"article:modified_time\" content=\"2025-10-27T19:41:02+00:00\" \/>\n<meta property=\"og:image\" content=\"https:\/\/welchllp.com\/wp-content\/uploads\/2024\/04\/tech-risk.jpg\" \/>\n\t<meta property=\"og:image:width\" content=\"1920\" \/>\n\t<meta property=\"og:image:height\" content=\"1080\" \/>\n\t<meta property=\"og:image:type\" content=\"image\/jpeg\" \/>\n<meta name=\"twitter:card\" content=\"summary_large_image\" \/>\n<meta name=\"twitter:site\" content=\"@welchllp\" \/>\n<meta name=\"twitter:label1\" content=\"Dur\u00e9e de lecture estim\u00e9e\" \/>\n\t<meta name=\"twitter:data1\" content=\"1 minute\" \/>\n<script type=\"application\/ld+json\" class=\"yoast-schema-graph\">{\"@context\":\"https:\/\/schema.org\",\"@graph\":[{\"@type\":\"WebPage\",\"@id\":\"https:\/\/welchllp.com\/fr\/services\/services-numeriques\/risque-technologique\/\",\"url\":\"https:\/\/welchllp.com\/fr\/services\/services-numeriques\/risque-technologique\/\",\"name\":\"Risque technologique - Welch LLP\",\"isPartOf\":{\"@id\":\"https:\/\/welchllp.com\/fr\/#website\"},\"primaryImageOfPage\":{\"@id\":\"https:\/\/welchllp.com\/fr\/services\/services-numeriques\/risque-technologique\/#primaryimage\"},\"image\":{\"@id\":\"https:\/\/welchllp.com\/fr\/services\/services-numeriques\/risque-technologique\/#primaryimage\"},\"thumbnailUrl\":\"https:\/\/welchllp.com\/wp-content\/uploads\/2024\/04\/tech-risk.jpg\",\"datePublished\":\"2024-04-23T17:42:08+00:00\",\"dateModified\":\"2025-10-27T19:41:02+00:00\",\"description\":\"Nombreuses sont les organisations qui sous-estiment l\u2019importance d\u2019avoir de solides mesures de cybers\u00e9curit\u00e9. Pourtant,\",\"breadcrumb\":{\"@id\":\"https:\/\/welchllp.com\/fr\/services\/services-numeriques\/risque-technologique\/#breadcrumb\"},\"inLanguage\":\"fr-FR\",\"potentialAction\":[{\"@type\":\"ReadAction\",\"target\":[\"https:\/\/welchllp.com\/fr\/services\/services-numeriques\/risque-technologique\/\"]}]},{\"@type\":\"ImageObject\",\"inLanguage\":\"fr-FR\",\"@id\":\"https:\/\/welchllp.com\/fr\/services\/services-numeriques\/risque-technologique\/#primaryimage\",\"url\":\"https:\/\/welchllp.com\/wp-content\/uploads\/2024\/04\/tech-risk.jpg\",\"contentUrl\":\"https:\/\/welchllp.com\/wp-content\/uploads\/2024\/04\/tech-risk.jpg\",\"width\":1920,\"height\":1080},{\"@type\":\"BreadcrumbList\",\"@id\":\"https:\/\/welchllp.com\/fr\/services\/services-numeriques\/risque-technologique\/#breadcrumb\",\"itemListElement\":[{\"@type\":\"ListItem\",\"position\":1,\"name\":\"Home\",\"item\":\"https:\/\/welchllp.com\/fr\/\"},{\"@type\":\"ListItem\",\"position\":2,\"name\":\"Services\",\"item\":\"https:\/\/welchllp.com\/fr\/services\/\"},{\"@type\":\"ListItem\",\"position\":3,\"name\":\"Services Num\u00e9riques\u00a0\",\"item\":\"https:\/\/welchllp.com\/fr\/services\/services-numeriques\/\"},{\"@type\":\"ListItem\",\"position\":4,\"name\":\"Risque technologique\"}]},{\"@type\":\"WebSite\",\"@id\":\"https:\/\/welchllp.com\/fr\/#website\",\"url\":\"https:\/\/welchllp.com\/fr\/\",\"name\":\"Welch LLP\",\"description\":\"Chartered Professional Accountants\",\"publisher\":{\"@id\":\"https:\/\/welchllp.com\/fr\/#organization\"},\"potentialAction\":[{\"@type\":\"SearchAction\",\"target\":{\"@type\":\"EntryPoint\",\"urlTemplate\":\"https:\/\/welchllp.com\/fr\/?s={search_term_string}\"},\"query-input\":{\"@type\":\"PropertyValueSpecification\",\"valueRequired\":true,\"valueName\":\"search_term_string\"}}],\"inLanguage\":\"fr-FR\"},{\"@type\":\"Organization\",\"@id\":\"https:\/\/welchllp.com\/fr\/#organization\",\"name\":\"Welch LLP\",\"url\":\"https:\/\/welchllp.com\/fr\/\",\"logo\":{\"@type\":\"ImageObject\",\"inLanguage\":\"fr-FR\",\"@id\":\"https:\/\/welchllp.com\/fr\/#\/schema\/logo\/image\/\",\"url\":\"https:\/\/welchllp.com\/wp-content\/uploads\/2016\/02\/WelchLLP_logo.png\",\"contentUrl\":\"https:\/\/welchllp.com\/wp-content\/uploads\/2016\/02\/WelchLLP_logo.png\",\"width\":707,\"height\":187,\"caption\":\"Welch LLP\"},\"image\":{\"@id\":\"https:\/\/welchllp.com\/fr\/#\/schema\/logo\/image\/\"},\"sameAs\":[\"https:\/\/www.facebook.com\/WelchLLP\/\",\"https:\/\/x.com\/welchllp\",\"https:\/\/www.linkedin.com\/company\/welchllp\",\"https:\/\/www.instagram.com\/welch_llp\/\"]}]}<\/script>\n<!-- \/ Yoast SEO Premium plugin. -->","yoast_head_json":{"title":"Risque technologique - Welch LLP","description":"Nombreuses sont les organisations qui sous-estiment l\u2019importance d\u2019avoir de solides mesures de cybers\u00e9curit\u00e9. Pourtant,","robots":{"index":"index","follow":"nofollow","max-snippet":"max-snippet:-1","max-image-preview":"max-image-preview:large","max-video-preview":"max-video-preview:-1"},"canonical":"https:\/\/welchllp.com\/fr\/services\/services-numeriques\/risque-technologique\/","og_locale":"fr_FR","og_type":"article","og_title":"Risque technologique","og_description":"Nombreuses sont les organisations qui sous-estiment l\u2019importance d\u2019avoir de solides mesures de cybers\u00e9curit\u00e9. Pourtant,","og_url":"https:\/\/welchllp.com\/fr\/services\/services-numeriques\/risque-technologique\/","og_site_name":"Welch LLP","article_publisher":"https:\/\/www.facebook.com\/WelchLLP\/","article_modified_time":"2025-10-27T19:41:02+00:00","og_image":[{"width":1920,"height":1080,"url":"https:\/\/welchllp.com\/wp-content\/uploads\/2024\/04\/tech-risk.jpg","type":"image\/jpeg"}],"twitter_card":"summary_large_image","twitter_site":"@welchllp","twitter_misc":{"Dur\u00e9e de lecture estim\u00e9e":"1 minute"},"schema":{"@context":"https:\/\/schema.org","@graph":[{"@type":"WebPage","@id":"https:\/\/welchllp.com\/fr\/services\/services-numeriques\/risque-technologique\/","url":"https:\/\/welchllp.com\/fr\/services\/services-numeriques\/risque-technologique\/","name":"Risque technologique - Welch LLP","isPartOf":{"@id":"https:\/\/welchllp.com\/fr\/#website"},"primaryImageOfPage":{"@id":"https:\/\/welchllp.com\/fr\/services\/services-numeriques\/risque-technologique\/#primaryimage"},"image":{"@id":"https:\/\/welchllp.com\/fr\/services\/services-numeriques\/risque-technologique\/#primaryimage"},"thumbnailUrl":"https:\/\/welchllp.com\/wp-content\/uploads\/2024\/04\/tech-risk.jpg","datePublished":"2024-04-23T17:42:08+00:00","dateModified":"2025-10-27T19:41:02+00:00","description":"Nombreuses sont les organisations qui sous-estiment l\u2019importance d\u2019avoir de solides mesures de cybers\u00e9curit\u00e9. Pourtant,","breadcrumb":{"@id":"https:\/\/welchllp.com\/fr\/services\/services-numeriques\/risque-technologique\/#breadcrumb"},"inLanguage":"fr-FR","potentialAction":[{"@type":"ReadAction","target":["https:\/\/welchllp.com\/fr\/services\/services-numeriques\/risque-technologique\/"]}]},{"@type":"ImageObject","inLanguage":"fr-FR","@id":"https:\/\/welchllp.com\/fr\/services\/services-numeriques\/risque-technologique\/#primaryimage","url":"https:\/\/welchllp.com\/wp-content\/uploads\/2024\/04\/tech-risk.jpg","contentUrl":"https:\/\/welchllp.com\/wp-content\/uploads\/2024\/04\/tech-risk.jpg","width":1920,"height":1080},{"@type":"BreadcrumbList","@id":"https:\/\/welchllp.com\/fr\/services\/services-numeriques\/risque-technologique\/#breadcrumb","itemListElement":[{"@type":"ListItem","position":1,"name":"Home","item":"https:\/\/welchllp.com\/fr\/"},{"@type":"ListItem","position":2,"name":"Services","item":"https:\/\/welchllp.com\/fr\/services\/"},{"@type":"ListItem","position":3,"name":"Services Num\u00e9riques\u00a0","item":"https:\/\/welchllp.com\/fr\/services\/services-numeriques\/"},{"@type":"ListItem","position":4,"name":"Risque technologique"}]},{"@type":"WebSite","@id":"https:\/\/welchllp.com\/fr\/#website","url":"https:\/\/welchllp.com\/fr\/","name":"Welch LLP","description":"Chartered Professional Accountants","publisher":{"@id":"https:\/\/welchllp.com\/fr\/#organization"},"potentialAction":[{"@type":"SearchAction","target":{"@type":"EntryPoint","urlTemplate":"https:\/\/welchllp.com\/fr\/?s={search_term_string}"},"query-input":{"@type":"PropertyValueSpecification","valueRequired":true,"valueName":"search_term_string"}}],"inLanguage":"fr-FR"},{"@type":"Organization","@id":"https:\/\/welchllp.com\/fr\/#organization","name":"Welch LLP","url":"https:\/\/welchllp.com\/fr\/","logo":{"@type":"ImageObject","inLanguage":"fr-FR","@id":"https:\/\/welchllp.com\/fr\/#\/schema\/logo\/image\/","url":"https:\/\/welchllp.com\/wp-content\/uploads\/2016\/02\/WelchLLP_logo.png","contentUrl":"https:\/\/welchllp.com\/wp-content\/uploads\/2016\/02\/WelchLLP_logo.png","width":707,"height":187,"caption":"Welch LLP"},"image":{"@id":"https:\/\/welchllp.com\/fr\/#\/schema\/logo\/image\/"},"sameAs":["https:\/\/www.facebook.com\/WelchLLP\/","https:\/\/x.com\/welchllp","https:\/\/www.linkedin.com\/company\/welchllp","https:\/\/www.instagram.com\/welch_llp\/"]}]}},"_links":{"self":[{"href":"https:\/\/welchllp.com\/fr\/wp-json\/wp\/v2\/pages\/17543","targetHints":{"allow":["GET"]}}],"collection":[{"href":"https:\/\/welchllp.com\/fr\/wp-json\/wp\/v2\/pages"}],"about":[{"href":"https:\/\/welchllp.com\/fr\/wp-json\/wp\/v2\/types\/page"}],"author":[{"embeddable":true,"href":"https:\/\/welchllp.com\/fr\/wp-json\/wp\/v2\/users\/7"}],"replies":[{"embeddable":true,"href":"https:\/\/welchllp.com\/fr\/wp-json\/wp\/v2\/comments?post=17543"}],"version-history":[{"count":13,"href":"https:\/\/welchllp.com\/fr\/wp-json\/wp\/v2\/pages\/17543\/revisions"}],"predecessor-version":[{"id":17583,"href":"https:\/\/welchllp.com\/fr\/wp-json\/wp\/v2\/pages\/17543\/revisions\/17583"}],"up":[{"embeddable":true,"href":"https:\/\/welchllp.com\/fr\/wp-json\/wp\/v2\/pages\/17007"}],"wp:featuredmedia":[{"embeddable":true,"href":"https:\/\/welchllp.com\/fr\/wp-json\/wp\/v2\/media\/15088"}],"wp:attachment":[{"href":"https:\/\/welchllp.com\/fr\/wp-json\/wp\/v2\/media?parent=17543"}],"curies":[{"name":"wp","href":"https:\/\/api.w.org\/{rel}","templated":true}]}}